{"id":22563,"date":"2023-05-09T18:42:47","date_gmt":"2023-05-09T16:42:47","guid":{"rendered":"https:\/\/librairie7l.com\/?post_type=product&#038;p=22563"},"modified":"2026-04-19T03:33:14","modified_gmt":"2026-04-19T01:33:14","slug":"les-freres-cloutier","status":"publish","type":"product","link":"https:\/\/librairie7l.com\/en\/produit\/les-freres-cloutier\/","title":{"rendered":"LES FR\u00c8RES CLOUTIER"},"content":{"rendered":"<p>Jean et Robert Cloutier, jumeaux de leur \u00e9tat, ont suivi un parcours original dans le paysage contrast\u00e9 de la c\u00e9ramique fran\u00e7aise de la seconde moiti\u00e9 du XXe si\u00e8cle. Soutenus par une client\u00e8le fid\u00e8le, sans cesse \u00e9largie, de collectionneurs et de professionnels, leur carri\u00e8re s&#8217;est d\u00e9roul\u00e9e de fa\u00e7on quasi lin\u00e9aire, \u00e9chappant aux al\u00e9as de la mode comme aux mutations de leur discipline.<br \/>\nLeur travail est \u00e0 bien des \u00e9gards atypique, o\u00f9 la ma\u00eetrise technique se conjugue avec bonheur \u00e0 une inspiration souriante, voire drolatique, qui ne parvient pas toujours \u00e0 dissiper un zeste d&#8217;inqui\u00e9tude. Cette ambivalence r\u00e9gente une production abondante et d&#8217;une grande diversit\u00e9, livrant d&#8217;humbles pi\u00e8ces d&#8217;usage courant ou relevant des arts de la table, des claustras et des carreaux \u00e9maill\u00e9s.<br \/>\nMais le domaine dans lequel ils excellent est celui de la figuration zoomorphique ou anthropomorphique qui peuple les pi\u00e8ces les plus ambitieuses, o\u00f9 s&#8217;affirment le contraste de noir et d&#8217;un vermillon d&#8217;une densit\u00e9 exceptionnelle (le fameux \u00ab rouge Cloutier \u00bb), ou les divers \u00e9maillages extr\u00eamement sophistiqu\u00e9s.<br \/>\nPour parvenir, \u00e0 la fin de leur carri\u00e8re conjointe, \u00e0 d&#8217;admirables pi\u00e8ces sculpt\u00e9es dont les formes figuratives et organiques, par\u00e9es d&#8217;un blanc laiteux ou d&#8217;un noir intense, sont lourdes de myst\u00e8re et de questionnement.<br \/>\nV\u00e9ritables \u00e9lectrons libres de la c\u00e9ramique fran\u00e7aise, les fr\u00e8res Cloutier incarnent \u00e0 leur fa\u00e7on l&#8217;optimisme ludique des Trente Glorieuses, avec un succ\u00e8s qui va bien au-del\u00e0 de l&#8217;Hexagone, en particulier au Japon et aux \u00c9tats-Unis.<br \/>\nLibres de toute attache scolastique, et peu soucieux de faire \u00e9cole, ils incarnent un moment de gr\u00e2ce des arts d\u00e9coratifs.<\/p>\n","protected":false},"excerpt":{"rendered":"<p>Jean et Robert Cloutier, jumeaux de leur \u00e9tat, ont suivi un parcours original dans le paysage contrast\u00e9 de la c\u00e9ramique fran\u00e7aise de la seconde moiti\u00e9 du XXe si\u00e8cle. Soutenus par une client\u00e8le fid\u00e8le, sans cesse \u00e9largie, de collectionneurs et de professionnels, leur carri\u00e8re s&#8217;est d\u00e9roul\u00e9e de fa\u00e7on quasi lin\u00e9aire, \u00e9chappant aux al\u00e9as de la mode [&hellip;]<\/p>\n","protected":false},"featured_media":22561,"template":"","meta":[],"product_cat":[2948,2952],"product_tag":[],"acf":[],"yoast_head":"<!-- This site is optimized with the Yoast SEO plugin v20.11 - https:\/\/yoast.com\/wordpress\/plugins\/seo\/ -->\n<title>LES FR\u00c8RES CLOUTIER - Librairie 7L<\/title>\n<meta name=\"robots\" content=\"index, follow, max-snippet:-1, max-image-preview:large, max-video-preview:-1\" \/>\n<link rel=\"canonical\" href=\"https:\/\/librairie7l.com\/en\/produit\/les-freres-cloutier\/\" \/>\n<meta property=\"og:locale\" content=\"en_US\" \/>\n<meta property=\"og:type\" content=\"article\" \/>\n<meta property=\"og:title\" content=\"LES FR\u00c8RES CLOUTIER - Librairie 7L\" \/>\n<meta property=\"og:description\" content=\"Jean et Robert Cloutier, jumeaux de leur \u00e9tat, ont suivi un parcours original dans le paysage contrast\u00e9 de la c\u00e9ramique fran\u00e7aise de la seconde moiti\u00e9 du XXe si\u00e8cle. Soutenus par une client\u00e8le fid\u00e8le, sans cesse \u00e9largie, de collectionneurs et de professionnels, leur carri\u00e8re s&#8217;est d\u00e9roul\u00e9e de fa\u00e7on quasi lin\u00e9aire, \u00e9chappant aux al\u00e9as de la mode [&hellip;]\" \/>\n<meta property=\"og:url\" content=\"https:\/\/librairie7l.com\/en\/produit\/les-freres-cloutier\/\" \/>\n<meta property=\"og:site_name\" content=\"Librairie 7L\" \/>\n<meta property=\"article:modified_time\" content=\"2026-04-19T01:33:14+00:00\" \/>\n<meta property=\"og:image\" content=\"https:\/\/librairie7l.com\/wp-content\/uploads\/2014\/02\/9782915542622_1_75.jpg\" \/>\n\t<meta property=\"og:image:width\" content=\"600\" \/>\n\t<meta property=\"og:image:height\" content=\"722\" \/>\n\t<meta property=\"og:image:type\" content=\"image\/jpeg\" \/>\n<meta name=\"twitter:card\" content=\"summary_large_image\" \/>\n<meta name=\"twitter:label1\" content=\"Est. reading time\" \/>\n\t<meta name=\"twitter:data1\" content=\"1 minute\" \/>\n<script type=\"application\/ld+json\" class=\"yoast-schema-graph\">{\"@context\":\"https:\/\/schema.org\",\"@graph\":[{\"@type\":\"WebPage\",\"@id\":\"https:\/\/librairie7l.com\/en\/produit\/les-freres-cloutier\/\",\"url\":\"https:\/\/librairie7l.com\/en\/produit\/les-freres-cloutier\/\",\"name\":\"LES FR\u00c8RES CLOUTIER - Librairie 7L\",\"isPartOf\":{\"@id\":\"https:\/\/librairie7l.com\/en\/#website\"},\"datePublished\":\"2023-05-09T16:42:47+00:00\",\"dateModified\":\"2026-04-19T01:33:14+00:00\",\"breadcrumb\":{\"@id\":\"https:\/\/librairie7l.com\/en\/produit\/les-freres-cloutier\/#breadcrumb\"},\"inLanguage\":\"en-US\",\"potentialAction\":[{\"@type\":\"ReadAction\",\"target\":[\"https:\/\/librairie7l.com\/en\/produit\/les-freres-cloutier\/\"]}]},{\"@type\":\"BreadcrumbList\",\"@id\":\"https:\/\/librairie7l.com\/en\/produit\/les-freres-cloutier\/#breadcrumb\",\"itemListElement\":[{\"@type\":\"ListItem\",\"position\":1,\"name\":\"Accueil\",\"item\":\"https:\/\/librairie7l.com\/en\/\"},{\"@type\":\"ListItem\",\"position\":2,\"name\":\"Shop\",\"item\":\"https:\/\/librairie7l.com\/en\/shop\/\"},{\"@type\":\"ListItem\",\"position\":3,\"name\":\"LES FR\u00c8RES CLOUTIER\"}]},{\"@type\":\"WebSite\",\"@id\":\"https:\/\/librairie7l.com\/en\/#website\",\"url\":\"https:\/\/librairie7l.com\/en\/\",\"name\":\"Librairie 7L\",\"description\":\"Librairie fond\u00e9e en 1999 par Karl Lagerfeld \u00e0 Paris\",\"publisher\":{\"@id\":\"https:\/\/librairie7l.com\/en\/#organization\"},\"potentialAction\":[{\"@type\":\"SearchAction\",\"target\":{\"@type\":\"EntryPoint\",\"urlTemplate\":\"https:\/\/librairie7l.com\/en\/?s={search_term_string}\"},\"query-input\":\"required name=search_term_string\"}],\"inLanguage\":\"en-US\"},{\"@type\":\"Organization\",\"@id\":\"https:\/\/librairie7l.com\/en\/#organization\",\"name\":\"Librairie 7L\",\"url\":\"https:\/\/librairie7l.com\/en\/\",\"logo\":{\"@type\":\"ImageObject\",\"inLanguage\":\"en-US\",\"@id\":\"https:\/\/librairie7l.com\/en\/#\/schema\/logo\/image\/\",\"url\":\"https:\/\/librairie7l.com\/wp-content\/uploads\/2022\/08\/logo-1.png\",\"contentUrl\":\"https:\/\/librairie7l.com\/wp-content\/uploads\/2022\/08\/logo-1.png\",\"width\":227,\"height\":301,\"caption\":\"Librairie 7L\"},\"image\":{\"@id\":\"https:\/\/librairie7l.com\/en\/#\/schema\/logo\/image\/\"}}]}<\/script>\n<!-- \/ Yoast SEO plugin. -->","yoast_head_json":{"title":"LES FR\u00c8RES CLOUTIER - Librairie 7L","robots":{"index":"index","follow":"follow","max-snippet":"max-snippet:-1","max-image-preview":"max-image-preview:large","max-video-preview":"max-video-preview:-1"},"canonical":"https:\/\/librairie7l.com\/en\/produit\/les-freres-cloutier\/","og_locale":"en_US","og_type":"article","og_title":"LES FR\u00c8RES CLOUTIER - Librairie 7L","og_description":"Jean et Robert Cloutier, jumeaux de leur \u00e9tat, ont suivi un parcours original dans le paysage contrast\u00e9 de la c\u00e9ramique fran\u00e7aise de la seconde moiti\u00e9 du XXe si\u00e8cle. Soutenus par une client\u00e8le fid\u00e8le, sans cesse \u00e9largie, de collectionneurs et de professionnels, leur carri\u00e8re s&#8217;est d\u00e9roul\u00e9e de fa\u00e7on quasi lin\u00e9aire, \u00e9chappant aux al\u00e9as de la mode [&hellip;]","og_url":"https:\/\/librairie7l.com\/en\/produit\/les-freres-cloutier\/","og_site_name":"Librairie 7L","article_modified_time":"2026-04-19T01:33:14+00:00","og_image":[{"width":600,"height":722,"url":"https:\/\/librairie7l.com\/wp-content\/uploads\/2014\/02\/9782915542622_1_75.jpg","type":"image\/jpeg"}],"twitter_card":"summary_large_image","twitter_misc":{"Est. reading time":"1 minute"},"schema":{"@context":"https:\/\/schema.org","@graph":[{"@type":"WebPage","@id":"https:\/\/librairie7l.com\/en\/produit\/les-freres-cloutier\/","url":"https:\/\/librairie7l.com\/en\/produit\/les-freres-cloutier\/","name":"LES FR\u00c8RES CLOUTIER - Librairie 7L","isPartOf":{"@id":"https:\/\/librairie7l.com\/en\/#website"},"datePublished":"2023-05-09T16:42:47+00:00","dateModified":"2026-04-19T01:33:14+00:00","breadcrumb":{"@id":"https:\/\/librairie7l.com\/en\/produit\/les-freres-cloutier\/#breadcrumb"},"inLanguage":"en-US","potentialAction":[{"@type":"ReadAction","target":["https:\/\/librairie7l.com\/en\/produit\/les-freres-cloutier\/"]}]},{"@type":"BreadcrumbList","@id":"https:\/\/librairie7l.com\/en\/produit\/les-freres-cloutier\/#breadcrumb","itemListElement":[{"@type":"ListItem","position":1,"name":"Accueil","item":"https:\/\/librairie7l.com\/en\/"},{"@type":"ListItem","position":2,"name":"Shop","item":"https:\/\/librairie7l.com\/en\/shop\/"},{"@type":"ListItem","position":3,"name":"LES FR\u00c8RES CLOUTIER"}]},{"@type":"WebSite","@id":"https:\/\/librairie7l.com\/en\/#website","url":"https:\/\/librairie7l.com\/en\/","name":"Librairie 7L","description":"Librairie fond\u00e9e en 1999 par Karl Lagerfeld \u00e0 Paris","publisher":{"@id":"https:\/\/librairie7l.com\/en\/#organization"},"potentialAction":[{"@type":"SearchAction","target":{"@type":"EntryPoint","urlTemplate":"https:\/\/librairie7l.com\/en\/?s={search_term_string}"},"query-input":"required name=search_term_string"}],"inLanguage":"en-US"},{"@type":"Organization","@id":"https:\/\/librairie7l.com\/en\/#organization","name":"Librairie 7L","url":"https:\/\/librairie7l.com\/en\/","logo":{"@type":"ImageObject","inLanguage":"en-US","@id":"https:\/\/librairie7l.com\/en\/#\/schema\/logo\/image\/","url":"https:\/\/librairie7l.com\/wp-content\/uploads\/2022\/08\/logo-1.png","contentUrl":"https:\/\/librairie7l.com\/wp-content\/uploads\/2022\/08\/logo-1.png","width":227,"height":301,"caption":"Librairie 7L"},"image":{"@id":"https:\/\/librairie7l.com\/en\/#\/schema\/logo\/image\/"}}]}},"_links":{"self":[{"href":"https:\/\/librairie7l.com\/en\/wp-json\/wp\/v2\/product\/22563"}],"collection":[{"href":"https:\/\/librairie7l.com\/en\/wp-json\/wp\/v2\/product"}],"about":[{"href":"https:\/\/librairie7l.com\/en\/wp-json\/wp\/v2\/types\/product"}],"wp:featuredmedia":[{"embeddable":true,"href":"https:\/\/librairie7l.com\/en\/wp-json\/wp\/v2\/media\/22561"}],"wp:attachment":[{"href":"https:\/\/librairie7l.com\/en\/wp-json\/wp\/v2\/media?parent=22563"}],"wp:term":[{"taxonomy":"product_cat","embeddable":true,"href":"https:\/\/librairie7l.com\/en\/wp-json\/wp\/v2\/product_cat?post=22563"},{"taxonomy":"product_tag","embeddable":true,"href":"https:\/\/librairie7l.com\/en\/wp-json\/wp\/v2\/product_tag?post=22563"}],"curies":[{"name":"wp","href":"https:\/\/api.w.org\/{rel}","templated":true}]}}