{"id":22567,"date":"2023-05-09T18:42:50","date_gmt":"2023-05-09T16:42:50","guid":{"rendered":"https:\/\/librairie7l.com\/?post_type=product&#038;p=22567"},"modified":"2026-05-04T01:03:41","modified_gmt":"2026-05-03T23:03:41","slug":"david-goldblatt-particulars","status":"publish","type":"product","link":"https:\/\/librairie7l.com\/en\/produit\/david-goldblatt-particulars\/","title":{"rendered":"DAVID GOLDBLATT PARTICULARS"},"content":{"rendered":"<p>David Goldblatt dit avoir toujours \u00e9t\u00e9 fascin\u00e9 par les corps et plus encore par les d\u00e9tais et les attitudes qui incarnent leur particularit\u00e9. Ces images noir et blanc r\u00e9alis\u00e9es en 1975 constituent un ensemble tr\u00e8s original dont les cadrages extr\u00eamement serr\u00e9s t\u00e9moignent d&#8217;un sens aigu de l&#8217;observation.<\/p>\n","protected":false},"excerpt":{"rendered":"<p>David Goldblatt dit avoir toujours \u00e9t\u00e9 fascin\u00e9 par les corps et plus encore par les d\u00e9tais et les attitudes qui incarnent leur particularit\u00e9. Ces images noir et blanc r\u00e9alis\u00e9es en 1975 constituent un ensemble tr\u00e8s original dont les cadrages extr\u00eamement serr\u00e9s t\u00e9moignent d&#8217;un sens aigu de l&#8217;observation.<\/p>\n","protected":false},"featured_media":22565,"template":"","meta":[],"product_cat":[2948,2958],"product_tag":[],"acf":[],"yoast_head":"<!-- This site is optimized with the Yoast SEO plugin v20.11 - https:\/\/yoast.com\/wordpress\/plugins\/seo\/ -->\n<title>DAVID GOLDBLATT PARTICULARS - Librairie 7L<\/title>\n<meta name=\"robots\" content=\"index, follow, max-snippet:-1, max-image-preview:large, max-video-preview:-1\" \/>\n<link rel=\"canonical\" href=\"https:\/\/librairie7l.com\/en\/produit\/david-goldblatt-particulars\/\" \/>\n<meta property=\"og:locale\" content=\"en_US\" \/>\n<meta property=\"og:type\" content=\"article\" \/>\n<meta property=\"og:title\" content=\"DAVID GOLDBLATT PARTICULARS - Librairie 7L\" \/>\n<meta property=\"og:description\" content=\"David Goldblatt dit avoir toujours \u00e9t\u00e9 fascin\u00e9 par les corps et plus encore par les d\u00e9tais et les attitudes qui incarnent leur particularit\u00e9. Ces images noir et blanc r\u00e9alis\u00e9es en 1975 constituent un ensemble tr\u00e8s original dont les cadrages extr\u00eamement serr\u00e9s t\u00e9moignent d&#8217;un sens aigu de l&#8217;observation.\" \/>\n<meta property=\"og:url\" content=\"https:\/\/librairie7l.com\/en\/produit\/david-goldblatt-particulars\/\" \/>\n<meta property=\"og:site_name\" content=\"Librairie 7L\" \/>\n<meta property=\"article:modified_time\" content=\"2026-05-03T23:03:41+00:00\" \/>\n<meta property=\"og:image\" content=\"https:\/\/librairie7l.com\/wp-content\/uploads\/2014\/08\/9783869307770_1_75.jpg\" \/>\n\t<meta property=\"og:image:width\" content=\"474\" \/>\n\t<meta property=\"og:image:height\" content=\"500\" \/>\n\t<meta property=\"og:image:type\" content=\"image\/jpeg\" \/>\n<meta name=\"twitter:card\" content=\"summary_large_image\" \/>\n<script type=\"application\/ld+json\" class=\"yoast-schema-graph\">{\"@context\":\"https:\/\/schema.org\",\"@graph\":[{\"@type\":\"WebPage\",\"@id\":\"https:\/\/librairie7l.com\/en\/produit\/david-goldblatt-particulars\/\",\"url\":\"https:\/\/librairie7l.com\/en\/produit\/david-goldblatt-particulars\/\",\"name\":\"DAVID GOLDBLATT PARTICULARS - Librairie 7L\",\"isPartOf\":{\"@id\":\"https:\/\/librairie7l.com\/en\/#website\"},\"datePublished\":\"2023-05-09T16:42:50+00:00\",\"dateModified\":\"2026-05-03T23:03:41+00:00\",\"breadcrumb\":{\"@id\":\"https:\/\/librairie7l.com\/en\/produit\/david-goldblatt-particulars\/#breadcrumb\"},\"inLanguage\":\"en-US\",\"potentialAction\":[{\"@type\":\"ReadAction\",\"target\":[\"https:\/\/librairie7l.com\/en\/produit\/david-goldblatt-particulars\/\"]}]},{\"@type\":\"BreadcrumbList\",\"@id\":\"https:\/\/librairie7l.com\/en\/produit\/david-goldblatt-particulars\/#breadcrumb\",\"itemListElement\":[{\"@type\":\"ListItem\",\"position\":1,\"name\":\"Accueil\",\"item\":\"https:\/\/librairie7l.com\/en\/\"},{\"@type\":\"ListItem\",\"position\":2,\"name\":\"Shop\",\"item\":\"https:\/\/librairie7l.com\/en\/shop\/\"},{\"@type\":\"ListItem\",\"position\":3,\"name\":\"DAVID GOLDBLATT PARTICULARS\"}]},{\"@type\":\"WebSite\",\"@id\":\"https:\/\/librairie7l.com\/en\/#website\",\"url\":\"https:\/\/librairie7l.com\/en\/\",\"name\":\"Librairie 7L\",\"description\":\"Librairie fond\u00e9e en 1999 par Karl Lagerfeld \u00e0 Paris\",\"publisher\":{\"@id\":\"https:\/\/librairie7l.com\/en\/#organization\"},\"potentialAction\":[{\"@type\":\"SearchAction\",\"target\":{\"@type\":\"EntryPoint\",\"urlTemplate\":\"https:\/\/librairie7l.com\/en\/?s={search_term_string}\"},\"query-input\":\"required name=search_term_string\"}],\"inLanguage\":\"en-US\"},{\"@type\":\"Organization\",\"@id\":\"https:\/\/librairie7l.com\/en\/#organization\",\"name\":\"Librairie 7L\",\"url\":\"https:\/\/librairie7l.com\/en\/\",\"logo\":{\"@type\":\"ImageObject\",\"inLanguage\":\"en-US\",\"@id\":\"https:\/\/librairie7l.com\/en\/#\/schema\/logo\/image\/\",\"url\":\"https:\/\/librairie7l.com\/wp-content\/uploads\/2022\/08\/logo-1.png\",\"contentUrl\":\"https:\/\/librairie7l.com\/wp-content\/uploads\/2022\/08\/logo-1.png\",\"width\":227,\"height\":301,\"caption\":\"Librairie 7L\"},\"image\":{\"@id\":\"https:\/\/librairie7l.com\/en\/#\/schema\/logo\/image\/\"}}]}<\/script>\n<!-- \/ Yoast SEO plugin. -->","yoast_head_json":{"title":"DAVID GOLDBLATT PARTICULARS - Librairie 7L","robots":{"index":"index","follow":"follow","max-snippet":"max-snippet:-1","max-image-preview":"max-image-preview:large","max-video-preview":"max-video-preview:-1"},"canonical":"https:\/\/librairie7l.com\/en\/produit\/david-goldblatt-particulars\/","og_locale":"en_US","og_type":"article","og_title":"DAVID GOLDBLATT PARTICULARS - Librairie 7L","og_description":"David Goldblatt dit avoir toujours \u00e9t\u00e9 fascin\u00e9 par les corps et plus encore par les d\u00e9tais et les attitudes qui incarnent leur particularit\u00e9. Ces images noir et blanc r\u00e9alis\u00e9es en 1975 constituent un ensemble tr\u00e8s original dont les cadrages extr\u00eamement serr\u00e9s t\u00e9moignent d&#8217;un sens aigu de l&#8217;observation.","og_url":"https:\/\/librairie7l.com\/en\/produit\/david-goldblatt-particulars\/","og_site_name":"Librairie 7L","article_modified_time":"2026-05-03T23:03:41+00:00","og_image":[{"width":474,"height":500,"url":"https:\/\/librairie7l.com\/wp-content\/uploads\/2014\/08\/9783869307770_1_75.jpg","type":"image\/jpeg"}],"twitter_card":"summary_large_image","schema":{"@context":"https:\/\/schema.org","@graph":[{"@type":"WebPage","@id":"https:\/\/librairie7l.com\/en\/produit\/david-goldblatt-particulars\/","url":"https:\/\/librairie7l.com\/en\/produit\/david-goldblatt-particulars\/","name":"DAVID GOLDBLATT PARTICULARS - Librairie 7L","isPartOf":{"@id":"https:\/\/librairie7l.com\/en\/#website"},"datePublished":"2023-05-09T16:42:50+00:00","dateModified":"2026-05-03T23:03:41+00:00","breadcrumb":{"@id":"https:\/\/librairie7l.com\/en\/produit\/david-goldblatt-particulars\/#breadcrumb"},"inLanguage":"en-US","potentialAction":[{"@type":"ReadAction","target":["https:\/\/librairie7l.com\/en\/produit\/david-goldblatt-particulars\/"]}]},{"@type":"BreadcrumbList","@id":"https:\/\/librairie7l.com\/en\/produit\/david-goldblatt-particulars\/#breadcrumb","itemListElement":[{"@type":"ListItem","position":1,"name":"Accueil","item":"https:\/\/librairie7l.com\/en\/"},{"@type":"ListItem","position":2,"name":"Shop","item":"https:\/\/librairie7l.com\/en\/shop\/"},{"@type":"ListItem","position":3,"name":"DAVID GOLDBLATT PARTICULARS"}]},{"@type":"WebSite","@id":"https:\/\/librairie7l.com\/en\/#website","url":"https:\/\/librairie7l.com\/en\/","name":"Librairie 7L","description":"Librairie fond\u00e9e en 1999 par Karl Lagerfeld \u00e0 Paris","publisher":{"@id":"https:\/\/librairie7l.com\/en\/#organization"},"potentialAction":[{"@type":"SearchAction","target":{"@type":"EntryPoint","urlTemplate":"https:\/\/librairie7l.com\/en\/?s={search_term_string}"},"query-input":"required name=search_term_string"}],"inLanguage":"en-US"},{"@type":"Organization","@id":"https:\/\/librairie7l.com\/en\/#organization","name":"Librairie 7L","url":"https:\/\/librairie7l.com\/en\/","logo":{"@type":"ImageObject","inLanguage":"en-US","@id":"https:\/\/librairie7l.com\/en\/#\/schema\/logo\/image\/","url":"https:\/\/librairie7l.com\/wp-content\/uploads\/2022\/08\/logo-1.png","contentUrl":"https:\/\/librairie7l.com\/wp-content\/uploads\/2022\/08\/logo-1.png","width":227,"height":301,"caption":"Librairie 7L"},"image":{"@id":"https:\/\/librairie7l.com\/en\/#\/schema\/logo\/image\/"}}]}},"_links":{"self":[{"href":"https:\/\/librairie7l.com\/en\/wp-json\/wp\/v2\/product\/22567"}],"collection":[{"href":"https:\/\/librairie7l.com\/en\/wp-json\/wp\/v2\/product"}],"about":[{"href":"https:\/\/librairie7l.com\/en\/wp-json\/wp\/v2\/types\/product"}],"wp:featuredmedia":[{"embeddable":true,"href":"https:\/\/librairie7l.com\/en\/wp-json\/wp\/v2\/media\/22565"}],"wp:attachment":[{"href":"https:\/\/librairie7l.com\/en\/wp-json\/wp\/v2\/media?parent=22567"}],"wp:term":[{"taxonomy":"product_cat","embeddable":true,"href":"https:\/\/librairie7l.com\/en\/wp-json\/wp\/v2\/product_cat?post=22567"},{"taxonomy":"product_tag","embeddable":true,"href":"https:\/\/librairie7l.com\/en\/wp-json\/wp\/v2\/product_tag?post=22567"}],"curies":[{"name":"wp","href":"https:\/\/api.w.org\/{rel}","templated":true}]}}