{"id":22579,"date":"2023-05-09T18:43:00","date_gmt":"2023-05-09T16:43:00","guid":{"rendered":"https:\/\/librairie7l.com\/?post_type=product&#038;p=22579"},"modified":"2026-04-13T00:17:40","modified_gmt":"2026-04-12T22:17:40","slug":"les-laques-de-coromandel","status":"publish","type":"product","link":"https:\/\/librairie7l.com\/en\/produit\/les-laques-de-coromandel\/","title":{"rendered":"LES LAQUES DE COROMANDEL"},"content":{"rendered":"<p>A travers l&#8217;histoire des laques de Coromandel, ce livre nous faire revivre celle de la Chine, sociale et \u00e9conomique. Il nous \u00e9claire sur les aspects techniques de la fabrication de la laque et son emploi. Les paravents en laque de Coromandel, c&#8217;est-\u00e0-dire en laque grav\u00e9e et peinte, constituent l&#8217;un des aspects les plus prestigieux des arts de la Chine \u00e0 son apog\u00e9e, aux XVIIe et XVIIIe si\u00e8cles. Ce livre nous emm\u00e8ne dans l&#8217;histoire de ces magnifiques objets qui ont travers\u00e9 les mers pour arriver jusqu&#8217;\u00e0 nous.<br \/>\nNous revivrons les aventures des voyageurs, des marins, des n\u00e9gociants qui ont fond\u00e9 des compagnies et des comptoirs \u00e0 l&#8217;autre bout du monde, le long des c\u00f4tes de Coromandel, pour ouvrir des relations commerciales entre l&#8217;Extr\u00eame-Orient et l&#8217;Europe. Enfin, nous aborderons le sort que les Occidentaux ont r\u00e9serv\u00e9 \u00e0 ces paravents en les utilisant dans d&#8217;autres cr\u00e9ations, estampill\u00e9es des plus grands \u00e9b\u00e9nistes, ou en en lambrissant des murs entiers.<\/p>\n","protected":false},"excerpt":{"rendered":"<p>A travers l&#8217;histoire des laques de Coromandel, ce livre nous faire revivre celle de la Chine, sociale et \u00e9conomique. Il nous \u00e9claire sur les aspects techniques de la fabrication de la laque et son emploi. Les paravents en laque de Coromandel, c&#8217;est-\u00e0-dire en laque grav\u00e9e et peinte, constituent l&#8217;un des aspects les plus prestigieux des [&hellip;]<\/p>\n","protected":false},"featured_media":22577,"template":"","meta":[],"product_cat":[2948,2952],"product_tag":[],"acf":[],"yoast_head":"<!-- This site is optimized with the Yoast SEO plugin v20.11 - https:\/\/yoast.com\/wordpress\/plugins\/seo\/ -->\n<title>LES LAQUES DE COROMANDEL - Librairie 7L<\/title>\n<meta name=\"robots\" content=\"index, follow, max-snippet:-1, max-image-preview:large, max-video-preview:-1\" \/>\n<link rel=\"canonical\" href=\"https:\/\/librairie7l.com\/en\/produit\/les-laques-de-coromandel\/\" \/>\n<meta property=\"og:locale\" content=\"en_US\" \/>\n<meta property=\"og:type\" content=\"article\" \/>\n<meta property=\"og:title\" content=\"LES LAQUES DE COROMANDEL - Librairie 7L\" \/>\n<meta property=\"og:description\" content=\"A travers l&#8217;histoire des laques de Coromandel, ce livre nous faire revivre celle de la Chine, sociale et \u00e9conomique. Il nous \u00e9claire sur les aspects techniques de la fabrication de la laque et son emploi. Les paravents en laque de Coromandel, c&#8217;est-\u00e0-dire en laque grav\u00e9e et peinte, constituent l&#8217;un des aspects les plus prestigieux des [&hellip;]\" \/>\n<meta property=\"og:url\" content=\"https:\/\/librairie7l.com\/en\/produit\/les-laques-de-coromandel\/\" \/>\n<meta property=\"og:site_name\" content=\"Librairie 7L\" \/>\n<meta property=\"article:modified_time\" content=\"2026-04-12T22:17:40+00:00\" \/>\n<meta property=\"og:image\" content=\"https:\/\/librairie7l.com\/wp-content\/uploads\/2015\/10\/9782884531979_1_75.jpg\" \/>\n\t<meta property=\"og:image:width\" content=\"400\" \/>\n\t<meta property=\"og:image:height\" content=\"533\" \/>\n\t<meta property=\"og:image:type\" content=\"image\/jpeg\" \/>\n<meta name=\"twitter:card\" content=\"summary_large_image\" \/>\n<meta name=\"twitter:label1\" content=\"Est. reading time\" \/>\n\t<meta name=\"twitter:data1\" content=\"1 minute\" \/>\n<script type=\"application\/ld+json\" class=\"yoast-schema-graph\">{\"@context\":\"https:\/\/schema.org\",\"@graph\":[{\"@type\":\"WebPage\",\"@id\":\"https:\/\/librairie7l.com\/en\/produit\/les-laques-de-coromandel\/\",\"url\":\"https:\/\/librairie7l.com\/en\/produit\/les-laques-de-coromandel\/\",\"name\":\"LES LAQUES DE COROMANDEL - Librairie 7L\",\"isPartOf\":{\"@id\":\"https:\/\/librairie7l.com\/en\/#website\"},\"datePublished\":\"2023-05-09T16:43:00+00:00\",\"dateModified\":\"2026-04-12T22:17:40+00:00\",\"breadcrumb\":{\"@id\":\"https:\/\/librairie7l.com\/en\/produit\/les-laques-de-coromandel\/#breadcrumb\"},\"inLanguage\":\"en-US\",\"potentialAction\":[{\"@type\":\"ReadAction\",\"target\":[\"https:\/\/librairie7l.com\/en\/produit\/les-laques-de-coromandel\/\"]}]},{\"@type\":\"BreadcrumbList\",\"@id\":\"https:\/\/librairie7l.com\/en\/produit\/les-laques-de-coromandel\/#breadcrumb\",\"itemListElement\":[{\"@type\":\"ListItem\",\"position\":1,\"name\":\"Accueil\",\"item\":\"https:\/\/librairie7l.com\/en\/\"},{\"@type\":\"ListItem\",\"position\":2,\"name\":\"Shop\",\"item\":\"https:\/\/librairie7l.com\/en\/shop\/\"},{\"@type\":\"ListItem\",\"position\":3,\"name\":\"LES LAQUES DE COROMANDEL\"}]},{\"@type\":\"WebSite\",\"@id\":\"https:\/\/librairie7l.com\/en\/#website\",\"url\":\"https:\/\/librairie7l.com\/en\/\",\"name\":\"Librairie 7L\",\"description\":\"Librairie fond\u00e9e en 1999 par Karl Lagerfeld \u00e0 Paris\",\"publisher\":{\"@id\":\"https:\/\/librairie7l.com\/en\/#organization\"},\"potentialAction\":[{\"@type\":\"SearchAction\",\"target\":{\"@type\":\"EntryPoint\",\"urlTemplate\":\"https:\/\/librairie7l.com\/en\/?s={search_term_string}\"},\"query-input\":\"required name=search_term_string\"}],\"inLanguage\":\"en-US\"},{\"@type\":\"Organization\",\"@id\":\"https:\/\/librairie7l.com\/en\/#organization\",\"name\":\"Librairie 7L\",\"url\":\"https:\/\/librairie7l.com\/en\/\",\"logo\":{\"@type\":\"ImageObject\",\"inLanguage\":\"en-US\",\"@id\":\"https:\/\/librairie7l.com\/en\/#\/schema\/logo\/image\/\",\"url\":\"https:\/\/librairie7l.com\/wp-content\/uploads\/2022\/08\/logo-1.png\",\"contentUrl\":\"https:\/\/librairie7l.com\/wp-content\/uploads\/2022\/08\/logo-1.png\",\"width\":227,\"height\":301,\"caption\":\"Librairie 7L\"},\"image\":{\"@id\":\"https:\/\/librairie7l.com\/en\/#\/schema\/logo\/image\/\"}}]}<\/script>\n<!-- \/ Yoast SEO plugin. -->","yoast_head_json":{"title":"LES LAQUES DE COROMANDEL - Librairie 7L","robots":{"index":"index","follow":"follow","max-snippet":"max-snippet:-1","max-image-preview":"max-image-preview:large","max-video-preview":"max-video-preview:-1"},"canonical":"https:\/\/librairie7l.com\/en\/produit\/les-laques-de-coromandel\/","og_locale":"en_US","og_type":"article","og_title":"LES LAQUES DE COROMANDEL - Librairie 7L","og_description":"A travers l&#8217;histoire des laques de Coromandel, ce livre nous faire revivre celle de la Chine, sociale et \u00e9conomique. Il nous \u00e9claire sur les aspects techniques de la fabrication de la laque et son emploi. Les paravents en laque de Coromandel, c&#8217;est-\u00e0-dire en laque grav\u00e9e et peinte, constituent l&#8217;un des aspects les plus prestigieux des [&hellip;]","og_url":"https:\/\/librairie7l.com\/en\/produit\/les-laques-de-coromandel\/","og_site_name":"Librairie 7L","article_modified_time":"2026-04-12T22:17:40+00:00","og_image":[{"width":400,"height":533,"url":"https:\/\/librairie7l.com\/wp-content\/uploads\/2015\/10\/9782884531979_1_75.jpg","type":"image\/jpeg"}],"twitter_card":"summary_large_image","twitter_misc":{"Est. reading time":"1 minute"},"schema":{"@context":"https:\/\/schema.org","@graph":[{"@type":"WebPage","@id":"https:\/\/librairie7l.com\/en\/produit\/les-laques-de-coromandel\/","url":"https:\/\/librairie7l.com\/en\/produit\/les-laques-de-coromandel\/","name":"LES LAQUES DE COROMANDEL - Librairie 7L","isPartOf":{"@id":"https:\/\/librairie7l.com\/en\/#website"},"datePublished":"2023-05-09T16:43:00+00:00","dateModified":"2026-04-12T22:17:40+00:00","breadcrumb":{"@id":"https:\/\/librairie7l.com\/en\/produit\/les-laques-de-coromandel\/#breadcrumb"},"inLanguage":"en-US","potentialAction":[{"@type":"ReadAction","target":["https:\/\/librairie7l.com\/en\/produit\/les-laques-de-coromandel\/"]}]},{"@type":"BreadcrumbList","@id":"https:\/\/librairie7l.com\/en\/produit\/les-laques-de-coromandel\/#breadcrumb","itemListElement":[{"@type":"ListItem","position":1,"name":"Accueil","item":"https:\/\/librairie7l.com\/en\/"},{"@type":"ListItem","position":2,"name":"Shop","item":"https:\/\/librairie7l.com\/en\/shop\/"},{"@type":"ListItem","position":3,"name":"LES LAQUES DE COROMANDEL"}]},{"@type":"WebSite","@id":"https:\/\/librairie7l.com\/en\/#website","url":"https:\/\/librairie7l.com\/en\/","name":"Librairie 7L","description":"Librairie fond\u00e9e en 1999 par Karl Lagerfeld \u00e0 Paris","publisher":{"@id":"https:\/\/librairie7l.com\/en\/#organization"},"potentialAction":[{"@type":"SearchAction","target":{"@type":"EntryPoint","urlTemplate":"https:\/\/librairie7l.com\/en\/?s={search_term_string}"},"query-input":"required name=search_term_string"}],"inLanguage":"en-US"},{"@type":"Organization","@id":"https:\/\/librairie7l.com\/en\/#organization","name":"Librairie 7L","url":"https:\/\/librairie7l.com\/en\/","logo":{"@type":"ImageObject","inLanguage":"en-US","@id":"https:\/\/librairie7l.com\/en\/#\/schema\/logo\/image\/","url":"https:\/\/librairie7l.com\/wp-content\/uploads\/2022\/08\/logo-1.png","contentUrl":"https:\/\/librairie7l.com\/wp-content\/uploads\/2022\/08\/logo-1.png","width":227,"height":301,"caption":"Librairie 7L"},"image":{"@id":"https:\/\/librairie7l.com\/en\/#\/schema\/logo\/image\/"}}]}},"_links":{"self":[{"href":"https:\/\/librairie7l.com\/en\/wp-json\/wp\/v2\/product\/22579"}],"collection":[{"href":"https:\/\/librairie7l.com\/en\/wp-json\/wp\/v2\/product"}],"about":[{"href":"https:\/\/librairie7l.com\/en\/wp-json\/wp\/v2\/types\/product"}],"wp:featuredmedia":[{"embeddable":true,"href":"https:\/\/librairie7l.com\/en\/wp-json\/wp\/v2\/media\/22577"}],"wp:attachment":[{"href":"https:\/\/librairie7l.com\/en\/wp-json\/wp\/v2\/media?parent=22579"}],"wp:term":[{"taxonomy":"product_cat","embeddable":true,"href":"https:\/\/librairie7l.com\/en\/wp-json\/wp\/v2\/product_cat?post=22579"},{"taxonomy":"product_tag","embeddable":true,"href":"https:\/\/librairie7l.com\/en\/wp-json\/wp\/v2\/product_tag?post=22579"}],"curies":[{"name":"wp","href":"https:\/\/api.w.org\/{rel}","templated":true}]}}