{"id":22583,"date":"2023-05-09T18:43:03","date_gmt":"2023-05-09T16:43:03","guid":{"rendered":"https:\/\/librairie7l.com\/?post_type=product&#038;p=22583"},"modified":"2026-04-09T12:09:24","modified_gmt":"2026-04-09T10:09:24","slug":"le-regard-oblique","status":"publish","type":"product","link":"https:\/\/librairie7l.com\/en\/produit\/le-regard-oblique\/","title":{"rendered":"LE REGARD OBLIQUE"},"content":{"rendered":"<p>Ce livre de photographies de Luciano Romano se concentre sur un sujet d&#8217;architecture particuli\u00e8rement embl\u00e9matique : les escaliers, parfaite m\u00e9taphore de l&#8217;action humaine qui consiste \u00e0 transformer la nature et construire un monde \u00e0 son image, \u00e0 tendre vers l&#8217;absolu et la transcendance, \u00e0 d\u00e9?er la loi de la gravit\u00e9 en partant de la pesanteur et de l&#8217;opacit\u00e9 de la pierre pour aller admirer la luminosit\u00e9 du ciel. L&#8217;escalier est le seuil du devenir, de l&#8217;asc\u00e8se, du progr\u00e8s ; con\u00e7u pour assurer une liaison fonctionnelle entre les divers \u00e9tages, il devient un interm\u00e9diaire entre les divers niveaux de la conscience ; le passage entre la mati\u00e8re et l&#8217;\u00e2me se manifeste dans l&#8217;alternance entre l&#8217;ombre et la lumi\u00e8re.<br \/>\nQuatre-vingt-seize photographies racontent ce processus de trans?guration, capturant le regard et le d\u00e9sorientant en un jeu combinatoire impr\u00e9visible entre la repr\u00e9sentation g\u00e9om\u00e9trique du monde visible et la vision onirique. Les \u00e9l\u00e9ments de la r\u00e9alit\u00e9 c\u00e8dent la place au vertige des sens, r\u00e9v\u00e9lant des formes qui suivent un parcours hypnotique, des rampes qui s&#8217;enroulent vers une lueur \u00e9blouissante ou s&#8217;enfoncent dans l&#8217;obscurit\u00e9 d&#8217;un gouffre sans fond.<br \/>\nDes espaces physiques qui renvoient \u00e0 des \u00e9tats d&#8217;\u00e2me. Le texte de Michel Serres, aussi fascinant que les images, guide le lecteur dans le vertige de l&#8217;ascension ou de la descente, dans un parcours entre la g\u00e9om\u00e9trie, l&#8217;art, la musique et l&#8217;\u00e9criture.<br \/>\nLe travail de Luciano Romano, centr\u00e9 sur la repr\u00e9sentation de l&#8217;espace, ?gure dans de nombreuses collections publiques et priv\u00e9es, telle la collection de photographie du Museo Nazionale delle Arti del XXI secolo (MAXXI), \u00e0 Rome, ou celle de la Robert Rauschenberg Foundation \u00e0 New York. Il a obtenu le prix Atlante Italiano 003, d\u00e9cern\u00e9 par le minist\u00e8re de la Culture en collaboration avec la Triennale de Milan, et a \u00e9t\u00e9 nomm\u00e9 pour le prix BMWParis Photo (Paris, Carrousel du Louvre, 2007). Il a expos\u00e9 \u00e0 la X biennale d&#8217;architecture de Venise, au mus\u00e9e MADRE de Naples et au MAXXI \u00e0 Rome.<br \/>\nMichel Serres, philosophe et \u00e9pist\u00e9mologue, professeur de philosophie et d&#8217;histoire des sciences \u00e0 la Sorbonne, est \u00e9galement connu pour son enseignement \u00e0 l&#8217;universit\u00e9 de Stanford.<br \/>\nMembre de l&#8217;Acad\u00e9mie fran\u00e7aise, c&#8217;est l&#8217;un des plus grands intellectuels fran\u00e7ais d&#8217;aujourd&#8217;hui.<\/p>\n","protected":false},"excerpt":{"rendered":"<p>Ce livre de photographies de Luciano Romano se concentre sur un sujet d&#8217;architecture particuli\u00e8rement embl\u00e9matique : les escaliers, parfaite m\u00e9taphore de l&#8217;action humaine qui consiste \u00e0 transformer la nature et construire un monde \u00e0 son image, \u00e0 tendre vers l&#8217;absolu et la transcendance, \u00e0 d\u00e9?er la loi de la gravit\u00e9 en partant de la pesanteur [&hellip;]<\/p>\n","protected":false},"featured_media":22581,"template":"","meta":[],"product_cat":[2948,2950],"product_tag":[],"acf":[],"yoast_head":"<!-- This site is optimized with the Yoast SEO plugin v20.11 - https:\/\/yoast.com\/wordpress\/plugins\/seo\/ -->\n<title>LE REGARD OBLIQUE - Librairie 7L<\/title>\n<meta name=\"robots\" content=\"index, follow, max-snippet:-1, max-image-preview:large, max-video-preview:-1\" \/>\n<link rel=\"canonical\" href=\"https:\/\/librairie7l.com\/en\/produit\/le-regard-oblique\/\" \/>\n<meta property=\"og:locale\" content=\"en_US\" \/>\n<meta property=\"og:type\" content=\"article\" \/>\n<meta property=\"og:title\" content=\"LE REGARD OBLIQUE - Librairie 7L\" \/>\n<meta property=\"og:description\" content=\"Ce livre de photographies de Luciano Romano se concentre sur un sujet d&#8217;architecture particuli\u00e8rement embl\u00e9matique : les escaliers, parfaite m\u00e9taphore de l&#8217;action humaine qui consiste \u00e0 transformer la nature et construire un monde \u00e0 son image, \u00e0 tendre vers l&#8217;absolu et la transcendance, \u00e0 d\u00e9?er la loi de la gravit\u00e9 en partant de la pesanteur [&hellip;]\" \/>\n<meta property=\"og:url\" content=\"https:\/\/librairie7l.com\/en\/produit\/le-regard-oblique\/\" \/>\n<meta property=\"og:site_name\" content=\"Librairie 7L\" \/>\n<meta property=\"article:modified_time\" content=\"2026-04-09T10:09:24+00:00\" \/>\n<meta property=\"og:image\" content=\"https:\/\/librairie7l.com\/wp-content\/uploads\/2017\/05\/9788874397716_1_75.jpg\" \/>\n\t<meta property=\"og:image:width\" content=\"600\" \/>\n\t<meta property=\"og:image:height\" content=\"756\" \/>\n\t<meta property=\"og:image:type\" content=\"image\/jpeg\" \/>\n<meta name=\"twitter:card\" content=\"summary_large_image\" \/>\n<meta name=\"twitter:label1\" content=\"Est. reading time\" \/>\n\t<meta name=\"twitter:data1\" content=\"2 minutes\" \/>\n<script type=\"application\/ld+json\" class=\"yoast-schema-graph\">{\"@context\":\"https:\/\/schema.org\",\"@graph\":[{\"@type\":\"WebPage\",\"@id\":\"https:\/\/librairie7l.com\/en\/produit\/le-regard-oblique\/\",\"url\":\"https:\/\/librairie7l.com\/en\/produit\/le-regard-oblique\/\",\"name\":\"LE REGARD OBLIQUE - Librairie 7L\",\"isPartOf\":{\"@id\":\"https:\/\/librairie7l.com\/en\/#website\"},\"datePublished\":\"2023-05-09T16:43:03+00:00\",\"dateModified\":\"2026-04-09T10:09:24+00:00\",\"breadcrumb\":{\"@id\":\"https:\/\/librairie7l.com\/en\/produit\/le-regard-oblique\/#breadcrumb\"},\"inLanguage\":\"en-US\",\"potentialAction\":[{\"@type\":\"ReadAction\",\"target\":[\"https:\/\/librairie7l.com\/en\/produit\/le-regard-oblique\/\"]}]},{\"@type\":\"BreadcrumbList\",\"@id\":\"https:\/\/librairie7l.com\/en\/produit\/le-regard-oblique\/#breadcrumb\",\"itemListElement\":[{\"@type\":\"ListItem\",\"position\":1,\"name\":\"Accueil\",\"item\":\"https:\/\/librairie7l.com\/en\/\"},{\"@type\":\"ListItem\",\"position\":2,\"name\":\"Shop\",\"item\":\"https:\/\/librairie7l.com\/en\/shop\/\"},{\"@type\":\"ListItem\",\"position\":3,\"name\":\"LE REGARD OBLIQUE\"}]},{\"@type\":\"WebSite\",\"@id\":\"https:\/\/librairie7l.com\/en\/#website\",\"url\":\"https:\/\/librairie7l.com\/en\/\",\"name\":\"Librairie 7L\",\"description\":\"Librairie fond\u00e9e en 1999 par Karl Lagerfeld \u00e0 Paris\",\"publisher\":{\"@id\":\"https:\/\/librairie7l.com\/en\/#organization\"},\"potentialAction\":[{\"@type\":\"SearchAction\",\"target\":{\"@type\":\"EntryPoint\",\"urlTemplate\":\"https:\/\/librairie7l.com\/en\/?s={search_term_string}\"},\"query-input\":\"required name=search_term_string\"}],\"inLanguage\":\"en-US\"},{\"@type\":\"Organization\",\"@id\":\"https:\/\/librairie7l.com\/en\/#organization\",\"name\":\"Librairie 7L\",\"url\":\"https:\/\/librairie7l.com\/en\/\",\"logo\":{\"@type\":\"ImageObject\",\"inLanguage\":\"en-US\",\"@id\":\"https:\/\/librairie7l.com\/en\/#\/schema\/logo\/image\/\",\"url\":\"https:\/\/librairie7l.com\/wp-content\/uploads\/2022\/08\/logo-1.png\",\"contentUrl\":\"https:\/\/librairie7l.com\/wp-content\/uploads\/2022\/08\/logo-1.png\",\"width\":227,\"height\":301,\"caption\":\"Librairie 7L\"},\"image\":{\"@id\":\"https:\/\/librairie7l.com\/en\/#\/schema\/logo\/image\/\"}}]}<\/script>\n<!-- \/ Yoast SEO plugin. -->","yoast_head_json":{"title":"LE REGARD OBLIQUE - Librairie 7L","robots":{"index":"index","follow":"follow","max-snippet":"max-snippet:-1","max-image-preview":"max-image-preview:large","max-video-preview":"max-video-preview:-1"},"canonical":"https:\/\/librairie7l.com\/en\/produit\/le-regard-oblique\/","og_locale":"en_US","og_type":"article","og_title":"LE REGARD OBLIQUE - Librairie 7L","og_description":"Ce livre de photographies de Luciano Romano se concentre sur un sujet d&#8217;architecture particuli\u00e8rement embl\u00e9matique : les escaliers, parfaite m\u00e9taphore de l&#8217;action humaine qui consiste \u00e0 transformer la nature et construire un monde \u00e0 son image, \u00e0 tendre vers l&#8217;absolu et la transcendance, \u00e0 d\u00e9?er la loi de la gravit\u00e9 en partant de la pesanteur [&hellip;]","og_url":"https:\/\/librairie7l.com\/en\/produit\/le-regard-oblique\/","og_site_name":"Librairie 7L","article_modified_time":"2026-04-09T10:09:24+00:00","og_image":[{"width":600,"height":756,"url":"https:\/\/librairie7l.com\/wp-content\/uploads\/2017\/05\/9788874397716_1_75.jpg","type":"image\/jpeg"}],"twitter_card":"summary_large_image","twitter_misc":{"Est. reading time":"2 minutes"},"schema":{"@context":"https:\/\/schema.org","@graph":[{"@type":"WebPage","@id":"https:\/\/librairie7l.com\/en\/produit\/le-regard-oblique\/","url":"https:\/\/librairie7l.com\/en\/produit\/le-regard-oblique\/","name":"LE REGARD OBLIQUE - Librairie 7L","isPartOf":{"@id":"https:\/\/librairie7l.com\/en\/#website"},"datePublished":"2023-05-09T16:43:03+00:00","dateModified":"2026-04-09T10:09:24+00:00","breadcrumb":{"@id":"https:\/\/librairie7l.com\/en\/produit\/le-regard-oblique\/#breadcrumb"},"inLanguage":"en-US","potentialAction":[{"@type":"ReadAction","target":["https:\/\/librairie7l.com\/en\/produit\/le-regard-oblique\/"]}]},{"@type":"BreadcrumbList","@id":"https:\/\/librairie7l.com\/en\/produit\/le-regard-oblique\/#breadcrumb","itemListElement":[{"@type":"ListItem","position":1,"name":"Accueil","item":"https:\/\/librairie7l.com\/en\/"},{"@type":"ListItem","position":2,"name":"Shop","item":"https:\/\/librairie7l.com\/en\/shop\/"},{"@type":"ListItem","position":3,"name":"LE REGARD OBLIQUE"}]},{"@type":"WebSite","@id":"https:\/\/librairie7l.com\/en\/#website","url":"https:\/\/librairie7l.com\/en\/","name":"Librairie 7L","description":"Librairie fond\u00e9e en 1999 par Karl Lagerfeld \u00e0 Paris","publisher":{"@id":"https:\/\/librairie7l.com\/en\/#organization"},"potentialAction":[{"@type":"SearchAction","target":{"@type":"EntryPoint","urlTemplate":"https:\/\/librairie7l.com\/en\/?s={search_term_string}"},"query-input":"required name=search_term_string"}],"inLanguage":"en-US"},{"@type":"Organization","@id":"https:\/\/librairie7l.com\/en\/#organization","name":"Librairie 7L","url":"https:\/\/librairie7l.com\/en\/","logo":{"@type":"ImageObject","inLanguage":"en-US","@id":"https:\/\/librairie7l.com\/en\/#\/schema\/logo\/image\/","url":"https:\/\/librairie7l.com\/wp-content\/uploads\/2022\/08\/logo-1.png","contentUrl":"https:\/\/librairie7l.com\/wp-content\/uploads\/2022\/08\/logo-1.png","width":227,"height":301,"caption":"Librairie 7L"},"image":{"@id":"https:\/\/librairie7l.com\/en\/#\/schema\/logo\/image\/"}}]}},"_links":{"self":[{"href":"https:\/\/librairie7l.com\/en\/wp-json\/wp\/v2\/product\/22583"}],"collection":[{"href":"https:\/\/librairie7l.com\/en\/wp-json\/wp\/v2\/product"}],"about":[{"href":"https:\/\/librairie7l.com\/en\/wp-json\/wp\/v2\/types\/product"}],"wp:featuredmedia":[{"embeddable":true,"href":"https:\/\/librairie7l.com\/en\/wp-json\/wp\/v2\/media\/22581"}],"wp:attachment":[{"href":"https:\/\/librairie7l.com\/en\/wp-json\/wp\/v2\/media?parent=22583"}],"wp:term":[{"taxonomy":"product_cat","embeddable":true,"href":"https:\/\/librairie7l.com\/en\/wp-json\/wp\/v2\/product_cat?post=22583"},{"taxonomy":"product_tag","embeddable":true,"href":"https:\/\/librairie7l.com\/en\/wp-json\/wp\/v2\/product_tag?post=22583"}],"curies":[{"name":"wp","href":"https:\/\/api.w.org\/{rel}","templated":true}]}}