{"id":22675,"date":"2023-05-09T18:44:19","date_gmt":"2023-05-09T16:44:19","guid":{"rendered":"https:\/\/librairie7l.com\/?post_type=product&#038;p=22675"},"modified":"2026-04-06T20:19:19","modified_gmt":"2026-04-06T18:19:19","slug":"the-turkish-boudoir-of-marie-antoinette-and-josephine-at-fontainebleau","status":"publish","type":"product","link":"https:\/\/librairie7l.com\/en\/produit\/the-turkish-boudoir-of-marie-antoinette-and-josephine-at-fontainebleau\/","title":{"rendered":"THE TURKISH BOUDOIR OF MARIE ANTOINETTE AND JOSEPHINE AT FONTAINEBLEAU"},"content":{"rendered":"<p>Marie-Antoinette, \u00e0 dix ans d&#8217;intervalle, fait r\u00e9aliser \u00e0 Fontainebleau deux joyaux par les plus grands artistes de son temps : le boudoir turc (1777) et le boudoir d&#8217;argent (1786). Dans ces cabinets de retraite, la reine se soustrait \u00e0 l&#8217;\u00e9tiquette de la Cour et conjugue, avec l&#8217;expression des nouveaut\u00e9s les plus extravagantes, un Orient de fantaisie. L&#8217;ouvrage d\u00e9voile la science des am\u00e9nagements du boudoir turc et le raffinement de ses d\u00e9cors. L&#8217;engouement pour les turqueries ne faiblit pas au d\u00e9but du XIXe si\u00e8cle et l&#8217;imp\u00e9ratrice Jos\u00e9phine s&#8217;installe quelques ann\u00e9es plus tard dans ce refuge f\u00e9minin offrant un nouvel \u00e9clat \u00e0 cet univers des Mille et Une Nuits o\u00f9 elle fait installer un mobilier somptueux et atypique, qui m\u00eale l&#8217;acajou et les bronzes dor\u00e9s \u00e0 des \u00e9toffes lam\u00e9es, brod\u00e9es et frang\u00e9es d&#8217;or. \u00c0 l&#8217;issue d&#8217;une restauration minutieuse, les gracieux lambris sculpt\u00e9s, peints et dor\u00e9s du boudoir de Marie-Antoinette forment de nouveau l&#8217;\u00e9crin du mobilier luxueux de Jos\u00e9phine. Nich\u00e9 dans un recoin de l&#8217;ancestral ch\u00e2teau de Fontainebleau, le boudoir turc est l&#8217;unique d\u00e9cor de ce genre conserv\u00e9 en France et l&#8217;un des plus exceptionnels ensembles de mobilier cr\u00e9\u00e9 pour Jos\u00e9phine.<\/p>\n","protected":false},"excerpt":{"rendered":"<p>Marie-Antoinette, \u00e0 dix ans d&#8217;intervalle, fait r\u00e9aliser \u00e0 Fontainebleau deux joyaux par les plus grands artistes de son temps : le boudoir turc (1777) et le boudoir d&#8217;argent (1786). Dans ces cabinets de retraite, la reine se soustrait \u00e0 l&#8217;\u00e9tiquette de la Cour et conjugue, avec l&#8217;expression des nouveaut\u00e9s les plus extravagantes, un Orient de [&hellip;]<\/p>\n","protected":false},"featured_media":22673,"template":"","meta":[],"product_cat":[2948,2952],"product_tag":[],"acf":[],"yoast_head":"<!-- This site is optimized with the Yoast SEO plugin v20.11 - https:\/\/yoast.com\/wordpress\/plugins\/seo\/ -->\n<title>THE TURKISH BOUDOIR OF MARIE ANTOINETTE AND JOSEPHINE AT FONTAINEBLEAU - Librairie 7L<\/title>\n<meta name=\"robots\" content=\"index, follow, max-snippet:-1, max-image-preview:large, max-video-preview:-1\" \/>\n<link rel=\"canonical\" href=\"https:\/\/librairie7l.com\/en\/produit\/the-turkish-boudoir-of-marie-antoinette-and-josephine-at-fontainebleau\/\" \/>\n<meta property=\"og:locale\" content=\"en_US\" \/>\n<meta property=\"og:type\" content=\"article\" \/>\n<meta property=\"og:title\" content=\"THE TURKISH BOUDOIR OF MARIE ANTOINETTE AND JOSEPHINE AT FONTAINEBLEAU - Librairie 7L\" \/>\n<meta property=\"og:description\" content=\"Marie-Antoinette, \u00e0 dix ans d&#8217;intervalle, fait r\u00e9aliser \u00e0 Fontainebleau deux joyaux par les plus grands artistes de son temps : le boudoir turc (1777) et le boudoir d&#8217;argent (1786). Dans ces cabinets de retraite, la reine se soustrait \u00e0 l&#8217;\u00e9tiquette de la Cour et conjugue, avec l&#8217;expression des nouveaut\u00e9s les plus extravagantes, un Orient de [&hellip;]\" \/>\n<meta property=\"og:url\" content=\"https:\/\/librairie7l.com\/en\/produit\/the-turkish-boudoir-of-marie-antoinette-and-josephine-at-fontainebleau\/\" \/>\n<meta property=\"og:site_name\" content=\"Librairie 7L\" \/>\n<meta property=\"article:modified_time\" content=\"2026-04-06T18:19:19+00:00\" \/>\n<meta property=\"og:image\" content=\"https:\/\/librairie7l.com\/wp-content\/uploads\/2023\/03\/9791096561384_1_75.jpg\" \/>\n\t<meta property=\"og:image:width\" content=\"400\" \/>\n\t<meta property=\"og:image:height\" content=\"522\" \/>\n\t<meta property=\"og:image:type\" content=\"image\/jpeg\" \/>\n<meta name=\"twitter:card\" content=\"summary_large_image\" \/>\n<meta name=\"twitter:label1\" content=\"Est. reading time\" \/>\n\t<meta name=\"twitter:data1\" content=\"1 minute\" \/>\n<script type=\"application\/ld+json\" class=\"yoast-schema-graph\">{\"@context\":\"https:\/\/schema.org\",\"@graph\":[{\"@type\":\"WebPage\",\"@id\":\"https:\/\/librairie7l.com\/en\/produit\/the-turkish-boudoir-of-marie-antoinette-and-josephine-at-fontainebleau\/\",\"url\":\"https:\/\/librairie7l.com\/en\/produit\/the-turkish-boudoir-of-marie-antoinette-and-josephine-at-fontainebleau\/\",\"name\":\"THE TURKISH BOUDOIR OF MARIE ANTOINETTE AND JOSEPHINE AT FONTAINEBLEAU - Librairie 7L\",\"isPartOf\":{\"@id\":\"https:\/\/librairie7l.com\/en\/#website\"},\"datePublished\":\"2023-05-09T16:44:19+00:00\",\"dateModified\":\"2026-04-06T18:19:19+00:00\",\"breadcrumb\":{\"@id\":\"https:\/\/librairie7l.com\/en\/produit\/the-turkish-boudoir-of-marie-antoinette-and-josephine-at-fontainebleau\/#breadcrumb\"},\"inLanguage\":\"en-US\",\"potentialAction\":[{\"@type\":\"ReadAction\",\"target\":[\"https:\/\/librairie7l.com\/en\/produit\/the-turkish-boudoir-of-marie-antoinette-and-josephine-at-fontainebleau\/\"]}]},{\"@type\":\"BreadcrumbList\",\"@id\":\"https:\/\/librairie7l.com\/en\/produit\/the-turkish-boudoir-of-marie-antoinette-and-josephine-at-fontainebleau\/#breadcrumb\",\"itemListElement\":[{\"@type\":\"ListItem\",\"position\":1,\"name\":\"Accueil\",\"item\":\"https:\/\/librairie7l.com\/en\/\"},{\"@type\":\"ListItem\",\"position\":2,\"name\":\"Shop\",\"item\":\"https:\/\/librairie7l.com\/en\/shop\/\"},{\"@type\":\"ListItem\",\"position\":3,\"name\":\"THE TURKISH BOUDOIR OF MARIE ANTOINETTE AND JOSEPHINE AT FONTAINEBLEAU\"}]},{\"@type\":\"WebSite\",\"@id\":\"https:\/\/librairie7l.com\/en\/#website\",\"url\":\"https:\/\/librairie7l.com\/en\/\",\"name\":\"Librairie 7L\",\"description\":\"Librairie fond\u00e9e en 1999 par Karl Lagerfeld \u00e0 Paris\",\"publisher\":{\"@id\":\"https:\/\/librairie7l.com\/en\/#organization\"},\"potentialAction\":[{\"@type\":\"SearchAction\",\"target\":{\"@type\":\"EntryPoint\",\"urlTemplate\":\"https:\/\/librairie7l.com\/en\/?s={search_term_string}\"},\"query-input\":\"required name=search_term_string\"}],\"inLanguage\":\"en-US\"},{\"@type\":\"Organization\",\"@id\":\"https:\/\/librairie7l.com\/en\/#organization\",\"name\":\"Librairie 7L\",\"url\":\"https:\/\/librairie7l.com\/en\/\",\"logo\":{\"@type\":\"ImageObject\",\"inLanguage\":\"en-US\",\"@id\":\"https:\/\/librairie7l.com\/en\/#\/schema\/logo\/image\/\",\"url\":\"https:\/\/librairie7l.com\/wp-content\/uploads\/2022\/08\/logo-1.png\",\"contentUrl\":\"https:\/\/librairie7l.com\/wp-content\/uploads\/2022\/08\/logo-1.png\",\"width\":227,\"height\":301,\"caption\":\"Librairie 7L\"},\"image\":{\"@id\":\"https:\/\/librairie7l.com\/en\/#\/schema\/logo\/image\/\"}}]}<\/script>\n<!-- \/ Yoast SEO plugin. -->","yoast_head_json":{"title":"THE TURKISH BOUDOIR OF MARIE ANTOINETTE AND JOSEPHINE AT FONTAINEBLEAU - Librairie 7L","robots":{"index":"index","follow":"follow","max-snippet":"max-snippet:-1","max-image-preview":"max-image-preview:large","max-video-preview":"max-video-preview:-1"},"canonical":"https:\/\/librairie7l.com\/en\/produit\/the-turkish-boudoir-of-marie-antoinette-and-josephine-at-fontainebleau\/","og_locale":"en_US","og_type":"article","og_title":"THE TURKISH BOUDOIR OF MARIE ANTOINETTE AND JOSEPHINE AT FONTAINEBLEAU - Librairie 7L","og_description":"Marie-Antoinette, \u00e0 dix ans d&#8217;intervalle, fait r\u00e9aliser \u00e0 Fontainebleau deux joyaux par les plus grands artistes de son temps : le boudoir turc (1777) et le boudoir d&#8217;argent (1786). Dans ces cabinets de retraite, la reine se soustrait \u00e0 l&#8217;\u00e9tiquette de la Cour et conjugue, avec l&#8217;expression des nouveaut\u00e9s les plus extravagantes, un Orient de [&hellip;]","og_url":"https:\/\/librairie7l.com\/en\/produit\/the-turkish-boudoir-of-marie-antoinette-and-josephine-at-fontainebleau\/","og_site_name":"Librairie 7L","article_modified_time":"2026-04-06T18:19:19+00:00","og_image":[{"width":400,"height":522,"url":"https:\/\/librairie7l.com\/wp-content\/uploads\/2023\/03\/9791096561384_1_75.jpg","type":"image\/jpeg"}],"twitter_card":"summary_large_image","twitter_misc":{"Est. reading time":"1 minute"},"schema":{"@context":"https:\/\/schema.org","@graph":[{"@type":"WebPage","@id":"https:\/\/librairie7l.com\/en\/produit\/the-turkish-boudoir-of-marie-antoinette-and-josephine-at-fontainebleau\/","url":"https:\/\/librairie7l.com\/en\/produit\/the-turkish-boudoir-of-marie-antoinette-and-josephine-at-fontainebleau\/","name":"THE TURKISH BOUDOIR OF MARIE ANTOINETTE AND JOSEPHINE AT FONTAINEBLEAU - Librairie 7L","isPartOf":{"@id":"https:\/\/librairie7l.com\/en\/#website"},"datePublished":"2023-05-09T16:44:19+00:00","dateModified":"2026-04-06T18:19:19+00:00","breadcrumb":{"@id":"https:\/\/librairie7l.com\/en\/produit\/the-turkish-boudoir-of-marie-antoinette-and-josephine-at-fontainebleau\/#breadcrumb"},"inLanguage":"en-US","potentialAction":[{"@type":"ReadAction","target":["https:\/\/librairie7l.com\/en\/produit\/the-turkish-boudoir-of-marie-antoinette-and-josephine-at-fontainebleau\/"]}]},{"@type":"BreadcrumbList","@id":"https:\/\/librairie7l.com\/en\/produit\/the-turkish-boudoir-of-marie-antoinette-and-josephine-at-fontainebleau\/#breadcrumb","itemListElement":[{"@type":"ListItem","position":1,"name":"Accueil","item":"https:\/\/librairie7l.com\/en\/"},{"@type":"ListItem","position":2,"name":"Shop","item":"https:\/\/librairie7l.com\/en\/shop\/"},{"@type":"ListItem","position":3,"name":"THE TURKISH BOUDOIR OF MARIE ANTOINETTE AND JOSEPHINE AT FONTAINEBLEAU"}]},{"@type":"WebSite","@id":"https:\/\/librairie7l.com\/en\/#website","url":"https:\/\/librairie7l.com\/en\/","name":"Librairie 7L","description":"Librairie fond\u00e9e en 1999 par Karl Lagerfeld \u00e0 Paris","publisher":{"@id":"https:\/\/librairie7l.com\/en\/#organization"},"potentialAction":[{"@type":"SearchAction","target":{"@type":"EntryPoint","urlTemplate":"https:\/\/librairie7l.com\/en\/?s={search_term_string}"},"query-input":"required name=search_term_string"}],"inLanguage":"en-US"},{"@type":"Organization","@id":"https:\/\/librairie7l.com\/en\/#organization","name":"Librairie 7L","url":"https:\/\/librairie7l.com\/en\/","logo":{"@type":"ImageObject","inLanguage":"en-US","@id":"https:\/\/librairie7l.com\/en\/#\/schema\/logo\/image\/","url":"https:\/\/librairie7l.com\/wp-content\/uploads\/2022\/08\/logo-1.png","contentUrl":"https:\/\/librairie7l.com\/wp-content\/uploads\/2022\/08\/logo-1.png","width":227,"height":301,"caption":"Librairie 7L"},"image":{"@id":"https:\/\/librairie7l.com\/en\/#\/schema\/logo\/image\/"}}]}},"_links":{"self":[{"href":"https:\/\/librairie7l.com\/en\/wp-json\/wp\/v2\/product\/22675"}],"collection":[{"href":"https:\/\/librairie7l.com\/en\/wp-json\/wp\/v2\/product"}],"about":[{"href":"https:\/\/librairie7l.com\/en\/wp-json\/wp\/v2\/types\/product"}],"wp:featuredmedia":[{"embeddable":true,"href":"https:\/\/librairie7l.com\/en\/wp-json\/wp\/v2\/media\/22673"}],"wp:attachment":[{"href":"https:\/\/librairie7l.com\/en\/wp-json\/wp\/v2\/media?parent=22675"}],"wp:term":[{"taxonomy":"product_cat","embeddable":true,"href":"https:\/\/librairie7l.com\/en\/wp-json\/wp\/v2\/product_cat?post=22675"},{"taxonomy":"product_tag","embeddable":true,"href":"https:\/\/librairie7l.com\/en\/wp-json\/wp\/v2\/product_tag?post=22675"}],"curies":[{"name":"wp","href":"https:\/\/api.w.org\/{rel}","templated":true}]}}