{"id":22731,"date":"2023-05-09T18:45:06","date_gmt":"2023-05-09T16:45:06","guid":{"rendered":"https:\/\/librairie7l.com\/?post_type=product&#038;p=22731"},"modified":"2026-04-13T00:17:37","modified_gmt":"2026-04-12T22:17:37","slug":"inside-tangier-house-gardens","status":"publish","type":"product","link":"https:\/\/librairie7l.com\/en\/produit\/inside-tangier-house-gardens\/","title":{"rendered":"INSIDE TANGIER HOUSE &AMP; GARDENS"},"content":{"rendered":"<p>Ville blanche perch\u00e9e entre le Maroc et l&#8217;Europe, Tanger fut longtemps le berceau des avant-gardes artistiques et litt\u00e9raires d&#8217;Europe et d&#8217;Am\u00e9rique du Nord. Une nouvelle g\u00e9n\u00e9ration de r\u00e9sidents m\u00eale d\u00e9sormais ces traces r\u00e9centes avec un go\u00fbt nouveau pour la couleur et les motifs. Cet ouvrage propose une rencontre priv\u00e9e avec une s\u00e9lection de r\u00e9sidences remarquables et leurs excentriques propri\u00e9taires, du collectionneur et antiquaire Gordon Watson \u00e0 l&#8217;artiste Soufian Lezaar en passant bien entendu par Yves Saint Laurent et sa villa Mabrouka, vendue depuis peu. La simplicit\u00e9 y c\u00f4toie l&#8217;excentricit\u00e9, mais tous ces lieux sont fid\u00e8les \u00e0 l&#8217;esth\u00e9tique &#8220;tangerine&#8221;, dont les couleurs sont si vives qu&#8217;elles ont donn\u00e9 leur nom \u00e0 un agrume.<\/p>\n","protected":false},"excerpt":{"rendered":"<p>Ville blanche perch\u00e9e entre le Maroc et l&#8217;Europe, Tanger fut longtemps le berceau des avant-gardes artistiques et litt\u00e9raires d&#8217;Europe et d&#8217;Am\u00e9rique du Nord. Une nouvelle g\u00e9n\u00e9ration de r\u00e9sidents m\u00eale d\u00e9sormais ces traces r\u00e9centes avec un go\u00fbt nouveau pour la couleur et les motifs. Cet ouvrage propose une rencontre priv\u00e9e avec une s\u00e9lection de r\u00e9sidences remarquables [&hellip;]<\/p>\n","protected":false},"featured_media":22729,"template":"","meta":[],"product_cat":[2948,2952],"product_tag":[],"acf":[],"yoast_head":"<!-- This site is optimized with the Yoast SEO plugin v20.11 - https:\/\/yoast.com\/wordpress\/plugins\/seo\/ -->\n<title>INSIDE TANGIER HOUSE &amp; GARDENS - Librairie 7L<\/title>\n<meta name=\"robots\" content=\"index, follow, max-snippet:-1, max-image-preview:large, max-video-preview:-1\" \/>\n<link rel=\"canonical\" href=\"https:\/\/librairie7l.com\/en\/produit\/inside-tangier-house-gardens\/\" \/>\n<meta property=\"og:locale\" content=\"en_US\" \/>\n<meta property=\"og:type\" content=\"article\" \/>\n<meta property=\"og:title\" content=\"INSIDE TANGIER HOUSE &amp; GARDENS - Librairie 7L\" \/>\n<meta property=\"og:description\" content=\"Ville blanche perch\u00e9e entre le Maroc et l&#8217;Europe, Tanger fut longtemps le berceau des avant-gardes artistiques et litt\u00e9raires d&#8217;Europe et d&#8217;Am\u00e9rique du Nord. Une nouvelle g\u00e9n\u00e9ration de r\u00e9sidents m\u00eale d\u00e9sormais ces traces r\u00e9centes avec un go\u00fbt nouveau pour la couleur et les motifs. Cet ouvrage propose une rencontre priv\u00e9e avec une s\u00e9lection de r\u00e9sidences remarquables [&hellip;]\" \/>\n<meta property=\"og:url\" content=\"https:\/\/librairie7l.com\/en\/produit\/inside-tangier-house-gardens\/\" \/>\n<meta property=\"og:site_name\" content=\"Librairie 7L\" \/>\n<meta property=\"article:modified_time\" content=\"2026-04-12T22:17:37+00:00\" \/>\n<meta property=\"og:image\" content=\"https:\/\/librairie7l.com\/wp-content\/uploads\/2019\/09\/9780865653702_1_75.jpg\" \/>\n\t<meta property=\"og:image:width\" content=\"460\" \/>\n\t<meta property=\"og:image:height\" content=\"500\" \/>\n\t<meta property=\"og:image:type\" content=\"image\/jpeg\" \/>\n<meta name=\"twitter:card\" content=\"summary_large_image\" \/>\n<meta name=\"twitter:label1\" content=\"Est. reading time\" \/>\n\t<meta name=\"twitter:data1\" content=\"1 minute\" \/>\n<script type=\"application\/ld+json\" class=\"yoast-schema-graph\">{\"@context\":\"https:\/\/schema.org\",\"@graph\":[{\"@type\":\"WebPage\",\"@id\":\"https:\/\/librairie7l.com\/en\/produit\/inside-tangier-house-gardens\/\",\"url\":\"https:\/\/librairie7l.com\/en\/produit\/inside-tangier-house-gardens\/\",\"name\":\"INSIDE TANGIER HOUSE &amp; GARDENS - Librairie 7L\",\"isPartOf\":{\"@id\":\"https:\/\/librairie7l.com\/en\/#website\"},\"datePublished\":\"2023-05-09T16:45:06+00:00\",\"dateModified\":\"2026-04-12T22:17:37+00:00\",\"breadcrumb\":{\"@id\":\"https:\/\/librairie7l.com\/en\/produit\/inside-tangier-house-gardens\/#breadcrumb\"},\"inLanguage\":\"en-US\",\"potentialAction\":[{\"@type\":\"ReadAction\",\"target\":[\"https:\/\/librairie7l.com\/en\/produit\/inside-tangier-house-gardens\/\"]}]},{\"@type\":\"BreadcrumbList\",\"@id\":\"https:\/\/librairie7l.com\/en\/produit\/inside-tangier-house-gardens\/#breadcrumb\",\"itemListElement\":[{\"@type\":\"ListItem\",\"position\":1,\"name\":\"Accueil\",\"item\":\"https:\/\/librairie7l.com\/en\/\"},{\"@type\":\"ListItem\",\"position\":2,\"name\":\"Shop\",\"item\":\"https:\/\/librairie7l.com\/en\/shop\/\"},{\"@type\":\"ListItem\",\"position\":3,\"name\":\"INSIDE TANGIER HOUSE &AMP; GARDENS\"}]},{\"@type\":\"WebSite\",\"@id\":\"https:\/\/librairie7l.com\/en\/#website\",\"url\":\"https:\/\/librairie7l.com\/en\/\",\"name\":\"Librairie 7L\",\"description\":\"Librairie fond\u00e9e en 1999 par Karl Lagerfeld \u00e0 Paris\",\"publisher\":{\"@id\":\"https:\/\/librairie7l.com\/en\/#organization\"},\"potentialAction\":[{\"@type\":\"SearchAction\",\"target\":{\"@type\":\"EntryPoint\",\"urlTemplate\":\"https:\/\/librairie7l.com\/en\/?s={search_term_string}\"},\"query-input\":\"required name=search_term_string\"}],\"inLanguage\":\"en-US\"},{\"@type\":\"Organization\",\"@id\":\"https:\/\/librairie7l.com\/en\/#organization\",\"name\":\"Librairie 7L\",\"url\":\"https:\/\/librairie7l.com\/en\/\",\"logo\":{\"@type\":\"ImageObject\",\"inLanguage\":\"en-US\",\"@id\":\"https:\/\/librairie7l.com\/en\/#\/schema\/logo\/image\/\",\"url\":\"https:\/\/librairie7l.com\/wp-content\/uploads\/2022\/08\/logo-1.png\",\"contentUrl\":\"https:\/\/librairie7l.com\/wp-content\/uploads\/2022\/08\/logo-1.png\",\"width\":227,\"height\":301,\"caption\":\"Librairie 7L\"},\"image\":{\"@id\":\"https:\/\/librairie7l.com\/en\/#\/schema\/logo\/image\/\"}}]}<\/script>\n<!-- \/ Yoast SEO plugin. -->","yoast_head_json":{"title":"INSIDE TANGIER HOUSE &amp; GARDENS - Librairie 7L","robots":{"index":"index","follow":"follow","max-snippet":"max-snippet:-1","max-image-preview":"max-image-preview:large","max-video-preview":"max-video-preview:-1"},"canonical":"https:\/\/librairie7l.com\/en\/produit\/inside-tangier-house-gardens\/","og_locale":"en_US","og_type":"article","og_title":"INSIDE TANGIER HOUSE &amp; GARDENS - Librairie 7L","og_description":"Ville blanche perch\u00e9e entre le Maroc et l&#8217;Europe, Tanger fut longtemps le berceau des avant-gardes artistiques et litt\u00e9raires d&#8217;Europe et d&#8217;Am\u00e9rique du Nord. Une nouvelle g\u00e9n\u00e9ration de r\u00e9sidents m\u00eale d\u00e9sormais ces traces r\u00e9centes avec un go\u00fbt nouveau pour la couleur et les motifs. Cet ouvrage propose une rencontre priv\u00e9e avec une s\u00e9lection de r\u00e9sidences remarquables [&hellip;]","og_url":"https:\/\/librairie7l.com\/en\/produit\/inside-tangier-house-gardens\/","og_site_name":"Librairie 7L","article_modified_time":"2026-04-12T22:17:37+00:00","og_image":[{"width":460,"height":500,"url":"https:\/\/librairie7l.com\/wp-content\/uploads\/2019\/09\/9780865653702_1_75.jpg","type":"image\/jpeg"}],"twitter_card":"summary_large_image","twitter_misc":{"Est. reading time":"1 minute"},"schema":{"@context":"https:\/\/schema.org","@graph":[{"@type":"WebPage","@id":"https:\/\/librairie7l.com\/en\/produit\/inside-tangier-house-gardens\/","url":"https:\/\/librairie7l.com\/en\/produit\/inside-tangier-house-gardens\/","name":"INSIDE TANGIER HOUSE &amp; GARDENS - Librairie 7L","isPartOf":{"@id":"https:\/\/librairie7l.com\/en\/#website"},"datePublished":"2023-05-09T16:45:06+00:00","dateModified":"2026-04-12T22:17:37+00:00","breadcrumb":{"@id":"https:\/\/librairie7l.com\/en\/produit\/inside-tangier-house-gardens\/#breadcrumb"},"inLanguage":"en-US","potentialAction":[{"@type":"ReadAction","target":["https:\/\/librairie7l.com\/en\/produit\/inside-tangier-house-gardens\/"]}]},{"@type":"BreadcrumbList","@id":"https:\/\/librairie7l.com\/en\/produit\/inside-tangier-house-gardens\/#breadcrumb","itemListElement":[{"@type":"ListItem","position":1,"name":"Accueil","item":"https:\/\/librairie7l.com\/en\/"},{"@type":"ListItem","position":2,"name":"Shop","item":"https:\/\/librairie7l.com\/en\/shop\/"},{"@type":"ListItem","position":3,"name":"INSIDE TANGIER HOUSE &AMP; GARDENS"}]},{"@type":"WebSite","@id":"https:\/\/librairie7l.com\/en\/#website","url":"https:\/\/librairie7l.com\/en\/","name":"Librairie 7L","description":"Librairie fond\u00e9e en 1999 par Karl Lagerfeld \u00e0 Paris","publisher":{"@id":"https:\/\/librairie7l.com\/en\/#organization"},"potentialAction":[{"@type":"SearchAction","target":{"@type":"EntryPoint","urlTemplate":"https:\/\/librairie7l.com\/en\/?s={search_term_string}"},"query-input":"required name=search_term_string"}],"inLanguage":"en-US"},{"@type":"Organization","@id":"https:\/\/librairie7l.com\/en\/#organization","name":"Librairie 7L","url":"https:\/\/librairie7l.com\/en\/","logo":{"@type":"ImageObject","inLanguage":"en-US","@id":"https:\/\/librairie7l.com\/en\/#\/schema\/logo\/image\/","url":"https:\/\/librairie7l.com\/wp-content\/uploads\/2022\/08\/logo-1.png","contentUrl":"https:\/\/librairie7l.com\/wp-content\/uploads\/2022\/08\/logo-1.png","width":227,"height":301,"caption":"Librairie 7L"},"image":{"@id":"https:\/\/librairie7l.com\/en\/#\/schema\/logo\/image\/"}}]}},"_links":{"self":[{"href":"https:\/\/librairie7l.com\/en\/wp-json\/wp\/v2\/product\/22731"}],"collection":[{"href":"https:\/\/librairie7l.com\/en\/wp-json\/wp\/v2\/product"}],"about":[{"href":"https:\/\/librairie7l.com\/en\/wp-json\/wp\/v2\/types\/product"}],"wp:featuredmedia":[{"embeddable":true,"href":"https:\/\/librairie7l.com\/en\/wp-json\/wp\/v2\/media\/22729"}],"wp:attachment":[{"href":"https:\/\/librairie7l.com\/en\/wp-json\/wp\/v2\/media?parent=22731"}],"wp:term":[{"taxonomy":"product_cat","embeddable":true,"href":"https:\/\/librairie7l.com\/en\/wp-json\/wp\/v2\/product_cat?post=22731"},{"taxonomy":"product_tag","embeddable":true,"href":"https:\/\/librairie7l.com\/en\/wp-json\/wp\/v2\/product_tag?post=22731"}],"curies":[{"name":"wp","href":"https:\/\/api.w.org\/{rel}","templated":true}]}}