{"id":22767,"date":"2023-05-09T18:45:37","date_gmt":"2023-05-09T16:45:37","guid":{"rendered":"https:\/\/librairie7l.com\/?post_type=product&#038;p=22767"},"modified":"2026-04-16T22:46:20","modified_gmt":"2026-04-16T20:46:20","slug":"nordic-design-the-response-to-the-bauhaus-anglais-allemand","status":"publish","type":"product","link":"https:\/\/librairie7l.com\/en\/produit\/nordic-design-the-response-to-the-bauhaus-anglais-allemand\/","title":{"rendered":"NORDIC DESIGN THE RESPONSE TO THE BAUHAUS \/ANGLAIS\/ALLEMAND"},"content":{"rendered":"<p>\u00c0 la fin des ann\u00e9es 1920, un nouveau design c\u00e9l\u00e8bre ses premiers succ\u00e8s dans tous les pays nordiques, chacun proposant une interpr\u00e9tation tr\u00e8s ind\u00e9pendante du fonctionnalisme. L&#8217;accent n&#8217;est pas mis sur la forme avant-gardiste, comme c&#8217;\u00e9tait le cas en Allemagne, mais sur la solution personnalis\u00e9e pour une t\u00e2che sp\u00e9cifique. Cette publication traite de la r\u00e9action des pays nordiques au Bauhaus et au modernisme allemand.<\/p>\n","protected":false},"excerpt":{"rendered":"<p>\u00c0 la fin des ann\u00e9es 1920, un nouveau design c\u00e9l\u00e8bre ses premiers succ\u00e8s dans tous les pays nordiques, chacun proposant une interpr\u00e9tation tr\u00e8s ind\u00e9pendante du fonctionnalisme. L&#8217;accent n&#8217;est pas mis sur la forme avant-gardiste, comme c&#8217;\u00e9tait le cas en Allemagne, mais sur la solution personnalis\u00e9e pour une t\u00e2che sp\u00e9cifique. Cette publication traite de la r\u00e9action [&hellip;]<\/p>\n","protected":false},"featured_media":22765,"template":"","meta":[],"product_cat":[2948,2952],"product_tag":[],"acf":[],"yoast_head":"<!-- This site is optimized with the Yoast SEO plugin v20.11 - https:\/\/yoast.com\/wordpress\/plugins\/seo\/ -->\n<title>NORDIC DESIGN THE RESPONSE TO THE BAUHAUS \/ANGLAIS\/ALLEMAND - Librairie 7L<\/title>\n<meta name=\"robots\" content=\"index, follow, max-snippet:-1, max-image-preview:large, max-video-preview:-1\" \/>\n<link rel=\"canonical\" href=\"https:\/\/librairie7l.com\/en\/produit\/nordic-design-the-response-to-the-bauhaus-anglais-allemand\/\" \/>\n<meta property=\"og:locale\" content=\"en_US\" \/>\n<meta property=\"og:type\" content=\"article\" \/>\n<meta property=\"og:title\" content=\"NORDIC DESIGN THE RESPONSE TO THE BAUHAUS \/ANGLAIS\/ALLEMAND - Librairie 7L\" \/>\n<meta property=\"og:description\" content=\"\u00c0 la fin des ann\u00e9es 1920, un nouveau design c\u00e9l\u00e8bre ses premiers succ\u00e8s dans tous les pays nordiques, chacun proposant une interpr\u00e9tation tr\u00e8s ind\u00e9pendante du fonctionnalisme. L&#8217;accent n&#8217;est pas mis sur la forme avant-gardiste, comme c&#8217;\u00e9tait le cas en Allemagne, mais sur la solution personnalis\u00e9e pour une t\u00e2che sp\u00e9cifique. Cette publication traite de la r\u00e9action [&hellip;]\" \/>\n<meta property=\"og:url\" content=\"https:\/\/librairie7l.com\/en\/produit\/nordic-design-the-response-to-the-bauhaus-anglais-allemand\/\" \/>\n<meta property=\"og:site_name\" content=\"Librairie 7L\" \/>\n<meta property=\"article:modified_time\" content=\"2026-04-16T20:46:20+00:00\" \/>\n<meta property=\"og:image\" content=\"https:\/\/librairie7l.com\/wp-content\/uploads\/2020\/01\/9783897905825_1_75.jpg\" \/>\n\t<meta property=\"og:image:width\" content=\"237\" \/>\n\t<meta property=\"og:image:height\" content=\"280\" \/>\n\t<meta property=\"og:image:type\" content=\"image\/jpeg\" \/>\n<meta name=\"twitter:card\" content=\"summary_large_image\" \/>\n<script type=\"application\/ld+json\" class=\"yoast-schema-graph\">{\"@context\":\"https:\/\/schema.org\",\"@graph\":[{\"@type\":\"WebPage\",\"@id\":\"https:\/\/librairie7l.com\/en\/produit\/nordic-design-the-response-to-the-bauhaus-anglais-allemand\/\",\"url\":\"https:\/\/librairie7l.com\/en\/produit\/nordic-design-the-response-to-the-bauhaus-anglais-allemand\/\",\"name\":\"NORDIC DESIGN THE RESPONSE TO THE BAUHAUS \/ANGLAIS\/ALLEMAND - Librairie 7L\",\"isPartOf\":{\"@id\":\"https:\/\/librairie7l.com\/en\/#website\"},\"datePublished\":\"2023-05-09T16:45:37+00:00\",\"dateModified\":\"2026-04-16T20:46:20+00:00\",\"breadcrumb\":{\"@id\":\"https:\/\/librairie7l.com\/en\/produit\/nordic-design-the-response-to-the-bauhaus-anglais-allemand\/#breadcrumb\"},\"inLanguage\":\"en-US\",\"potentialAction\":[{\"@type\":\"ReadAction\",\"target\":[\"https:\/\/librairie7l.com\/en\/produit\/nordic-design-the-response-to-the-bauhaus-anglais-allemand\/\"]}]},{\"@type\":\"BreadcrumbList\",\"@id\":\"https:\/\/librairie7l.com\/en\/produit\/nordic-design-the-response-to-the-bauhaus-anglais-allemand\/#breadcrumb\",\"itemListElement\":[{\"@type\":\"ListItem\",\"position\":1,\"name\":\"Accueil\",\"item\":\"https:\/\/librairie7l.com\/en\/\"},{\"@type\":\"ListItem\",\"position\":2,\"name\":\"Shop\",\"item\":\"https:\/\/librairie7l.com\/en\/shop\/\"},{\"@type\":\"ListItem\",\"position\":3,\"name\":\"NORDIC DESIGN THE RESPONSE TO THE BAUHAUS \/ANGLAIS\/ALLEMAND\"}]},{\"@type\":\"WebSite\",\"@id\":\"https:\/\/librairie7l.com\/en\/#website\",\"url\":\"https:\/\/librairie7l.com\/en\/\",\"name\":\"Librairie 7L\",\"description\":\"Librairie fond\u00e9e en 1999 par Karl Lagerfeld \u00e0 Paris\",\"publisher\":{\"@id\":\"https:\/\/librairie7l.com\/en\/#organization\"},\"potentialAction\":[{\"@type\":\"SearchAction\",\"target\":{\"@type\":\"EntryPoint\",\"urlTemplate\":\"https:\/\/librairie7l.com\/en\/?s={search_term_string}\"},\"query-input\":\"required name=search_term_string\"}],\"inLanguage\":\"en-US\"},{\"@type\":\"Organization\",\"@id\":\"https:\/\/librairie7l.com\/en\/#organization\",\"name\":\"Librairie 7L\",\"url\":\"https:\/\/librairie7l.com\/en\/\",\"logo\":{\"@type\":\"ImageObject\",\"inLanguage\":\"en-US\",\"@id\":\"https:\/\/librairie7l.com\/en\/#\/schema\/logo\/image\/\",\"url\":\"https:\/\/librairie7l.com\/wp-content\/uploads\/2022\/08\/logo-1.png\",\"contentUrl\":\"https:\/\/librairie7l.com\/wp-content\/uploads\/2022\/08\/logo-1.png\",\"width\":227,\"height\":301,\"caption\":\"Librairie 7L\"},\"image\":{\"@id\":\"https:\/\/librairie7l.com\/en\/#\/schema\/logo\/image\/\"}}]}<\/script>\n<!-- \/ Yoast SEO plugin. -->","yoast_head_json":{"title":"NORDIC DESIGN THE RESPONSE TO THE BAUHAUS \/ANGLAIS\/ALLEMAND - Librairie 7L","robots":{"index":"index","follow":"follow","max-snippet":"max-snippet:-1","max-image-preview":"max-image-preview:large","max-video-preview":"max-video-preview:-1"},"canonical":"https:\/\/librairie7l.com\/en\/produit\/nordic-design-the-response-to-the-bauhaus-anglais-allemand\/","og_locale":"en_US","og_type":"article","og_title":"NORDIC DESIGN THE RESPONSE TO THE BAUHAUS \/ANGLAIS\/ALLEMAND - Librairie 7L","og_description":"\u00c0 la fin des ann\u00e9es 1920, un nouveau design c\u00e9l\u00e8bre ses premiers succ\u00e8s dans tous les pays nordiques, chacun proposant une interpr\u00e9tation tr\u00e8s ind\u00e9pendante du fonctionnalisme. L&#8217;accent n&#8217;est pas mis sur la forme avant-gardiste, comme c&#8217;\u00e9tait le cas en Allemagne, mais sur la solution personnalis\u00e9e pour une t\u00e2che sp\u00e9cifique. Cette publication traite de la r\u00e9action [&hellip;]","og_url":"https:\/\/librairie7l.com\/en\/produit\/nordic-design-the-response-to-the-bauhaus-anglais-allemand\/","og_site_name":"Librairie 7L","article_modified_time":"2026-04-16T20:46:20+00:00","og_image":[{"width":237,"height":280,"url":"https:\/\/librairie7l.com\/wp-content\/uploads\/2020\/01\/9783897905825_1_75.jpg","type":"image\/jpeg"}],"twitter_card":"summary_large_image","schema":{"@context":"https:\/\/schema.org","@graph":[{"@type":"WebPage","@id":"https:\/\/librairie7l.com\/en\/produit\/nordic-design-the-response-to-the-bauhaus-anglais-allemand\/","url":"https:\/\/librairie7l.com\/en\/produit\/nordic-design-the-response-to-the-bauhaus-anglais-allemand\/","name":"NORDIC DESIGN THE RESPONSE TO THE BAUHAUS \/ANGLAIS\/ALLEMAND - Librairie 7L","isPartOf":{"@id":"https:\/\/librairie7l.com\/en\/#website"},"datePublished":"2023-05-09T16:45:37+00:00","dateModified":"2026-04-16T20:46:20+00:00","breadcrumb":{"@id":"https:\/\/librairie7l.com\/en\/produit\/nordic-design-the-response-to-the-bauhaus-anglais-allemand\/#breadcrumb"},"inLanguage":"en-US","potentialAction":[{"@type":"ReadAction","target":["https:\/\/librairie7l.com\/en\/produit\/nordic-design-the-response-to-the-bauhaus-anglais-allemand\/"]}]},{"@type":"BreadcrumbList","@id":"https:\/\/librairie7l.com\/en\/produit\/nordic-design-the-response-to-the-bauhaus-anglais-allemand\/#breadcrumb","itemListElement":[{"@type":"ListItem","position":1,"name":"Accueil","item":"https:\/\/librairie7l.com\/en\/"},{"@type":"ListItem","position":2,"name":"Shop","item":"https:\/\/librairie7l.com\/en\/shop\/"},{"@type":"ListItem","position":3,"name":"NORDIC DESIGN THE RESPONSE TO THE BAUHAUS \/ANGLAIS\/ALLEMAND"}]},{"@type":"WebSite","@id":"https:\/\/librairie7l.com\/en\/#website","url":"https:\/\/librairie7l.com\/en\/","name":"Librairie 7L","description":"Librairie fond\u00e9e en 1999 par Karl Lagerfeld \u00e0 Paris","publisher":{"@id":"https:\/\/librairie7l.com\/en\/#organization"},"potentialAction":[{"@type":"SearchAction","target":{"@type":"EntryPoint","urlTemplate":"https:\/\/librairie7l.com\/en\/?s={search_term_string}"},"query-input":"required name=search_term_string"}],"inLanguage":"en-US"},{"@type":"Organization","@id":"https:\/\/librairie7l.com\/en\/#organization","name":"Librairie 7L","url":"https:\/\/librairie7l.com\/en\/","logo":{"@type":"ImageObject","inLanguage":"en-US","@id":"https:\/\/librairie7l.com\/en\/#\/schema\/logo\/image\/","url":"https:\/\/librairie7l.com\/wp-content\/uploads\/2022\/08\/logo-1.png","contentUrl":"https:\/\/librairie7l.com\/wp-content\/uploads\/2022\/08\/logo-1.png","width":227,"height":301,"caption":"Librairie 7L"},"image":{"@id":"https:\/\/librairie7l.com\/en\/#\/schema\/logo\/image\/"}}]}},"_links":{"self":[{"href":"https:\/\/librairie7l.com\/en\/wp-json\/wp\/v2\/product\/22767"}],"collection":[{"href":"https:\/\/librairie7l.com\/en\/wp-json\/wp\/v2\/product"}],"about":[{"href":"https:\/\/librairie7l.com\/en\/wp-json\/wp\/v2\/types\/product"}],"wp:featuredmedia":[{"embeddable":true,"href":"https:\/\/librairie7l.com\/en\/wp-json\/wp\/v2\/media\/22765"}],"wp:attachment":[{"href":"https:\/\/librairie7l.com\/en\/wp-json\/wp\/v2\/media?parent=22767"}],"wp:term":[{"taxonomy":"product_cat","embeddable":true,"href":"https:\/\/librairie7l.com\/en\/wp-json\/wp\/v2\/product_cat?post=22767"},{"taxonomy":"product_tag","embeddable":true,"href":"https:\/\/librairie7l.com\/en\/wp-json\/wp\/v2\/product_tag?post=22767"}],"curies":[{"name":"wp","href":"https:\/\/api.w.org\/{rel}","templated":true}]}}