{"id":22771,"date":"2023-05-09T18:45:39","date_gmt":"2023-05-09T16:45:39","guid":{"rendered":"https:\/\/librairie7l.com\/?post_type=product&#038;p=22771"},"modified":"2026-05-01T00:06:50","modified_gmt":"2026-04-30T22:06:50","slug":"paragons-afterimages-photographs-from-the-berlin-university-of-the-arts-1850","status":"publish","type":"product","link":"https:\/\/librairie7l.com\/en\/produit\/paragons-afterimages-photographs-from-the-berlin-university-of-the-arts-1850\/","title":{"rendered":"PARAGONS &AMP; AFTERIMAGES, PHOTOGRAPHS FROM THE BERLIN UNIVERSITY OF THE ARTS 1850-1930 ; VORBILDER NACHBILDER, DIE FOTOGRAFISCHE LEHRSAMMLUNG DER UNIVERSIT\u00c4T DER K\u00dcNSTE BERLIN 1850-1930"},"content":{"rendered":"<p>\u00ab Mod\u00e8les \/ reproductions \u00bb &#8211; deux termes qui renvoient aux rapports entre les images, mais aussi \u00e0 leur production sur la base d&#8217;images d\u00e9j\u00e0 existantes. Des photographies \u00e9taient notamment utilis\u00e9es comme \u00ab r\u00e9f\u00e9rences \u00bb ou \u00ab mod\u00e8les \u00bb dans les acad\u00e9mies d&#8217;art et \u00e9coles d&#8217;art appliqu\u00e9 du 19\u00e8me et du d\u00e9but du 20\u00e8me si\u00e8cle o\u00f9 elles constituaient \u00e0 elles seules un type didactique d&#8217;images. Les mod\u00e8les photographiques \u00e9taient un outil important pour les artistes en herbe et leur pratique cr\u00e9ative ; leur utilisation a donn\u00e9 naissance \u00e0 des \u00ab reproductions \u00bb dans les cours d&#8217;art :<br \/>\nPeintures, sculptures, dessins et graphismes. Les archives de l&#8217;Universit\u00e9 des arts de Berlin conservent une collection unique et pr\u00e9cieuse de photographies utilis\u00e9es \u00e0 des fins p\u00e9dagogiques qui remonte aux ann\u00e9es 1850 et a \u00e9t\u00e9 r\u00e9unie par les institutions pr\u00e9c\u00e9dentes, l&#8217;Acad\u00e9mie des arts de Berlin (Berliner Kunstakademie) et la grande \u00e9cole d&#8217;arts appliqu\u00e9s Kunstgewerbeschule. Avec pr\u00e8s de 25 000 photographies isol\u00e9es, auxquelles s&#8217;ajoutent des paquets et des albums, cette collection est unique en Allemagne.<br \/>\nLongtemps peu consid\u00e9r\u00e9e, elle a pu \u00eatre exploit\u00e9e scientifiquement et archiv\u00e9e depuis quelques ann\u00e9es. La collection est pr\u00e9 sent\u00e9e pour la premi\u00e8re fois dans ce livre et dans l&#8217;exposition pr\u00e9par\u00e9e par le Stadtmuseum de Munich. Les motifs les plus courants des images qui la composent comptent des reproductions d&#8217;oeuvres d&#8217;art, des paysages, des \u00e9tudes d&#8217;apr\u00e8s nature d&#8217;eau, de nuages, d&#8217;arbres, de plantes, de rochers, etc., des architectures, des natures mortes aux fruits, au verre, etc., des portraits, des sc\u00e8nes de genre, des images du vivant, nus et \u00e9tudes d&#8217;animaux, et des repr\u00e9sentations orientales et historiques. Les \u00e9tudes, connues en France sous le terme \u00ab \u00e9tudes d&#8217;apr\u00e8s nature \u00bb, viennent de photographes europ\u00e9ens et am\u00e9ricains c\u00e9l\u00e8bres, parmi lesquels : Fratelli Alinari, Ottomar Ansch\u00fctz, Karl Blossfeldt, Adolphe Braun, Eug\u00e8ne Cuvelier, Georg Maria Eckert, Constantin Famin, Wilhelm von Gloeden, Albert Renger Patzsch, Jakob August Lorent, Gustave le Gray, James Robertson, Henry Peach Robinson, Giorgio Sommer, Carleton Watkins.<\/p>\n<p>Catalogue d&#8217;exposition Cat. M\u00fcnchner Stadtmuseum. Collection photographique | Universit\u00e9 des arts de Berlin, \u00e9d. Ulrich Pohlmann, Dietmar Schenk et Anastasia Dittmann, 450 ill. coul., textes (all.\/ang.) de Ludger Derenthal, Monika Faber, Antje Kalcher, Mei-Hau Kunzi, Hubert Locher, Kristina Lowis, Paul Mellenthin, Sabina Mlodzianowski, Angela Nikolai, Helena Perez Gallardo, Dorothea Peters, Herbert Rott, Bernd Stiegler, Herta Wolf et des \u00e9diteurs<\/p>\n","protected":false},"excerpt":{"rendered":"<p>\u00ab Mod\u00e8les \/ reproductions \u00bb &#8211; deux termes qui renvoient aux rapports entre les images, mais aussi \u00e0 leur production sur la base d&#8217;images d\u00e9j\u00e0 existantes. Des photographies \u00e9taient notamment utilis\u00e9es comme \u00ab r\u00e9f\u00e9rences \u00bb ou \u00ab mod\u00e8les \u00bb dans les acad\u00e9mies d&#8217;art et \u00e9coles d&#8217;art appliqu\u00e9 du 19\u00e8me et du d\u00e9but du 20\u00e8me si\u00e8cle [&hellip;]<\/p>\n","protected":false},"featured_media":22769,"template":"","meta":[],"product_cat":[2948,2958],"product_tag":[],"acf":[],"yoast_head":"<!-- This site is optimized with the Yoast SEO plugin v20.11 - https:\/\/yoast.com\/wordpress\/plugins\/seo\/ -->\n<title>PARAGONS &amp; AFTERIMAGES, PHOTOGRAPHS FROM THE BERLIN UNIVERSITY OF THE ARTS 1850-1930 ; VORBILDER NACHBILDER, DIE FOTOGRAFISCHE LEHRSAMMLUNG DER UNIVERSIT\u00c4T DER K\u00dcNSTE BERLIN 1850-1930 - Librairie 7L<\/title>\n<meta name=\"robots\" content=\"index, follow, max-snippet:-1, max-image-preview:large, max-video-preview:-1\" \/>\n<link rel=\"canonical\" href=\"https:\/\/librairie7l.com\/en\/produit\/paragons-afterimages-photographs-from-the-berlin-university-of-the-arts-1850\/\" \/>\n<meta property=\"og:locale\" content=\"en_US\" \/>\n<meta property=\"og:type\" content=\"article\" \/>\n<meta property=\"og:title\" content=\"PARAGONS &amp; AFTERIMAGES, PHOTOGRAPHS FROM THE BERLIN UNIVERSITY OF THE ARTS 1850-1930 ; VORBILDER NACHBILDER, DIE FOTOGRAFISCHE LEHRSAMMLUNG DER UNIVERSIT\u00c4T DER K\u00dcNSTE BERLIN 1850-1930 - Librairie 7L\" \/>\n<meta property=\"og:description\" content=\"\u00ab Mod\u00e8les \/ reproductions \u00bb &#8211; deux termes qui renvoient aux rapports entre les images, mais aussi \u00e0 leur production sur la base d&#8217;images d\u00e9j\u00e0 existantes. Des photographies \u00e9taient notamment utilis\u00e9es comme \u00ab r\u00e9f\u00e9rences \u00bb ou \u00ab mod\u00e8les \u00bb dans les acad\u00e9mies d&#8217;art et \u00e9coles d&#8217;art appliqu\u00e9 du 19\u00e8me et du d\u00e9but du 20\u00e8me si\u00e8cle [&hellip;]\" \/>\n<meta property=\"og:url\" content=\"https:\/\/librairie7l.com\/en\/produit\/paragons-afterimages-photographs-from-the-berlin-university-of-the-arts-1850\/\" \/>\n<meta property=\"og:site_name\" content=\"Librairie 7L\" \/>\n<meta property=\"article:modified_time\" content=\"2026-04-30T22:06:50+00:00\" \/>\n<meta property=\"og:image\" content=\"https:\/\/librairie7l.com\/wp-content\/uploads\/2020\/03\/9783864423055_1_75.jpg\" \/>\n\t<meta property=\"og:image:width\" content=\"350\" \/>\n\t<meta property=\"og:image:height\" content=\"403\" \/>\n\t<meta property=\"og:image:type\" content=\"image\/jpeg\" \/>\n<meta name=\"twitter:card\" content=\"summary_large_image\" \/>\n<meta name=\"twitter:label1\" content=\"Est. reading time\" \/>\n\t<meta name=\"twitter:data1\" content=\"2 minutes\" \/>\n<script type=\"application\/ld+json\" class=\"yoast-schema-graph\">{\"@context\":\"https:\/\/schema.org\",\"@graph\":[{\"@type\":\"WebPage\",\"@id\":\"https:\/\/librairie7l.com\/en\/produit\/paragons-afterimages-photographs-from-the-berlin-university-of-the-arts-1850\/\",\"url\":\"https:\/\/librairie7l.com\/en\/produit\/paragons-afterimages-photographs-from-the-berlin-university-of-the-arts-1850\/\",\"name\":\"PARAGONS &amp; AFTERIMAGES, PHOTOGRAPHS FROM THE BERLIN UNIVERSITY OF THE ARTS 1850-1930 ; VORBILDER NACHBILDER, DIE FOTOGRAFISCHE LEHRSAMMLUNG DER UNIVERSIT\u00c4T DER K\u00dcNSTE BERLIN 1850-1930 - Librairie 7L\",\"isPartOf\":{\"@id\":\"https:\/\/librairie7l.com\/en\/#website\"},\"datePublished\":\"2023-05-09T16:45:39+00:00\",\"dateModified\":\"2026-04-30T22:06:50+00:00\",\"breadcrumb\":{\"@id\":\"https:\/\/librairie7l.com\/en\/produit\/paragons-afterimages-photographs-from-the-berlin-university-of-the-arts-1850\/#breadcrumb\"},\"inLanguage\":\"en-US\",\"potentialAction\":[{\"@type\":\"ReadAction\",\"target\":[\"https:\/\/librairie7l.com\/en\/produit\/paragons-afterimages-photographs-from-the-berlin-university-of-the-arts-1850\/\"]}]},{\"@type\":\"BreadcrumbList\",\"@id\":\"https:\/\/librairie7l.com\/en\/produit\/paragons-afterimages-photographs-from-the-berlin-university-of-the-arts-1850\/#breadcrumb\",\"itemListElement\":[{\"@type\":\"ListItem\",\"position\":1,\"name\":\"Accueil\",\"item\":\"https:\/\/librairie7l.com\/en\/\"},{\"@type\":\"ListItem\",\"position\":2,\"name\":\"Shop\",\"item\":\"https:\/\/librairie7l.com\/en\/shop\/\"},{\"@type\":\"ListItem\",\"position\":3,\"name\":\"PARAGONS &AMP; AFTERIMAGES, PHOTOGRAPHS FROM THE BERLIN UNIVERSITY OF THE ARTS 1850-1930 ; VORBILDER NACHBILDER, DIE FOTOGRAFISCHE LEHRSAMMLUNG DER UNIVERSIT\u00c4T DER K\u00dcNSTE BERLIN 1850-1930\"}]},{\"@type\":\"WebSite\",\"@id\":\"https:\/\/librairie7l.com\/en\/#website\",\"url\":\"https:\/\/librairie7l.com\/en\/\",\"name\":\"Librairie 7L\",\"description\":\"Librairie fond\u00e9e en 1999 par Karl Lagerfeld \u00e0 Paris\",\"publisher\":{\"@id\":\"https:\/\/librairie7l.com\/en\/#organization\"},\"potentialAction\":[{\"@type\":\"SearchAction\",\"target\":{\"@type\":\"EntryPoint\",\"urlTemplate\":\"https:\/\/librairie7l.com\/en\/?s={search_term_string}\"},\"query-input\":\"required name=search_term_string\"}],\"inLanguage\":\"en-US\"},{\"@type\":\"Organization\",\"@id\":\"https:\/\/librairie7l.com\/en\/#organization\",\"name\":\"Librairie 7L\",\"url\":\"https:\/\/librairie7l.com\/en\/\",\"logo\":{\"@type\":\"ImageObject\",\"inLanguage\":\"en-US\",\"@id\":\"https:\/\/librairie7l.com\/en\/#\/schema\/logo\/image\/\",\"url\":\"https:\/\/librairie7l.com\/wp-content\/uploads\/2022\/08\/logo-1.png\",\"contentUrl\":\"https:\/\/librairie7l.com\/wp-content\/uploads\/2022\/08\/logo-1.png\",\"width\":227,\"height\":301,\"caption\":\"Librairie 7L\"},\"image\":{\"@id\":\"https:\/\/librairie7l.com\/en\/#\/schema\/logo\/image\/\"}}]}<\/script>\n<!-- \/ Yoast SEO plugin. -->","yoast_head_json":{"title":"PARAGONS &amp; AFTERIMAGES, PHOTOGRAPHS FROM THE BERLIN UNIVERSITY OF THE ARTS 1850-1930 ; VORBILDER NACHBILDER, DIE FOTOGRAFISCHE LEHRSAMMLUNG DER UNIVERSIT\u00c4T DER K\u00dcNSTE BERLIN 1850-1930 - Librairie 7L","robots":{"index":"index","follow":"follow","max-snippet":"max-snippet:-1","max-image-preview":"max-image-preview:large","max-video-preview":"max-video-preview:-1"},"canonical":"https:\/\/librairie7l.com\/en\/produit\/paragons-afterimages-photographs-from-the-berlin-university-of-the-arts-1850\/","og_locale":"en_US","og_type":"article","og_title":"PARAGONS &amp; AFTERIMAGES, PHOTOGRAPHS FROM THE BERLIN UNIVERSITY OF THE ARTS 1850-1930 ; VORBILDER NACHBILDER, DIE FOTOGRAFISCHE LEHRSAMMLUNG DER UNIVERSIT\u00c4T DER K\u00dcNSTE BERLIN 1850-1930 - Librairie 7L","og_description":"\u00ab Mod\u00e8les \/ reproductions \u00bb &#8211; deux termes qui renvoient aux rapports entre les images, mais aussi \u00e0 leur production sur la base d&#8217;images d\u00e9j\u00e0 existantes. Des photographies \u00e9taient notamment utilis\u00e9es comme \u00ab r\u00e9f\u00e9rences \u00bb ou \u00ab mod\u00e8les \u00bb dans les acad\u00e9mies d&#8217;art et \u00e9coles d&#8217;art appliqu\u00e9 du 19\u00e8me et du d\u00e9but du 20\u00e8me si\u00e8cle [&hellip;]","og_url":"https:\/\/librairie7l.com\/en\/produit\/paragons-afterimages-photographs-from-the-berlin-university-of-the-arts-1850\/","og_site_name":"Librairie 7L","article_modified_time":"2026-04-30T22:06:50+00:00","og_image":[{"width":350,"height":403,"url":"https:\/\/librairie7l.com\/wp-content\/uploads\/2020\/03\/9783864423055_1_75.jpg","type":"image\/jpeg"}],"twitter_card":"summary_large_image","twitter_misc":{"Est. reading time":"2 minutes"},"schema":{"@context":"https:\/\/schema.org","@graph":[{"@type":"WebPage","@id":"https:\/\/librairie7l.com\/en\/produit\/paragons-afterimages-photographs-from-the-berlin-university-of-the-arts-1850\/","url":"https:\/\/librairie7l.com\/en\/produit\/paragons-afterimages-photographs-from-the-berlin-university-of-the-arts-1850\/","name":"PARAGONS &amp; AFTERIMAGES, PHOTOGRAPHS FROM THE BERLIN UNIVERSITY OF THE ARTS 1850-1930 ; VORBILDER NACHBILDER, DIE FOTOGRAFISCHE LEHRSAMMLUNG DER UNIVERSIT\u00c4T DER K\u00dcNSTE BERLIN 1850-1930 - Librairie 7L","isPartOf":{"@id":"https:\/\/librairie7l.com\/en\/#website"},"datePublished":"2023-05-09T16:45:39+00:00","dateModified":"2026-04-30T22:06:50+00:00","breadcrumb":{"@id":"https:\/\/librairie7l.com\/en\/produit\/paragons-afterimages-photographs-from-the-berlin-university-of-the-arts-1850\/#breadcrumb"},"inLanguage":"en-US","potentialAction":[{"@type":"ReadAction","target":["https:\/\/librairie7l.com\/en\/produit\/paragons-afterimages-photographs-from-the-berlin-university-of-the-arts-1850\/"]}]},{"@type":"BreadcrumbList","@id":"https:\/\/librairie7l.com\/en\/produit\/paragons-afterimages-photographs-from-the-berlin-university-of-the-arts-1850\/#breadcrumb","itemListElement":[{"@type":"ListItem","position":1,"name":"Accueil","item":"https:\/\/librairie7l.com\/en\/"},{"@type":"ListItem","position":2,"name":"Shop","item":"https:\/\/librairie7l.com\/en\/shop\/"},{"@type":"ListItem","position":3,"name":"PARAGONS &AMP; AFTERIMAGES, PHOTOGRAPHS FROM THE BERLIN UNIVERSITY OF THE ARTS 1850-1930 ; VORBILDER NACHBILDER, DIE FOTOGRAFISCHE LEHRSAMMLUNG DER UNIVERSIT\u00c4T DER K\u00dcNSTE BERLIN 1850-1930"}]},{"@type":"WebSite","@id":"https:\/\/librairie7l.com\/en\/#website","url":"https:\/\/librairie7l.com\/en\/","name":"Librairie 7L","description":"Librairie fond\u00e9e en 1999 par Karl Lagerfeld \u00e0 Paris","publisher":{"@id":"https:\/\/librairie7l.com\/en\/#organization"},"potentialAction":[{"@type":"SearchAction","target":{"@type":"EntryPoint","urlTemplate":"https:\/\/librairie7l.com\/en\/?s={search_term_string}"},"query-input":"required name=search_term_string"}],"inLanguage":"en-US"},{"@type":"Organization","@id":"https:\/\/librairie7l.com\/en\/#organization","name":"Librairie 7L","url":"https:\/\/librairie7l.com\/en\/","logo":{"@type":"ImageObject","inLanguage":"en-US","@id":"https:\/\/librairie7l.com\/en\/#\/schema\/logo\/image\/","url":"https:\/\/librairie7l.com\/wp-content\/uploads\/2022\/08\/logo-1.png","contentUrl":"https:\/\/librairie7l.com\/wp-content\/uploads\/2022\/08\/logo-1.png","width":227,"height":301,"caption":"Librairie 7L"},"image":{"@id":"https:\/\/librairie7l.com\/en\/#\/schema\/logo\/image\/"}}]}},"_links":{"self":[{"href":"https:\/\/librairie7l.com\/en\/wp-json\/wp\/v2\/product\/22771"}],"collection":[{"href":"https:\/\/librairie7l.com\/en\/wp-json\/wp\/v2\/product"}],"about":[{"href":"https:\/\/librairie7l.com\/en\/wp-json\/wp\/v2\/types\/product"}],"wp:featuredmedia":[{"embeddable":true,"href":"https:\/\/librairie7l.com\/en\/wp-json\/wp\/v2\/media\/22769"}],"wp:attachment":[{"href":"https:\/\/librairie7l.com\/en\/wp-json\/wp\/v2\/media?parent=22771"}],"wp:term":[{"taxonomy":"product_cat","embeddable":true,"href":"https:\/\/librairie7l.com\/en\/wp-json\/wp\/v2\/product_cat?post=22771"},{"taxonomy":"product_tag","embeddable":true,"href":"https:\/\/librairie7l.com\/en\/wp-json\/wp\/v2\/product_tag?post=22771"}],"curies":[{"name":"wp","href":"https:\/\/api.w.org\/{rel}","templated":true}]}}