{"id":22823,"date":"2023-05-09T18:46:22","date_gmt":"2023-05-09T16:46:22","guid":{"rendered":"https:\/\/librairie7l.com\/?post_type=product&#038;p=22823"},"modified":"2026-05-04T06:17:35","modified_gmt":"2026-05-04T04:17:35","slug":"latelier-pasquero-une-aventure-photographique-lilloise","status":"publish","type":"product","link":"https:\/\/librairie7l.com\/en\/produit\/latelier-pasquero-une-aventure-photographique-lilloise\/","title":{"rendered":"L&#8217;ATELIER PASQUERO : UNE AVENTURE PHOTOGRAPHIQUE LILLOISE"},"content":{"rendered":"<p>Source documentaire de premi\u00e8re importance sur l&#8217;histoire \u00e9conomique, industrielle, sociale ou architecturale de Lille et de sa m\u00e9tropole, le fonds Pasquero acquis par le Mus\u00e9e de l&#8217;Hospice Comtesse de Lille en 1972 constitue aussi un t\u00e9moignage unique sur les mutations d&#8217;une profession \u00e9voluant au rythme des progr\u00e8s technologiques. A travers une pr\u00e9sentation globale de l&#8217;activit\u00e9 de l&#8217;atelier de Jean et Ren\u00e9 Pasquero (p\u00e8re et fils) entre 1890 et 1969, cet ouvrage et l&#8217;exposition \u00e0 laquelle il est d\u00e9di\u00e9 restituent les figures de deux honn\u00eates artisans anim\u00e9s d&#8217;abord par une passion pour la &#8220;? ressemblance ? &#8221; et pour ce que la photographie doit reproduire du r\u00e9el.<br \/>\nDans ces images, au premier abord, c&#8217;est la v\u00e9rit\u00e9 du travail, de la figure humaine, de la ville industrieuse et commer\u00e7ante ou de ses produits manufactur\u00e9s qui arr\u00eate le spectateur. Pourtant, de ces habiles mais classiques images se d\u00e9gage assez souvent une sensibilit\u00e9 qui leur conf\u00e8re une forte dimension plastique ou po\u00e9tique, gage qu&#8217;ayant d\u00e9pass\u00e9 la seule ma\u00eetrise du m\u00e9tier, l&#8217;artisan tutoie alors l&#8217;artiste.<\/p>\n","protected":false},"excerpt":{"rendered":"<p>Source documentaire de premi\u00e8re importance sur l&#8217;histoire \u00e9conomique, industrielle, sociale ou architecturale de Lille et de sa m\u00e9tropole, le fonds Pasquero acquis par le Mus\u00e9e de l&#8217;Hospice Comtesse de Lille en 1972 constitue aussi un t\u00e9moignage unique sur les mutations d&#8217;une profession \u00e9voluant au rythme des progr\u00e8s technologiques. A travers une pr\u00e9sentation globale de l&#8217;activit\u00e9 [&hellip;]<\/p>\n","protected":false},"featured_media":22821,"template":"","meta":[],"product_cat":[2948,2958],"product_tag":[],"acf":[],"yoast_head":"<!-- This site is optimized with the Yoast SEO plugin v20.11 - https:\/\/yoast.com\/wordpress\/plugins\/seo\/ -->\n<title>L&#039;ATELIER PASQUERO : UNE AVENTURE PHOTOGRAPHIQUE LILLOISE - Librairie 7L<\/title>\n<meta name=\"robots\" content=\"index, follow, max-snippet:-1, max-image-preview:large, max-video-preview:-1\" \/>\n<link rel=\"canonical\" href=\"https:\/\/librairie7l.com\/en\/produit\/latelier-pasquero-une-aventure-photographique-lilloise\/\" \/>\n<meta property=\"og:locale\" content=\"en_US\" \/>\n<meta property=\"og:type\" content=\"article\" \/>\n<meta property=\"og:title\" content=\"L&#039;ATELIER PASQUERO : UNE AVENTURE PHOTOGRAPHIQUE LILLOISE - Librairie 7L\" \/>\n<meta property=\"og:description\" content=\"Source documentaire de premi\u00e8re importance sur l&#8217;histoire \u00e9conomique, industrielle, sociale ou architecturale de Lille et de sa m\u00e9tropole, le fonds Pasquero acquis par le Mus\u00e9e de l&#8217;Hospice Comtesse de Lille en 1972 constitue aussi un t\u00e9moignage unique sur les mutations d&#8217;une profession \u00e9voluant au rythme des progr\u00e8s technologiques. A travers une pr\u00e9sentation globale de l&#8217;activit\u00e9 [&hellip;]\" \/>\n<meta property=\"og:url\" content=\"https:\/\/librairie7l.com\/en\/produit\/latelier-pasquero-une-aventure-photographique-lilloise\/\" \/>\n<meta property=\"og:site_name\" content=\"Librairie 7L\" \/>\n<meta property=\"article:modified_time\" content=\"2026-05-04T04:17:35+00:00\" \/>\n<meta property=\"og:image\" content=\"https:\/\/librairie7l.com\/wp-content\/uploads\/2021\/04\/9782376800576_1_75.jpg\" \/>\n\t<meta property=\"og:image:width\" content=\"375\" \/>\n\t<meta property=\"og:image:height\" content=\"500\" \/>\n\t<meta property=\"og:image:type\" content=\"image\/jpeg\" \/>\n<meta name=\"twitter:card\" content=\"summary_large_image\" \/>\n<meta name=\"twitter:label1\" content=\"Est. reading time\" \/>\n\t<meta name=\"twitter:data1\" content=\"1 minute\" \/>\n<script type=\"application\/ld+json\" class=\"yoast-schema-graph\">{\"@context\":\"https:\/\/schema.org\",\"@graph\":[{\"@type\":\"WebPage\",\"@id\":\"https:\/\/librairie7l.com\/en\/produit\/latelier-pasquero-une-aventure-photographique-lilloise\/\",\"url\":\"https:\/\/librairie7l.com\/en\/produit\/latelier-pasquero-une-aventure-photographique-lilloise\/\",\"name\":\"L'ATELIER PASQUERO : UNE AVENTURE PHOTOGRAPHIQUE LILLOISE - Librairie 7L\",\"isPartOf\":{\"@id\":\"https:\/\/librairie7l.com\/en\/#website\"},\"datePublished\":\"2023-05-09T16:46:22+00:00\",\"dateModified\":\"2026-05-04T04:17:35+00:00\",\"breadcrumb\":{\"@id\":\"https:\/\/librairie7l.com\/en\/produit\/latelier-pasquero-une-aventure-photographique-lilloise\/#breadcrumb\"},\"inLanguage\":\"en-US\",\"potentialAction\":[{\"@type\":\"ReadAction\",\"target\":[\"https:\/\/librairie7l.com\/en\/produit\/latelier-pasquero-une-aventure-photographique-lilloise\/\"]}]},{\"@type\":\"BreadcrumbList\",\"@id\":\"https:\/\/librairie7l.com\/en\/produit\/latelier-pasquero-une-aventure-photographique-lilloise\/#breadcrumb\",\"itemListElement\":[{\"@type\":\"ListItem\",\"position\":1,\"name\":\"Accueil\",\"item\":\"https:\/\/librairie7l.com\/en\/\"},{\"@type\":\"ListItem\",\"position\":2,\"name\":\"Shop\",\"item\":\"https:\/\/librairie7l.com\/en\/shop\/\"},{\"@type\":\"ListItem\",\"position\":3,\"name\":\"L&#8217;ATELIER PASQUERO : UNE AVENTURE PHOTOGRAPHIQUE LILLOISE\"}]},{\"@type\":\"WebSite\",\"@id\":\"https:\/\/librairie7l.com\/en\/#website\",\"url\":\"https:\/\/librairie7l.com\/en\/\",\"name\":\"Librairie 7L\",\"description\":\"Librairie fond\u00e9e en 1999 par Karl Lagerfeld \u00e0 Paris\",\"publisher\":{\"@id\":\"https:\/\/librairie7l.com\/en\/#organization\"},\"potentialAction\":[{\"@type\":\"SearchAction\",\"target\":{\"@type\":\"EntryPoint\",\"urlTemplate\":\"https:\/\/librairie7l.com\/en\/?s={search_term_string}\"},\"query-input\":\"required name=search_term_string\"}],\"inLanguage\":\"en-US\"},{\"@type\":\"Organization\",\"@id\":\"https:\/\/librairie7l.com\/en\/#organization\",\"name\":\"Librairie 7L\",\"url\":\"https:\/\/librairie7l.com\/en\/\",\"logo\":{\"@type\":\"ImageObject\",\"inLanguage\":\"en-US\",\"@id\":\"https:\/\/librairie7l.com\/en\/#\/schema\/logo\/image\/\",\"url\":\"https:\/\/librairie7l.com\/wp-content\/uploads\/2022\/08\/logo-1.png\",\"contentUrl\":\"https:\/\/librairie7l.com\/wp-content\/uploads\/2022\/08\/logo-1.png\",\"width\":227,\"height\":301,\"caption\":\"Librairie 7L\"},\"image\":{\"@id\":\"https:\/\/librairie7l.com\/en\/#\/schema\/logo\/image\/\"}}]}<\/script>\n<!-- \/ Yoast SEO plugin. -->","yoast_head_json":{"title":"L'ATELIER PASQUERO : UNE AVENTURE PHOTOGRAPHIQUE LILLOISE - Librairie 7L","robots":{"index":"index","follow":"follow","max-snippet":"max-snippet:-1","max-image-preview":"max-image-preview:large","max-video-preview":"max-video-preview:-1"},"canonical":"https:\/\/librairie7l.com\/en\/produit\/latelier-pasquero-une-aventure-photographique-lilloise\/","og_locale":"en_US","og_type":"article","og_title":"L'ATELIER PASQUERO : UNE AVENTURE PHOTOGRAPHIQUE LILLOISE - Librairie 7L","og_description":"Source documentaire de premi\u00e8re importance sur l&#8217;histoire \u00e9conomique, industrielle, sociale ou architecturale de Lille et de sa m\u00e9tropole, le fonds Pasquero acquis par le Mus\u00e9e de l&#8217;Hospice Comtesse de Lille en 1972 constitue aussi un t\u00e9moignage unique sur les mutations d&#8217;une profession \u00e9voluant au rythme des progr\u00e8s technologiques. A travers une pr\u00e9sentation globale de l&#8217;activit\u00e9 [&hellip;]","og_url":"https:\/\/librairie7l.com\/en\/produit\/latelier-pasquero-une-aventure-photographique-lilloise\/","og_site_name":"Librairie 7L","article_modified_time":"2026-05-04T04:17:35+00:00","og_image":[{"width":375,"height":500,"url":"https:\/\/librairie7l.com\/wp-content\/uploads\/2021\/04\/9782376800576_1_75.jpg","type":"image\/jpeg"}],"twitter_card":"summary_large_image","twitter_misc":{"Est. reading time":"1 minute"},"schema":{"@context":"https:\/\/schema.org","@graph":[{"@type":"WebPage","@id":"https:\/\/librairie7l.com\/en\/produit\/latelier-pasquero-une-aventure-photographique-lilloise\/","url":"https:\/\/librairie7l.com\/en\/produit\/latelier-pasquero-une-aventure-photographique-lilloise\/","name":"L'ATELIER PASQUERO : UNE AVENTURE PHOTOGRAPHIQUE LILLOISE - Librairie 7L","isPartOf":{"@id":"https:\/\/librairie7l.com\/en\/#website"},"datePublished":"2023-05-09T16:46:22+00:00","dateModified":"2026-05-04T04:17:35+00:00","breadcrumb":{"@id":"https:\/\/librairie7l.com\/en\/produit\/latelier-pasquero-une-aventure-photographique-lilloise\/#breadcrumb"},"inLanguage":"en-US","potentialAction":[{"@type":"ReadAction","target":["https:\/\/librairie7l.com\/en\/produit\/latelier-pasquero-une-aventure-photographique-lilloise\/"]}]},{"@type":"BreadcrumbList","@id":"https:\/\/librairie7l.com\/en\/produit\/latelier-pasquero-une-aventure-photographique-lilloise\/#breadcrumb","itemListElement":[{"@type":"ListItem","position":1,"name":"Accueil","item":"https:\/\/librairie7l.com\/en\/"},{"@type":"ListItem","position":2,"name":"Shop","item":"https:\/\/librairie7l.com\/en\/shop\/"},{"@type":"ListItem","position":3,"name":"L&#8217;ATELIER PASQUERO : UNE AVENTURE PHOTOGRAPHIQUE LILLOISE"}]},{"@type":"WebSite","@id":"https:\/\/librairie7l.com\/en\/#website","url":"https:\/\/librairie7l.com\/en\/","name":"Librairie 7L","description":"Librairie fond\u00e9e en 1999 par Karl Lagerfeld \u00e0 Paris","publisher":{"@id":"https:\/\/librairie7l.com\/en\/#organization"},"potentialAction":[{"@type":"SearchAction","target":{"@type":"EntryPoint","urlTemplate":"https:\/\/librairie7l.com\/en\/?s={search_term_string}"},"query-input":"required name=search_term_string"}],"inLanguage":"en-US"},{"@type":"Organization","@id":"https:\/\/librairie7l.com\/en\/#organization","name":"Librairie 7L","url":"https:\/\/librairie7l.com\/en\/","logo":{"@type":"ImageObject","inLanguage":"en-US","@id":"https:\/\/librairie7l.com\/en\/#\/schema\/logo\/image\/","url":"https:\/\/librairie7l.com\/wp-content\/uploads\/2022\/08\/logo-1.png","contentUrl":"https:\/\/librairie7l.com\/wp-content\/uploads\/2022\/08\/logo-1.png","width":227,"height":301,"caption":"Librairie 7L"},"image":{"@id":"https:\/\/librairie7l.com\/en\/#\/schema\/logo\/image\/"}}]}},"_links":{"self":[{"href":"https:\/\/librairie7l.com\/en\/wp-json\/wp\/v2\/product\/22823"}],"collection":[{"href":"https:\/\/librairie7l.com\/en\/wp-json\/wp\/v2\/product"}],"about":[{"href":"https:\/\/librairie7l.com\/en\/wp-json\/wp\/v2\/types\/product"}],"wp:featuredmedia":[{"embeddable":true,"href":"https:\/\/librairie7l.com\/en\/wp-json\/wp\/v2\/media\/22821"}],"wp:attachment":[{"href":"https:\/\/librairie7l.com\/en\/wp-json\/wp\/v2\/media?parent=22823"}],"wp:term":[{"taxonomy":"product_cat","embeddable":true,"href":"https:\/\/librairie7l.com\/en\/wp-json\/wp\/v2\/product_cat?post=22823"},{"taxonomy":"product_tag","embeddable":true,"href":"https:\/\/librairie7l.com\/en\/wp-json\/wp\/v2\/product_tag?post=22823"}],"curies":[{"name":"wp","href":"https:\/\/api.w.org\/{rel}","templated":true}]}}