{"id":22919,"date":"2023-05-09T18:47:43","date_gmt":"2023-05-09T16:47:43","guid":{"rendered":"https:\/\/librairie7l.com\/?post_type=product&#038;p=22919"},"modified":"2026-04-09T22:53:32","modified_gmt":"2026-04-09T20:53:32","slug":"liu-ye-the-book-paintings","status":"publish","type":"product","link":"https:\/\/librairie7l.com\/en\/produit\/liu-ye-the-book-paintings\/","title":{"rendered":"LIU YE THE BOOK PAINTINGS"},"content":{"rendered":"<p>L&#8217;artiste bas\u00e9 \u00e0 P\u00e9kin Liu Ye est connu pour ses peintures figuratives inspir\u00e9es tant par la culture contemporaine que par la peinture de ma\u00eetres anciens. Dans cette publication consacr\u00e9e \u00e0 ses peintures de livres, l&#8217;artiste examine le livre \u00e0 la fois comme objet physique et comme totem culturel. Jouant avec la g\u00e9om\u00e9trie et la perspective, Liu cr\u00e9e des portraits extraordinaires et d\u00e9routants de ce sujet si familier. Publi\u00e9 \u00e0 l&#8217;occasion d&#8217;une exposition personnelle pr\u00e9sent\u00e9e \u00e0 David Zwirner, New York, en 2020, ce catalogue comprend de nouveaux \u00e9crits du c\u00e9l\u00e8bre po\u00e8te Zhu Zhu, qui retrace l&#8217;\u00e9volution de la forme du livre dans l&#8217;oeuvre de Liu Ye, ainsi qu&#8217;un entretien avec l&#8217;artiste par Hans Ulrich Obrist.<\/p>\n","protected":false},"excerpt":{"rendered":"<p>L&#8217;artiste bas\u00e9 \u00e0 P\u00e9kin Liu Ye est connu pour ses peintures figuratives inspir\u00e9es tant par la culture contemporaine que par la peinture de ma\u00eetres anciens. Dans cette publication consacr\u00e9e \u00e0 ses peintures de livres, l&#8217;artiste examine le livre \u00e0 la fois comme objet physique et comme totem culturel. Jouant avec la g\u00e9om\u00e9trie et la perspective, [&hellip;]<\/p>\n","protected":false},"featured_media":22917,"template":"","meta":[],"product_cat":[2948,2953],"product_tag":[],"acf":[],"yoast_head":"<!-- This site is optimized with the Yoast SEO plugin v20.11 - https:\/\/yoast.com\/wordpress\/plugins\/seo\/ -->\n<title>LIU YE THE BOOK PAINTINGS - Librairie 7L<\/title>\n<meta name=\"robots\" content=\"index, follow, max-snippet:-1, max-image-preview:large, max-video-preview:-1\" \/>\n<link rel=\"canonical\" href=\"https:\/\/librairie7l.com\/en\/produit\/liu-ye-the-book-paintings\/\" \/>\n<meta property=\"og:locale\" content=\"en_US\" \/>\n<meta property=\"og:type\" content=\"article\" \/>\n<meta property=\"og:title\" content=\"LIU YE THE BOOK PAINTINGS - Librairie 7L\" \/>\n<meta property=\"og:description\" content=\"L&#8217;artiste bas\u00e9 \u00e0 P\u00e9kin Liu Ye est connu pour ses peintures figuratives inspir\u00e9es tant par la culture contemporaine que par la peinture de ma\u00eetres anciens. Dans cette publication consacr\u00e9e \u00e0 ses peintures de livres, l&#8217;artiste examine le livre \u00e0 la fois comme objet physique et comme totem culturel. Jouant avec la g\u00e9om\u00e9trie et la perspective, [&hellip;]\" \/>\n<meta property=\"og:url\" content=\"https:\/\/librairie7l.com\/en\/produit\/liu-ye-the-book-paintings\/\" \/>\n<meta property=\"og:site_name\" content=\"Librairie 7L\" \/>\n<meta property=\"article:modified_time\" content=\"2026-04-09T20:53:32+00:00\" \/>\n<meta property=\"og:image\" content=\"https:\/\/librairie7l.com\/wp-content\/uploads\/2021\/08\/9781644230367_1_75.jpg\" \/>\n\t<meta property=\"og:image:width\" content=\"377\" \/>\n\t<meta property=\"og:image:height\" content=\"500\" \/>\n\t<meta property=\"og:image:type\" content=\"image\/jpeg\" \/>\n<meta name=\"twitter:card\" content=\"summary_large_image\" \/>\n<meta name=\"twitter:label1\" content=\"Est. reading time\" \/>\n\t<meta name=\"twitter:data1\" content=\"1 minute\" \/>\n<script type=\"application\/ld+json\" class=\"yoast-schema-graph\">{\"@context\":\"https:\/\/schema.org\",\"@graph\":[{\"@type\":\"WebPage\",\"@id\":\"https:\/\/librairie7l.com\/en\/produit\/liu-ye-the-book-paintings\/\",\"url\":\"https:\/\/librairie7l.com\/en\/produit\/liu-ye-the-book-paintings\/\",\"name\":\"LIU YE THE BOOK PAINTINGS - Librairie 7L\",\"isPartOf\":{\"@id\":\"https:\/\/librairie7l.com\/en\/#website\"},\"datePublished\":\"2023-05-09T16:47:43+00:00\",\"dateModified\":\"2026-04-09T20:53:32+00:00\",\"breadcrumb\":{\"@id\":\"https:\/\/librairie7l.com\/en\/produit\/liu-ye-the-book-paintings\/#breadcrumb\"},\"inLanguage\":\"en-US\",\"potentialAction\":[{\"@type\":\"ReadAction\",\"target\":[\"https:\/\/librairie7l.com\/en\/produit\/liu-ye-the-book-paintings\/\"]}]},{\"@type\":\"BreadcrumbList\",\"@id\":\"https:\/\/librairie7l.com\/en\/produit\/liu-ye-the-book-paintings\/#breadcrumb\",\"itemListElement\":[{\"@type\":\"ListItem\",\"position\":1,\"name\":\"Accueil\",\"item\":\"https:\/\/librairie7l.com\/en\/\"},{\"@type\":\"ListItem\",\"position\":2,\"name\":\"Shop\",\"item\":\"https:\/\/librairie7l.com\/en\/shop\/\"},{\"@type\":\"ListItem\",\"position\":3,\"name\":\"LIU YE THE BOOK PAINTINGS\"}]},{\"@type\":\"WebSite\",\"@id\":\"https:\/\/librairie7l.com\/en\/#website\",\"url\":\"https:\/\/librairie7l.com\/en\/\",\"name\":\"Librairie 7L\",\"description\":\"Librairie fond\u00e9e en 1999 par Karl Lagerfeld \u00e0 Paris\",\"publisher\":{\"@id\":\"https:\/\/librairie7l.com\/en\/#organization\"},\"potentialAction\":[{\"@type\":\"SearchAction\",\"target\":{\"@type\":\"EntryPoint\",\"urlTemplate\":\"https:\/\/librairie7l.com\/en\/?s={search_term_string}\"},\"query-input\":\"required name=search_term_string\"}],\"inLanguage\":\"en-US\"},{\"@type\":\"Organization\",\"@id\":\"https:\/\/librairie7l.com\/en\/#organization\",\"name\":\"Librairie 7L\",\"url\":\"https:\/\/librairie7l.com\/en\/\",\"logo\":{\"@type\":\"ImageObject\",\"inLanguage\":\"en-US\",\"@id\":\"https:\/\/librairie7l.com\/en\/#\/schema\/logo\/image\/\",\"url\":\"https:\/\/librairie7l.com\/wp-content\/uploads\/2022\/08\/logo-1.png\",\"contentUrl\":\"https:\/\/librairie7l.com\/wp-content\/uploads\/2022\/08\/logo-1.png\",\"width\":227,\"height\":301,\"caption\":\"Librairie 7L\"},\"image\":{\"@id\":\"https:\/\/librairie7l.com\/en\/#\/schema\/logo\/image\/\"}}]}<\/script>\n<!-- \/ Yoast SEO plugin. -->","yoast_head_json":{"title":"LIU YE THE BOOK PAINTINGS - Librairie 7L","robots":{"index":"index","follow":"follow","max-snippet":"max-snippet:-1","max-image-preview":"max-image-preview:large","max-video-preview":"max-video-preview:-1"},"canonical":"https:\/\/librairie7l.com\/en\/produit\/liu-ye-the-book-paintings\/","og_locale":"en_US","og_type":"article","og_title":"LIU YE THE BOOK PAINTINGS - Librairie 7L","og_description":"L&#8217;artiste bas\u00e9 \u00e0 P\u00e9kin Liu Ye est connu pour ses peintures figuratives inspir\u00e9es tant par la culture contemporaine que par la peinture de ma\u00eetres anciens. Dans cette publication consacr\u00e9e \u00e0 ses peintures de livres, l&#8217;artiste examine le livre \u00e0 la fois comme objet physique et comme totem culturel. Jouant avec la g\u00e9om\u00e9trie et la perspective, [&hellip;]","og_url":"https:\/\/librairie7l.com\/en\/produit\/liu-ye-the-book-paintings\/","og_site_name":"Librairie 7L","article_modified_time":"2026-04-09T20:53:32+00:00","og_image":[{"width":377,"height":500,"url":"https:\/\/librairie7l.com\/wp-content\/uploads\/2021\/08\/9781644230367_1_75.jpg","type":"image\/jpeg"}],"twitter_card":"summary_large_image","twitter_misc":{"Est. reading time":"1 minute"},"schema":{"@context":"https:\/\/schema.org","@graph":[{"@type":"WebPage","@id":"https:\/\/librairie7l.com\/en\/produit\/liu-ye-the-book-paintings\/","url":"https:\/\/librairie7l.com\/en\/produit\/liu-ye-the-book-paintings\/","name":"LIU YE THE BOOK PAINTINGS - Librairie 7L","isPartOf":{"@id":"https:\/\/librairie7l.com\/en\/#website"},"datePublished":"2023-05-09T16:47:43+00:00","dateModified":"2026-04-09T20:53:32+00:00","breadcrumb":{"@id":"https:\/\/librairie7l.com\/en\/produit\/liu-ye-the-book-paintings\/#breadcrumb"},"inLanguage":"en-US","potentialAction":[{"@type":"ReadAction","target":["https:\/\/librairie7l.com\/en\/produit\/liu-ye-the-book-paintings\/"]}]},{"@type":"BreadcrumbList","@id":"https:\/\/librairie7l.com\/en\/produit\/liu-ye-the-book-paintings\/#breadcrumb","itemListElement":[{"@type":"ListItem","position":1,"name":"Accueil","item":"https:\/\/librairie7l.com\/en\/"},{"@type":"ListItem","position":2,"name":"Shop","item":"https:\/\/librairie7l.com\/en\/shop\/"},{"@type":"ListItem","position":3,"name":"LIU YE THE BOOK PAINTINGS"}]},{"@type":"WebSite","@id":"https:\/\/librairie7l.com\/en\/#website","url":"https:\/\/librairie7l.com\/en\/","name":"Librairie 7L","description":"Librairie fond\u00e9e en 1999 par Karl Lagerfeld \u00e0 Paris","publisher":{"@id":"https:\/\/librairie7l.com\/en\/#organization"},"potentialAction":[{"@type":"SearchAction","target":{"@type":"EntryPoint","urlTemplate":"https:\/\/librairie7l.com\/en\/?s={search_term_string}"},"query-input":"required name=search_term_string"}],"inLanguage":"en-US"},{"@type":"Organization","@id":"https:\/\/librairie7l.com\/en\/#organization","name":"Librairie 7L","url":"https:\/\/librairie7l.com\/en\/","logo":{"@type":"ImageObject","inLanguage":"en-US","@id":"https:\/\/librairie7l.com\/en\/#\/schema\/logo\/image\/","url":"https:\/\/librairie7l.com\/wp-content\/uploads\/2022\/08\/logo-1.png","contentUrl":"https:\/\/librairie7l.com\/wp-content\/uploads\/2022\/08\/logo-1.png","width":227,"height":301,"caption":"Librairie 7L"},"image":{"@id":"https:\/\/librairie7l.com\/en\/#\/schema\/logo\/image\/"}}]}},"_links":{"self":[{"href":"https:\/\/librairie7l.com\/en\/wp-json\/wp\/v2\/product\/22919"}],"collection":[{"href":"https:\/\/librairie7l.com\/en\/wp-json\/wp\/v2\/product"}],"about":[{"href":"https:\/\/librairie7l.com\/en\/wp-json\/wp\/v2\/types\/product"}],"wp:featuredmedia":[{"embeddable":true,"href":"https:\/\/librairie7l.com\/en\/wp-json\/wp\/v2\/media\/22917"}],"wp:attachment":[{"href":"https:\/\/librairie7l.com\/en\/wp-json\/wp\/v2\/media?parent=22919"}],"wp:term":[{"taxonomy":"product_cat","embeddable":true,"href":"https:\/\/librairie7l.com\/en\/wp-json\/wp\/v2\/product_cat?post=22919"},{"taxonomy":"product_tag","embeddable":true,"href":"https:\/\/librairie7l.com\/en\/wp-json\/wp\/v2\/product_tag?post=22919"}],"curies":[{"name":"wp","href":"https:\/\/api.w.org\/{rel}","templated":true}]}}