{"id":22955,"date":"2023-05-09T18:48:13","date_gmt":"2023-05-09T16:48:13","guid":{"rendered":"https:\/\/librairie7l.com\/?post_type=product&#038;p=22955"},"modified":"2026-04-07T21:22:01","modified_gmt":"2026-04-07T19:22:01","slug":"e-1027-renaissance-dune-maison-en-bord-de-mer-anglais","status":"publish","type":"product","link":"https:\/\/librairie7l.com\/en\/produit\/e-1027-renaissance-dune-maison-en-bord-de-mer-anglais\/","title":{"rendered":"E 1027 : RENAISSANCE D&#8217;UNE MAISON EN BORD DE MER (ANGLAIS)"},"content":{"rendered":"<p>\u00c0 l&#8217;occasion de la r\u00e9ouverture au public de la maison, enti\u00e8rement restaur\u00e9e au plus pr\u00e8s de son \u00e9tat de 1929, ce livre relate son histoire replac\u00e9e dans le contexte de l&#8217;architecture moderne. Jean-Louis Cohen a assembl\u00e9 les contributions d&#8217;une \u00e9quipe d&#8217;auteurs tous sp\u00e9cialistes de l&#8217;architecture moderne, d&#8217;Eileen Gray ou de Le Corbusier. Il donne \u00e9galement la parole \u00e0 des t\u00e9moins et des voisins, proches d&#8217;Eileen Gray et Jean Badovici. Celles et ceux-l\u00e0 m\u00eames qui ont oeuvr\u00e9 \u00e0 la renaissance de la villa livrent les secrets d&#8217;une restauration exemplaire. Un reportage r\u00e9cent de Manuel Bougot permet de visiter le site dans ses moindres d\u00e9tails, et d&#8217;y d\u00e9couvrir chaque objet.<br \/>\nToute cette \u00e9quipe fait entrer le lecteur au coeur d&#8217;aventure exceptionnelle.<\/p>\n<p>La villa E 1027.<\/p>\n<p>Maison moderne par excellence, la villa E 1027, situ\u00e9e \u00e0 Roquebrune-Cap-Martin, fut construite entre 1926 et 1929 par l&#8217;artiste et architecte d&#8217;int\u00e9rieur Eileen Gray, pour et en collaboration avec son ami l&#8217;architecte Jean Badovici. Tout y fut con\u00e7u dans les moindres d\u00e9tails, du b\u00e2timent aux meubles et aux \u00e9clairages, jusqu&#8217;au dessin du jardin dominant la M\u00e9diterran\u00e9e.<\/p>\n<p>Apr\u00e8s la mort de Badovici en 1956, la maison connut des propri\u00e9taires qui firent des transformations souvent malencontreuses. Les meubles furent vendus ou ont disparu. Squatt\u00e9, le site fut abandonn\u00e9. En 1999, le Conservatoire du Littoral l&#8217;acquit ainsi que son terrain et, en 2000, E 1027 acc\u00e8da au rang de monument historique.<\/p>\n<p>E 1027 est indissociable du restaurant-buvette \u00ab L&#8217;\u00c9toile de mer\u00bb, du Cabanon et des Unit\u00e9s de camping de Le Corbusier, implant\u00e9s \u00e0 quelques encablures. Ainsi, afin de sauvegarder l&#8217;ensemble du site, Robert Rebutato, fils du cr\u00e9ateur de L&#8217;\u00c9toile de mer, et son \u00e9pouse Magda ont cr\u00e9\u00e9 en 2000 une association de sauvegarde, qui continue de s&#8217;occuper de l&#8217;animation culturelle de l&#8217;ensemble du site.<\/p>\n<p>L&#8217;association Cap Moderne, anim\u00e9e par Michael Likierman, et aid\u00e9e par un comit\u00e9 scientifique dirig\u00e9 par Jean-Louis Cohen, a pris en charge de 2014 \u00e0 2021 la restauration d\u00e9finitive de E1027 &#8211; le sujet de l&#8217;ouvrage &#8211; et la gestion et la valorisation de l&#8217;ensemble du site, d\u00e9sormais baptis\u00e9 Cap Moderne. Il est d\u00e9sormais g\u00e9r\u00e9 par le CMN.<\/p>\n","protected":false},"excerpt":{"rendered":"<p>\u00c0 l&#8217;occasion de la r\u00e9ouverture au public de la maison, enti\u00e8rement restaur\u00e9e au plus pr\u00e8s de son \u00e9tat de 1929, ce livre relate son histoire replac\u00e9e dans le contexte de l&#8217;architecture moderne. Jean-Louis Cohen a assembl\u00e9 les contributions d&#8217;une \u00e9quipe d&#8217;auteurs tous sp\u00e9cialistes de l&#8217;architecture moderne, d&#8217;Eileen Gray ou de Le Corbusier. Il donne \u00e9galement [&hellip;]<\/p>\n","protected":false},"featured_media":22953,"template":"","meta":[],"product_cat":[2948,2950],"product_tag":[],"acf":[],"yoast_head":"<!-- This site is optimized with the Yoast SEO plugin v20.11 - https:\/\/yoast.com\/wordpress\/plugins\/seo\/ -->\n<title>E 1027 : RENAISSANCE D&#039;UNE MAISON EN BORD DE MER (ANGLAIS) - Librairie 7L<\/title>\n<meta name=\"robots\" content=\"index, follow, max-snippet:-1, max-image-preview:large, max-video-preview:-1\" \/>\n<link rel=\"canonical\" href=\"https:\/\/librairie7l.com\/en\/produit\/e-1027-renaissance-dune-maison-en-bord-de-mer-anglais\/\" \/>\n<meta property=\"og:locale\" content=\"en_US\" \/>\n<meta property=\"og:type\" content=\"article\" \/>\n<meta property=\"og:title\" content=\"E 1027 : RENAISSANCE D&#039;UNE MAISON EN BORD DE MER (ANGLAIS) - Librairie 7L\" \/>\n<meta property=\"og:description\" content=\"\u00c0 l&#8217;occasion de la r\u00e9ouverture au public de la maison, enti\u00e8rement restaur\u00e9e au plus pr\u00e8s de son \u00e9tat de 1929, ce livre relate son histoire replac\u00e9e dans le contexte de l&#8217;architecture moderne. Jean-Louis Cohen a assembl\u00e9 les contributions d&#8217;une \u00e9quipe d&#8217;auteurs tous sp\u00e9cialistes de l&#8217;architecture moderne, d&#8217;Eileen Gray ou de Le Corbusier. Il donne \u00e9galement [&hellip;]\" \/>\n<meta property=\"og:url\" content=\"https:\/\/librairie7l.com\/en\/produit\/e-1027-renaissance-dune-maison-en-bord-de-mer-anglais\/\" \/>\n<meta property=\"og:site_name\" content=\"Librairie 7L\" \/>\n<meta property=\"article:modified_time\" content=\"2026-04-07T19:22:01+00:00\" \/>\n<meta property=\"og:image\" content=\"https:\/\/librairie7l.com\/wp-content\/uploads\/2022\/03\/9782757707968_1_75.jpg\" \/>\n\t<meta property=\"og:image:width\" content=\"400\" \/>\n\t<meta property=\"og:image:height\" content=\"491\" \/>\n\t<meta property=\"og:image:type\" content=\"image\/jpeg\" \/>\n<meta name=\"twitter:card\" content=\"summary_large_image\" \/>\n<meta name=\"twitter:label1\" content=\"Est. reading time\" \/>\n\t<meta name=\"twitter:data1\" content=\"2 minutes\" \/>\n<script type=\"application\/ld+json\" class=\"yoast-schema-graph\">{\"@context\":\"https:\/\/schema.org\",\"@graph\":[{\"@type\":\"WebPage\",\"@id\":\"https:\/\/librairie7l.com\/en\/produit\/e-1027-renaissance-dune-maison-en-bord-de-mer-anglais\/\",\"url\":\"https:\/\/librairie7l.com\/en\/produit\/e-1027-renaissance-dune-maison-en-bord-de-mer-anglais\/\",\"name\":\"E 1027 : RENAISSANCE D'UNE MAISON EN BORD DE MER (ANGLAIS) - Librairie 7L\",\"isPartOf\":{\"@id\":\"https:\/\/librairie7l.com\/en\/#website\"},\"datePublished\":\"2023-05-09T16:48:13+00:00\",\"dateModified\":\"2026-04-07T19:22:01+00:00\",\"breadcrumb\":{\"@id\":\"https:\/\/librairie7l.com\/en\/produit\/e-1027-renaissance-dune-maison-en-bord-de-mer-anglais\/#breadcrumb\"},\"inLanguage\":\"en-US\",\"potentialAction\":[{\"@type\":\"ReadAction\",\"target\":[\"https:\/\/librairie7l.com\/en\/produit\/e-1027-renaissance-dune-maison-en-bord-de-mer-anglais\/\"]}]},{\"@type\":\"BreadcrumbList\",\"@id\":\"https:\/\/librairie7l.com\/en\/produit\/e-1027-renaissance-dune-maison-en-bord-de-mer-anglais\/#breadcrumb\",\"itemListElement\":[{\"@type\":\"ListItem\",\"position\":1,\"name\":\"Accueil\",\"item\":\"https:\/\/librairie7l.com\/en\/\"},{\"@type\":\"ListItem\",\"position\":2,\"name\":\"Shop\",\"item\":\"https:\/\/librairie7l.com\/en\/shop\/\"},{\"@type\":\"ListItem\",\"position\":3,\"name\":\"E 1027 : RENAISSANCE D&#8217;UNE MAISON EN BORD DE MER (ANGLAIS)\"}]},{\"@type\":\"WebSite\",\"@id\":\"https:\/\/librairie7l.com\/en\/#website\",\"url\":\"https:\/\/librairie7l.com\/en\/\",\"name\":\"Librairie 7L\",\"description\":\"Librairie fond\u00e9e en 1999 par Karl Lagerfeld \u00e0 Paris\",\"publisher\":{\"@id\":\"https:\/\/librairie7l.com\/en\/#organization\"},\"potentialAction\":[{\"@type\":\"SearchAction\",\"target\":{\"@type\":\"EntryPoint\",\"urlTemplate\":\"https:\/\/librairie7l.com\/en\/?s={search_term_string}\"},\"query-input\":\"required name=search_term_string\"}],\"inLanguage\":\"en-US\"},{\"@type\":\"Organization\",\"@id\":\"https:\/\/librairie7l.com\/en\/#organization\",\"name\":\"Librairie 7L\",\"url\":\"https:\/\/librairie7l.com\/en\/\",\"logo\":{\"@type\":\"ImageObject\",\"inLanguage\":\"en-US\",\"@id\":\"https:\/\/librairie7l.com\/en\/#\/schema\/logo\/image\/\",\"url\":\"https:\/\/librairie7l.com\/wp-content\/uploads\/2022\/08\/logo-1.png\",\"contentUrl\":\"https:\/\/librairie7l.com\/wp-content\/uploads\/2022\/08\/logo-1.png\",\"width\":227,\"height\":301,\"caption\":\"Librairie 7L\"},\"image\":{\"@id\":\"https:\/\/librairie7l.com\/en\/#\/schema\/logo\/image\/\"}}]}<\/script>\n<!-- \/ Yoast SEO plugin. -->","yoast_head_json":{"title":"E 1027 : RENAISSANCE D'UNE MAISON EN BORD DE MER (ANGLAIS) - Librairie 7L","robots":{"index":"index","follow":"follow","max-snippet":"max-snippet:-1","max-image-preview":"max-image-preview:large","max-video-preview":"max-video-preview:-1"},"canonical":"https:\/\/librairie7l.com\/en\/produit\/e-1027-renaissance-dune-maison-en-bord-de-mer-anglais\/","og_locale":"en_US","og_type":"article","og_title":"E 1027 : RENAISSANCE D'UNE MAISON EN BORD DE MER (ANGLAIS) - Librairie 7L","og_description":"\u00c0 l&#8217;occasion de la r\u00e9ouverture au public de la maison, enti\u00e8rement restaur\u00e9e au plus pr\u00e8s de son \u00e9tat de 1929, ce livre relate son histoire replac\u00e9e dans le contexte de l&#8217;architecture moderne. Jean-Louis Cohen a assembl\u00e9 les contributions d&#8217;une \u00e9quipe d&#8217;auteurs tous sp\u00e9cialistes de l&#8217;architecture moderne, d&#8217;Eileen Gray ou de Le Corbusier. Il donne \u00e9galement [&hellip;]","og_url":"https:\/\/librairie7l.com\/en\/produit\/e-1027-renaissance-dune-maison-en-bord-de-mer-anglais\/","og_site_name":"Librairie 7L","article_modified_time":"2026-04-07T19:22:01+00:00","og_image":[{"width":400,"height":491,"url":"https:\/\/librairie7l.com\/wp-content\/uploads\/2022\/03\/9782757707968_1_75.jpg","type":"image\/jpeg"}],"twitter_card":"summary_large_image","twitter_misc":{"Est. reading time":"2 minutes"},"schema":{"@context":"https:\/\/schema.org","@graph":[{"@type":"WebPage","@id":"https:\/\/librairie7l.com\/en\/produit\/e-1027-renaissance-dune-maison-en-bord-de-mer-anglais\/","url":"https:\/\/librairie7l.com\/en\/produit\/e-1027-renaissance-dune-maison-en-bord-de-mer-anglais\/","name":"E 1027 : RENAISSANCE D'UNE MAISON EN BORD DE MER (ANGLAIS) - Librairie 7L","isPartOf":{"@id":"https:\/\/librairie7l.com\/en\/#website"},"datePublished":"2023-05-09T16:48:13+00:00","dateModified":"2026-04-07T19:22:01+00:00","breadcrumb":{"@id":"https:\/\/librairie7l.com\/en\/produit\/e-1027-renaissance-dune-maison-en-bord-de-mer-anglais\/#breadcrumb"},"inLanguage":"en-US","potentialAction":[{"@type":"ReadAction","target":["https:\/\/librairie7l.com\/en\/produit\/e-1027-renaissance-dune-maison-en-bord-de-mer-anglais\/"]}]},{"@type":"BreadcrumbList","@id":"https:\/\/librairie7l.com\/en\/produit\/e-1027-renaissance-dune-maison-en-bord-de-mer-anglais\/#breadcrumb","itemListElement":[{"@type":"ListItem","position":1,"name":"Accueil","item":"https:\/\/librairie7l.com\/en\/"},{"@type":"ListItem","position":2,"name":"Shop","item":"https:\/\/librairie7l.com\/en\/shop\/"},{"@type":"ListItem","position":3,"name":"E 1027 : RENAISSANCE D&#8217;UNE MAISON EN BORD DE MER (ANGLAIS)"}]},{"@type":"WebSite","@id":"https:\/\/librairie7l.com\/en\/#website","url":"https:\/\/librairie7l.com\/en\/","name":"Librairie 7L","description":"Librairie fond\u00e9e en 1999 par Karl Lagerfeld \u00e0 Paris","publisher":{"@id":"https:\/\/librairie7l.com\/en\/#organization"},"potentialAction":[{"@type":"SearchAction","target":{"@type":"EntryPoint","urlTemplate":"https:\/\/librairie7l.com\/en\/?s={search_term_string}"},"query-input":"required name=search_term_string"}],"inLanguage":"en-US"},{"@type":"Organization","@id":"https:\/\/librairie7l.com\/en\/#organization","name":"Librairie 7L","url":"https:\/\/librairie7l.com\/en\/","logo":{"@type":"ImageObject","inLanguage":"en-US","@id":"https:\/\/librairie7l.com\/en\/#\/schema\/logo\/image\/","url":"https:\/\/librairie7l.com\/wp-content\/uploads\/2022\/08\/logo-1.png","contentUrl":"https:\/\/librairie7l.com\/wp-content\/uploads\/2022\/08\/logo-1.png","width":227,"height":301,"caption":"Librairie 7L"},"image":{"@id":"https:\/\/librairie7l.com\/en\/#\/schema\/logo\/image\/"}}]}},"_links":{"self":[{"href":"https:\/\/librairie7l.com\/en\/wp-json\/wp\/v2\/product\/22955"}],"collection":[{"href":"https:\/\/librairie7l.com\/en\/wp-json\/wp\/v2\/product"}],"about":[{"href":"https:\/\/librairie7l.com\/en\/wp-json\/wp\/v2\/types\/product"}],"wp:featuredmedia":[{"embeddable":true,"href":"https:\/\/librairie7l.com\/en\/wp-json\/wp\/v2\/media\/22953"}],"wp:attachment":[{"href":"https:\/\/librairie7l.com\/en\/wp-json\/wp\/v2\/media?parent=22955"}],"wp:term":[{"taxonomy":"product_cat","embeddable":true,"href":"https:\/\/librairie7l.com\/en\/wp-json\/wp\/v2\/product_cat?post=22955"},{"taxonomy":"product_tag","embeddable":true,"href":"https:\/\/librairie7l.com\/en\/wp-json\/wp\/v2\/product_tag?post=22955"}],"curies":[{"name":"wp","href":"https:\/\/api.w.org\/{rel}","templated":true}]}}