{"id":23015,"date":"2023-05-09T18:49:06","date_gmt":"2023-05-09T16:49:06","guid":{"rendered":"https:\/\/librairie7l.com\/?post_type=product&#038;p=23015"},"modified":"2026-04-07T19:39:01","modified_gmt":"2026-04-07T17:39:01","slug":"a-life-with-art-and-artists-ein-leben-mit-kunst-und-kunstlerinnen","status":"publish","type":"product","link":"https:\/\/librairie7l.com\/en\/produit\/a-life-with-art-and-artists-ein-leben-mit-kunst-und-kunstlerinnen\/","title":{"rendered":"A LIFE WITH ART AND ARTISTS \/ EIN LEBEN MIT KUNST UND KUNSTLER:INNEN"},"content":{"rendered":"<p>Un portrait du couple d&#8217;architectes designers suisses qui d\u00e9voile leur univers intime et leur rapport \u00e0 l&#8217;art.<br \/>\nTrix et Robert Haussmann, travaillant et vivant ensemble depuis les ann\u00e9es 1960, sont c\u00e9l\u00e8bres en Suisse et \u00e0 l&#8217;international pour leurs r\u00e9alisations exub\u00e9rantes dans les domaines du design et de l&#8217;architecture d&#8217;int\u00e9rieur. Les Haussmann ont entretenu des liens \u00e9troits avec l&#8217;avant-garde de leur temps, ont suivi les diff\u00e9rentes tendances et courants artistiques et ont particip\u00e9 activement aux sc\u00e8nes locales de Zurich ou de Berne.<br \/>\nEn documentant leurs nombreux \u00e9changes et conversations avec des artistes et personnalit\u00e9s du monde de l&#8217;art, ce livre t\u00e9moigne de leur int\u00e9r\u00eat de longue date pour les arts visuels et de leur implication active, enthousiaste et ludique dans la sc\u00e8ne artistique suisse. Une conversation avec l&#8217;auteur et commissaire suisse Dieter Schwarz r\u00e9v\u00e8le l\u00e8ve le voile sur les rapports qu&#8217;entretient le couple avec l&#8217;art, qu&#8217;ils ont collectionn\u00e9 de mani\u00e8re intuitive et sans r\u00e9elle strat\u00e9gie tout au long de leur vie. Les nombreux documents photographiques de leurs propres int\u00e9rieurs, qui couvrent presque cinq d\u00e9cennies et plusieurs maisons, sont exemplaires \u00e0 la fois de la mani\u00e8re particuli\u00e8re dont Trix et Robert Haussmann accueillent les oeuvres d&#8217;art dans leur vie quotidienne, \u00e0 c\u00f4t\u00e9 de leurs meubles &#8211; y compris les leurs &#8211; et de leurs divers objets d&#8217;art, ainsi que de leur utilisation tr\u00e8s personnelle et ludique des miroirs.<\/p>\n","protected":false},"excerpt":{"rendered":"<p>Un portrait du couple d&#8217;architectes designers suisses qui d\u00e9voile leur univers intime et leur rapport \u00e0 l&#8217;art. Trix et Robert Haussmann, travaillant et vivant ensemble depuis les ann\u00e9es 1960, sont c\u00e9l\u00e8bres en Suisse et \u00e0 l&#8217;international pour leurs r\u00e9alisations exub\u00e9rantes dans les domaines du design et de l&#8217;architecture d&#8217;int\u00e9rieur. Les Haussmann ont entretenu des liens [&hellip;]<\/p>\n","protected":false},"featured_media":23013,"template":"","meta":[],"product_cat":[2948,2951],"product_tag":[],"acf":[],"yoast_head":"<!-- This site is optimized with the Yoast SEO plugin v20.11 - https:\/\/yoast.com\/wordpress\/plugins\/seo\/ -->\n<title>A LIFE WITH ART AND ARTISTS \/ EIN LEBEN MIT KUNST UND KUNSTLER:INNEN - Librairie 7L<\/title>\n<meta name=\"robots\" content=\"index, follow, max-snippet:-1, max-image-preview:large, max-video-preview:-1\" \/>\n<link rel=\"canonical\" href=\"https:\/\/librairie7l.com\/en\/produit\/a-life-with-art-and-artists-ein-leben-mit-kunst-und-kunstlerinnen\/\" \/>\n<meta property=\"og:locale\" content=\"en_US\" \/>\n<meta property=\"og:type\" content=\"article\" \/>\n<meta property=\"og:title\" content=\"A LIFE WITH ART AND ARTISTS \/ EIN LEBEN MIT KUNST UND KUNSTLER:INNEN - Librairie 7L\" \/>\n<meta property=\"og:description\" content=\"Un portrait du couple d&#8217;architectes designers suisses qui d\u00e9voile leur univers intime et leur rapport \u00e0 l&#8217;art. Trix et Robert Haussmann, travaillant et vivant ensemble depuis les ann\u00e9es 1960, sont c\u00e9l\u00e8bres en Suisse et \u00e0 l&#8217;international pour leurs r\u00e9alisations exub\u00e9rantes dans les domaines du design et de l&#8217;architecture d&#8217;int\u00e9rieur. Les Haussmann ont entretenu des liens [&hellip;]\" \/>\n<meta property=\"og:url\" content=\"https:\/\/librairie7l.com\/en\/produit\/a-life-with-art-and-artists-ein-leben-mit-kunst-und-kunstlerinnen\/\" \/>\n<meta property=\"og:site_name\" content=\"Librairie 7L\" \/>\n<meta property=\"article:modified_time\" content=\"2026-04-07T17:39:01+00:00\" \/>\n<meta property=\"og:image\" content=\"https:\/\/librairie7l.com\/wp-content\/uploads\/2022\/01\/9783907236383_1_75.jpg\" \/>\n\t<meta property=\"og:image:width\" content=\"600\" \/>\n\t<meta property=\"og:image:height\" content=\"792\" \/>\n\t<meta property=\"og:image:type\" content=\"image\/jpeg\" \/>\n<meta name=\"twitter:card\" content=\"summary_large_image\" \/>\n<meta name=\"twitter:label1\" content=\"Est. reading time\" \/>\n\t<meta name=\"twitter:data1\" content=\"1 minute\" \/>\n<script type=\"application\/ld+json\" class=\"yoast-schema-graph\">{\"@context\":\"https:\/\/schema.org\",\"@graph\":[{\"@type\":\"WebPage\",\"@id\":\"https:\/\/librairie7l.com\/en\/produit\/a-life-with-art-and-artists-ein-leben-mit-kunst-und-kunstlerinnen\/\",\"url\":\"https:\/\/librairie7l.com\/en\/produit\/a-life-with-art-and-artists-ein-leben-mit-kunst-und-kunstlerinnen\/\",\"name\":\"A LIFE WITH ART AND ARTISTS \/ EIN LEBEN MIT KUNST UND KUNSTLER:INNEN - Librairie 7L\",\"isPartOf\":{\"@id\":\"https:\/\/librairie7l.com\/en\/#website\"},\"datePublished\":\"2023-05-09T16:49:06+00:00\",\"dateModified\":\"2026-04-07T17:39:01+00:00\",\"breadcrumb\":{\"@id\":\"https:\/\/librairie7l.com\/en\/produit\/a-life-with-art-and-artists-ein-leben-mit-kunst-und-kunstlerinnen\/#breadcrumb\"},\"inLanguage\":\"en-US\",\"potentialAction\":[{\"@type\":\"ReadAction\",\"target\":[\"https:\/\/librairie7l.com\/en\/produit\/a-life-with-art-and-artists-ein-leben-mit-kunst-und-kunstlerinnen\/\"]}]},{\"@type\":\"BreadcrumbList\",\"@id\":\"https:\/\/librairie7l.com\/en\/produit\/a-life-with-art-and-artists-ein-leben-mit-kunst-und-kunstlerinnen\/#breadcrumb\",\"itemListElement\":[{\"@type\":\"ListItem\",\"position\":1,\"name\":\"Accueil\",\"item\":\"https:\/\/librairie7l.com\/en\/\"},{\"@type\":\"ListItem\",\"position\":2,\"name\":\"Shop\",\"item\":\"https:\/\/librairie7l.com\/en\/shop\/\"},{\"@type\":\"ListItem\",\"position\":3,\"name\":\"A LIFE WITH ART AND ARTISTS \/ EIN LEBEN MIT KUNST UND KUNSTLER:INNEN\"}]},{\"@type\":\"WebSite\",\"@id\":\"https:\/\/librairie7l.com\/en\/#website\",\"url\":\"https:\/\/librairie7l.com\/en\/\",\"name\":\"Librairie 7L\",\"description\":\"Librairie fond\u00e9e en 1999 par Karl Lagerfeld \u00e0 Paris\",\"publisher\":{\"@id\":\"https:\/\/librairie7l.com\/en\/#organization\"},\"potentialAction\":[{\"@type\":\"SearchAction\",\"target\":{\"@type\":\"EntryPoint\",\"urlTemplate\":\"https:\/\/librairie7l.com\/en\/?s={search_term_string}\"},\"query-input\":\"required name=search_term_string\"}],\"inLanguage\":\"en-US\"},{\"@type\":\"Organization\",\"@id\":\"https:\/\/librairie7l.com\/en\/#organization\",\"name\":\"Librairie 7L\",\"url\":\"https:\/\/librairie7l.com\/en\/\",\"logo\":{\"@type\":\"ImageObject\",\"inLanguage\":\"en-US\",\"@id\":\"https:\/\/librairie7l.com\/en\/#\/schema\/logo\/image\/\",\"url\":\"https:\/\/librairie7l.com\/wp-content\/uploads\/2022\/08\/logo-1.png\",\"contentUrl\":\"https:\/\/librairie7l.com\/wp-content\/uploads\/2022\/08\/logo-1.png\",\"width\":227,\"height\":301,\"caption\":\"Librairie 7L\"},\"image\":{\"@id\":\"https:\/\/librairie7l.com\/en\/#\/schema\/logo\/image\/\"}}]}<\/script>\n<!-- \/ Yoast SEO plugin. -->","yoast_head_json":{"title":"A LIFE WITH ART AND ARTISTS \/ EIN LEBEN MIT KUNST UND KUNSTLER:INNEN - Librairie 7L","robots":{"index":"index","follow":"follow","max-snippet":"max-snippet:-1","max-image-preview":"max-image-preview:large","max-video-preview":"max-video-preview:-1"},"canonical":"https:\/\/librairie7l.com\/en\/produit\/a-life-with-art-and-artists-ein-leben-mit-kunst-und-kunstlerinnen\/","og_locale":"en_US","og_type":"article","og_title":"A LIFE WITH ART AND ARTISTS \/ EIN LEBEN MIT KUNST UND KUNSTLER:INNEN - Librairie 7L","og_description":"Un portrait du couple d&#8217;architectes designers suisses qui d\u00e9voile leur univers intime et leur rapport \u00e0 l&#8217;art. Trix et Robert Haussmann, travaillant et vivant ensemble depuis les ann\u00e9es 1960, sont c\u00e9l\u00e8bres en Suisse et \u00e0 l&#8217;international pour leurs r\u00e9alisations exub\u00e9rantes dans les domaines du design et de l&#8217;architecture d&#8217;int\u00e9rieur. Les Haussmann ont entretenu des liens [&hellip;]","og_url":"https:\/\/librairie7l.com\/en\/produit\/a-life-with-art-and-artists-ein-leben-mit-kunst-und-kunstlerinnen\/","og_site_name":"Librairie 7L","article_modified_time":"2026-04-07T17:39:01+00:00","og_image":[{"width":600,"height":792,"url":"https:\/\/librairie7l.com\/wp-content\/uploads\/2022\/01\/9783907236383_1_75.jpg","type":"image\/jpeg"}],"twitter_card":"summary_large_image","twitter_misc":{"Est. reading time":"1 minute"},"schema":{"@context":"https:\/\/schema.org","@graph":[{"@type":"WebPage","@id":"https:\/\/librairie7l.com\/en\/produit\/a-life-with-art-and-artists-ein-leben-mit-kunst-und-kunstlerinnen\/","url":"https:\/\/librairie7l.com\/en\/produit\/a-life-with-art-and-artists-ein-leben-mit-kunst-und-kunstlerinnen\/","name":"A LIFE WITH ART AND ARTISTS \/ EIN LEBEN MIT KUNST UND KUNSTLER:INNEN - Librairie 7L","isPartOf":{"@id":"https:\/\/librairie7l.com\/en\/#website"},"datePublished":"2023-05-09T16:49:06+00:00","dateModified":"2026-04-07T17:39:01+00:00","breadcrumb":{"@id":"https:\/\/librairie7l.com\/en\/produit\/a-life-with-art-and-artists-ein-leben-mit-kunst-und-kunstlerinnen\/#breadcrumb"},"inLanguage":"en-US","potentialAction":[{"@type":"ReadAction","target":["https:\/\/librairie7l.com\/en\/produit\/a-life-with-art-and-artists-ein-leben-mit-kunst-und-kunstlerinnen\/"]}]},{"@type":"BreadcrumbList","@id":"https:\/\/librairie7l.com\/en\/produit\/a-life-with-art-and-artists-ein-leben-mit-kunst-und-kunstlerinnen\/#breadcrumb","itemListElement":[{"@type":"ListItem","position":1,"name":"Accueil","item":"https:\/\/librairie7l.com\/en\/"},{"@type":"ListItem","position":2,"name":"Shop","item":"https:\/\/librairie7l.com\/en\/shop\/"},{"@type":"ListItem","position":3,"name":"A LIFE WITH ART AND ARTISTS \/ EIN LEBEN MIT KUNST UND KUNSTLER:INNEN"}]},{"@type":"WebSite","@id":"https:\/\/librairie7l.com\/en\/#website","url":"https:\/\/librairie7l.com\/en\/","name":"Librairie 7L","description":"Librairie fond\u00e9e en 1999 par Karl Lagerfeld \u00e0 Paris","publisher":{"@id":"https:\/\/librairie7l.com\/en\/#organization"},"potentialAction":[{"@type":"SearchAction","target":{"@type":"EntryPoint","urlTemplate":"https:\/\/librairie7l.com\/en\/?s={search_term_string}"},"query-input":"required name=search_term_string"}],"inLanguage":"en-US"},{"@type":"Organization","@id":"https:\/\/librairie7l.com\/en\/#organization","name":"Librairie 7L","url":"https:\/\/librairie7l.com\/en\/","logo":{"@type":"ImageObject","inLanguage":"en-US","@id":"https:\/\/librairie7l.com\/en\/#\/schema\/logo\/image\/","url":"https:\/\/librairie7l.com\/wp-content\/uploads\/2022\/08\/logo-1.png","contentUrl":"https:\/\/librairie7l.com\/wp-content\/uploads\/2022\/08\/logo-1.png","width":227,"height":301,"caption":"Librairie 7L"},"image":{"@id":"https:\/\/librairie7l.com\/en\/#\/schema\/logo\/image\/"}}]}},"_links":{"self":[{"href":"https:\/\/librairie7l.com\/en\/wp-json\/wp\/v2\/product\/23015"}],"collection":[{"href":"https:\/\/librairie7l.com\/en\/wp-json\/wp\/v2\/product"}],"about":[{"href":"https:\/\/librairie7l.com\/en\/wp-json\/wp\/v2\/types\/product"}],"wp:featuredmedia":[{"embeddable":true,"href":"https:\/\/librairie7l.com\/en\/wp-json\/wp\/v2\/media\/23013"}],"wp:attachment":[{"href":"https:\/\/librairie7l.com\/en\/wp-json\/wp\/v2\/media?parent=23015"}],"wp:term":[{"taxonomy":"product_cat","embeddable":true,"href":"https:\/\/librairie7l.com\/en\/wp-json\/wp\/v2\/product_cat?post=23015"},{"taxonomy":"product_tag","embeddable":true,"href":"https:\/\/librairie7l.com\/en\/wp-json\/wp\/v2\/product_tag?post=23015"}],"curies":[{"name":"wp","href":"https:\/\/api.w.org\/{rel}","templated":true}]}}