{"id":23031,"date":"2023-05-09T18:49:19","date_gmt":"2023-05-09T16:49:19","guid":{"rendered":"https:\/\/librairie7l.com\/?post_type=product&#038;p=23031"},"modified":"2026-04-18T02:37:12","modified_gmt":"2026-04-18T00:37:12","slug":"beyrouth-les-temps-du-design","status":"publish","type":"product","link":"https:\/\/librairie7l.com\/en\/produit\/beyrouth-les-temps-du-design\/","title":{"rendered":"BEYROUTH : LES TEMPS DU DESIGN"},"content":{"rendered":"<p>La premi\u00e8re r\u00e9trospective sur le design au Liban, des ann\u00e9es 1920 \u00e0 nos jours, rassemblant les oeuvres de plus de 50 designers, r\u00e9v\u00e9lant cette sc\u00e8ne majeure du design au Moyen-Orient.<br \/>\nC&#8217;est dans une situation pleine de paradoxes qu&#8217;une sc\u00e8ne du design se d\u00e9veloppe au Liban d\u00e8s 2000, et se voit rapidement salu\u00e9e par les critiques, les foires et l&#8217;ensemble des acteurs de la branche. Cette effervescence du design au Liban fait office d&#8217;exception dans la r\u00e9gion et doit se comprendre par les relations culturelles entretenues depuis longtemps avec l&#8217;Europe, la France notamment, mais aussi avec les \u00c9mirats et leurs cultures ancestrales des savoir-faire, qui contribuent \u00e0 l&#8217;originalit\u00e9 des propositions des designers du pays. Consciente de ce positionnement unique, entre h\u00e9ritage occidental et identit\u00e9 orientale, un pied sur la M\u00e9diterran\u00e9e, l&#8217;autre pos\u00e9 en Asie, Beyrouth construit son design et transforme son multiculturalisme en une force cr\u00e9atrice. Le pr\u00e9sent ouvrage analyse cette situation sp\u00e9cifique qui associe simultan\u00e9ment reconstruction \u00e9conomique et architecturale, conscience sociale et d\u00e9veloppement international. Il t\u00e9moigne \u00e9galement de la mani\u00e8re dont le design cristallise \u00e0 lui seul cette volonte\u00b4 de s&#8217;emparer de son destin et de son image en proposant des objets et des formes conscients des multiples h\u00e9ritages, mais aussi profond\u00e9ment ancr\u00e9s dans une r\u00e9alit\u00e9 complexe.<br \/>\nJusqu&#8217;\u00e0 l&#8217;\u00e9laboration de ce projet d&#8217;exposition et de publication, aucune \u00e9tude n&#8217;avait \u00e9t\u00e9 conduite sur l&#8217;histoire du design au Liban, soit de l&#8217;ind\u00e9pendance du pays en 1943 \u00e0 nos jours. Cet ouvrage a l&#8217;ambition de combler cette lacune en pr\u00e9sentant un \u00e9tat de la question b\u00e2ti sur une documentation riche, tout en assumant certaines parties lacunaires dues \u00e0 la disparition de pans entiers d&#8217;archives durant et apr\u00e8s la guerre civile. Cette recherche s&#8217;appuie \u00e9galement sur une \u00e9tude du contexte sociopolitique et culturel qui a contribu\u00e9 \u00e0 faire aujourd&#8217;hui de Beyrouth une ville cr\u00e9ative, et ce, malgr\u00e9 un contexte fr\u00e9quemment troubl\u00e9.<br \/>\nPubli\u00e9 \u00e0 l&#8217;occasion des expositions \u00e9ponymes au Centre d&#8217;innovation et de design (CID), Hornu et au Mus\u00e9e de design et d&#8217;arts appliqu\u00e9s contemporains (MUDAC), Lausanne, en 2022.<\/p>\n","protected":false},"excerpt":{"rendered":"<p>La premi\u00e8re r\u00e9trospective sur le design au Liban, des ann\u00e9es 1920 \u00e0 nos jours, rassemblant les oeuvres de plus de 50 designers, r\u00e9v\u00e9lant cette sc\u00e8ne majeure du design au Moyen-Orient. C&#8217;est dans une situation pleine de paradoxes qu&#8217;une sc\u00e8ne du design se d\u00e9veloppe au Liban d\u00e8s 2000, et se voit rapidement salu\u00e9e par les critiques, [&hellip;]<\/p>\n","protected":false},"featured_media":23029,"template":"","meta":[],"product_cat":[2948,2952],"product_tag":[],"acf":[],"yoast_head":"<!-- This site is optimized with the Yoast SEO plugin v20.11 - https:\/\/yoast.com\/wordpress\/plugins\/seo\/ -->\n<title>BEYROUTH : LES TEMPS DU DESIGN - Librairie 7L<\/title>\n<meta name=\"robots\" content=\"index, follow, max-snippet:-1, max-image-preview:large, max-video-preview:-1\" \/>\n<link rel=\"canonical\" href=\"https:\/\/librairie7l.com\/en\/produit\/beyrouth-les-temps-du-design\/\" \/>\n<meta property=\"og:locale\" content=\"en_US\" \/>\n<meta property=\"og:type\" content=\"article\" \/>\n<meta property=\"og:title\" content=\"BEYROUTH : LES TEMPS DU DESIGN - Librairie 7L\" \/>\n<meta property=\"og:description\" content=\"La premi\u00e8re r\u00e9trospective sur le design au Liban, des ann\u00e9es 1920 \u00e0 nos jours, rassemblant les oeuvres de plus de 50 designers, r\u00e9v\u00e9lant cette sc\u00e8ne majeure du design au Moyen-Orient. C&#8217;est dans une situation pleine de paradoxes qu&#8217;une sc\u00e8ne du design se d\u00e9veloppe au Liban d\u00e8s 2000, et se voit rapidement salu\u00e9e par les critiques, [&hellip;]\" \/>\n<meta property=\"og:url\" content=\"https:\/\/librairie7l.com\/en\/produit\/beyrouth-les-temps-du-design\/\" \/>\n<meta property=\"og:site_name\" content=\"Librairie 7L\" \/>\n<meta property=\"article:modified_time\" content=\"2026-04-18T00:37:12+00:00\" \/>\n<meta property=\"og:image\" content=\"https:\/\/librairie7l.com\/wp-content\/uploads\/2022\/04\/9786148035425_1_75.jpg\" \/>\n\t<meta property=\"og:image:width\" content=\"600\" \/>\n\t<meta property=\"og:image:height\" content=\"808\" \/>\n\t<meta property=\"og:image:type\" content=\"image\/jpeg\" \/>\n<meta name=\"twitter:card\" content=\"summary_large_image\" \/>\n<meta name=\"twitter:label1\" content=\"Est. reading time\" \/>\n\t<meta name=\"twitter:data1\" content=\"2 minutes\" \/>\n<script type=\"application\/ld+json\" class=\"yoast-schema-graph\">{\"@context\":\"https:\/\/schema.org\",\"@graph\":[{\"@type\":\"WebPage\",\"@id\":\"https:\/\/librairie7l.com\/en\/produit\/beyrouth-les-temps-du-design\/\",\"url\":\"https:\/\/librairie7l.com\/en\/produit\/beyrouth-les-temps-du-design\/\",\"name\":\"BEYROUTH : LES TEMPS DU DESIGN - Librairie 7L\",\"isPartOf\":{\"@id\":\"https:\/\/librairie7l.com\/en\/#website\"},\"datePublished\":\"2023-05-09T16:49:19+00:00\",\"dateModified\":\"2026-04-18T00:37:12+00:00\",\"breadcrumb\":{\"@id\":\"https:\/\/librairie7l.com\/en\/produit\/beyrouth-les-temps-du-design\/#breadcrumb\"},\"inLanguage\":\"en-US\",\"potentialAction\":[{\"@type\":\"ReadAction\",\"target\":[\"https:\/\/librairie7l.com\/en\/produit\/beyrouth-les-temps-du-design\/\"]}]},{\"@type\":\"BreadcrumbList\",\"@id\":\"https:\/\/librairie7l.com\/en\/produit\/beyrouth-les-temps-du-design\/#breadcrumb\",\"itemListElement\":[{\"@type\":\"ListItem\",\"position\":1,\"name\":\"Accueil\",\"item\":\"https:\/\/librairie7l.com\/en\/\"},{\"@type\":\"ListItem\",\"position\":2,\"name\":\"Shop\",\"item\":\"https:\/\/librairie7l.com\/en\/shop\/\"},{\"@type\":\"ListItem\",\"position\":3,\"name\":\"BEYROUTH : LES TEMPS DU DESIGN\"}]},{\"@type\":\"WebSite\",\"@id\":\"https:\/\/librairie7l.com\/en\/#website\",\"url\":\"https:\/\/librairie7l.com\/en\/\",\"name\":\"Librairie 7L\",\"description\":\"Librairie fond\u00e9e en 1999 par Karl Lagerfeld \u00e0 Paris\",\"publisher\":{\"@id\":\"https:\/\/librairie7l.com\/en\/#organization\"},\"potentialAction\":[{\"@type\":\"SearchAction\",\"target\":{\"@type\":\"EntryPoint\",\"urlTemplate\":\"https:\/\/librairie7l.com\/en\/?s={search_term_string}\"},\"query-input\":\"required name=search_term_string\"}],\"inLanguage\":\"en-US\"},{\"@type\":\"Organization\",\"@id\":\"https:\/\/librairie7l.com\/en\/#organization\",\"name\":\"Librairie 7L\",\"url\":\"https:\/\/librairie7l.com\/en\/\",\"logo\":{\"@type\":\"ImageObject\",\"inLanguage\":\"en-US\",\"@id\":\"https:\/\/librairie7l.com\/en\/#\/schema\/logo\/image\/\",\"url\":\"https:\/\/librairie7l.com\/wp-content\/uploads\/2022\/08\/logo-1.png\",\"contentUrl\":\"https:\/\/librairie7l.com\/wp-content\/uploads\/2022\/08\/logo-1.png\",\"width\":227,\"height\":301,\"caption\":\"Librairie 7L\"},\"image\":{\"@id\":\"https:\/\/librairie7l.com\/en\/#\/schema\/logo\/image\/\"}}]}<\/script>\n<!-- \/ Yoast SEO plugin. -->","yoast_head_json":{"title":"BEYROUTH : LES TEMPS DU DESIGN - Librairie 7L","robots":{"index":"index","follow":"follow","max-snippet":"max-snippet:-1","max-image-preview":"max-image-preview:large","max-video-preview":"max-video-preview:-1"},"canonical":"https:\/\/librairie7l.com\/en\/produit\/beyrouth-les-temps-du-design\/","og_locale":"en_US","og_type":"article","og_title":"BEYROUTH : LES TEMPS DU DESIGN - Librairie 7L","og_description":"La premi\u00e8re r\u00e9trospective sur le design au Liban, des ann\u00e9es 1920 \u00e0 nos jours, rassemblant les oeuvres de plus de 50 designers, r\u00e9v\u00e9lant cette sc\u00e8ne majeure du design au Moyen-Orient. C&#8217;est dans une situation pleine de paradoxes qu&#8217;une sc\u00e8ne du design se d\u00e9veloppe au Liban d\u00e8s 2000, et se voit rapidement salu\u00e9e par les critiques, [&hellip;]","og_url":"https:\/\/librairie7l.com\/en\/produit\/beyrouth-les-temps-du-design\/","og_site_name":"Librairie 7L","article_modified_time":"2026-04-18T00:37:12+00:00","og_image":[{"width":600,"height":808,"url":"https:\/\/librairie7l.com\/wp-content\/uploads\/2022\/04\/9786148035425_1_75.jpg","type":"image\/jpeg"}],"twitter_card":"summary_large_image","twitter_misc":{"Est. reading time":"2 minutes"},"schema":{"@context":"https:\/\/schema.org","@graph":[{"@type":"WebPage","@id":"https:\/\/librairie7l.com\/en\/produit\/beyrouth-les-temps-du-design\/","url":"https:\/\/librairie7l.com\/en\/produit\/beyrouth-les-temps-du-design\/","name":"BEYROUTH : LES TEMPS DU DESIGN - Librairie 7L","isPartOf":{"@id":"https:\/\/librairie7l.com\/en\/#website"},"datePublished":"2023-05-09T16:49:19+00:00","dateModified":"2026-04-18T00:37:12+00:00","breadcrumb":{"@id":"https:\/\/librairie7l.com\/en\/produit\/beyrouth-les-temps-du-design\/#breadcrumb"},"inLanguage":"en-US","potentialAction":[{"@type":"ReadAction","target":["https:\/\/librairie7l.com\/en\/produit\/beyrouth-les-temps-du-design\/"]}]},{"@type":"BreadcrumbList","@id":"https:\/\/librairie7l.com\/en\/produit\/beyrouth-les-temps-du-design\/#breadcrumb","itemListElement":[{"@type":"ListItem","position":1,"name":"Accueil","item":"https:\/\/librairie7l.com\/en\/"},{"@type":"ListItem","position":2,"name":"Shop","item":"https:\/\/librairie7l.com\/en\/shop\/"},{"@type":"ListItem","position":3,"name":"BEYROUTH : LES TEMPS DU DESIGN"}]},{"@type":"WebSite","@id":"https:\/\/librairie7l.com\/en\/#website","url":"https:\/\/librairie7l.com\/en\/","name":"Librairie 7L","description":"Librairie fond\u00e9e en 1999 par Karl Lagerfeld \u00e0 Paris","publisher":{"@id":"https:\/\/librairie7l.com\/en\/#organization"},"potentialAction":[{"@type":"SearchAction","target":{"@type":"EntryPoint","urlTemplate":"https:\/\/librairie7l.com\/en\/?s={search_term_string}"},"query-input":"required name=search_term_string"}],"inLanguage":"en-US"},{"@type":"Organization","@id":"https:\/\/librairie7l.com\/en\/#organization","name":"Librairie 7L","url":"https:\/\/librairie7l.com\/en\/","logo":{"@type":"ImageObject","inLanguage":"en-US","@id":"https:\/\/librairie7l.com\/en\/#\/schema\/logo\/image\/","url":"https:\/\/librairie7l.com\/wp-content\/uploads\/2022\/08\/logo-1.png","contentUrl":"https:\/\/librairie7l.com\/wp-content\/uploads\/2022\/08\/logo-1.png","width":227,"height":301,"caption":"Librairie 7L"},"image":{"@id":"https:\/\/librairie7l.com\/en\/#\/schema\/logo\/image\/"}}]}},"_links":{"self":[{"href":"https:\/\/librairie7l.com\/en\/wp-json\/wp\/v2\/product\/23031"}],"collection":[{"href":"https:\/\/librairie7l.com\/en\/wp-json\/wp\/v2\/product"}],"about":[{"href":"https:\/\/librairie7l.com\/en\/wp-json\/wp\/v2\/types\/product"}],"wp:featuredmedia":[{"embeddable":true,"href":"https:\/\/librairie7l.com\/en\/wp-json\/wp\/v2\/media\/23029"}],"wp:attachment":[{"href":"https:\/\/librairie7l.com\/en\/wp-json\/wp\/v2\/media?parent=23031"}],"wp:term":[{"taxonomy":"product_cat","embeddable":true,"href":"https:\/\/librairie7l.com\/en\/wp-json\/wp\/v2\/product_cat?post=23031"},{"taxonomy":"product_tag","embeddable":true,"href":"https:\/\/librairie7l.com\/en\/wp-json\/wp\/v2\/product_tag?post=23031"}],"curies":[{"name":"wp","href":"https:\/\/api.w.org\/{rel}","templated":true}]}}