{"id":23123,"date":"2023-05-09T18:50:36","date_gmt":"2023-05-09T16:50:36","guid":{"rendered":"https:\/\/librairie7l.com\/?post_type=product&#038;p=23123"},"modified":"2026-04-08T13:24:17","modified_gmt":"2026-04-08T11:24:17","slug":"sarcelles-ou-babel-un-portrait-de-ville","status":"publish","type":"product","link":"https:\/\/librairie7l.com\/en\/produit\/sarcelles-ou-babel-un-portrait-de-ville\/","title":{"rendered":"SARCELLES OU BABEL : UN PORTRAIT DE VILLE"},"content":{"rendered":"<p>Sarcelles sera-t-elle le lieu d&#8217;\u00e9mergence d&#8217;une civilisation urbaine cosmopolite : une Babel ? Ou aura-t-elle un futur de ville communautaire ? Ses habitants sont issus de quatre-vingts nationalit\u00e9s et vivent, au quotidien, les soubresauts des conflits de la plan\u00e8te, alors que du vendredi au dimanche, les deux tiers de cette population sont en pri\u00e8re.<br \/>\nSarcelles ou Babel est le portait de cette ville de 60 000 habitants, qui devint mythique d\u00e8s la construction, en 1956, du grand ensemble des Loch\u00e8res : 12 500 logements mis en oeuvre, en vingt ans. Ils instauraient un face-\u00e0-face entre un village et un d\u00e9sir de \u00ab cit\u00e9 sociale \u00bb, inspir\u00e9e par une R\u00e9publique la\u00efque et \u00e9galitaire. Cinquante ans plus tard, manifestations et obsolescence de l&#8217;habitat appellent \u00e0 un programme de d\u00e9molition-reconstruction.<br \/>\nLe regard d&#8217;une reconstruction critique fait de l&#8217;architecture, \u00ab cette permanence v\u00e9cue \u00bb, un art de la repr\u00e9sentation du temps et offre \u00e0 la rationalit\u00e9 de l&#8217;espace originel du grand ensemble d&#8217;inspirer les r\u00e8gles de sa transformation, alors que construire avant de d\u00e9molir devient le mot d&#8217;ordre d&#8217;un projet collectif. L&#8217;aura des fa\u00e7ades en pierre et leur r\u00e9utilisation deviennent un \u00e9l\u00e9ment de la m\u00e9moire de la cit\u00e9 sociale. Elle inspire la figuration d&#8217;une r\u00e9novation qui sollicite l&#8217;\u00e9mergence de lieux aux devenirs d&#8217;espaces publics, ouverts \u00e0 une communaut\u00e9 humaine, offrant les m\u00eames droits \u00e0 des individus reconnus dans leurs diff\u00e9rences.<br \/>\nQuelle Babel serait Sarcelles ? Un ghetto dor\u00e9 dans le magma des banlieues enchev\u00eatr\u00e9es ? Ou une ville tremplin, ouverte par son trac\u00e9 fondateur vers un grand Paris connect\u00e9 ?<\/p>\n","protected":false},"excerpt":{"rendered":"<p>Sarcelles sera-t-elle le lieu d&#8217;\u00e9mergence d&#8217;une civilisation urbaine cosmopolite : une Babel ? Ou aura-t-elle un futur de ville communautaire ? Ses habitants sont issus de quatre-vingts nationalit\u00e9s et vivent, au quotidien, les soubresauts des conflits de la plan\u00e8te, alors que du vendredi au dimanche, les deux tiers de cette population sont en pri\u00e8re. Sarcelles [&hellip;]<\/p>\n","protected":false},"featured_media":23121,"template":"","meta":[],"product_cat":[2948,2950],"product_tag":[],"acf":[],"yoast_head":"<!-- This site is optimized with the Yoast SEO plugin v20.11 - https:\/\/yoast.com\/wordpress\/plugins\/seo\/ -->\n<title>SARCELLES OU BABEL : UN PORTRAIT DE VILLE - Librairie 7L<\/title>\n<meta name=\"robots\" content=\"index, follow, max-snippet:-1, max-image-preview:large, max-video-preview:-1\" \/>\n<link rel=\"canonical\" href=\"https:\/\/librairie7l.com\/en\/produit\/sarcelles-ou-babel-un-portrait-de-ville\/\" \/>\n<meta property=\"og:locale\" content=\"en_US\" \/>\n<meta property=\"og:type\" content=\"article\" \/>\n<meta property=\"og:title\" content=\"SARCELLES OU BABEL : UN PORTRAIT DE VILLE - Librairie 7L\" \/>\n<meta property=\"og:description\" content=\"Sarcelles sera-t-elle le lieu d&#8217;\u00e9mergence d&#8217;une civilisation urbaine cosmopolite : une Babel ? Ou aura-t-elle un futur de ville communautaire ? Ses habitants sont issus de quatre-vingts nationalit\u00e9s et vivent, au quotidien, les soubresauts des conflits de la plan\u00e8te, alors que du vendredi au dimanche, les deux tiers de cette population sont en pri\u00e8re. Sarcelles [&hellip;]\" \/>\n<meta property=\"og:url\" content=\"https:\/\/librairie7l.com\/en\/produit\/sarcelles-ou-babel-un-portrait-de-ville\/\" \/>\n<meta property=\"og:site_name\" content=\"Librairie 7L\" \/>\n<meta property=\"article:modified_time\" content=\"2026-04-08T11:24:17+00:00\" \/>\n<meta property=\"og:image\" content=\"https:\/\/librairie7l.com\/wp-content\/uploads\/2022\/12\/9791094583555_1_75.jpg\" \/>\n\t<meta property=\"og:image:width\" content=\"600\" \/>\n\t<meta property=\"og:image:height\" content=\"860\" \/>\n\t<meta property=\"og:image:type\" content=\"image\/jpeg\" \/>\n<meta name=\"twitter:card\" content=\"summary_large_image\" \/>\n<meta name=\"twitter:label1\" content=\"Est. reading time\" \/>\n\t<meta name=\"twitter:data1\" content=\"1 minute\" \/>\n<script type=\"application\/ld+json\" class=\"yoast-schema-graph\">{\"@context\":\"https:\/\/schema.org\",\"@graph\":[{\"@type\":\"WebPage\",\"@id\":\"https:\/\/librairie7l.com\/en\/produit\/sarcelles-ou-babel-un-portrait-de-ville\/\",\"url\":\"https:\/\/librairie7l.com\/en\/produit\/sarcelles-ou-babel-un-portrait-de-ville\/\",\"name\":\"SARCELLES OU BABEL : UN PORTRAIT DE VILLE - Librairie 7L\",\"isPartOf\":{\"@id\":\"https:\/\/librairie7l.com\/en\/#website\"},\"datePublished\":\"2023-05-09T16:50:36+00:00\",\"dateModified\":\"2026-04-08T11:24:17+00:00\",\"breadcrumb\":{\"@id\":\"https:\/\/librairie7l.com\/en\/produit\/sarcelles-ou-babel-un-portrait-de-ville\/#breadcrumb\"},\"inLanguage\":\"en-US\",\"potentialAction\":[{\"@type\":\"ReadAction\",\"target\":[\"https:\/\/librairie7l.com\/en\/produit\/sarcelles-ou-babel-un-portrait-de-ville\/\"]}]},{\"@type\":\"BreadcrumbList\",\"@id\":\"https:\/\/librairie7l.com\/en\/produit\/sarcelles-ou-babel-un-portrait-de-ville\/#breadcrumb\",\"itemListElement\":[{\"@type\":\"ListItem\",\"position\":1,\"name\":\"Accueil\",\"item\":\"https:\/\/librairie7l.com\/en\/\"},{\"@type\":\"ListItem\",\"position\":2,\"name\":\"Shop\",\"item\":\"https:\/\/librairie7l.com\/en\/shop\/\"},{\"@type\":\"ListItem\",\"position\":3,\"name\":\"SARCELLES OU BABEL : UN PORTRAIT DE VILLE\"}]},{\"@type\":\"WebSite\",\"@id\":\"https:\/\/librairie7l.com\/en\/#website\",\"url\":\"https:\/\/librairie7l.com\/en\/\",\"name\":\"Librairie 7L\",\"description\":\"Librairie fond\u00e9e en 1999 par Karl Lagerfeld \u00e0 Paris\",\"publisher\":{\"@id\":\"https:\/\/librairie7l.com\/en\/#organization\"},\"potentialAction\":[{\"@type\":\"SearchAction\",\"target\":{\"@type\":\"EntryPoint\",\"urlTemplate\":\"https:\/\/librairie7l.com\/en\/?s={search_term_string}\"},\"query-input\":\"required name=search_term_string\"}],\"inLanguage\":\"en-US\"},{\"@type\":\"Organization\",\"@id\":\"https:\/\/librairie7l.com\/en\/#organization\",\"name\":\"Librairie 7L\",\"url\":\"https:\/\/librairie7l.com\/en\/\",\"logo\":{\"@type\":\"ImageObject\",\"inLanguage\":\"en-US\",\"@id\":\"https:\/\/librairie7l.com\/en\/#\/schema\/logo\/image\/\",\"url\":\"https:\/\/librairie7l.com\/wp-content\/uploads\/2022\/08\/logo-1.png\",\"contentUrl\":\"https:\/\/librairie7l.com\/wp-content\/uploads\/2022\/08\/logo-1.png\",\"width\":227,\"height\":301,\"caption\":\"Librairie 7L\"},\"image\":{\"@id\":\"https:\/\/librairie7l.com\/en\/#\/schema\/logo\/image\/\"}}]}<\/script>\n<!-- \/ Yoast SEO plugin. -->","yoast_head_json":{"title":"SARCELLES OU BABEL : UN PORTRAIT DE VILLE - Librairie 7L","robots":{"index":"index","follow":"follow","max-snippet":"max-snippet:-1","max-image-preview":"max-image-preview:large","max-video-preview":"max-video-preview:-1"},"canonical":"https:\/\/librairie7l.com\/en\/produit\/sarcelles-ou-babel-un-portrait-de-ville\/","og_locale":"en_US","og_type":"article","og_title":"SARCELLES OU BABEL : UN PORTRAIT DE VILLE - Librairie 7L","og_description":"Sarcelles sera-t-elle le lieu d&#8217;\u00e9mergence d&#8217;une civilisation urbaine cosmopolite : une Babel ? Ou aura-t-elle un futur de ville communautaire ? Ses habitants sont issus de quatre-vingts nationalit\u00e9s et vivent, au quotidien, les soubresauts des conflits de la plan\u00e8te, alors que du vendredi au dimanche, les deux tiers de cette population sont en pri\u00e8re. Sarcelles [&hellip;]","og_url":"https:\/\/librairie7l.com\/en\/produit\/sarcelles-ou-babel-un-portrait-de-ville\/","og_site_name":"Librairie 7L","article_modified_time":"2026-04-08T11:24:17+00:00","og_image":[{"width":600,"height":860,"url":"https:\/\/librairie7l.com\/wp-content\/uploads\/2022\/12\/9791094583555_1_75.jpg","type":"image\/jpeg"}],"twitter_card":"summary_large_image","twitter_misc":{"Est. reading time":"1 minute"},"schema":{"@context":"https:\/\/schema.org","@graph":[{"@type":"WebPage","@id":"https:\/\/librairie7l.com\/en\/produit\/sarcelles-ou-babel-un-portrait-de-ville\/","url":"https:\/\/librairie7l.com\/en\/produit\/sarcelles-ou-babel-un-portrait-de-ville\/","name":"SARCELLES OU BABEL : UN PORTRAIT DE VILLE - Librairie 7L","isPartOf":{"@id":"https:\/\/librairie7l.com\/en\/#website"},"datePublished":"2023-05-09T16:50:36+00:00","dateModified":"2026-04-08T11:24:17+00:00","breadcrumb":{"@id":"https:\/\/librairie7l.com\/en\/produit\/sarcelles-ou-babel-un-portrait-de-ville\/#breadcrumb"},"inLanguage":"en-US","potentialAction":[{"@type":"ReadAction","target":["https:\/\/librairie7l.com\/en\/produit\/sarcelles-ou-babel-un-portrait-de-ville\/"]}]},{"@type":"BreadcrumbList","@id":"https:\/\/librairie7l.com\/en\/produit\/sarcelles-ou-babel-un-portrait-de-ville\/#breadcrumb","itemListElement":[{"@type":"ListItem","position":1,"name":"Accueil","item":"https:\/\/librairie7l.com\/en\/"},{"@type":"ListItem","position":2,"name":"Shop","item":"https:\/\/librairie7l.com\/en\/shop\/"},{"@type":"ListItem","position":3,"name":"SARCELLES OU BABEL : UN PORTRAIT DE VILLE"}]},{"@type":"WebSite","@id":"https:\/\/librairie7l.com\/en\/#website","url":"https:\/\/librairie7l.com\/en\/","name":"Librairie 7L","description":"Librairie fond\u00e9e en 1999 par Karl Lagerfeld \u00e0 Paris","publisher":{"@id":"https:\/\/librairie7l.com\/en\/#organization"},"potentialAction":[{"@type":"SearchAction","target":{"@type":"EntryPoint","urlTemplate":"https:\/\/librairie7l.com\/en\/?s={search_term_string}"},"query-input":"required name=search_term_string"}],"inLanguage":"en-US"},{"@type":"Organization","@id":"https:\/\/librairie7l.com\/en\/#organization","name":"Librairie 7L","url":"https:\/\/librairie7l.com\/en\/","logo":{"@type":"ImageObject","inLanguage":"en-US","@id":"https:\/\/librairie7l.com\/en\/#\/schema\/logo\/image\/","url":"https:\/\/librairie7l.com\/wp-content\/uploads\/2022\/08\/logo-1.png","contentUrl":"https:\/\/librairie7l.com\/wp-content\/uploads\/2022\/08\/logo-1.png","width":227,"height":301,"caption":"Librairie 7L"},"image":{"@id":"https:\/\/librairie7l.com\/en\/#\/schema\/logo\/image\/"}}]}},"_links":{"self":[{"href":"https:\/\/librairie7l.com\/en\/wp-json\/wp\/v2\/product\/23123"}],"collection":[{"href":"https:\/\/librairie7l.com\/en\/wp-json\/wp\/v2\/product"}],"about":[{"href":"https:\/\/librairie7l.com\/en\/wp-json\/wp\/v2\/types\/product"}],"wp:featuredmedia":[{"embeddable":true,"href":"https:\/\/librairie7l.com\/en\/wp-json\/wp\/v2\/media\/23121"}],"wp:attachment":[{"href":"https:\/\/librairie7l.com\/en\/wp-json\/wp\/v2\/media?parent=23123"}],"wp:term":[{"taxonomy":"product_cat","embeddable":true,"href":"https:\/\/librairie7l.com\/en\/wp-json\/wp\/v2\/product_cat?post=23123"},{"taxonomy":"product_tag","embeddable":true,"href":"https:\/\/librairie7l.com\/en\/wp-json\/wp\/v2\/product_tag?post=23123"}],"curies":[{"name":"wp","href":"https:\/\/api.w.org\/{rel}","templated":true}]}}