{"id":23195,"date":"2023-05-09T18:51:36","date_gmt":"2023-05-09T16:51:36","guid":{"rendered":"https:\/\/librairie7l.com\/?post_type=product&#038;p=23195"},"modified":"2026-04-17T15:38:42","modified_gmt":"2026-04-17T13:38:42","slug":"lirreguliere-ou-mon-itineraire-chanel","status":"publish","type":"product","link":"https:\/\/librairie7l.com\/en\/produit\/lirreguliere-ou-mon-itineraire-chanel\/","title":{"rendered":"L&#8217;IRR\u00c9GULI\u00c8RE OU MON ITIN\u00c9RAIRE CHANEL"},"content":{"rendered":"<p>Myst\u00e9rieuse pour les intimes, acharn\u00e9e \u00e0 effacer toute trace de son pass\u00e9, de ses origines, de sa famille m\u00eame, Gabrielle Chanel aura \u00e9t\u00e9 tout au long de son existence une \u00ab irr\u00e9guli\u00e8re \u00bb dans une soci\u00e9t\u00e9 conformiste, et peut-\u00eatre ne faut-il pas chercher ailleurs le secret de sa prodigieuse r\u00e9ussite. Suivant l&#8217;itin\u00e9raire inverse de celui qui l&#8217;avait men\u00e9e \u00e0 Elle, Adrienne, roman dont la c\u00e9l\u00e8bre couturi\u00e8re \u00e9tait l&#8217;inspiratrice et non le mod\u00e8le, Edmonde Charles-Roux a d\u00fb d\u00e9blayer une vie enti\u00e8re de mensonges ou d&#8217;aveux subtilement travestis pour nous montrer la fillette de forains c\u00e9venols, n\u00e9e par hasard \u00e0 Saumur, l&#8217;orpheline oubli\u00e9e dans un couvent de Corr\u00e8ze, la petite pensionnaire des chanoinesses de Moulins, qui n&#8217;allait pas tarder \u00e0 devenir \u00ab poseuse \u00bb dans un beuglant de la garnison, o\u00f9 elle chantait \u00ab Qui qu&#8217;a vu Coco dans l&#8217;Trocad\u00e9ro ? \u00bb. \u00ab Gomeuse \u00bb \u00e0 Vichy, et m\u00eame donneuse d&#8217;eau, celle \u00e0 qui ses nombreux amis donnaient d\u00e8s vingt ans son surnom devait faire son chemin. \u00ab Irr\u00e9guli\u00e8re \u00bb, certes &#8211; au sens \u00e9quivoque et proustien du terme &#8211; mais toujours marginale, ind\u00e9pendante, ambitieuse, et d\u00e9j\u00e0 s\u00fbre de son destin d&#8217;exception. Il n&#8217;est gu\u00e8re d&#8217;hommes et de femmes c\u00e9l\u00e8bres qui ne l&#8217;aient approch\u00e9e, si bien que sa vie se confond avec l&#8217;histoire de l&#8217;entre-deux-guerres. Cocteau, Picasso, Max Jacob, Reverdy, Misia Sert, son amie de toujours, Diaghilev, Stravinski, ils apparaissent tous ici car ils furent les intimes t\u00e9moins de cette aventure extraordinaire. A travers cette carri\u00e8re mouvement\u00e9e, Edmonde Charles-Roux raconte une femme unique, en m\u00eame temps qu&#8217;elle trace la chronique de soixante-dix ann\u00e9es du xxe si\u00e8cle. Ce portrait d&#8217;une c\u00e9l\u00e8bre inconnue est beaucoup plus qu&#8217;un portrait : l&#8217;\u00e9pop\u00e9e d&#8217;un roman v\u00e9cu, et v\u00e9cu comme un roman par son h\u00e9ro\u00efne.<\/p>\n","protected":false},"excerpt":{"rendered":"<p>Myst\u00e9rieuse pour les intimes, acharn\u00e9e \u00e0 effacer toute trace de son pass\u00e9, de ses origines, de sa famille m\u00eame, Gabrielle Chanel aura \u00e9t\u00e9 tout au long de son existence une \u00ab irr\u00e9guli\u00e8re \u00bb dans une soci\u00e9t\u00e9 conformiste, et peut-\u00eatre ne faut-il pas chercher ailleurs le secret de sa prodigieuse r\u00e9ussite. Suivant l&#8217;itin\u00e9raire inverse de celui [&hellip;]<\/p>\n","protected":false},"featured_media":23193,"template":"","meta":[],"product_cat":[55,2948,2957,19],"product_tag":[],"acf":[],"yoast_head":"<!-- This site is optimized with the Yoast SEO plugin v20.11 - https:\/\/yoast.com\/wordpress\/plugins\/seo\/ -->\n<title>L&#039;IRR\u00c9GULI\u00c8RE OU MON ITIN\u00c9RAIRE CHANEL - Librairie 7L<\/title>\n<meta name=\"robots\" content=\"index, follow, max-snippet:-1, max-image-preview:large, max-video-preview:-1\" \/>\n<link rel=\"canonical\" href=\"https:\/\/librairie7l.com\/en\/produit\/lirreguliere-ou-mon-itineraire-chanel\/\" \/>\n<meta property=\"og:locale\" content=\"en_US\" \/>\n<meta property=\"og:type\" content=\"article\" \/>\n<meta property=\"og:title\" content=\"L&#039;IRR\u00c9GULI\u00c8RE OU MON ITIN\u00c9RAIRE CHANEL - Librairie 7L\" \/>\n<meta property=\"og:description\" content=\"Myst\u00e9rieuse pour les intimes, acharn\u00e9e \u00e0 effacer toute trace de son pass\u00e9, de ses origines, de sa famille m\u00eame, Gabrielle Chanel aura \u00e9t\u00e9 tout au long de son existence une \u00ab irr\u00e9guli\u00e8re \u00bb dans une soci\u00e9t\u00e9 conformiste, et peut-\u00eatre ne faut-il pas chercher ailleurs le secret de sa prodigieuse r\u00e9ussite. Suivant l&#8217;itin\u00e9raire inverse de celui [&hellip;]\" \/>\n<meta property=\"og:url\" content=\"https:\/\/librairie7l.com\/en\/produit\/lirreguliere-ou-mon-itineraire-chanel\/\" \/>\n<meta property=\"og:site_name\" content=\"Librairie 7L\" \/>\n<meta property=\"article:modified_time\" content=\"2026-04-17T13:38:42+00:00\" \/>\n<meta property=\"og:image\" content=\"https:\/\/librairie7l.com\/wp-content\/uploads\/2009\/03\/9782246011125_1_75.jpg\" \/>\n\t<meta property=\"og:image:width\" content=\"600\" \/>\n\t<meta property=\"og:image:height\" content=\"973\" \/>\n\t<meta property=\"og:image:type\" content=\"image\/jpeg\" \/>\n<meta name=\"twitter:card\" content=\"summary_large_image\" \/>\n<meta name=\"twitter:label1\" content=\"Est. reading time\" \/>\n\t<meta name=\"twitter:data1\" content=\"2 minutes\" \/>\n<script type=\"application\/ld+json\" class=\"yoast-schema-graph\">{\"@context\":\"https:\/\/schema.org\",\"@graph\":[{\"@type\":\"WebPage\",\"@id\":\"https:\/\/librairie7l.com\/en\/produit\/lirreguliere-ou-mon-itineraire-chanel\/\",\"url\":\"https:\/\/librairie7l.com\/en\/produit\/lirreguliere-ou-mon-itineraire-chanel\/\",\"name\":\"L'IRR\u00c9GULI\u00c8RE OU MON ITIN\u00c9RAIRE CHANEL - Librairie 7L\",\"isPartOf\":{\"@id\":\"https:\/\/librairie7l.com\/en\/#website\"},\"datePublished\":\"2023-05-09T16:51:36+00:00\",\"dateModified\":\"2026-04-17T13:38:42+00:00\",\"breadcrumb\":{\"@id\":\"https:\/\/librairie7l.com\/en\/produit\/lirreguliere-ou-mon-itineraire-chanel\/#breadcrumb\"},\"inLanguage\":\"en-US\",\"potentialAction\":[{\"@type\":\"ReadAction\",\"target\":[\"https:\/\/librairie7l.com\/en\/produit\/lirreguliere-ou-mon-itineraire-chanel\/\"]}]},{\"@type\":\"BreadcrumbList\",\"@id\":\"https:\/\/librairie7l.com\/en\/produit\/lirreguliere-ou-mon-itineraire-chanel\/#breadcrumb\",\"itemListElement\":[{\"@type\":\"ListItem\",\"position\":1,\"name\":\"Accueil\",\"item\":\"https:\/\/librairie7l.com\/en\/\"},{\"@type\":\"ListItem\",\"position\":2,\"name\":\"Shop\",\"item\":\"https:\/\/librairie7l.com\/en\/shop\/\"},{\"@type\":\"ListItem\",\"position\":3,\"name\":\"L&#8217;IRR\u00c9GULI\u00c8RE OU MON ITIN\u00c9RAIRE CHANEL\"}]},{\"@type\":\"WebSite\",\"@id\":\"https:\/\/librairie7l.com\/en\/#website\",\"url\":\"https:\/\/librairie7l.com\/en\/\",\"name\":\"Librairie 7L\",\"description\":\"Librairie fond\u00e9e en 1999 par Karl Lagerfeld \u00e0 Paris\",\"publisher\":{\"@id\":\"https:\/\/librairie7l.com\/en\/#organization\"},\"potentialAction\":[{\"@type\":\"SearchAction\",\"target\":{\"@type\":\"EntryPoint\",\"urlTemplate\":\"https:\/\/librairie7l.com\/en\/?s={search_term_string}\"},\"query-input\":\"required name=search_term_string\"}],\"inLanguage\":\"en-US\"},{\"@type\":\"Organization\",\"@id\":\"https:\/\/librairie7l.com\/en\/#organization\",\"name\":\"Librairie 7L\",\"url\":\"https:\/\/librairie7l.com\/en\/\",\"logo\":{\"@type\":\"ImageObject\",\"inLanguage\":\"en-US\",\"@id\":\"https:\/\/librairie7l.com\/en\/#\/schema\/logo\/image\/\",\"url\":\"https:\/\/librairie7l.com\/wp-content\/uploads\/2022\/08\/logo-1.png\",\"contentUrl\":\"https:\/\/librairie7l.com\/wp-content\/uploads\/2022\/08\/logo-1.png\",\"width\":227,\"height\":301,\"caption\":\"Librairie 7L\"},\"image\":{\"@id\":\"https:\/\/librairie7l.com\/en\/#\/schema\/logo\/image\/\"}}]}<\/script>\n<!-- \/ Yoast SEO plugin. -->","yoast_head_json":{"title":"L'IRR\u00c9GULI\u00c8RE OU MON ITIN\u00c9RAIRE CHANEL - Librairie 7L","robots":{"index":"index","follow":"follow","max-snippet":"max-snippet:-1","max-image-preview":"max-image-preview:large","max-video-preview":"max-video-preview:-1"},"canonical":"https:\/\/librairie7l.com\/en\/produit\/lirreguliere-ou-mon-itineraire-chanel\/","og_locale":"en_US","og_type":"article","og_title":"L'IRR\u00c9GULI\u00c8RE OU MON ITIN\u00c9RAIRE CHANEL - Librairie 7L","og_description":"Myst\u00e9rieuse pour les intimes, acharn\u00e9e \u00e0 effacer toute trace de son pass\u00e9, de ses origines, de sa famille m\u00eame, Gabrielle Chanel aura \u00e9t\u00e9 tout au long de son existence une \u00ab irr\u00e9guli\u00e8re \u00bb dans une soci\u00e9t\u00e9 conformiste, et peut-\u00eatre ne faut-il pas chercher ailleurs le secret de sa prodigieuse r\u00e9ussite. Suivant l&#8217;itin\u00e9raire inverse de celui [&hellip;]","og_url":"https:\/\/librairie7l.com\/en\/produit\/lirreguliere-ou-mon-itineraire-chanel\/","og_site_name":"Librairie 7L","article_modified_time":"2026-04-17T13:38:42+00:00","og_image":[{"width":600,"height":973,"url":"https:\/\/librairie7l.com\/wp-content\/uploads\/2009\/03\/9782246011125_1_75.jpg","type":"image\/jpeg"}],"twitter_card":"summary_large_image","twitter_misc":{"Est. reading time":"2 minutes"},"schema":{"@context":"https:\/\/schema.org","@graph":[{"@type":"WebPage","@id":"https:\/\/librairie7l.com\/en\/produit\/lirreguliere-ou-mon-itineraire-chanel\/","url":"https:\/\/librairie7l.com\/en\/produit\/lirreguliere-ou-mon-itineraire-chanel\/","name":"L'IRR\u00c9GULI\u00c8RE OU MON ITIN\u00c9RAIRE CHANEL - Librairie 7L","isPartOf":{"@id":"https:\/\/librairie7l.com\/en\/#website"},"datePublished":"2023-05-09T16:51:36+00:00","dateModified":"2026-04-17T13:38:42+00:00","breadcrumb":{"@id":"https:\/\/librairie7l.com\/en\/produit\/lirreguliere-ou-mon-itineraire-chanel\/#breadcrumb"},"inLanguage":"en-US","potentialAction":[{"@type":"ReadAction","target":["https:\/\/librairie7l.com\/en\/produit\/lirreguliere-ou-mon-itineraire-chanel\/"]}]},{"@type":"BreadcrumbList","@id":"https:\/\/librairie7l.com\/en\/produit\/lirreguliere-ou-mon-itineraire-chanel\/#breadcrumb","itemListElement":[{"@type":"ListItem","position":1,"name":"Accueil","item":"https:\/\/librairie7l.com\/en\/"},{"@type":"ListItem","position":2,"name":"Shop","item":"https:\/\/librairie7l.com\/en\/shop\/"},{"@type":"ListItem","position":3,"name":"L&#8217;IRR\u00c9GULI\u00c8RE OU MON ITIN\u00c9RAIRE CHANEL"}]},{"@type":"WebSite","@id":"https:\/\/librairie7l.com\/en\/#website","url":"https:\/\/librairie7l.com\/en\/","name":"Librairie 7L","description":"Librairie fond\u00e9e en 1999 par Karl Lagerfeld \u00e0 Paris","publisher":{"@id":"https:\/\/librairie7l.com\/en\/#organization"},"potentialAction":[{"@type":"SearchAction","target":{"@type":"EntryPoint","urlTemplate":"https:\/\/librairie7l.com\/en\/?s={search_term_string}"},"query-input":"required name=search_term_string"}],"inLanguage":"en-US"},{"@type":"Organization","@id":"https:\/\/librairie7l.com\/en\/#organization","name":"Librairie 7L","url":"https:\/\/librairie7l.com\/en\/","logo":{"@type":"ImageObject","inLanguage":"en-US","@id":"https:\/\/librairie7l.com\/en\/#\/schema\/logo\/image\/","url":"https:\/\/librairie7l.com\/wp-content\/uploads\/2022\/08\/logo-1.png","contentUrl":"https:\/\/librairie7l.com\/wp-content\/uploads\/2022\/08\/logo-1.png","width":227,"height":301,"caption":"Librairie 7L"},"image":{"@id":"https:\/\/librairie7l.com\/en\/#\/schema\/logo\/image\/"}}]}},"_links":{"self":[{"href":"https:\/\/librairie7l.com\/en\/wp-json\/wp\/v2\/product\/23195"}],"collection":[{"href":"https:\/\/librairie7l.com\/en\/wp-json\/wp\/v2\/product"}],"about":[{"href":"https:\/\/librairie7l.com\/en\/wp-json\/wp\/v2\/types\/product"}],"wp:featuredmedia":[{"embeddable":true,"href":"https:\/\/librairie7l.com\/en\/wp-json\/wp\/v2\/media\/23193"}],"wp:attachment":[{"href":"https:\/\/librairie7l.com\/en\/wp-json\/wp\/v2\/media?parent=23195"}],"wp:term":[{"taxonomy":"product_cat","embeddable":true,"href":"https:\/\/librairie7l.com\/en\/wp-json\/wp\/v2\/product_cat?post=23195"},{"taxonomy":"product_tag","embeddable":true,"href":"https:\/\/librairie7l.com\/en\/wp-json\/wp\/v2\/product_tag?post=23195"}],"curies":[{"name":"wp","href":"https:\/\/api.w.org\/{rel}","templated":true}]}}