{"id":23267,"date":"2023-05-09T18:52:33","date_gmt":"2023-05-09T16:52:33","guid":{"rendered":"https:\/\/librairie7l.com\/?post_type=product&#038;p=23267"},"modified":"2026-04-07T23:04:30","modified_gmt":"2026-04-07T21:04:30","slug":"second-manifeste-camp","status":"publish","type":"product","link":"https:\/\/librairie7l.com\/en\/produit\/second-manifeste-camp\/","title":{"rendered":"SECOND MANIFESTE CAMP"},"content":{"rendered":"<p>Publi\u00e9 en 1979, et depuis longtemps introuvable, ce Second manifeste camp est le premier ouvrage de Patrick Mauri\u00e8s. \u00c9clair\u00e9 par les figures tut\u00e9laires d&#8217;Andy Warhol et de Roland Barthes, ce trait\u00e9 chic, savant et d\u00e9sinvolte, th\u00e9orique et ironique, en tout cas unique en son genre, tente de red\u00e9finir une notion mise en lumi\u00e8re par l&#8217;essayiste Susan Sontag en 1964. \u00ab Dandysme postmoderne \u00bb, ni mondain, ni snob, ni kitsch, et tout cela \u00e0 la fois, le camp selon Patrick Mauri\u00e8s navigue entre culture \u00e9litiste et mauvais go\u00fbt assum\u00e9. Proc\u00e9dant par fragments, et \u00e0 coup de r\u00e9f\u00e9rences, l&#8217;auteur fait cohabiter les films de Werner Schroeter, les publicit\u00e9s Dim, la peinture baroque italienne, la disco, Jean-Jacques Schuhl, la haute couture et la mode vintage, Winnie the Pooh, McDonald&#8217;s, le salon de th\u00e9 Angelina, le Palace, etc. Un m\u00e9lange des genres dont la modernit\u00e9 reste intacte.<\/p>\n","protected":false},"excerpt":{"rendered":"<p>Publi\u00e9 en 1979, et depuis longtemps introuvable, ce Second manifeste camp est le premier ouvrage de Patrick Mauri\u00e8s. \u00c9clair\u00e9 par les figures tut\u00e9laires d&#8217;Andy Warhol et de Roland Barthes, ce trait\u00e9 chic, savant et d\u00e9sinvolte, th\u00e9orique et ironique, en tout cas unique en son genre, tente de red\u00e9finir une notion mise en lumi\u00e8re par l&#8217;essayiste [&hellip;]<\/p>\n","protected":false},"featured_media":23265,"template":"","meta":[],"product_cat":[55,2948,47,2953],"product_tag":[],"acf":[],"yoast_head":"<!-- This site is optimized with the Yoast SEO plugin v20.11 - https:\/\/yoast.com\/wordpress\/plugins\/seo\/ -->\n<title>SECOND MANIFESTE CAMP - Librairie 7L<\/title>\n<meta name=\"robots\" content=\"index, follow, max-snippet:-1, max-image-preview:large, max-video-preview:-1\" \/>\n<link rel=\"canonical\" href=\"https:\/\/librairie7l.com\/en\/produit\/second-manifeste-camp\/\" \/>\n<meta property=\"og:locale\" content=\"en_US\" \/>\n<meta property=\"og:type\" content=\"article\" \/>\n<meta property=\"og:title\" content=\"SECOND MANIFESTE CAMP - Librairie 7L\" \/>\n<meta property=\"og:description\" content=\"Publi\u00e9 en 1979, et depuis longtemps introuvable, ce Second manifeste camp est le premier ouvrage de Patrick Mauri\u00e8s. \u00c9clair\u00e9 par les figures tut\u00e9laires d&#8217;Andy Warhol et de Roland Barthes, ce trait\u00e9 chic, savant et d\u00e9sinvolte, th\u00e9orique et ironique, en tout cas unique en son genre, tente de red\u00e9finir une notion mise en lumi\u00e8re par l&#8217;essayiste [&hellip;]\" \/>\n<meta property=\"og:url\" content=\"https:\/\/librairie7l.com\/en\/produit\/second-manifeste-camp\/\" \/>\n<meta property=\"og:site_name\" content=\"Librairie 7L\" \/>\n<meta property=\"article:modified_time\" content=\"2026-04-07T21:04:30+00:00\" \/>\n<meta property=\"og:image\" content=\"https:\/\/librairie7l.com\/wp-content\/uploads\/2012\/11\/9782953346725_1_75.jpg\" \/>\n\t<meta property=\"og:image:width\" content=\"400\" \/>\n\t<meta property=\"og:image:height\" content=\"583\" \/>\n\t<meta property=\"og:image:type\" content=\"image\/jpeg\" \/>\n<meta name=\"twitter:card\" content=\"summary_large_image\" \/>\n<meta name=\"twitter:label1\" content=\"Est. reading time\" \/>\n\t<meta name=\"twitter:data1\" content=\"1 minute\" \/>\n<script type=\"application\/ld+json\" class=\"yoast-schema-graph\">{\"@context\":\"https:\/\/schema.org\",\"@graph\":[{\"@type\":\"WebPage\",\"@id\":\"https:\/\/librairie7l.com\/en\/produit\/second-manifeste-camp\/\",\"url\":\"https:\/\/librairie7l.com\/en\/produit\/second-manifeste-camp\/\",\"name\":\"SECOND MANIFESTE CAMP - Librairie 7L\",\"isPartOf\":{\"@id\":\"https:\/\/librairie7l.com\/en\/#website\"},\"datePublished\":\"2023-05-09T16:52:33+00:00\",\"dateModified\":\"2026-04-07T21:04:30+00:00\",\"breadcrumb\":{\"@id\":\"https:\/\/librairie7l.com\/en\/produit\/second-manifeste-camp\/#breadcrumb\"},\"inLanguage\":\"en-US\",\"potentialAction\":[{\"@type\":\"ReadAction\",\"target\":[\"https:\/\/librairie7l.com\/en\/produit\/second-manifeste-camp\/\"]}]},{\"@type\":\"BreadcrumbList\",\"@id\":\"https:\/\/librairie7l.com\/en\/produit\/second-manifeste-camp\/#breadcrumb\",\"itemListElement\":[{\"@type\":\"ListItem\",\"position\":1,\"name\":\"Accueil\",\"item\":\"https:\/\/librairie7l.com\/en\/\"},{\"@type\":\"ListItem\",\"position\":2,\"name\":\"Shop\",\"item\":\"https:\/\/librairie7l.com\/en\/shop\/\"},{\"@type\":\"ListItem\",\"position\":3,\"name\":\"SECOND MANIFESTE CAMP\"}]},{\"@type\":\"WebSite\",\"@id\":\"https:\/\/librairie7l.com\/en\/#website\",\"url\":\"https:\/\/librairie7l.com\/en\/\",\"name\":\"Librairie 7L\",\"description\":\"Librairie fond\u00e9e en 1999 par Karl Lagerfeld \u00e0 Paris\",\"publisher\":{\"@id\":\"https:\/\/librairie7l.com\/en\/#organization\"},\"potentialAction\":[{\"@type\":\"SearchAction\",\"target\":{\"@type\":\"EntryPoint\",\"urlTemplate\":\"https:\/\/librairie7l.com\/en\/?s={search_term_string}\"},\"query-input\":\"required name=search_term_string\"}],\"inLanguage\":\"en-US\"},{\"@type\":\"Organization\",\"@id\":\"https:\/\/librairie7l.com\/en\/#organization\",\"name\":\"Librairie 7L\",\"url\":\"https:\/\/librairie7l.com\/en\/\",\"logo\":{\"@type\":\"ImageObject\",\"inLanguage\":\"en-US\",\"@id\":\"https:\/\/librairie7l.com\/en\/#\/schema\/logo\/image\/\",\"url\":\"https:\/\/librairie7l.com\/wp-content\/uploads\/2022\/08\/logo-1.png\",\"contentUrl\":\"https:\/\/librairie7l.com\/wp-content\/uploads\/2022\/08\/logo-1.png\",\"width\":227,\"height\":301,\"caption\":\"Librairie 7L\"},\"image\":{\"@id\":\"https:\/\/librairie7l.com\/en\/#\/schema\/logo\/image\/\"}}]}<\/script>\n<!-- \/ Yoast SEO plugin. -->","yoast_head_json":{"title":"SECOND MANIFESTE CAMP - Librairie 7L","robots":{"index":"index","follow":"follow","max-snippet":"max-snippet:-1","max-image-preview":"max-image-preview:large","max-video-preview":"max-video-preview:-1"},"canonical":"https:\/\/librairie7l.com\/en\/produit\/second-manifeste-camp\/","og_locale":"en_US","og_type":"article","og_title":"SECOND MANIFESTE CAMP - Librairie 7L","og_description":"Publi\u00e9 en 1979, et depuis longtemps introuvable, ce Second manifeste camp est le premier ouvrage de Patrick Mauri\u00e8s. \u00c9clair\u00e9 par les figures tut\u00e9laires d&#8217;Andy Warhol et de Roland Barthes, ce trait\u00e9 chic, savant et d\u00e9sinvolte, th\u00e9orique et ironique, en tout cas unique en son genre, tente de red\u00e9finir une notion mise en lumi\u00e8re par l&#8217;essayiste [&hellip;]","og_url":"https:\/\/librairie7l.com\/en\/produit\/second-manifeste-camp\/","og_site_name":"Librairie 7L","article_modified_time":"2026-04-07T21:04:30+00:00","og_image":[{"width":400,"height":583,"url":"https:\/\/librairie7l.com\/wp-content\/uploads\/2012\/11\/9782953346725_1_75.jpg","type":"image\/jpeg"}],"twitter_card":"summary_large_image","twitter_misc":{"Est. reading time":"1 minute"},"schema":{"@context":"https:\/\/schema.org","@graph":[{"@type":"WebPage","@id":"https:\/\/librairie7l.com\/en\/produit\/second-manifeste-camp\/","url":"https:\/\/librairie7l.com\/en\/produit\/second-manifeste-camp\/","name":"SECOND MANIFESTE CAMP - Librairie 7L","isPartOf":{"@id":"https:\/\/librairie7l.com\/en\/#website"},"datePublished":"2023-05-09T16:52:33+00:00","dateModified":"2026-04-07T21:04:30+00:00","breadcrumb":{"@id":"https:\/\/librairie7l.com\/en\/produit\/second-manifeste-camp\/#breadcrumb"},"inLanguage":"en-US","potentialAction":[{"@type":"ReadAction","target":["https:\/\/librairie7l.com\/en\/produit\/second-manifeste-camp\/"]}]},{"@type":"BreadcrumbList","@id":"https:\/\/librairie7l.com\/en\/produit\/second-manifeste-camp\/#breadcrumb","itemListElement":[{"@type":"ListItem","position":1,"name":"Accueil","item":"https:\/\/librairie7l.com\/en\/"},{"@type":"ListItem","position":2,"name":"Shop","item":"https:\/\/librairie7l.com\/en\/shop\/"},{"@type":"ListItem","position":3,"name":"SECOND MANIFESTE CAMP"}]},{"@type":"WebSite","@id":"https:\/\/librairie7l.com\/en\/#website","url":"https:\/\/librairie7l.com\/en\/","name":"Librairie 7L","description":"Librairie fond\u00e9e en 1999 par Karl Lagerfeld \u00e0 Paris","publisher":{"@id":"https:\/\/librairie7l.com\/en\/#organization"},"potentialAction":[{"@type":"SearchAction","target":{"@type":"EntryPoint","urlTemplate":"https:\/\/librairie7l.com\/en\/?s={search_term_string}"},"query-input":"required name=search_term_string"}],"inLanguage":"en-US"},{"@type":"Organization","@id":"https:\/\/librairie7l.com\/en\/#organization","name":"Librairie 7L","url":"https:\/\/librairie7l.com\/en\/","logo":{"@type":"ImageObject","inLanguage":"en-US","@id":"https:\/\/librairie7l.com\/en\/#\/schema\/logo\/image\/","url":"https:\/\/librairie7l.com\/wp-content\/uploads\/2022\/08\/logo-1.png","contentUrl":"https:\/\/librairie7l.com\/wp-content\/uploads\/2022\/08\/logo-1.png","width":227,"height":301,"caption":"Librairie 7L"},"image":{"@id":"https:\/\/librairie7l.com\/en\/#\/schema\/logo\/image\/"}}]}},"_links":{"self":[{"href":"https:\/\/librairie7l.com\/en\/wp-json\/wp\/v2\/product\/23267"}],"collection":[{"href":"https:\/\/librairie7l.com\/en\/wp-json\/wp\/v2\/product"}],"about":[{"href":"https:\/\/librairie7l.com\/en\/wp-json\/wp\/v2\/types\/product"}],"wp:featuredmedia":[{"embeddable":true,"href":"https:\/\/librairie7l.com\/en\/wp-json\/wp\/v2\/media\/23265"}],"wp:attachment":[{"href":"https:\/\/librairie7l.com\/en\/wp-json\/wp\/v2\/media?parent=23267"}],"wp:term":[{"taxonomy":"product_cat","embeddable":true,"href":"https:\/\/librairie7l.com\/en\/wp-json\/wp\/v2\/product_cat?post=23267"},{"taxonomy":"product_tag","embeddable":true,"href":"https:\/\/librairie7l.com\/en\/wp-json\/wp\/v2\/product_tag?post=23267"}],"curies":[{"name":"wp","href":"https:\/\/api.w.org\/{rel}","templated":true}]}}