{"id":23275,"date":"2023-05-09T18:52:40","date_gmt":"2023-05-09T16:52:40","guid":{"rendered":"https:\/\/librairie7l.com\/?post_type=product&#038;p=23275"},"modified":"2026-04-09T18:33:31","modified_gmt":"2026-04-09T16:33:31","slug":"albert-laprade","status":"publish","type":"product","link":"https:\/\/librairie7l.com\/en\/produit\/albert-laprade\/","title":{"rendered":"ALBERT LAPRADE"},"content":{"rendered":"<p>L&#8217;oeuvre d&#8217;albert laprade (1883-1978), bien que consid\u00e9rable, est surtout connue du public par la publication de ses carnets de croquis et par le majestueux palais de la porte dor\u00e9e, ancien mus\u00e9e des colonies construit pour l&#8217;exposition coloniale de 1931 \u00e0 paris.<br \/>\n Ce livre retrace son parcours atypique, qui le conduit \u00e0 travailler d&#8217;abord comme collaborateur d&#8217;henri prost dans un maroc domin\u00e9 par la figure de lyautey, puis pour la client\u00e8le fortun\u00e9e et souvent extravagante du premier quart du xxe si\u00e8cle en france, avant d&#8217;acqu\u00e9rir une vraie notori\u00e9t\u00e9 en tant que cr\u00e9ateur de jardins modernes \u00e0 l&#8217;exposition des arts d\u00e9coratifs de paris en 1925.  viendront ensuite les grands projets industriels et monumentaux de la maturit\u00e9 : usines, barrages, centrales \u00e9lectriques, si\u00e8ge de journal, ambassade, pavillons d&#8217;exposition.<br \/>\n Son attention au g\u00e9nie du lieu, son souci de rationalit\u00e9, sa pens\u00e9e socialement orient\u00e9e, une stricte \u00e9ducation classique (il est un compagnon d&#8217;\u00e9tude de jean giraudoux au lyc\u00e9e de ch\u00e2teauroux) dispensent laprade de recourir \u00e0 la provocation esth\u00e9tique pour s&#8217;imposer.  chez lui pas de grands gestes, mais des architectures qui parlent, qui sous-tendent tant\u00f4t une culture, une civilisation \u00e0 l&#8217;exemple de ses r\u00e9alisations marocaines &#8211; la nouvelle ville indig\u00e8ne de casablanca (1916), la r\u00e9sidence g\u00e9n\u00e9rale de rabat (1918) -, tant\u00f4t un usage, \u00e0 l&#8217;instar du garage citro\u00ebn de la rue marbeuf (1929), trait\u00e9 comme un th\u00e9\u00e2tre d&#8217;automobiles ouvert sur la rue, ou encore une volont\u00e9 d&#8217;int\u00e9gration \u00e0 la nature, et c&#8217;est alors le puissant barrage de g\u00e9nissiat (1939).<br \/>\n Apr\u00e8s la seconde guerre mondiale, laprade prend acte du changement qualitatif qui s&#8217;op\u00e8re dans le monde de la construction ; il illustre et d\u00e9fend \u00e0 travers des milliers de dessins le patrimoine non monumental, celui des rues et des espaces publics, celui qui conf\u00e8re du caract\u00e8re \u00e0 un village, \u00e0 une ville.  il laisse de nombreux \u00e9crits en faveur de l&#8217;\u00e9thique professionnelle, du rapprochement des architectes et des ing\u00e9nieurs, de la prise en compte des aspirations du public.<br \/>\n Ce r\u00e9cit th\u00e9matique, qui fait d\u00e9couvrir les \u00e9pisodes d&#8217;une vie de travail foisonnante et \u00e9clectique, croise, pour le plaisir du connaisseur comme du simple curieux, l&#8217;histoire de l&#8217;architecture, de l&#8217;urbanisme et des jardins au xxe si\u00e8cle.<\/p>\n","protected":false},"excerpt":{"rendered":"<p>L&#8217;oeuvre d&#8217;albert laprade (1883-1978), bien que consid\u00e9rable, est surtout connue du public par la publication de ses carnets de croquis et par le majestueux palais de la porte dor\u00e9e, ancien mus\u00e9e des colonies construit pour l&#8217;exposition coloniale de 1931 \u00e0 paris. Ce livre retrace son parcours atypique, qui le conduit \u00e0 travailler d&#8217;abord comme collaborateur [&hellip;]<\/p>\n","protected":false},"featured_media":23273,"template":"","meta":[],"product_cat":[55,2948,22,2950],"product_tag":[],"acf":[],"yoast_head":"<!-- This site is optimized with the Yoast SEO plugin v20.11 - https:\/\/yoast.com\/wordpress\/plugins\/seo\/ -->\n<title>ALBERT LAPRADE - Librairie 7L<\/title>\n<meta name=\"robots\" content=\"index, follow, max-snippet:-1, max-image-preview:large, max-video-preview:-1\" \/>\n<link rel=\"canonical\" href=\"https:\/\/librairie7l.com\/en\/produit\/albert-laprade\/\" \/>\n<meta property=\"og:locale\" content=\"en_US\" \/>\n<meta property=\"og:type\" content=\"article\" \/>\n<meta property=\"og:title\" content=\"ALBERT LAPRADE - Librairie 7L\" \/>\n<meta property=\"og:description\" content=\"L&#8217;oeuvre d&#8217;albert laprade (1883-1978), bien que consid\u00e9rable, est surtout connue du public par la publication de ses carnets de croquis et par le majestueux palais de la porte dor\u00e9e, ancien mus\u00e9e des colonies construit pour l&#8217;exposition coloniale de 1931 \u00e0 paris. Ce livre retrace son parcours atypique, qui le conduit \u00e0 travailler d&#8217;abord comme collaborateur [&hellip;]\" \/>\n<meta property=\"og:url\" content=\"https:\/\/librairie7l.com\/en\/produit\/albert-laprade\/\" \/>\n<meta property=\"og:site_name\" content=\"Librairie 7L\" \/>\n<meta property=\"article:modified_time\" content=\"2026-04-09T16:33:31+00:00\" \/>\n<meta property=\"og:image\" content=\"https:\/\/librairie7l.com\/wp-content\/uploads\/2007\/11\/9782915542110_1_75.jpg\" \/>\n\t<meta property=\"og:image:width\" content=\"653\" \/>\n\t<meta property=\"og:image:height\" content=\"871\" \/>\n\t<meta property=\"og:image:type\" content=\"image\/jpeg\" \/>\n<meta name=\"twitter:card\" content=\"summary_large_image\" \/>\n<meta name=\"twitter:label1\" content=\"Est. reading time\" \/>\n\t<meta name=\"twitter:data1\" content=\"2 minutes\" \/>\n<script type=\"application\/ld+json\" class=\"yoast-schema-graph\">{\"@context\":\"https:\/\/schema.org\",\"@graph\":[{\"@type\":\"WebPage\",\"@id\":\"https:\/\/librairie7l.com\/en\/produit\/albert-laprade\/\",\"url\":\"https:\/\/librairie7l.com\/en\/produit\/albert-laprade\/\",\"name\":\"ALBERT LAPRADE - Librairie 7L\",\"isPartOf\":{\"@id\":\"https:\/\/librairie7l.com\/en\/#website\"},\"datePublished\":\"2023-05-09T16:52:40+00:00\",\"dateModified\":\"2026-04-09T16:33:31+00:00\",\"breadcrumb\":{\"@id\":\"https:\/\/librairie7l.com\/en\/produit\/albert-laprade\/#breadcrumb\"},\"inLanguage\":\"en-US\",\"potentialAction\":[{\"@type\":\"ReadAction\",\"target\":[\"https:\/\/librairie7l.com\/en\/produit\/albert-laprade\/\"]}]},{\"@type\":\"BreadcrumbList\",\"@id\":\"https:\/\/librairie7l.com\/en\/produit\/albert-laprade\/#breadcrumb\",\"itemListElement\":[{\"@type\":\"ListItem\",\"position\":1,\"name\":\"Accueil\",\"item\":\"https:\/\/librairie7l.com\/en\/\"},{\"@type\":\"ListItem\",\"position\":2,\"name\":\"Shop\",\"item\":\"https:\/\/librairie7l.com\/en\/shop\/\"},{\"@type\":\"ListItem\",\"position\":3,\"name\":\"ALBERT LAPRADE\"}]},{\"@type\":\"WebSite\",\"@id\":\"https:\/\/librairie7l.com\/en\/#website\",\"url\":\"https:\/\/librairie7l.com\/en\/\",\"name\":\"Librairie 7L\",\"description\":\"Librairie fond\u00e9e en 1999 par Karl Lagerfeld \u00e0 Paris\",\"publisher\":{\"@id\":\"https:\/\/librairie7l.com\/en\/#organization\"},\"potentialAction\":[{\"@type\":\"SearchAction\",\"target\":{\"@type\":\"EntryPoint\",\"urlTemplate\":\"https:\/\/librairie7l.com\/en\/?s={search_term_string}\"},\"query-input\":\"required name=search_term_string\"}],\"inLanguage\":\"en-US\"},{\"@type\":\"Organization\",\"@id\":\"https:\/\/librairie7l.com\/en\/#organization\",\"name\":\"Librairie 7L\",\"url\":\"https:\/\/librairie7l.com\/en\/\",\"logo\":{\"@type\":\"ImageObject\",\"inLanguage\":\"en-US\",\"@id\":\"https:\/\/librairie7l.com\/en\/#\/schema\/logo\/image\/\",\"url\":\"https:\/\/librairie7l.com\/wp-content\/uploads\/2022\/08\/logo-1.png\",\"contentUrl\":\"https:\/\/librairie7l.com\/wp-content\/uploads\/2022\/08\/logo-1.png\",\"width\":227,\"height\":301,\"caption\":\"Librairie 7L\"},\"image\":{\"@id\":\"https:\/\/librairie7l.com\/en\/#\/schema\/logo\/image\/\"}}]}<\/script>\n<!-- \/ Yoast SEO plugin. -->","yoast_head_json":{"title":"ALBERT LAPRADE - Librairie 7L","robots":{"index":"index","follow":"follow","max-snippet":"max-snippet:-1","max-image-preview":"max-image-preview:large","max-video-preview":"max-video-preview:-1"},"canonical":"https:\/\/librairie7l.com\/en\/produit\/albert-laprade\/","og_locale":"en_US","og_type":"article","og_title":"ALBERT LAPRADE - Librairie 7L","og_description":"L&#8217;oeuvre d&#8217;albert laprade (1883-1978), bien que consid\u00e9rable, est surtout connue du public par la publication de ses carnets de croquis et par le majestueux palais de la porte dor\u00e9e, ancien mus\u00e9e des colonies construit pour l&#8217;exposition coloniale de 1931 \u00e0 paris. Ce livre retrace son parcours atypique, qui le conduit \u00e0 travailler d&#8217;abord comme collaborateur [&hellip;]","og_url":"https:\/\/librairie7l.com\/en\/produit\/albert-laprade\/","og_site_name":"Librairie 7L","article_modified_time":"2026-04-09T16:33:31+00:00","og_image":[{"width":653,"height":871,"url":"https:\/\/librairie7l.com\/wp-content\/uploads\/2007\/11\/9782915542110_1_75.jpg","type":"image\/jpeg"}],"twitter_card":"summary_large_image","twitter_misc":{"Est. reading time":"2 minutes"},"schema":{"@context":"https:\/\/schema.org","@graph":[{"@type":"WebPage","@id":"https:\/\/librairie7l.com\/en\/produit\/albert-laprade\/","url":"https:\/\/librairie7l.com\/en\/produit\/albert-laprade\/","name":"ALBERT LAPRADE - Librairie 7L","isPartOf":{"@id":"https:\/\/librairie7l.com\/en\/#website"},"datePublished":"2023-05-09T16:52:40+00:00","dateModified":"2026-04-09T16:33:31+00:00","breadcrumb":{"@id":"https:\/\/librairie7l.com\/en\/produit\/albert-laprade\/#breadcrumb"},"inLanguage":"en-US","potentialAction":[{"@type":"ReadAction","target":["https:\/\/librairie7l.com\/en\/produit\/albert-laprade\/"]}]},{"@type":"BreadcrumbList","@id":"https:\/\/librairie7l.com\/en\/produit\/albert-laprade\/#breadcrumb","itemListElement":[{"@type":"ListItem","position":1,"name":"Accueil","item":"https:\/\/librairie7l.com\/en\/"},{"@type":"ListItem","position":2,"name":"Shop","item":"https:\/\/librairie7l.com\/en\/shop\/"},{"@type":"ListItem","position":3,"name":"ALBERT LAPRADE"}]},{"@type":"WebSite","@id":"https:\/\/librairie7l.com\/en\/#website","url":"https:\/\/librairie7l.com\/en\/","name":"Librairie 7L","description":"Librairie fond\u00e9e en 1999 par Karl Lagerfeld \u00e0 Paris","publisher":{"@id":"https:\/\/librairie7l.com\/en\/#organization"},"potentialAction":[{"@type":"SearchAction","target":{"@type":"EntryPoint","urlTemplate":"https:\/\/librairie7l.com\/en\/?s={search_term_string}"},"query-input":"required name=search_term_string"}],"inLanguage":"en-US"},{"@type":"Organization","@id":"https:\/\/librairie7l.com\/en\/#organization","name":"Librairie 7L","url":"https:\/\/librairie7l.com\/en\/","logo":{"@type":"ImageObject","inLanguage":"en-US","@id":"https:\/\/librairie7l.com\/en\/#\/schema\/logo\/image\/","url":"https:\/\/librairie7l.com\/wp-content\/uploads\/2022\/08\/logo-1.png","contentUrl":"https:\/\/librairie7l.com\/wp-content\/uploads\/2022\/08\/logo-1.png","width":227,"height":301,"caption":"Librairie 7L"},"image":{"@id":"https:\/\/librairie7l.com\/en\/#\/schema\/logo\/image\/"}}]}},"_links":{"self":[{"href":"https:\/\/librairie7l.com\/en\/wp-json\/wp\/v2\/product\/23275"}],"collection":[{"href":"https:\/\/librairie7l.com\/en\/wp-json\/wp\/v2\/product"}],"about":[{"href":"https:\/\/librairie7l.com\/en\/wp-json\/wp\/v2\/types\/product"}],"wp:featuredmedia":[{"embeddable":true,"href":"https:\/\/librairie7l.com\/en\/wp-json\/wp\/v2\/media\/23273"}],"wp:attachment":[{"href":"https:\/\/librairie7l.com\/en\/wp-json\/wp\/v2\/media?parent=23275"}],"wp:term":[{"taxonomy":"product_cat","embeddable":true,"href":"https:\/\/librairie7l.com\/en\/wp-json\/wp\/v2\/product_cat?post=23275"},{"taxonomy":"product_tag","embeddable":true,"href":"https:\/\/librairie7l.com\/en\/wp-json\/wp\/v2\/product_tag?post=23275"}],"curies":[{"name":"wp","href":"https:\/\/api.w.org\/{rel}","templated":true}]}}