{"id":23291,"date":"2023-05-09T18:52:54","date_gmt":"2023-05-09T16:52:54","guid":{"rendered":"https:\/\/librairie7l.com\/?post_type=product&#038;p=23291"},"modified":"2026-04-20T06:06:27","modified_gmt":"2026-04-20T04:06:27","slug":"ruhlmann","status":"publish","type":"product","link":"https:\/\/librairie7l.com\/en\/produit\/ruhlmann\/","title":{"rendered":"RUHLMANN"},"content":{"rendered":"<p>Autodidacte, inventif, guid\u00e9 par le sens de l&#8217;excellence, Jacques Emile Ruhlmann qualifi\u00e9 par ses contemporains de &#8221; Riesener du XXe si\u00e8cle &#8221; bien qu&#8217;il ne f\u00fbt pas \u00e9b\u00e9niste a en vingt ans de carri\u00e8re, cr\u00e9\u00e9 plus de meubles et de si\u00e8ges que l&#8217;ensemble de ses confr\u00e8res meubliers.<br \/>\nLe mobilier raffin\u00e9 et personnalis\u00e9, dont il dessine les mod\u00e8les, rencontre tr\u00e8s vite l&#8217;engouement d&#8217;une client\u00e8le \u00e9prise de luxe et flatt\u00e9e d&#8217;\u00eatre associ\u00e9e \u00e0 la cr\u00e9ation contemporaine et lui assure une renomm\u00e9e internationale. Fruit de nombreuses ann\u00e9es de recherches, le livre de Florence Camard est d\u00e9finitif et exhaustif. Le r\u00e9pertoire typologique du mobilier et le Cdrom annex\u00e9 \u00e0 cette publication en font l&#8217;ouvrage le plus complet qui ait \u00e9t\u00e9 publi\u00e9 sur Ruhlmann.<\/p>\n","protected":false},"excerpt":{"rendered":"<p>Autodidacte, inventif, guid\u00e9 par le sens de l&#8217;excellence, Jacques Emile Ruhlmann qualifi\u00e9 par ses contemporains de &#8221; Riesener du XXe si\u00e8cle &#8221; bien qu&#8217;il ne f\u00fbt pas \u00e9b\u00e9niste a en vingt ans de carri\u00e8re, cr\u00e9\u00e9 plus de meubles et de si\u00e8ges que l&#8217;ensemble de ses confr\u00e8res meubliers. Le mobilier raffin\u00e9 et personnalis\u00e9, dont il dessine [&hellip;]<\/p>\n","protected":false},"featured_media":23289,"template":"","meta":[],"product_cat":[55,2948,18,2952],"product_tag":[],"acf":[],"yoast_head":"<!-- This site is optimized with the Yoast SEO plugin v20.11 - https:\/\/yoast.com\/wordpress\/plugins\/seo\/ -->\n<title>RUHLMANN - Librairie 7L<\/title>\n<meta name=\"robots\" content=\"index, follow, max-snippet:-1, max-image-preview:large, max-video-preview:-1\" \/>\n<link rel=\"canonical\" href=\"https:\/\/librairie7l.com\/en\/produit\/ruhlmann\/\" \/>\n<meta property=\"og:locale\" content=\"en_US\" \/>\n<meta property=\"og:type\" content=\"article\" \/>\n<meta property=\"og:title\" content=\"RUHLMANN - Librairie 7L\" \/>\n<meta property=\"og:description\" content=\"Autodidacte, inventif, guid\u00e9 par le sens de l&#8217;excellence, Jacques Emile Ruhlmann qualifi\u00e9 par ses contemporains de &#8221; Riesener du XXe si\u00e8cle &#8221; bien qu&#8217;il ne f\u00fbt pas \u00e9b\u00e9niste a en vingt ans de carri\u00e8re, cr\u00e9\u00e9 plus de meubles et de si\u00e8ges que l&#8217;ensemble de ses confr\u00e8res meubliers. Le mobilier raffin\u00e9 et personnalis\u00e9, dont il dessine [&hellip;]\" \/>\n<meta property=\"og:url\" content=\"https:\/\/librairie7l.com\/en\/produit\/ruhlmann\/\" \/>\n<meta property=\"og:site_name\" content=\"Librairie 7L\" \/>\n<meta property=\"article:modified_time\" content=\"2026-04-20T04:06:27+00:00\" \/>\n<meta property=\"og:image\" content=\"https:\/\/librairie7l.com\/wp-content\/uploads\/2009\/11\/9782903824662_1_75.jpg\" \/>\n\t<meta property=\"og:image:width\" content=\"396\" \/>\n\t<meta property=\"og:image:height\" content=\"475\" \/>\n\t<meta property=\"og:image:type\" content=\"image\/jpeg\" \/>\n<meta name=\"twitter:card\" content=\"summary_large_image\" \/>\n<meta name=\"twitter:label1\" content=\"Est. reading time\" \/>\n\t<meta name=\"twitter:data1\" content=\"1 minute\" \/>\n<script type=\"application\/ld+json\" class=\"yoast-schema-graph\">{\"@context\":\"https:\/\/schema.org\",\"@graph\":[{\"@type\":\"WebPage\",\"@id\":\"https:\/\/librairie7l.com\/en\/produit\/ruhlmann\/\",\"url\":\"https:\/\/librairie7l.com\/en\/produit\/ruhlmann\/\",\"name\":\"RUHLMANN - Librairie 7L\",\"isPartOf\":{\"@id\":\"https:\/\/librairie7l.com\/en\/#website\"},\"datePublished\":\"2023-05-09T16:52:54+00:00\",\"dateModified\":\"2026-04-20T04:06:27+00:00\",\"breadcrumb\":{\"@id\":\"https:\/\/librairie7l.com\/en\/produit\/ruhlmann\/#breadcrumb\"},\"inLanguage\":\"en-US\",\"potentialAction\":[{\"@type\":\"ReadAction\",\"target\":[\"https:\/\/librairie7l.com\/en\/produit\/ruhlmann\/\"]}]},{\"@type\":\"BreadcrumbList\",\"@id\":\"https:\/\/librairie7l.com\/en\/produit\/ruhlmann\/#breadcrumb\",\"itemListElement\":[{\"@type\":\"ListItem\",\"position\":1,\"name\":\"Accueil\",\"item\":\"https:\/\/librairie7l.com\/en\/\"},{\"@type\":\"ListItem\",\"position\":2,\"name\":\"Shop\",\"item\":\"https:\/\/librairie7l.com\/en\/shop\/\"},{\"@type\":\"ListItem\",\"position\":3,\"name\":\"RUHLMANN\"}]},{\"@type\":\"WebSite\",\"@id\":\"https:\/\/librairie7l.com\/en\/#website\",\"url\":\"https:\/\/librairie7l.com\/en\/\",\"name\":\"Librairie 7L\",\"description\":\"Librairie fond\u00e9e en 1999 par Karl Lagerfeld \u00e0 Paris\",\"publisher\":{\"@id\":\"https:\/\/librairie7l.com\/en\/#organization\"},\"potentialAction\":[{\"@type\":\"SearchAction\",\"target\":{\"@type\":\"EntryPoint\",\"urlTemplate\":\"https:\/\/librairie7l.com\/en\/?s={search_term_string}\"},\"query-input\":\"required name=search_term_string\"}],\"inLanguage\":\"en-US\"},{\"@type\":\"Organization\",\"@id\":\"https:\/\/librairie7l.com\/en\/#organization\",\"name\":\"Librairie 7L\",\"url\":\"https:\/\/librairie7l.com\/en\/\",\"logo\":{\"@type\":\"ImageObject\",\"inLanguage\":\"en-US\",\"@id\":\"https:\/\/librairie7l.com\/en\/#\/schema\/logo\/image\/\",\"url\":\"https:\/\/librairie7l.com\/wp-content\/uploads\/2022\/08\/logo-1.png\",\"contentUrl\":\"https:\/\/librairie7l.com\/wp-content\/uploads\/2022\/08\/logo-1.png\",\"width\":227,\"height\":301,\"caption\":\"Librairie 7L\"},\"image\":{\"@id\":\"https:\/\/librairie7l.com\/en\/#\/schema\/logo\/image\/\"}}]}<\/script>\n<!-- \/ Yoast SEO plugin. -->","yoast_head_json":{"title":"RUHLMANN - Librairie 7L","robots":{"index":"index","follow":"follow","max-snippet":"max-snippet:-1","max-image-preview":"max-image-preview:large","max-video-preview":"max-video-preview:-1"},"canonical":"https:\/\/librairie7l.com\/en\/produit\/ruhlmann\/","og_locale":"en_US","og_type":"article","og_title":"RUHLMANN - Librairie 7L","og_description":"Autodidacte, inventif, guid\u00e9 par le sens de l&#8217;excellence, Jacques Emile Ruhlmann qualifi\u00e9 par ses contemporains de &#8221; Riesener du XXe si\u00e8cle &#8221; bien qu&#8217;il ne f\u00fbt pas \u00e9b\u00e9niste a en vingt ans de carri\u00e8re, cr\u00e9\u00e9 plus de meubles et de si\u00e8ges que l&#8217;ensemble de ses confr\u00e8res meubliers. Le mobilier raffin\u00e9 et personnalis\u00e9, dont il dessine [&hellip;]","og_url":"https:\/\/librairie7l.com\/en\/produit\/ruhlmann\/","og_site_name":"Librairie 7L","article_modified_time":"2026-04-20T04:06:27+00:00","og_image":[{"width":396,"height":475,"url":"https:\/\/librairie7l.com\/wp-content\/uploads\/2009\/11\/9782903824662_1_75.jpg","type":"image\/jpeg"}],"twitter_card":"summary_large_image","twitter_misc":{"Est. reading time":"1 minute"},"schema":{"@context":"https:\/\/schema.org","@graph":[{"@type":"WebPage","@id":"https:\/\/librairie7l.com\/en\/produit\/ruhlmann\/","url":"https:\/\/librairie7l.com\/en\/produit\/ruhlmann\/","name":"RUHLMANN - Librairie 7L","isPartOf":{"@id":"https:\/\/librairie7l.com\/en\/#website"},"datePublished":"2023-05-09T16:52:54+00:00","dateModified":"2026-04-20T04:06:27+00:00","breadcrumb":{"@id":"https:\/\/librairie7l.com\/en\/produit\/ruhlmann\/#breadcrumb"},"inLanguage":"en-US","potentialAction":[{"@type":"ReadAction","target":["https:\/\/librairie7l.com\/en\/produit\/ruhlmann\/"]}]},{"@type":"BreadcrumbList","@id":"https:\/\/librairie7l.com\/en\/produit\/ruhlmann\/#breadcrumb","itemListElement":[{"@type":"ListItem","position":1,"name":"Accueil","item":"https:\/\/librairie7l.com\/en\/"},{"@type":"ListItem","position":2,"name":"Shop","item":"https:\/\/librairie7l.com\/en\/shop\/"},{"@type":"ListItem","position":3,"name":"RUHLMANN"}]},{"@type":"WebSite","@id":"https:\/\/librairie7l.com\/en\/#website","url":"https:\/\/librairie7l.com\/en\/","name":"Librairie 7L","description":"Librairie fond\u00e9e en 1999 par Karl Lagerfeld \u00e0 Paris","publisher":{"@id":"https:\/\/librairie7l.com\/en\/#organization"},"potentialAction":[{"@type":"SearchAction","target":{"@type":"EntryPoint","urlTemplate":"https:\/\/librairie7l.com\/en\/?s={search_term_string}"},"query-input":"required name=search_term_string"}],"inLanguage":"en-US"},{"@type":"Organization","@id":"https:\/\/librairie7l.com\/en\/#organization","name":"Librairie 7L","url":"https:\/\/librairie7l.com\/en\/","logo":{"@type":"ImageObject","inLanguage":"en-US","@id":"https:\/\/librairie7l.com\/en\/#\/schema\/logo\/image\/","url":"https:\/\/librairie7l.com\/wp-content\/uploads\/2022\/08\/logo-1.png","contentUrl":"https:\/\/librairie7l.com\/wp-content\/uploads\/2022\/08\/logo-1.png","width":227,"height":301,"caption":"Librairie 7L"},"image":{"@id":"https:\/\/librairie7l.com\/en\/#\/schema\/logo\/image\/"}}]}},"_links":{"self":[{"href":"https:\/\/librairie7l.com\/en\/wp-json\/wp\/v2\/product\/23291"}],"collection":[{"href":"https:\/\/librairie7l.com\/en\/wp-json\/wp\/v2\/product"}],"about":[{"href":"https:\/\/librairie7l.com\/en\/wp-json\/wp\/v2\/types\/product"}],"wp:featuredmedia":[{"embeddable":true,"href":"https:\/\/librairie7l.com\/en\/wp-json\/wp\/v2\/media\/23289"}],"wp:attachment":[{"href":"https:\/\/librairie7l.com\/en\/wp-json\/wp\/v2\/media?parent=23291"}],"wp:term":[{"taxonomy":"product_cat","embeddable":true,"href":"https:\/\/librairie7l.com\/en\/wp-json\/wp\/v2\/product_cat?post=23291"},{"taxonomy":"product_tag","embeddable":true,"href":"https:\/\/librairie7l.com\/en\/wp-json\/wp\/v2\/product_tag?post=23291"}],"curies":[{"name":"wp","href":"https:\/\/api.w.org\/{rel}","templated":true}]}}