{"id":23295,"date":"2023-05-09T18:52:57","date_gmt":"2023-05-09T16:52:57","guid":{"rendered":"https:\/\/librairie7l.com\/?post_type=product&#038;p=23295"},"modified":"2026-04-20T04:09:11","modified_gmt":"2026-04-20T02:09:11","slug":"lanel-luc-et-marjolaine","status":"publish","type":"product","link":"https:\/\/librairie7l.com\/en\/produit\/lanel-luc-et-marjolaine\/","title":{"rendered":"LANEL LUC ET MARJOLAINE"},"content":{"rendered":"<p>Luc Lanel (1893-1965) et Marjolaine Lanel (1897-1976) occupent une place singuli\u00e8re dans les arts d\u00e9coratifs de la premi\u00e8re moiti\u00e9 du XX\u00b0 si\u00e8cle.<br \/>\nL&#8217;orf\u00e8vrerie de Luc Lanel est assimil\u00e9e \u00e0 l&#8217;Art d\u00e9co, alors que leur c\u00e9ramique s&#8217;inscrit dans le style des ann\u00e9es 40. Gr\u00e2ce aux archives de la maison Christofle et \u00e0 celles de la famille Lanel, cet ouvrage pr\u00e9sente les aspects successifs d&#8217;une double carri\u00e8re, dont une des originalit\u00e9s est d&#8217;\u00eatre divis\u00e9e entre industrie et artisanat. Dessinateur publicitaire de talent, Luc Lanel entre en 1920 comme chef de la galvanoplastie chez Christofle, o\u00f9 il lance une ligne de dinanderie.<br \/>\nSes premi\u00e8res pi\u00e8ces, oeuvres originales et bon march\u00e9 pr\u00e9sent\u00e9es \u00e0 l&#8217;Exposition internationale de 1925, contribueront \u00e0 la renomm\u00e9e de la maison. Nomm\u00e9 directeur artistique, il cr\u00e9e pendant un quart de si\u00e8cle, parall\u00e8lement \u00e0 l&#8217;orf\u00e8vrerie d&#8217;usage qui \u00e9quipe palaces et paquebots de la Transatlantique, des pi\u00e8ces d&#8217;apparat aussi bien que liturgiques. Si Marjolaine Lanel est g\u00e9n\u00e9ralement consid\u00e9r\u00e9e comme la c\u00e9ramiste du couple, l&#8217;\u00e9tude de leur carri\u00e8re r\u00e9v\u00e8le qu&#8217;ils travaillent ensemble d\u00e8s les ann\u00e9es 20.<br \/>\nLe mari tourne les pi\u00e8ces que sa femme \u00e9maille, et le tandem signe &#8221; Marjolaine Luc Lanel &#8220;, signifiant ainsi leur \u00e9troite collaboration. Ils affirment d\u00e9j\u00e0 une pr\u00e9f\u00e9rence pour la fa\u00efence stannif\u00e8re, tout en conservant des d\u00e9cors g\u00e9om\u00e9triques proches de ceux des dinanderies. Malgr\u00e9 la cons\u00e9cration du Salon des artistes d\u00e9corateurs, du Salon de la Soci\u00e9t\u00e9 nationale des beaux-arts en 1928 et la pr\u00e9sentation de jarres monumentales \u00e0 l&#8217;Exposition coloniale de 1931, l&#8217;activit\u00e9 c\u00e9ramiste des Lanel reste secondaire jusqu&#8217;en 1946, date \u00e0 laquelle Luc Lanel quitte Christofle.<br \/>\nD\u00e8s lors, outre des collaborations avec des d\u00e9corateurs comme Leleu, Moreux ou Dev\u00e8che, le couple d\u00e9veloppe une c\u00e9ramique architecturale tr\u00e8s personnelle, enrichie de d\u00e9tails baroques et naturalistes, dans laquelle il donne libre cours \u00e0 sa fantaisie, jouant sur les contrastes de formes, de relief et de plat, de terre crue et d&#8217;\u00e9mail. L&#8217;\u00e9tonnante qualit\u00e9 d\u00e9corative de ce travail, reconnue par la post\u00e9rit\u00e9, s&#8217;\u00e9panouit dans les importantes commandes qu&#8217;ils r\u00e9alisent pour l&#8217;\u00c9lys\u00e9e et pour les paquebots Cambodge et Antilles.<\/p>\n","protected":false},"excerpt":{"rendered":"<p>Luc Lanel (1893-1965) et Marjolaine Lanel (1897-1976) occupent une place singuli\u00e8re dans les arts d\u00e9coratifs de la premi\u00e8re moiti\u00e9 du XX\u00b0 si\u00e8cle. L&#8217;orf\u00e8vrerie de Luc Lanel est assimil\u00e9e \u00e0 l&#8217;Art d\u00e9co, alors que leur c\u00e9ramique s&#8217;inscrit dans le style des ann\u00e9es 40. Gr\u00e2ce aux archives de la maison Christofle et \u00e0 celles de la famille [&hellip;]<\/p>\n","protected":false},"featured_media":23293,"template":"","meta":[],"product_cat":[55,2948,18,2952],"product_tag":[],"acf":[],"yoast_head":"<!-- This site is optimized with the Yoast SEO plugin v20.11 - https:\/\/yoast.com\/wordpress\/plugins\/seo\/ -->\n<title>LANEL LUC ET MARJOLAINE - Librairie 7L<\/title>\n<meta name=\"robots\" content=\"index, follow, max-snippet:-1, max-image-preview:large, max-video-preview:-1\" \/>\n<link rel=\"canonical\" href=\"https:\/\/librairie7l.com\/en\/produit\/lanel-luc-et-marjolaine\/\" \/>\n<meta property=\"og:locale\" content=\"en_US\" \/>\n<meta property=\"og:type\" content=\"article\" \/>\n<meta property=\"og:title\" content=\"LANEL LUC ET MARJOLAINE - Librairie 7L\" \/>\n<meta property=\"og:description\" content=\"Luc Lanel (1893-1965) et Marjolaine Lanel (1897-1976) occupent une place singuli\u00e8re dans les arts d\u00e9coratifs de la premi\u00e8re moiti\u00e9 du XX\u00b0 si\u00e8cle. L&#8217;orf\u00e8vrerie de Luc Lanel est assimil\u00e9e \u00e0 l&#8217;Art d\u00e9co, alors que leur c\u00e9ramique s&#8217;inscrit dans le style des ann\u00e9es 40. Gr\u00e2ce aux archives de la maison Christofle et \u00e0 celles de la famille [&hellip;]\" \/>\n<meta property=\"og:url\" content=\"https:\/\/librairie7l.com\/en\/produit\/lanel-luc-et-marjolaine\/\" \/>\n<meta property=\"og:site_name\" content=\"Librairie 7L\" \/>\n<meta property=\"article:modified_time\" content=\"2026-04-20T02:09:11+00:00\" \/>\n<meta property=\"og:image\" content=\"https:\/\/librairie7l.com\/wp-content\/uploads\/2005\/11\/9782909283999_1_75.jpg\" \/>\n\t<meta property=\"og:image:width\" content=\"644\" \/>\n\t<meta property=\"og:image:height\" content=\"868\" \/>\n\t<meta property=\"og:image:type\" content=\"image\/jpeg\" \/>\n<meta name=\"twitter:card\" content=\"summary_large_image\" \/>\n<meta name=\"twitter:label1\" content=\"Est. reading time\" \/>\n\t<meta name=\"twitter:data1\" content=\"2 minutes\" \/>\n<script type=\"application\/ld+json\" class=\"yoast-schema-graph\">{\"@context\":\"https:\/\/schema.org\",\"@graph\":[{\"@type\":\"WebPage\",\"@id\":\"https:\/\/librairie7l.com\/en\/produit\/lanel-luc-et-marjolaine\/\",\"url\":\"https:\/\/librairie7l.com\/en\/produit\/lanel-luc-et-marjolaine\/\",\"name\":\"LANEL LUC ET MARJOLAINE - Librairie 7L\",\"isPartOf\":{\"@id\":\"https:\/\/librairie7l.com\/en\/#website\"},\"datePublished\":\"2023-05-09T16:52:57+00:00\",\"dateModified\":\"2026-04-20T02:09:11+00:00\",\"breadcrumb\":{\"@id\":\"https:\/\/librairie7l.com\/en\/produit\/lanel-luc-et-marjolaine\/#breadcrumb\"},\"inLanguage\":\"en-US\",\"potentialAction\":[{\"@type\":\"ReadAction\",\"target\":[\"https:\/\/librairie7l.com\/en\/produit\/lanel-luc-et-marjolaine\/\"]}]},{\"@type\":\"BreadcrumbList\",\"@id\":\"https:\/\/librairie7l.com\/en\/produit\/lanel-luc-et-marjolaine\/#breadcrumb\",\"itemListElement\":[{\"@type\":\"ListItem\",\"position\":1,\"name\":\"Accueil\",\"item\":\"https:\/\/librairie7l.com\/en\/\"},{\"@type\":\"ListItem\",\"position\":2,\"name\":\"Shop\",\"item\":\"https:\/\/librairie7l.com\/en\/shop\/\"},{\"@type\":\"ListItem\",\"position\":3,\"name\":\"LANEL LUC ET MARJOLAINE\"}]},{\"@type\":\"WebSite\",\"@id\":\"https:\/\/librairie7l.com\/en\/#website\",\"url\":\"https:\/\/librairie7l.com\/en\/\",\"name\":\"Librairie 7L\",\"description\":\"Librairie fond\u00e9e en 1999 par Karl Lagerfeld \u00e0 Paris\",\"publisher\":{\"@id\":\"https:\/\/librairie7l.com\/en\/#organization\"},\"potentialAction\":[{\"@type\":\"SearchAction\",\"target\":{\"@type\":\"EntryPoint\",\"urlTemplate\":\"https:\/\/librairie7l.com\/en\/?s={search_term_string}\"},\"query-input\":\"required name=search_term_string\"}],\"inLanguage\":\"en-US\"},{\"@type\":\"Organization\",\"@id\":\"https:\/\/librairie7l.com\/en\/#organization\",\"name\":\"Librairie 7L\",\"url\":\"https:\/\/librairie7l.com\/en\/\",\"logo\":{\"@type\":\"ImageObject\",\"inLanguage\":\"en-US\",\"@id\":\"https:\/\/librairie7l.com\/en\/#\/schema\/logo\/image\/\",\"url\":\"https:\/\/librairie7l.com\/wp-content\/uploads\/2022\/08\/logo-1.png\",\"contentUrl\":\"https:\/\/librairie7l.com\/wp-content\/uploads\/2022\/08\/logo-1.png\",\"width\":227,\"height\":301,\"caption\":\"Librairie 7L\"},\"image\":{\"@id\":\"https:\/\/librairie7l.com\/en\/#\/schema\/logo\/image\/\"}}]}<\/script>\n<!-- \/ Yoast SEO plugin. -->","yoast_head_json":{"title":"LANEL LUC ET MARJOLAINE - Librairie 7L","robots":{"index":"index","follow":"follow","max-snippet":"max-snippet:-1","max-image-preview":"max-image-preview:large","max-video-preview":"max-video-preview:-1"},"canonical":"https:\/\/librairie7l.com\/en\/produit\/lanel-luc-et-marjolaine\/","og_locale":"en_US","og_type":"article","og_title":"LANEL LUC ET MARJOLAINE - Librairie 7L","og_description":"Luc Lanel (1893-1965) et Marjolaine Lanel (1897-1976) occupent une place singuli\u00e8re dans les arts d\u00e9coratifs de la premi\u00e8re moiti\u00e9 du XX\u00b0 si\u00e8cle. L&#8217;orf\u00e8vrerie de Luc Lanel est assimil\u00e9e \u00e0 l&#8217;Art d\u00e9co, alors que leur c\u00e9ramique s&#8217;inscrit dans le style des ann\u00e9es 40. Gr\u00e2ce aux archives de la maison Christofle et \u00e0 celles de la famille [&hellip;]","og_url":"https:\/\/librairie7l.com\/en\/produit\/lanel-luc-et-marjolaine\/","og_site_name":"Librairie 7L","article_modified_time":"2026-04-20T02:09:11+00:00","og_image":[{"width":644,"height":868,"url":"https:\/\/librairie7l.com\/wp-content\/uploads\/2005\/11\/9782909283999_1_75.jpg","type":"image\/jpeg"}],"twitter_card":"summary_large_image","twitter_misc":{"Est. reading time":"2 minutes"},"schema":{"@context":"https:\/\/schema.org","@graph":[{"@type":"WebPage","@id":"https:\/\/librairie7l.com\/en\/produit\/lanel-luc-et-marjolaine\/","url":"https:\/\/librairie7l.com\/en\/produit\/lanel-luc-et-marjolaine\/","name":"LANEL LUC ET MARJOLAINE - Librairie 7L","isPartOf":{"@id":"https:\/\/librairie7l.com\/en\/#website"},"datePublished":"2023-05-09T16:52:57+00:00","dateModified":"2026-04-20T02:09:11+00:00","breadcrumb":{"@id":"https:\/\/librairie7l.com\/en\/produit\/lanel-luc-et-marjolaine\/#breadcrumb"},"inLanguage":"en-US","potentialAction":[{"@type":"ReadAction","target":["https:\/\/librairie7l.com\/en\/produit\/lanel-luc-et-marjolaine\/"]}]},{"@type":"BreadcrumbList","@id":"https:\/\/librairie7l.com\/en\/produit\/lanel-luc-et-marjolaine\/#breadcrumb","itemListElement":[{"@type":"ListItem","position":1,"name":"Accueil","item":"https:\/\/librairie7l.com\/en\/"},{"@type":"ListItem","position":2,"name":"Shop","item":"https:\/\/librairie7l.com\/en\/shop\/"},{"@type":"ListItem","position":3,"name":"LANEL LUC ET MARJOLAINE"}]},{"@type":"WebSite","@id":"https:\/\/librairie7l.com\/en\/#website","url":"https:\/\/librairie7l.com\/en\/","name":"Librairie 7L","description":"Librairie fond\u00e9e en 1999 par Karl Lagerfeld \u00e0 Paris","publisher":{"@id":"https:\/\/librairie7l.com\/en\/#organization"},"potentialAction":[{"@type":"SearchAction","target":{"@type":"EntryPoint","urlTemplate":"https:\/\/librairie7l.com\/en\/?s={search_term_string}"},"query-input":"required name=search_term_string"}],"inLanguage":"en-US"},{"@type":"Organization","@id":"https:\/\/librairie7l.com\/en\/#organization","name":"Librairie 7L","url":"https:\/\/librairie7l.com\/en\/","logo":{"@type":"ImageObject","inLanguage":"en-US","@id":"https:\/\/librairie7l.com\/en\/#\/schema\/logo\/image\/","url":"https:\/\/librairie7l.com\/wp-content\/uploads\/2022\/08\/logo-1.png","contentUrl":"https:\/\/librairie7l.com\/wp-content\/uploads\/2022\/08\/logo-1.png","width":227,"height":301,"caption":"Librairie 7L"},"image":{"@id":"https:\/\/librairie7l.com\/en\/#\/schema\/logo\/image\/"}}]}},"_links":{"self":[{"href":"https:\/\/librairie7l.com\/en\/wp-json\/wp\/v2\/product\/23295"}],"collection":[{"href":"https:\/\/librairie7l.com\/en\/wp-json\/wp\/v2\/product"}],"about":[{"href":"https:\/\/librairie7l.com\/en\/wp-json\/wp\/v2\/types\/product"}],"wp:featuredmedia":[{"embeddable":true,"href":"https:\/\/librairie7l.com\/en\/wp-json\/wp\/v2\/media\/23293"}],"wp:attachment":[{"href":"https:\/\/librairie7l.com\/en\/wp-json\/wp\/v2\/media?parent=23295"}],"wp:term":[{"taxonomy":"product_cat","embeddable":true,"href":"https:\/\/librairie7l.com\/en\/wp-json\/wp\/v2\/product_cat?post=23295"},{"taxonomy":"product_tag","embeddable":true,"href":"https:\/\/librairie7l.com\/en\/wp-json\/wp\/v2\/product_tag?post=23295"}],"curies":[{"name":"wp","href":"https:\/\/api.w.org\/{rel}","templated":true}]}}