{"id":23307,"date":"2023-05-09T18:53:09","date_gmt":"2023-05-09T16:53:09","guid":{"rendered":"https:\/\/librairie7l.com\/?post_type=product&#038;p=23307"},"modified":"2026-04-23T04:46:41","modified_gmt":"2026-04-23T02:46:41","slug":"roger-collet-1933-2008-tourneur-et-poete-2","status":"publish","type":"product","link":"https:\/\/librairie7l.com\/en\/produit\/roger-collet-1933-2008-tourneur-et-poete-2\/","title":{"rendered":"ROGER COLLET (1933-2008) ; TOURNEUR ET PO\u00c8TE"},"content":{"rendered":"<p>Roger Collet a \u00e9t\u00e9 une des personnalit\u00e9s marquantes de la c\u00e9ramique vallaurienne des ann\u00e9es 50 jusqu&#8217;\u00e0 aujourd&#8217;hui.<br \/>\nN\u00e9 en 1933 \u00e0 Lausanne, il arrive \u00e0 Vallauris en 1956 et se lie d&#8217;amiti\u00e9 avec de nombreux artistes arriv\u00e9s dans le midi apr\u00e8s la Seconde Guerre mondiale \u00e0 la suite de Picasso.<br \/>\nApr\u00e8s 10 ans de travail pour diff\u00e9rents c\u00e9ramistes (Fernande Kohler, Robert P\u00e9rot, Roger Capron,&#8230;), il ouvre son propre atelier en 1966.<br \/>\nIl obtient une M\u00e9daille d&#8217;or en 1968, \u00e0 la premi\u00e8re Biennale de c\u00e9ramique de Vallauris, puis une autre M\u00e9daille d&#8217;or au Concours International de c\u00e9ramique de Faenza en 1977.<br \/>\nIl travaille tout d&#8217;abord la terre de Vallauris puis en 1972 ach\u00e8te un four \u00e0 gr\u00e8s et affine sa production en utilisant le gr\u00e8s et la porcelaine.<br \/>\nA partir de 1983, il modifie de nouveau son travail en r\u00e9alisant des c\u00e9ladons inspir\u00e9s par les c\u00e9ramiques des Song.<br \/>\nAu long de sa carri\u00e8re, Roger Collet a souvent collabor\u00e9 avec des proches amis comme le peintre Andr\u00e9 Cottavoz, les c\u00e9ramistes Albert Thiry, Paolo Boni, Francis Crociani, &#8230;<br \/>\nCe catalogue d&#8217;exposition souhaite rendre hommage \u00e0 Roger Collet, disparu en d\u00e9cembre 2008.<\/p>\n","protected":false},"excerpt":{"rendered":"<p>Roger Collet a \u00e9t\u00e9 une des personnalit\u00e9s marquantes de la c\u00e9ramique vallaurienne des ann\u00e9es 50 jusqu&#8217;\u00e0 aujourd&#8217;hui. N\u00e9 en 1933 \u00e0 Lausanne, il arrive \u00e0 Vallauris en 1956 et se lie d&#8217;amiti\u00e9 avec de nombreux artistes arriv\u00e9s dans le midi apr\u00e8s la Seconde Guerre mondiale \u00e0 la suite de Picasso. Apr\u00e8s 10 ans de travail [&hellip;]<\/p>\n","protected":false},"featured_media":49669,"template":"","meta":[],"product_cat":[55,2948,18,2952],"product_tag":[],"acf":[],"yoast_head":"<!-- This site is optimized with the Yoast SEO plugin v20.11 - https:\/\/yoast.com\/wordpress\/plugins\/seo\/ -->\n<title>ROGER COLLET (1933-2008) ; TOURNEUR ET PO\u00c8TE - Librairie 7L<\/title>\n<meta name=\"robots\" content=\"index, follow, max-snippet:-1, max-image-preview:large, max-video-preview:-1\" \/>\n<link rel=\"canonical\" href=\"https:\/\/librairie7l.com\/en\/produit\/roger-collet-1933-2008-tourneur-et-poete-2\/\" \/>\n<meta property=\"og:locale\" content=\"en_US\" \/>\n<meta property=\"og:type\" content=\"article\" \/>\n<meta property=\"og:title\" content=\"ROGER COLLET (1933-2008) ; TOURNEUR ET PO\u00c8TE - Librairie 7L\" \/>\n<meta property=\"og:description\" content=\"Roger Collet a \u00e9t\u00e9 une des personnalit\u00e9s marquantes de la c\u00e9ramique vallaurienne des ann\u00e9es 50 jusqu&#8217;\u00e0 aujourd&#8217;hui. N\u00e9 en 1933 \u00e0 Lausanne, il arrive \u00e0 Vallauris en 1956 et se lie d&#8217;amiti\u00e9 avec de nombreux artistes arriv\u00e9s dans le midi apr\u00e8s la Seconde Guerre mondiale \u00e0 la suite de Picasso. Apr\u00e8s 10 ans de travail [&hellip;]\" \/>\n<meta property=\"og:url\" content=\"https:\/\/librairie7l.com\/en\/produit\/roger-collet-1933-2008-tourneur-et-poete-2\/\" \/>\n<meta property=\"og:site_name\" content=\"Librairie 7L\" \/>\n<meta property=\"article:modified_time\" content=\"2026-04-23T02:46:41+00:00\" \/>\n<meta name=\"twitter:card\" content=\"summary_large_image\" \/>\n<meta name=\"twitter:label1\" content=\"Est. reading time\" \/>\n\t<meta name=\"twitter:data1\" content=\"1 minute\" \/>\n<script type=\"application\/ld+json\" class=\"yoast-schema-graph\">{\"@context\":\"https:\/\/schema.org\",\"@graph\":[{\"@type\":\"WebPage\",\"@id\":\"https:\/\/librairie7l.com\/en\/produit\/roger-collet-1933-2008-tourneur-et-poete-2\/\",\"url\":\"https:\/\/librairie7l.com\/en\/produit\/roger-collet-1933-2008-tourneur-et-poete-2\/\",\"name\":\"ROGER COLLET (1933-2008) ; TOURNEUR ET PO\u00c8TE - Librairie 7L\",\"isPartOf\":{\"@id\":\"https:\/\/librairie7l.com\/en\/#website\"},\"datePublished\":\"2023-05-09T16:53:09+00:00\",\"dateModified\":\"2026-04-23T02:46:41+00:00\",\"breadcrumb\":{\"@id\":\"https:\/\/librairie7l.com\/en\/produit\/roger-collet-1933-2008-tourneur-et-poete-2\/#breadcrumb\"},\"inLanguage\":\"en-US\",\"potentialAction\":[{\"@type\":\"ReadAction\",\"target\":[\"https:\/\/librairie7l.com\/en\/produit\/roger-collet-1933-2008-tourneur-et-poete-2\/\"]}]},{\"@type\":\"BreadcrumbList\",\"@id\":\"https:\/\/librairie7l.com\/en\/produit\/roger-collet-1933-2008-tourneur-et-poete-2\/#breadcrumb\",\"itemListElement\":[{\"@type\":\"ListItem\",\"position\":1,\"name\":\"Accueil\",\"item\":\"https:\/\/librairie7l.com\/en\/\"},{\"@type\":\"ListItem\",\"position\":2,\"name\":\"Shop\",\"item\":\"https:\/\/librairie7l.com\/en\/shop\/\"},{\"@type\":\"ListItem\",\"position\":3,\"name\":\"ROGER COLLET (1933-2008) ; TOURNEUR ET PO\u00c8TE\"}]},{\"@type\":\"WebSite\",\"@id\":\"https:\/\/librairie7l.com\/en\/#website\",\"url\":\"https:\/\/librairie7l.com\/en\/\",\"name\":\"Librairie 7L\",\"description\":\"Librairie fond\u00e9e en 1999 par Karl Lagerfeld \u00e0 Paris\",\"publisher\":{\"@id\":\"https:\/\/librairie7l.com\/en\/#organization\"},\"potentialAction\":[{\"@type\":\"SearchAction\",\"target\":{\"@type\":\"EntryPoint\",\"urlTemplate\":\"https:\/\/librairie7l.com\/en\/?s={search_term_string}\"},\"query-input\":\"required name=search_term_string\"}],\"inLanguage\":\"en-US\"},{\"@type\":\"Organization\",\"@id\":\"https:\/\/librairie7l.com\/en\/#organization\",\"name\":\"Librairie 7L\",\"url\":\"https:\/\/librairie7l.com\/en\/\",\"logo\":{\"@type\":\"ImageObject\",\"inLanguage\":\"en-US\",\"@id\":\"https:\/\/librairie7l.com\/en\/#\/schema\/logo\/image\/\",\"url\":\"https:\/\/librairie7l.com\/wp-content\/uploads\/2022\/08\/logo-1.png\",\"contentUrl\":\"https:\/\/librairie7l.com\/wp-content\/uploads\/2022\/08\/logo-1.png\",\"width\":227,\"height\":301,\"caption\":\"Librairie 7L\"},\"image\":{\"@id\":\"https:\/\/librairie7l.com\/en\/#\/schema\/logo\/image\/\"}}]}<\/script>\n<!-- \/ Yoast SEO plugin. -->","yoast_head_json":{"title":"ROGER COLLET (1933-2008) ; TOURNEUR ET PO\u00c8TE - Librairie 7L","robots":{"index":"index","follow":"follow","max-snippet":"max-snippet:-1","max-image-preview":"max-image-preview:large","max-video-preview":"max-video-preview:-1"},"canonical":"https:\/\/librairie7l.com\/en\/produit\/roger-collet-1933-2008-tourneur-et-poete-2\/","og_locale":"en_US","og_type":"article","og_title":"ROGER COLLET (1933-2008) ; TOURNEUR ET PO\u00c8TE - Librairie 7L","og_description":"Roger Collet a \u00e9t\u00e9 une des personnalit\u00e9s marquantes de la c\u00e9ramique vallaurienne des ann\u00e9es 50 jusqu&#8217;\u00e0 aujourd&#8217;hui. N\u00e9 en 1933 \u00e0 Lausanne, il arrive \u00e0 Vallauris en 1956 et se lie d&#8217;amiti\u00e9 avec de nombreux artistes arriv\u00e9s dans le midi apr\u00e8s la Seconde Guerre mondiale \u00e0 la suite de Picasso. Apr\u00e8s 10 ans de travail [&hellip;]","og_url":"https:\/\/librairie7l.com\/en\/produit\/roger-collet-1933-2008-tourneur-et-poete-2\/","og_site_name":"Librairie 7L","article_modified_time":"2026-04-23T02:46:41+00:00","twitter_card":"summary_large_image","twitter_misc":{"Est. reading time":"1 minute"},"schema":{"@context":"https:\/\/schema.org","@graph":[{"@type":"WebPage","@id":"https:\/\/librairie7l.com\/en\/produit\/roger-collet-1933-2008-tourneur-et-poete-2\/","url":"https:\/\/librairie7l.com\/en\/produit\/roger-collet-1933-2008-tourneur-et-poete-2\/","name":"ROGER COLLET (1933-2008) ; TOURNEUR ET PO\u00c8TE - Librairie 7L","isPartOf":{"@id":"https:\/\/librairie7l.com\/en\/#website"},"datePublished":"2023-05-09T16:53:09+00:00","dateModified":"2026-04-23T02:46:41+00:00","breadcrumb":{"@id":"https:\/\/librairie7l.com\/en\/produit\/roger-collet-1933-2008-tourneur-et-poete-2\/#breadcrumb"},"inLanguage":"en-US","potentialAction":[{"@type":"ReadAction","target":["https:\/\/librairie7l.com\/en\/produit\/roger-collet-1933-2008-tourneur-et-poete-2\/"]}]},{"@type":"BreadcrumbList","@id":"https:\/\/librairie7l.com\/en\/produit\/roger-collet-1933-2008-tourneur-et-poete-2\/#breadcrumb","itemListElement":[{"@type":"ListItem","position":1,"name":"Accueil","item":"https:\/\/librairie7l.com\/en\/"},{"@type":"ListItem","position":2,"name":"Shop","item":"https:\/\/librairie7l.com\/en\/shop\/"},{"@type":"ListItem","position":3,"name":"ROGER COLLET (1933-2008) ; TOURNEUR ET PO\u00c8TE"}]},{"@type":"WebSite","@id":"https:\/\/librairie7l.com\/en\/#website","url":"https:\/\/librairie7l.com\/en\/","name":"Librairie 7L","description":"Librairie fond\u00e9e en 1999 par Karl Lagerfeld \u00e0 Paris","publisher":{"@id":"https:\/\/librairie7l.com\/en\/#organization"},"potentialAction":[{"@type":"SearchAction","target":{"@type":"EntryPoint","urlTemplate":"https:\/\/librairie7l.com\/en\/?s={search_term_string}"},"query-input":"required name=search_term_string"}],"inLanguage":"en-US"},{"@type":"Organization","@id":"https:\/\/librairie7l.com\/en\/#organization","name":"Librairie 7L","url":"https:\/\/librairie7l.com\/en\/","logo":{"@type":"ImageObject","inLanguage":"en-US","@id":"https:\/\/librairie7l.com\/en\/#\/schema\/logo\/image\/","url":"https:\/\/librairie7l.com\/wp-content\/uploads\/2022\/08\/logo-1.png","contentUrl":"https:\/\/librairie7l.com\/wp-content\/uploads\/2022\/08\/logo-1.png","width":227,"height":301,"caption":"Librairie 7L"},"image":{"@id":"https:\/\/librairie7l.com\/en\/#\/schema\/logo\/image\/"}}]}},"_links":{"self":[{"href":"https:\/\/librairie7l.com\/en\/wp-json\/wp\/v2\/product\/23307"}],"collection":[{"href":"https:\/\/librairie7l.com\/en\/wp-json\/wp\/v2\/product"}],"about":[{"href":"https:\/\/librairie7l.com\/en\/wp-json\/wp\/v2\/types\/product"}],"wp:featuredmedia":[{"embeddable":true,"href":"https:\/\/librairie7l.com\/en\/wp-json\/wp\/v2\/media\/49669"}],"wp:attachment":[{"href":"https:\/\/librairie7l.com\/en\/wp-json\/wp\/v2\/media?parent=23307"}],"wp:term":[{"taxonomy":"product_cat","embeddable":true,"href":"https:\/\/librairie7l.com\/en\/wp-json\/wp\/v2\/product_cat?post=23307"},{"taxonomy":"product_tag","embeddable":true,"href":"https:\/\/librairie7l.com\/en\/wp-json\/wp\/v2\/product_tag?post=23307"}],"curies":[{"name":"wp","href":"https:\/\/api.w.org\/{rel}","templated":true}]}}