{"id":23327,"date":"2023-05-09T18:53:28","date_gmt":"2023-05-09T16:53:28","guid":{"rendered":"https:\/\/librairie7l.com\/?post_type=product&#038;p=23327"},"modified":"2026-04-09T19:07:12","modified_gmt":"2026-04-09T17:07:12","slug":"max-ingrand-du-verre-a-la-lumiere","status":"publish","type":"product","link":"https:\/\/librairie7l.com\/en\/produit\/max-ingrand-du-verre-a-la-lumiere\/","title":{"rendered":"MAX INGRAND ; DU VERRE \u00c0 LA LUMI\u00c8RE"},"content":{"rendered":"<p>Fascin\u00e9 par le reflet magique de la lumi\u00e8re \u00e0 travers les vitraux de Chartres, qu&#8217;il d\u00e9couvre enfant, Max Ingrand (1908-1969) ne cesse durant pr\u00e8s de quarante ans d&#8217;explorer les champs multiples du verre.<br \/>\nMat\u00e9riau mill\u00e9naire. sur le plan stylistique et formel. du vitrail au design, du d\u00e9cor \u00e0 l&#8217;architecture. Dans tous ces domaines. artisanaux ou industriels. le ma\u00eetre verrier d\u00e9veloppe une technique remarquable. Ses d\u00e9cors \u00e0 l&#8217;antique grav\u00e9s \u00e0 l&#8217;acide ou au sable en font une figure majeure de l&#8217;Art d\u00e9co. Il collabore au chantier du paquebot Normandie, travaille pour les plus grands d\u00e9corateurs. Jules Leleu.<br \/>\nMarc du Plantier. Andr\u00e9 Artus, pour des architectes comme Pierre Patout. auteur du pavillon du Collectionneur \u00e0 l&#8217;Exposition internationale de 1925, ou Charles Siclis. promoteur de lieux \u00e0 la mode dans le paris des Ann\u00e9es folles. Au sortir de la guerre, l&#8217;usage du verre grav\u00e9 se vulgarise. les mat\u00e9riaux composites apparaissent_ Max Ingrand revient mi Travail du vitrail. Sou u&#8217;uvre dans ce domaine. d&#8217;un expressionnisme inspir\u00e9 de l&#8217;imagerie moyen\u00e2geuse.<br \/>\nEst l&#8217;une des plus prolifiques \u00e9lu si\u00e8cle. en France. o\u00f9 il intervient sur des \u00e9difices majeurs de l&#8217;art gothique. mais aussi en Allemagne. aux Etats-Unis, au Canada, au Br\u00e9sil. Apr\u00e8s avoir exploit\u00e9 les jeux de la lumi\u00e8re naturelle. son interrogation se porte sur le luminaire. Faisant du verre la mati\u00e8re m\u00eame de la lumi\u00e8re, il dessine des lampes et des appliques incandescentes. dalles polies et abras\u00e9e. blocs de p\u00e2te de verre taill\u00e9e au burin.<br \/>\nLue d\u00e9marche qui conduit ce tenant du classicisme fran\u00e7ais au design o\u00f9 son nom s&#8217;inscrit aux c\u00f4t\u00e9s (le ceux de Serge Mouille et de Gin() Sarfatti. Certains de ses luminaires sont. cinquante ans apr\u00e8s leur cr\u00e9ation. devenus des classiques. comme la lampe de table en opaline blanche de 1951. Durant treize ans. il assure la direction artistique de Fontana Arte cr\u00e9\u00e9e par l&#8217;architecte Gio Ponti. Fondateur de la soci\u00e9t\u00e9 Verre Lumi\u00e8re \u00e0 la fin de sa vie, il favorise l&#8217;\u00e9mergence (l&#8217;une nouvelle g\u00e9n\u00e9ration de designers et exp\u00e9rimente les technologies les plus avanc\u00e9es en mati\u00e8re d&#8217;\u00e9clairage qu&#8217;il mettra au service du verre industriel chez Saint-Cubain et surtout d&#8217;une architecture qu&#8217;il veut transparente.<br \/>\nCet ouvrage de l&#8217;historien d&#8217;art Pierre-Emmanuel Martin-Vivier r\u00e9v\u00e8le, \u00e0 travers documents d&#8217;archives et photographies contemporaines r\u00e9unis par la galerie Jacques Lacoste, la richesse et la diversit\u00e9 d&#8217;une ouvre que le cloisonnement des disciplines artistiques. les querelles entre tenants de la tradition et de la modernit\u00e9 ont jusque-l\u00e0 emp\u00each\u00e9 de consid\u00e9rer dans son int\u00e9gralit\u00e9.<\/p>\n","protected":false},"excerpt":{"rendered":"<p>Fascin\u00e9 par le reflet magique de la lumi\u00e8re \u00e0 travers les vitraux de Chartres, qu&#8217;il d\u00e9couvre enfant, Max Ingrand (1908-1969) ne cesse durant pr\u00e8s de quarante ans d&#8217;explorer les champs multiples du verre. Mat\u00e9riau mill\u00e9naire. sur le plan stylistique et formel. du vitrail au design, du d\u00e9cor \u00e0 l&#8217;architecture. Dans tous ces domaines. artisanaux ou [&hellip;]<\/p>\n","protected":false},"featured_media":23325,"template":"","meta":[],"product_cat":[55,2948,18,2952],"product_tag":[],"acf":[],"yoast_head":"<!-- This site is optimized with the Yoast SEO plugin v20.11 - https:\/\/yoast.com\/wordpress\/plugins\/seo\/ -->\n<title>MAX INGRAND ; DU VERRE \u00c0 LA LUMI\u00c8RE - Librairie 7L<\/title>\n<meta name=\"robots\" content=\"index, follow, max-snippet:-1, max-image-preview:large, max-video-preview:-1\" \/>\n<link rel=\"canonical\" href=\"https:\/\/librairie7l.com\/en\/produit\/max-ingrand-du-verre-a-la-lumiere\/\" \/>\n<meta property=\"og:locale\" content=\"en_US\" \/>\n<meta property=\"og:type\" content=\"article\" \/>\n<meta property=\"og:title\" content=\"MAX INGRAND ; DU VERRE \u00c0 LA LUMI\u00c8RE - Librairie 7L\" \/>\n<meta property=\"og:description\" content=\"Fascin\u00e9 par le reflet magique de la lumi\u00e8re \u00e0 travers les vitraux de Chartres, qu&#8217;il d\u00e9couvre enfant, Max Ingrand (1908-1969) ne cesse durant pr\u00e8s de quarante ans d&#8217;explorer les champs multiples du verre. Mat\u00e9riau mill\u00e9naire. sur le plan stylistique et formel. du vitrail au design, du d\u00e9cor \u00e0 l&#8217;architecture. Dans tous ces domaines. artisanaux ou [&hellip;]\" \/>\n<meta property=\"og:url\" content=\"https:\/\/librairie7l.com\/en\/produit\/max-ingrand-du-verre-a-la-lumiere\/\" \/>\n<meta property=\"og:site_name\" content=\"Librairie 7L\" \/>\n<meta property=\"article:modified_time\" content=\"2026-04-09T17:07:12+00:00\" \/>\n<meta property=\"og:image\" content=\"https:\/\/librairie7l.com\/wp-content\/uploads\/2009\/09\/9782915542240_1_75.jpg\" \/>\n\t<meta property=\"og:image:width\" content=\"371\" \/>\n\t<meta property=\"og:image:height\" content=\"475\" \/>\n\t<meta property=\"og:image:type\" content=\"image\/jpeg\" \/>\n<meta name=\"twitter:card\" content=\"summary_large_image\" \/>\n<meta name=\"twitter:label1\" content=\"Est. reading time\" \/>\n\t<meta name=\"twitter:data1\" content=\"2 minutes\" \/>\n<script type=\"application\/ld+json\" class=\"yoast-schema-graph\">{\"@context\":\"https:\/\/schema.org\",\"@graph\":[{\"@type\":\"WebPage\",\"@id\":\"https:\/\/librairie7l.com\/en\/produit\/max-ingrand-du-verre-a-la-lumiere\/\",\"url\":\"https:\/\/librairie7l.com\/en\/produit\/max-ingrand-du-verre-a-la-lumiere\/\",\"name\":\"MAX INGRAND ; DU VERRE \u00c0 LA LUMI\u00c8RE - Librairie 7L\",\"isPartOf\":{\"@id\":\"https:\/\/librairie7l.com\/en\/#website\"},\"datePublished\":\"2023-05-09T16:53:28+00:00\",\"dateModified\":\"2026-04-09T17:07:12+00:00\",\"breadcrumb\":{\"@id\":\"https:\/\/librairie7l.com\/en\/produit\/max-ingrand-du-verre-a-la-lumiere\/#breadcrumb\"},\"inLanguage\":\"en-US\",\"potentialAction\":[{\"@type\":\"ReadAction\",\"target\":[\"https:\/\/librairie7l.com\/en\/produit\/max-ingrand-du-verre-a-la-lumiere\/\"]}]},{\"@type\":\"BreadcrumbList\",\"@id\":\"https:\/\/librairie7l.com\/en\/produit\/max-ingrand-du-verre-a-la-lumiere\/#breadcrumb\",\"itemListElement\":[{\"@type\":\"ListItem\",\"position\":1,\"name\":\"Accueil\",\"item\":\"https:\/\/librairie7l.com\/en\/\"},{\"@type\":\"ListItem\",\"position\":2,\"name\":\"Shop\",\"item\":\"https:\/\/librairie7l.com\/en\/shop\/\"},{\"@type\":\"ListItem\",\"position\":3,\"name\":\"MAX INGRAND ; DU VERRE \u00c0 LA LUMI\u00c8RE\"}]},{\"@type\":\"WebSite\",\"@id\":\"https:\/\/librairie7l.com\/en\/#website\",\"url\":\"https:\/\/librairie7l.com\/en\/\",\"name\":\"Librairie 7L\",\"description\":\"Librairie fond\u00e9e en 1999 par Karl Lagerfeld \u00e0 Paris\",\"publisher\":{\"@id\":\"https:\/\/librairie7l.com\/en\/#organization\"},\"potentialAction\":[{\"@type\":\"SearchAction\",\"target\":{\"@type\":\"EntryPoint\",\"urlTemplate\":\"https:\/\/librairie7l.com\/en\/?s={search_term_string}\"},\"query-input\":\"required name=search_term_string\"}],\"inLanguage\":\"en-US\"},{\"@type\":\"Organization\",\"@id\":\"https:\/\/librairie7l.com\/en\/#organization\",\"name\":\"Librairie 7L\",\"url\":\"https:\/\/librairie7l.com\/en\/\",\"logo\":{\"@type\":\"ImageObject\",\"inLanguage\":\"en-US\",\"@id\":\"https:\/\/librairie7l.com\/en\/#\/schema\/logo\/image\/\",\"url\":\"https:\/\/librairie7l.com\/wp-content\/uploads\/2022\/08\/logo-1.png\",\"contentUrl\":\"https:\/\/librairie7l.com\/wp-content\/uploads\/2022\/08\/logo-1.png\",\"width\":227,\"height\":301,\"caption\":\"Librairie 7L\"},\"image\":{\"@id\":\"https:\/\/librairie7l.com\/en\/#\/schema\/logo\/image\/\"}}]}<\/script>\n<!-- \/ Yoast SEO plugin. -->","yoast_head_json":{"title":"MAX INGRAND ; DU VERRE \u00c0 LA LUMI\u00c8RE - Librairie 7L","robots":{"index":"index","follow":"follow","max-snippet":"max-snippet:-1","max-image-preview":"max-image-preview:large","max-video-preview":"max-video-preview:-1"},"canonical":"https:\/\/librairie7l.com\/en\/produit\/max-ingrand-du-verre-a-la-lumiere\/","og_locale":"en_US","og_type":"article","og_title":"MAX INGRAND ; DU VERRE \u00c0 LA LUMI\u00c8RE - Librairie 7L","og_description":"Fascin\u00e9 par le reflet magique de la lumi\u00e8re \u00e0 travers les vitraux de Chartres, qu&#8217;il d\u00e9couvre enfant, Max Ingrand (1908-1969) ne cesse durant pr\u00e8s de quarante ans d&#8217;explorer les champs multiples du verre. Mat\u00e9riau mill\u00e9naire. sur le plan stylistique et formel. du vitrail au design, du d\u00e9cor \u00e0 l&#8217;architecture. Dans tous ces domaines. artisanaux ou [&hellip;]","og_url":"https:\/\/librairie7l.com\/en\/produit\/max-ingrand-du-verre-a-la-lumiere\/","og_site_name":"Librairie 7L","article_modified_time":"2026-04-09T17:07:12+00:00","og_image":[{"width":371,"height":475,"url":"https:\/\/librairie7l.com\/wp-content\/uploads\/2009\/09\/9782915542240_1_75.jpg","type":"image\/jpeg"}],"twitter_card":"summary_large_image","twitter_misc":{"Est. reading time":"2 minutes"},"schema":{"@context":"https:\/\/schema.org","@graph":[{"@type":"WebPage","@id":"https:\/\/librairie7l.com\/en\/produit\/max-ingrand-du-verre-a-la-lumiere\/","url":"https:\/\/librairie7l.com\/en\/produit\/max-ingrand-du-verre-a-la-lumiere\/","name":"MAX INGRAND ; DU VERRE \u00c0 LA LUMI\u00c8RE - Librairie 7L","isPartOf":{"@id":"https:\/\/librairie7l.com\/en\/#website"},"datePublished":"2023-05-09T16:53:28+00:00","dateModified":"2026-04-09T17:07:12+00:00","breadcrumb":{"@id":"https:\/\/librairie7l.com\/en\/produit\/max-ingrand-du-verre-a-la-lumiere\/#breadcrumb"},"inLanguage":"en-US","potentialAction":[{"@type":"ReadAction","target":["https:\/\/librairie7l.com\/en\/produit\/max-ingrand-du-verre-a-la-lumiere\/"]}]},{"@type":"BreadcrumbList","@id":"https:\/\/librairie7l.com\/en\/produit\/max-ingrand-du-verre-a-la-lumiere\/#breadcrumb","itemListElement":[{"@type":"ListItem","position":1,"name":"Accueil","item":"https:\/\/librairie7l.com\/en\/"},{"@type":"ListItem","position":2,"name":"Shop","item":"https:\/\/librairie7l.com\/en\/shop\/"},{"@type":"ListItem","position":3,"name":"MAX INGRAND ; DU VERRE \u00c0 LA LUMI\u00c8RE"}]},{"@type":"WebSite","@id":"https:\/\/librairie7l.com\/en\/#website","url":"https:\/\/librairie7l.com\/en\/","name":"Librairie 7L","description":"Librairie fond\u00e9e en 1999 par Karl Lagerfeld \u00e0 Paris","publisher":{"@id":"https:\/\/librairie7l.com\/en\/#organization"},"potentialAction":[{"@type":"SearchAction","target":{"@type":"EntryPoint","urlTemplate":"https:\/\/librairie7l.com\/en\/?s={search_term_string}"},"query-input":"required name=search_term_string"}],"inLanguage":"en-US"},{"@type":"Organization","@id":"https:\/\/librairie7l.com\/en\/#organization","name":"Librairie 7L","url":"https:\/\/librairie7l.com\/en\/","logo":{"@type":"ImageObject","inLanguage":"en-US","@id":"https:\/\/librairie7l.com\/en\/#\/schema\/logo\/image\/","url":"https:\/\/librairie7l.com\/wp-content\/uploads\/2022\/08\/logo-1.png","contentUrl":"https:\/\/librairie7l.com\/wp-content\/uploads\/2022\/08\/logo-1.png","width":227,"height":301,"caption":"Librairie 7L"},"image":{"@id":"https:\/\/librairie7l.com\/en\/#\/schema\/logo\/image\/"}}]}},"_links":{"self":[{"href":"https:\/\/librairie7l.com\/en\/wp-json\/wp\/v2\/product\/23327"}],"collection":[{"href":"https:\/\/librairie7l.com\/en\/wp-json\/wp\/v2\/product"}],"about":[{"href":"https:\/\/librairie7l.com\/en\/wp-json\/wp\/v2\/types\/product"}],"wp:featuredmedia":[{"embeddable":true,"href":"https:\/\/librairie7l.com\/en\/wp-json\/wp\/v2\/media\/23325"}],"wp:attachment":[{"href":"https:\/\/librairie7l.com\/en\/wp-json\/wp\/v2\/media?parent=23327"}],"wp:term":[{"taxonomy":"product_cat","embeddable":true,"href":"https:\/\/librairie7l.com\/en\/wp-json\/wp\/v2\/product_cat?post=23327"},{"taxonomy":"product_tag","embeddable":true,"href":"https:\/\/librairie7l.com\/en\/wp-json\/wp\/v2\/product_tag?post=23327"}],"curies":[{"name":"wp","href":"https:\/\/api.w.org\/{rel}","templated":true}]}}