{"id":23383,"date":"2023-05-09T18:54:16","date_gmt":"2023-05-09T16:54:16","guid":{"rendered":"https:\/\/librairie7l.com\/?post_type=product&#038;p=23383"},"modified":"2026-04-07T15:11:58","modified_gmt":"2026-04-07T13:11:58","slug":"joe-colombo","status":"publish","type":"product","link":"https:\/\/librairie7l.com\/en\/produit\/joe-colombo\/","title":{"rendered":"JOE COLOMBO"},"content":{"rendered":"<p>Joe Colombo (Milan, 1930-1971), fut l&#8217;un des plus grands designers du si\u00e8cle dernier, visionnaire et brillant, capable de donner forme \u00e0 des id\u00e9es qui frappent encore aujourd&#8217;hui par leur pertinence.<\/p>\n<p>Form\u00e9 d&#8217;abord \u00e0 l&#8217;Acad\u00e9mie Brera puis \u00e0 l&#8217;\u00c9cole polytechnique de Milan, Joe Colombo a exprim\u00e9, en seulement vingt ans de travail, une vision incroyablement innovante du monde qui, en pla\u00e7ant l&#8217;homme et sa vie au centre de la r\u00e9flexion, a imagin\u00e9 un habitat dynamique et transformable \u00e0 l&#8217;\u00e9chelle domestique et urbaine. Un design complet visant \u00e0 satisfaire tous les besoins, gr\u00e2ce \u00e0 la technologie et aux nouveaux mat\u00e9riaux, et \u00e0 fa\u00e7onner l&#8217;espace et ses objets en fonction des diff\u00e9rentes activit\u00e9s, qu&#8217;il s&#8217;agisse de travail ou d&#8217;interactions sociales. Des accessoires d&#8217;ameublement modulables et dynamiques aux lignes futuristes, parmi lesquels se d\u00e9tachent certaines pi\u00e8ces devenues iconiques du design italien comme la Tube Chair, la lampe Spider (Compasso d&#8217;Oro 1967) ou le chariot Boby (aujourd&#8217;hui chez MOMA dans New York), les \u00abmonoblocs\u00bb, comme la Mini-Kitchen ou la Total-table avec vaisselle int\u00e9gr\u00e9e, jusqu&#8217;au logement global, une \u00abmachine\u00bb visionnaire qui englobe tous les besoins de la vie.<\/p>\n<p>Ce volume constitue le premier catalogue raisonn\u00e9 de son oeuvre, dont environ 180 projets sont document\u00e9s, r\u00e9partis entre des oeuvres encore en production et des oeuvres historiques; introduit par les essais d&#8217;Ignazia Favata &#8211; sa collaboratrice de longue date &#8211; et de Domitilla Dardi *, il est compl\u00e9t\u00e9 par une anthologie critique.<\/p>\n","protected":false},"excerpt":{"rendered":"<p>Joe Colombo (Milan, 1930-1971), fut l&#8217;un des plus grands designers du si\u00e8cle dernier, visionnaire et brillant, capable de donner forme \u00e0 des id\u00e9es qui frappent encore aujourd&#8217;hui par leur pertinence. Form\u00e9 d&#8217;abord \u00e0 l&#8217;Acad\u00e9mie Brera puis \u00e0 l&#8217;\u00c9cole polytechnique de Milan, Joe Colombo a exprim\u00e9, en seulement vingt ans de travail, une vision incroyablement innovante [&hellip;]<\/p>\n","protected":false},"featured_media":23381,"template":"","meta":[],"product_cat":[55,2948,18,2952],"product_tag":[],"acf":[],"yoast_head":"<!-- This site is optimized with the Yoast SEO plugin v20.11 - https:\/\/yoast.com\/wordpress\/plugins\/seo\/ -->\n<title>JOE COLOMBO - Librairie 7L<\/title>\n<meta name=\"robots\" content=\"index, follow, max-snippet:-1, max-image-preview:large, max-video-preview:-1\" \/>\n<link rel=\"canonical\" href=\"https:\/\/librairie7l.com\/en\/produit\/joe-colombo\/\" \/>\n<meta property=\"og:locale\" content=\"en_US\" \/>\n<meta property=\"og:type\" content=\"article\" \/>\n<meta property=\"og:title\" content=\"JOE COLOMBO - Librairie 7L\" \/>\n<meta property=\"og:description\" content=\"Joe Colombo (Milan, 1930-1971), fut l&#8217;un des plus grands designers du si\u00e8cle dernier, visionnaire et brillant, capable de donner forme \u00e0 des id\u00e9es qui frappent encore aujourd&#8217;hui par leur pertinence. Form\u00e9 d&#8217;abord \u00e0 l&#8217;Acad\u00e9mie Brera puis \u00e0 l&#8217;\u00c9cole polytechnique de Milan, Joe Colombo a exprim\u00e9, en seulement vingt ans de travail, une vision incroyablement innovante [&hellip;]\" \/>\n<meta property=\"og:url\" content=\"https:\/\/librairie7l.com\/en\/produit\/joe-colombo\/\" \/>\n<meta property=\"og:site_name\" content=\"Librairie 7L\" \/>\n<meta property=\"article:modified_time\" content=\"2026-04-07T13:11:58+00:00\" \/>\n<meta property=\"og:image\" content=\"https:\/\/librairie7l.com\/wp-content\/uploads\/2021\/03\/9788836646333_1_75.jpg\" \/>\n\t<meta property=\"og:image:width\" content=\"600\" \/>\n\t<meta property=\"og:image:height\" content=\"724\" \/>\n\t<meta property=\"og:image:type\" content=\"image\/jpeg\" \/>\n<meta name=\"twitter:card\" content=\"summary_large_image\" \/>\n<meta name=\"twitter:label1\" content=\"Est. reading time\" \/>\n\t<meta name=\"twitter:data1\" content=\"1 minute\" \/>\n<script type=\"application\/ld+json\" class=\"yoast-schema-graph\">{\"@context\":\"https:\/\/schema.org\",\"@graph\":[{\"@type\":\"WebPage\",\"@id\":\"https:\/\/librairie7l.com\/en\/produit\/joe-colombo\/\",\"url\":\"https:\/\/librairie7l.com\/en\/produit\/joe-colombo\/\",\"name\":\"JOE COLOMBO - Librairie 7L\",\"isPartOf\":{\"@id\":\"https:\/\/librairie7l.com\/en\/#website\"},\"datePublished\":\"2023-05-09T16:54:16+00:00\",\"dateModified\":\"2026-04-07T13:11:58+00:00\",\"breadcrumb\":{\"@id\":\"https:\/\/librairie7l.com\/en\/produit\/joe-colombo\/#breadcrumb\"},\"inLanguage\":\"en-US\",\"potentialAction\":[{\"@type\":\"ReadAction\",\"target\":[\"https:\/\/librairie7l.com\/en\/produit\/joe-colombo\/\"]}]},{\"@type\":\"BreadcrumbList\",\"@id\":\"https:\/\/librairie7l.com\/en\/produit\/joe-colombo\/#breadcrumb\",\"itemListElement\":[{\"@type\":\"ListItem\",\"position\":1,\"name\":\"Accueil\",\"item\":\"https:\/\/librairie7l.com\/en\/\"},{\"@type\":\"ListItem\",\"position\":2,\"name\":\"Shop\",\"item\":\"https:\/\/librairie7l.com\/en\/shop\/\"},{\"@type\":\"ListItem\",\"position\":3,\"name\":\"JOE COLOMBO\"}]},{\"@type\":\"WebSite\",\"@id\":\"https:\/\/librairie7l.com\/en\/#website\",\"url\":\"https:\/\/librairie7l.com\/en\/\",\"name\":\"Librairie 7L\",\"description\":\"Librairie fond\u00e9e en 1999 par Karl Lagerfeld \u00e0 Paris\",\"publisher\":{\"@id\":\"https:\/\/librairie7l.com\/en\/#organization\"},\"potentialAction\":[{\"@type\":\"SearchAction\",\"target\":{\"@type\":\"EntryPoint\",\"urlTemplate\":\"https:\/\/librairie7l.com\/en\/?s={search_term_string}\"},\"query-input\":\"required name=search_term_string\"}],\"inLanguage\":\"en-US\"},{\"@type\":\"Organization\",\"@id\":\"https:\/\/librairie7l.com\/en\/#organization\",\"name\":\"Librairie 7L\",\"url\":\"https:\/\/librairie7l.com\/en\/\",\"logo\":{\"@type\":\"ImageObject\",\"inLanguage\":\"en-US\",\"@id\":\"https:\/\/librairie7l.com\/en\/#\/schema\/logo\/image\/\",\"url\":\"https:\/\/librairie7l.com\/wp-content\/uploads\/2022\/08\/logo-1.png\",\"contentUrl\":\"https:\/\/librairie7l.com\/wp-content\/uploads\/2022\/08\/logo-1.png\",\"width\":227,\"height\":301,\"caption\":\"Librairie 7L\"},\"image\":{\"@id\":\"https:\/\/librairie7l.com\/en\/#\/schema\/logo\/image\/\"}}]}<\/script>\n<!-- \/ Yoast SEO plugin. -->","yoast_head_json":{"title":"JOE COLOMBO - Librairie 7L","robots":{"index":"index","follow":"follow","max-snippet":"max-snippet:-1","max-image-preview":"max-image-preview:large","max-video-preview":"max-video-preview:-1"},"canonical":"https:\/\/librairie7l.com\/en\/produit\/joe-colombo\/","og_locale":"en_US","og_type":"article","og_title":"JOE COLOMBO - Librairie 7L","og_description":"Joe Colombo (Milan, 1930-1971), fut l&#8217;un des plus grands designers du si\u00e8cle dernier, visionnaire et brillant, capable de donner forme \u00e0 des id\u00e9es qui frappent encore aujourd&#8217;hui par leur pertinence. Form\u00e9 d&#8217;abord \u00e0 l&#8217;Acad\u00e9mie Brera puis \u00e0 l&#8217;\u00c9cole polytechnique de Milan, Joe Colombo a exprim\u00e9, en seulement vingt ans de travail, une vision incroyablement innovante [&hellip;]","og_url":"https:\/\/librairie7l.com\/en\/produit\/joe-colombo\/","og_site_name":"Librairie 7L","article_modified_time":"2026-04-07T13:11:58+00:00","og_image":[{"width":600,"height":724,"url":"https:\/\/librairie7l.com\/wp-content\/uploads\/2021\/03\/9788836646333_1_75.jpg","type":"image\/jpeg"}],"twitter_card":"summary_large_image","twitter_misc":{"Est. reading time":"1 minute"},"schema":{"@context":"https:\/\/schema.org","@graph":[{"@type":"WebPage","@id":"https:\/\/librairie7l.com\/en\/produit\/joe-colombo\/","url":"https:\/\/librairie7l.com\/en\/produit\/joe-colombo\/","name":"JOE COLOMBO - Librairie 7L","isPartOf":{"@id":"https:\/\/librairie7l.com\/en\/#website"},"datePublished":"2023-05-09T16:54:16+00:00","dateModified":"2026-04-07T13:11:58+00:00","breadcrumb":{"@id":"https:\/\/librairie7l.com\/en\/produit\/joe-colombo\/#breadcrumb"},"inLanguage":"en-US","potentialAction":[{"@type":"ReadAction","target":["https:\/\/librairie7l.com\/en\/produit\/joe-colombo\/"]}]},{"@type":"BreadcrumbList","@id":"https:\/\/librairie7l.com\/en\/produit\/joe-colombo\/#breadcrumb","itemListElement":[{"@type":"ListItem","position":1,"name":"Accueil","item":"https:\/\/librairie7l.com\/en\/"},{"@type":"ListItem","position":2,"name":"Shop","item":"https:\/\/librairie7l.com\/en\/shop\/"},{"@type":"ListItem","position":3,"name":"JOE COLOMBO"}]},{"@type":"WebSite","@id":"https:\/\/librairie7l.com\/en\/#website","url":"https:\/\/librairie7l.com\/en\/","name":"Librairie 7L","description":"Librairie fond\u00e9e en 1999 par Karl Lagerfeld \u00e0 Paris","publisher":{"@id":"https:\/\/librairie7l.com\/en\/#organization"},"potentialAction":[{"@type":"SearchAction","target":{"@type":"EntryPoint","urlTemplate":"https:\/\/librairie7l.com\/en\/?s={search_term_string}"},"query-input":"required name=search_term_string"}],"inLanguage":"en-US"},{"@type":"Organization","@id":"https:\/\/librairie7l.com\/en\/#organization","name":"Librairie 7L","url":"https:\/\/librairie7l.com\/en\/","logo":{"@type":"ImageObject","inLanguage":"en-US","@id":"https:\/\/librairie7l.com\/en\/#\/schema\/logo\/image\/","url":"https:\/\/librairie7l.com\/wp-content\/uploads\/2022\/08\/logo-1.png","contentUrl":"https:\/\/librairie7l.com\/wp-content\/uploads\/2022\/08\/logo-1.png","width":227,"height":301,"caption":"Librairie 7L"},"image":{"@id":"https:\/\/librairie7l.com\/en\/#\/schema\/logo\/image\/"}}]}},"_links":{"self":[{"href":"https:\/\/librairie7l.com\/en\/wp-json\/wp\/v2\/product\/23383"}],"collection":[{"href":"https:\/\/librairie7l.com\/en\/wp-json\/wp\/v2\/product"}],"about":[{"href":"https:\/\/librairie7l.com\/en\/wp-json\/wp\/v2\/types\/product"}],"wp:featuredmedia":[{"embeddable":true,"href":"https:\/\/librairie7l.com\/en\/wp-json\/wp\/v2\/media\/23381"}],"wp:attachment":[{"href":"https:\/\/librairie7l.com\/en\/wp-json\/wp\/v2\/media?parent=23383"}],"wp:term":[{"taxonomy":"product_cat","embeddable":true,"href":"https:\/\/librairie7l.com\/en\/wp-json\/wp\/v2\/product_cat?post=23383"},{"taxonomy":"product_tag","embeddable":true,"href":"https:\/\/librairie7l.com\/en\/wp-json\/wp\/v2\/product_tag?post=23383"}],"curies":[{"name":"wp","href":"https:\/\/api.w.org\/{rel}","templated":true}]}}