{"id":23399,"date":"2023-05-09T18:54:30","date_gmt":"2023-05-09T16:54:30","guid":{"rendered":"https:\/\/librairie7l.com\/?post_type=product&#038;p=23399"},"modified":"2026-04-19T01:41:01","modified_gmt":"2026-04-18T23:41:01","slug":"pulsions","status":"publish","type":"product","link":"https:\/\/librairie7l.com\/en\/produit\/pulsions\/","title":{"rendered":"PULSIONS"},"content":{"rendered":"<p>Avec ce nouveau livre, Pulsions, accompagn\u00e9 d&#8217;un texte de Dominique Janvier, Fran\u00e7ois Fontaine poursuit, apr\u00e8s Ic\u00f4nes son pr\u00e9c\u00e9dent livre paru chez le m\u00eame \u00e9diteur, son exploration du 7e art au moyen de photographies r\u00e9alis\u00e9es \u00e0 partir de films projet\u00e9s sur \u00e9cran. Exploration du 7e art et exploration du d\u00e9sir et de sa mise en images vives ou troubles, lumineuses ou obscures, flamboyantes. Fran\u00e7ois Fontaine met ainsi en lumi\u00e8res \u00able choc doux des corps, leurs jeux exasp\u00e9r\u00e9s\u00bb en empruntant pour que l&#8217;on s&#8217;y perde \u00e0 loisir \u00able labyrinthe du d\u00e9sir\u00bb.<\/p>\n","protected":false},"excerpt":{"rendered":"<p>Avec ce nouveau livre, Pulsions, accompagn\u00e9 d&#8217;un texte de Dominique Janvier, Fran\u00e7ois Fontaine poursuit, apr\u00e8s Ic\u00f4nes son pr\u00e9c\u00e9dent livre paru chez le m\u00eame \u00e9diteur, son exploration du 7e art au moyen de photographies r\u00e9alis\u00e9es \u00e0 partir de films projet\u00e9s sur \u00e9cran. Exploration du 7e art et exploration du d\u00e9sir et de sa mise en images [&hellip;]<\/p>\n","protected":false},"featured_media":23397,"template":"","meta":[],"product_cat":[55,2948,2958,17],"product_tag":[],"acf":[],"yoast_head":"<!-- This site is optimized with the Yoast SEO plugin v20.11 - https:\/\/yoast.com\/wordpress\/plugins\/seo\/ -->\n<title>PULSIONS - Librairie 7L<\/title>\n<meta name=\"robots\" content=\"index, follow, max-snippet:-1, max-image-preview:large, max-video-preview:-1\" \/>\n<link rel=\"canonical\" href=\"https:\/\/librairie7l.com\/en\/produit\/pulsions\/\" \/>\n<meta property=\"og:locale\" content=\"en_US\" \/>\n<meta property=\"og:type\" content=\"article\" \/>\n<meta property=\"og:title\" content=\"PULSIONS - Librairie 7L\" \/>\n<meta property=\"og:description\" content=\"Avec ce nouveau livre, Pulsions, accompagn\u00e9 d&#8217;un texte de Dominique Janvier, Fran\u00e7ois Fontaine poursuit, apr\u00e8s Ic\u00f4nes son pr\u00e9c\u00e9dent livre paru chez le m\u00eame \u00e9diteur, son exploration du 7e art au moyen de photographies r\u00e9alis\u00e9es \u00e0 partir de films projet\u00e9s sur \u00e9cran. Exploration du 7e art et exploration du d\u00e9sir et de sa mise en images [&hellip;]\" \/>\n<meta property=\"og:url\" content=\"https:\/\/librairie7l.com\/en\/produit\/pulsions\/\" \/>\n<meta property=\"og:site_name\" content=\"Librairie 7L\" \/>\n<meta property=\"article:modified_time\" content=\"2026-04-18T23:41:01+00:00\" \/>\n<meta property=\"og:image\" content=\"https:\/\/librairie7l.com\/wp-content\/uploads\/2021\/09\/9782902233205_1_75.jpg\" \/>\n\t<meta property=\"og:image:width\" content=\"600\" \/>\n\t<meta property=\"og:image:height\" content=\"820\" \/>\n\t<meta property=\"og:image:type\" content=\"image\/jpeg\" \/>\n<meta name=\"twitter:card\" content=\"summary_large_image\" \/>\n<meta name=\"twitter:label1\" content=\"Est. reading time\" \/>\n\t<meta name=\"twitter:data1\" content=\"1 minute\" \/>\n<script type=\"application\/ld+json\" class=\"yoast-schema-graph\">{\"@context\":\"https:\/\/schema.org\",\"@graph\":[{\"@type\":\"WebPage\",\"@id\":\"https:\/\/librairie7l.com\/en\/produit\/pulsions\/\",\"url\":\"https:\/\/librairie7l.com\/en\/produit\/pulsions\/\",\"name\":\"PULSIONS - Librairie 7L\",\"isPartOf\":{\"@id\":\"https:\/\/librairie7l.com\/en\/#website\"},\"datePublished\":\"2023-05-09T16:54:30+00:00\",\"dateModified\":\"2026-04-18T23:41:01+00:00\",\"breadcrumb\":{\"@id\":\"https:\/\/librairie7l.com\/en\/produit\/pulsions\/#breadcrumb\"},\"inLanguage\":\"en-US\",\"potentialAction\":[{\"@type\":\"ReadAction\",\"target\":[\"https:\/\/librairie7l.com\/en\/produit\/pulsions\/\"]}]},{\"@type\":\"BreadcrumbList\",\"@id\":\"https:\/\/librairie7l.com\/en\/produit\/pulsions\/#breadcrumb\",\"itemListElement\":[{\"@type\":\"ListItem\",\"position\":1,\"name\":\"Accueil\",\"item\":\"https:\/\/librairie7l.com\/en\/\"},{\"@type\":\"ListItem\",\"position\":2,\"name\":\"Shop\",\"item\":\"https:\/\/librairie7l.com\/en\/shop\/\"},{\"@type\":\"ListItem\",\"position\":3,\"name\":\"PULSIONS\"}]},{\"@type\":\"WebSite\",\"@id\":\"https:\/\/librairie7l.com\/en\/#website\",\"url\":\"https:\/\/librairie7l.com\/en\/\",\"name\":\"Librairie 7L\",\"description\":\"Librairie fond\u00e9e en 1999 par Karl Lagerfeld \u00e0 Paris\",\"publisher\":{\"@id\":\"https:\/\/librairie7l.com\/en\/#organization\"},\"potentialAction\":[{\"@type\":\"SearchAction\",\"target\":{\"@type\":\"EntryPoint\",\"urlTemplate\":\"https:\/\/librairie7l.com\/en\/?s={search_term_string}\"},\"query-input\":\"required name=search_term_string\"}],\"inLanguage\":\"en-US\"},{\"@type\":\"Organization\",\"@id\":\"https:\/\/librairie7l.com\/en\/#organization\",\"name\":\"Librairie 7L\",\"url\":\"https:\/\/librairie7l.com\/en\/\",\"logo\":{\"@type\":\"ImageObject\",\"inLanguage\":\"en-US\",\"@id\":\"https:\/\/librairie7l.com\/en\/#\/schema\/logo\/image\/\",\"url\":\"https:\/\/librairie7l.com\/wp-content\/uploads\/2022\/08\/logo-1.png\",\"contentUrl\":\"https:\/\/librairie7l.com\/wp-content\/uploads\/2022\/08\/logo-1.png\",\"width\":227,\"height\":301,\"caption\":\"Librairie 7L\"},\"image\":{\"@id\":\"https:\/\/librairie7l.com\/en\/#\/schema\/logo\/image\/\"}}]}<\/script>\n<!-- \/ Yoast SEO plugin. -->","yoast_head_json":{"title":"PULSIONS - Librairie 7L","robots":{"index":"index","follow":"follow","max-snippet":"max-snippet:-1","max-image-preview":"max-image-preview:large","max-video-preview":"max-video-preview:-1"},"canonical":"https:\/\/librairie7l.com\/en\/produit\/pulsions\/","og_locale":"en_US","og_type":"article","og_title":"PULSIONS - Librairie 7L","og_description":"Avec ce nouveau livre, Pulsions, accompagn\u00e9 d&#8217;un texte de Dominique Janvier, Fran\u00e7ois Fontaine poursuit, apr\u00e8s Ic\u00f4nes son pr\u00e9c\u00e9dent livre paru chez le m\u00eame \u00e9diteur, son exploration du 7e art au moyen de photographies r\u00e9alis\u00e9es \u00e0 partir de films projet\u00e9s sur \u00e9cran. Exploration du 7e art et exploration du d\u00e9sir et de sa mise en images [&hellip;]","og_url":"https:\/\/librairie7l.com\/en\/produit\/pulsions\/","og_site_name":"Librairie 7L","article_modified_time":"2026-04-18T23:41:01+00:00","og_image":[{"width":600,"height":820,"url":"https:\/\/librairie7l.com\/wp-content\/uploads\/2021\/09\/9782902233205_1_75.jpg","type":"image\/jpeg"}],"twitter_card":"summary_large_image","twitter_misc":{"Est. reading time":"1 minute"},"schema":{"@context":"https:\/\/schema.org","@graph":[{"@type":"WebPage","@id":"https:\/\/librairie7l.com\/en\/produit\/pulsions\/","url":"https:\/\/librairie7l.com\/en\/produit\/pulsions\/","name":"PULSIONS - Librairie 7L","isPartOf":{"@id":"https:\/\/librairie7l.com\/en\/#website"},"datePublished":"2023-05-09T16:54:30+00:00","dateModified":"2026-04-18T23:41:01+00:00","breadcrumb":{"@id":"https:\/\/librairie7l.com\/en\/produit\/pulsions\/#breadcrumb"},"inLanguage":"en-US","potentialAction":[{"@type":"ReadAction","target":["https:\/\/librairie7l.com\/en\/produit\/pulsions\/"]}]},{"@type":"BreadcrumbList","@id":"https:\/\/librairie7l.com\/en\/produit\/pulsions\/#breadcrumb","itemListElement":[{"@type":"ListItem","position":1,"name":"Accueil","item":"https:\/\/librairie7l.com\/en\/"},{"@type":"ListItem","position":2,"name":"Shop","item":"https:\/\/librairie7l.com\/en\/shop\/"},{"@type":"ListItem","position":3,"name":"PULSIONS"}]},{"@type":"WebSite","@id":"https:\/\/librairie7l.com\/en\/#website","url":"https:\/\/librairie7l.com\/en\/","name":"Librairie 7L","description":"Librairie fond\u00e9e en 1999 par Karl Lagerfeld \u00e0 Paris","publisher":{"@id":"https:\/\/librairie7l.com\/en\/#organization"},"potentialAction":[{"@type":"SearchAction","target":{"@type":"EntryPoint","urlTemplate":"https:\/\/librairie7l.com\/en\/?s={search_term_string}"},"query-input":"required name=search_term_string"}],"inLanguage":"en-US"},{"@type":"Organization","@id":"https:\/\/librairie7l.com\/en\/#organization","name":"Librairie 7L","url":"https:\/\/librairie7l.com\/en\/","logo":{"@type":"ImageObject","inLanguage":"en-US","@id":"https:\/\/librairie7l.com\/en\/#\/schema\/logo\/image\/","url":"https:\/\/librairie7l.com\/wp-content\/uploads\/2022\/08\/logo-1.png","contentUrl":"https:\/\/librairie7l.com\/wp-content\/uploads\/2022\/08\/logo-1.png","width":227,"height":301,"caption":"Librairie 7L"},"image":{"@id":"https:\/\/librairie7l.com\/en\/#\/schema\/logo\/image\/"}}]}},"_links":{"self":[{"href":"https:\/\/librairie7l.com\/en\/wp-json\/wp\/v2\/product\/23399"}],"collection":[{"href":"https:\/\/librairie7l.com\/en\/wp-json\/wp\/v2\/product"}],"about":[{"href":"https:\/\/librairie7l.com\/en\/wp-json\/wp\/v2\/types\/product"}],"wp:featuredmedia":[{"embeddable":true,"href":"https:\/\/librairie7l.com\/en\/wp-json\/wp\/v2\/media\/23397"}],"wp:attachment":[{"href":"https:\/\/librairie7l.com\/en\/wp-json\/wp\/v2\/media?parent=23399"}],"wp:term":[{"taxonomy":"product_cat","embeddable":true,"href":"https:\/\/librairie7l.com\/en\/wp-json\/wp\/v2\/product_cat?post=23399"},{"taxonomy":"product_tag","embeddable":true,"href":"https:\/\/librairie7l.com\/en\/wp-json\/wp\/v2\/product_tag?post=23399"}],"curies":[{"name":"wp","href":"https:\/\/api.w.org\/{rel}","templated":true}]}}