{"id":23411,"date":"2023-05-09T18:54:41","date_gmt":"2023-05-09T16:54:41","guid":{"rendered":"https:\/\/librairie7l.com\/?post_type=product&#038;p=23411"},"modified":"2026-04-11T13:59:32","modified_gmt":"2026-04-11T11:59:32","slug":"janine-janet-metamorphoses-2","status":"publish","type":"product","link":"https:\/\/librairie7l.com\/en\/produit\/janine-janet-metamorphoses-2\/","title":{"rendered":"JANINE JANET ; M\u00c9TAMORPHOSES"},"content":{"rendered":"<p>L&#8217;oeuvre de Janine Janet est li\u00e9e au Tout-Paris des ann\u00e9es 50 et 60.<br \/>\nElle r\u00e9alise des sculptures d&#8217;un extraordinaire raffinement, notamment pour les maisons de couture. Dot\u00e9e d&#8217;une s\u00e9rieuse formation classique, elle poss\u00e8de une excellente ma\u00eetrise des techniques plastiques. Son enfance \u00e0 l&#8217;\u00eele de La R\u00e9union a d\u00e9velopp\u00e9 un imaginaire baroque et fantasmagorique, un go\u00fbt pour la nature et pour des mat\u00e9riaux comme la nacre, le madr\u00e9pore, les coquillages, les v\u00e9g\u00e9taux, les \u00e9corces ou les pierres qu&#8217;elle soumet \u00e0 d&#8217;\u00e9tranges m\u00e9tamorphoses.<br \/>\nSes manipulations minutieuses rel\u00e8vent de l&#8217;art du tabletier, du relieur ou du rocailleur ; elle transforme ces \u00e9l\u00e9ments en na\u00efades, faunes, licornes et autres f\u00e9eries faites pour traverser le temps, qui enchantent le public. Les couturiers Balenciaga, Hubert de Givenchy, Pierre Balmain, Nina Ricci, lui confient leurs vitrines et leurs salons, Jean Cocteau, frapp\u00e9 par une certaine parent\u00e9 avec son propre imaginaire, lui commande la conception des costumes, masques et sculptures de son film Le Testament d&#8217;Orph\u00e9e.<br \/>\nJanine Janet est d\u00e9sormais recherch\u00e9e par une client\u00e8le c\u00e9l\u00e8bre, Francine Weisweiller, Paul-Louis Weiller, le prince Ali Khan, Ludmilla Tcherina, Jean Marais&#8230;, pour laquelle elle con\u00e7oit des d\u00e9cors de f\u00eates ou des d\u00e9corations d&#8217;int\u00e9rieurs. Elle s&#8217;int\u00e9resse aux diff\u00e9rents domaines de l&#8217;art d\u00e9coratif et cr\u00e9e des mod\u00e8les pour la Manufacture nationale de S\u00e8vres, Haviland, Arthus-Bertrand. En collaboration avec les d\u00e9corateurs John D\u00e9voluy ou Chapelain-Midy, elle applique au d\u00e9cor mural et au mobilier le proc\u00e9d\u00e9 nouveau d&#8217;inclusion dans la r\u00e9sine.<br \/>\nDennis Lennon lui commande des statues puis une V\u00e9nus en bronze dor\u00e9 pour le paquebot Queen Elizabeth 2, L&#8217;ouvrage, qui pr\u00e9sente les superbes photos de Brassa\u00ef et de Lucien Clergue compl\u00e9t\u00e9es par les reportages de Roland Beaufre, ainsi que les oeuvres marquantes de Janine Janet et ses projets aquarelles, retrace la carri\u00e8re prolifique d&#8217;une cr\u00e9atrice, \u00e0 un moment privil\u00e9gi\u00e9 de la culture fran\u00e7aise.<\/p>\n","protected":false},"excerpt":{"rendered":"<p>L&#8217;oeuvre de Janine Janet est li\u00e9e au Tout-Paris des ann\u00e9es 50 et 60. Elle r\u00e9alise des sculptures d&#8217;un extraordinaire raffinement, notamment pour les maisons de couture. Dot\u00e9e d&#8217;une s\u00e9rieuse formation classique, elle poss\u00e8de une excellente ma\u00eetrise des techniques plastiques. Son enfance \u00e0 l&#8217;\u00eele de La R\u00e9union a d\u00e9velopp\u00e9 un imaginaire baroque et fantasmagorique, un go\u00fbt [&hellip;]<\/p>\n","protected":false},"featured_media":23409,"template":"","meta":[],"product_cat":[55,2948,47,2953],"product_tag":[],"acf":[],"yoast_head":"<!-- This site is optimized with the Yoast SEO plugin v20.11 - https:\/\/yoast.com\/wordpress\/plugins\/seo\/ -->\n<title>JANINE JANET ; M\u00c9TAMORPHOSES - Librairie 7L<\/title>\n<meta name=\"robots\" content=\"index, follow, max-snippet:-1, max-image-preview:large, max-video-preview:-1\" \/>\n<link rel=\"canonical\" href=\"https:\/\/librairie7l.com\/en\/produit\/janine-janet-metamorphoses-2\/\" \/>\n<meta property=\"og:locale\" content=\"en_US\" \/>\n<meta property=\"og:type\" content=\"article\" \/>\n<meta property=\"og:title\" content=\"JANINE JANET ; M\u00c9TAMORPHOSES - Librairie 7L\" \/>\n<meta property=\"og:description\" content=\"L&#8217;oeuvre de Janine Janet est li\u00e9e au Tout-Paris des ann\u00e9es 50 et 60. Elle r\u00e9alise des sculptures d&#8217;un extraordinaire raffinement, notamment pour les maisons de couture. Dot\u00e9e d&#8217;une s\u00e9rieuse formation classique, elle poss\u00e8de une excellente ma\u00eetrise des techniques plastiques. Son enfance \u00e0 l&#8217;\u00eele de La R\u00e9union a d\u00e9velopp\u00e9 un imaginaire baroque et fantasmagorique, un go\u00fbt [&hellip;]\" \/>\n<meta property=\"og:url\" content=\"https:\/\/librairie7l.com\/en\/produit\/janine-janet-metamorphoses-2\/\" \/>\n<meta property=\"og:site_name\" content=\"Librairie 7L\" \/>\n<meta property=\"article:modified_time\" content=\"2026-04-11T11:59:32+00:00\" \/>\n<meta property=\"og:image\" content=\"https:\/\/librairie7l.com\/wp-content\/uploads\/2003\/05\/9782909283791_1_75.jpg\" \/>\n\t<meta property=\"og:image:width\" content=\"615\" \/>\n\t<meta property=\"og:image:height\" content=\"734\" \/>\n\t<meta property=\"og:image:type\" content=\"image\/jpeg\" \/>\n<meta name=\"twitter:card\" content=\"summary_large_image\" \/>\n<meta name=\"twitter:label1\" content=\"Est. reading time\" \/>\n\t<meta name=\"twitter:data1\" content=\"2 minutes\" \/>\n<script type=\"application\/ld+json\" class=\"yoast-schema-graph\">{\"@context\":\"https:\/\/schema.org\",\"@graph\":[{\"@type\":\"WebPage\",\"@id\":\"https:\/\/librairie7l.com\/en\/produit\/janine-janet-metamorphoses-2\/\",\"url\":\"https:\/\/librairie7l.com\/en\/produit\/janine-janet-metamorphoses-2\/\",\"name\":\"JANINE JANET ; M\u00c9TAMORPHOSES - Librairie 7L\",\"isPartOf\":{\"@id\":\"https:\/\/librairie7l.com\/en\/#website\"},\"datePublished\":\"2023-05-09T16:54:41+00:00\",\"dateModified\":\"2026-04-11T11:59:32+00:00\",\"breadcrumb\":{\"@id\":\"https:\/\/librairie7l.com\/en\/produit\/janine-janet-metamorphoses-2\/#breadcrumb\"},\"inLanguage\":\"en-US\",\"potentialAction\":[{\"@type\":\"ReadAction\",\"target\":[\"https:\/\/librairie7l.com\/en\/produit\/janine-janet-metamorphoses-2\/\"]}]},{\"@type\":\"BreadcrumbList\",\"@id\":\"https:\/\/librairie7l.com\/en\/produit\/janine-janet-metamorphoses-2\/#breadcrumb\",\"itemListElement\":[{\"@type\":\"ListItem\",\"position\":1,\"name\":\"Accueil\",\"item\":\"https:\/\/librairie7l.com\/en\/\"},{\"@type\":\"ListItem\",\"position\":2,\"name\":\"Shop\",\"item\":\"https:\/\/librairie7l.com\/en\/shop\/\"},{\"@type\":\"ListItem\",\"position\":3,\"name\":\"JANINE JANET ; M\u00c9TAMORPHOSES\"}]},{\"@type\":\"WebSite\",\"@id\":\"https:\/\/librairie7l.com\/en\/#website\",\"url\":\"https:\/\/librairie7l.com\/en\/\",\"name\":\"Librairie 7L\",\"description\":\"Librairie fond\u00e9e en 1999 par Karl Lagerfeld \u00e0 Paris\",\"publisher\":{\"@id\":\"https:\/\/librairie7l.com\/en\/#organization\"},\"potentialAction\":[{\"@type\":\"SearchAction\",\"target\":{\"@type\":\"EntryPoint\",\"urlTemplate\":\"https:\/\/librairie7l.com\/en\/?s={search_term_string}\"},\"query-input\":\"required name=search_term_string\"}],\"inLanguage\":\"en-US\"},{\"@type\":\"Organization\",\"@id\":\"https:\/\/librairie7l.com\/en\/#organization\",\"name\":\"Librairie 7L\",\"url\":\"https:\/\/librairie7l.com\/en\/\",\"logo\":{\"@type\":\"ImageObject\",\"inLanguage\":\"en-US\",\"@id\":\"https:\/\/librairie7l.com\/en\/#\/schema\/logo\/image\/\",\"url\":\"https:\/\/librairie7l.com\/wp-content\/uploads\/2022\/08\/logo-1.png\",\"contentUrl\":\"https:\/\/librairie7l.com\/wp-content\/uploads\/2022\/08\/logo-1.png\",\"width\":227,\"height\":301,\"caption\":\"Librairie 7L\"},\"image\":{\"@id\":\"https:\/\/librairie7l.com\/en\/#\/schema\/logo\/image\/\"}}]}<\/script>\n<!-- \/ Yoast SEO plugin. -->","yoast_head_json":{"title":"JANINE JANET ; M\u00c9TAMORPHOSES - Librairie 7L","robots":{"index":"index","follow":"follow","max-snippet":"max-snippet:-1","max-image-preview":"max-image-preview:large","max-video-preview":"max-video-preview:-1"},"canonical":"https:\/\/librairie7l.com\/en\/produit\/janine-janet-metamorphoses-2\/","og_locale":"en_US","og_type":"article","og_title":"JANINE JANET ; M\u00c9TAMORPHOSES - Librairie 7L","og_description":"L&#8217;oeuvre de Janine Janet est li\u00e9e au Tout-Paris des ann\u00e9es 50 et 60. Elle r\u00e9alise des sculptures d&#8217;un extraordinaire raffinement, notamment pour les maisons de couture. Dot\u00e9e d&#8217;une s\u00e9rieuse formation classique, elle poss\u00e8de une excellente ma\u00eetrise des techniques plastiques. Son enfance \u00e0 l&#8217;\u00eele de La R\u00e9union a d\u00e9velopp\u00e9 un imaginaire baroque et fantasmagorique, un go\u00fbt [&hellip;]","og_url":"https:\/\/librairie7l.com\/en\/produit\/janine-janet-metamorphoses-2\/","og_site_name":"Librairie 7L","article_modified_time":"2026-04-11T11:59:32+00:00","og_image":[{"width":615,"height":734,"url":"https:\/\/librairie7l.com\/wp-content\/uploads\/2003\/05\/9782909283791_1_75.jpg","type":"image\/jpeg"}],"twitter_card":"summary_large_image","twitter_misc":{"Est. reading time":"2 minutes"},"schema":{"@context":"https:\/\/schema.org","@graph":[{"@type":"WebPage","@id":"https:\/\/librairie7l.com\/en\/produit\/janine-janet-metamorphoses-2\/","url":"https:\/\/librairie7l.com\/en\/produit\/janine-janet-metamorphoses-2\/","name":"JANINE JANET ; M\u00c9TAMORPHOSES - Librairie 7L","isPartOf":{"@id":"https:\/\/librairie7l.com\/en\/#website"},"datePublished":"2023-05-09T16:54:41+00:00","dateModified":"2026-04-11T11:59:32+00:00","breadcrumb":{"@id":"https:\/\/librairie7l.com\/en\/produit\/janine-janet-metamorphoses-2\/#breadcrumb"},"inLanguage":"en-US","potentialAction":[{"@type":"ReadAction","target":["https:\/\/librairie7l.com\/en\/produit\/janine-janet-metamorphoses-2\/"]}]},{"@type":"BreadcrumbList","@id":"https:\/\/librairie7l.com\/en\/produit\/janine-janet-metamorphoses-2\/#breadcrumb","itemListElement":[{"@type":"ListItem","position":1,"name":"Accueil","item":"https:\/\/librairie7l.com\/en\/"},{"@type":"ListItem","position":2,"name":"Shop","item":"https:\/\/librairie7l.com\/en\/shop\/"},{"@type":"ListItem","position":3,"name":"JANINE JANET ; M\u00c9TAMORPHOSES"}]},{"@type":"WebSite","@id":"https:\/\/librairie7l.com\/en\/#website","url":"https:\/\/librairie7l.com\/en\/","name":"Librairie 7L","description":"Librairie fond\u00e9e en 1999 par Karl Lagerfeld \u00e0 Paris","publisher":{"@id":"https:\/\/librairie7l.com\/en\/#organization"},"potentialAction":[{"@type":"SearchAction","target":{"@type":"EntryPoint","urlTemplate":"https:\/\/librairie7l.com\/en\/?s={search_term_string}"},"query-input":"required name=search_term_string"}],"inLanguage":"en-US"},{"@type":"Organization","@id":"https:\/\/librairie7l.com\/en\/#organization","name":"Librairie 7L","url":"https:\/\/librairie7l.com\/en\/","logo":{"@type":"ImageObject","inLanguage":"en-US","@id":"https:\/\/librairie7l.com\/en\/#\/schema\/logo\/image\/","url":"https:\/\/librairie7l.com\/wp-content\/uploads\/2022\/08\/logo-1.png","contentUrl":"https:\/\/librairie7l.com\/wp-content\/uploads\/2022\/08\/logo-1.png","width":227,"height":301,"caption":"Librairie 7L"},"image":{"@id":"https:\/\/librairie7l.com\/en\/#\/schema\/logo\/image\/"}}]}},"_links":{"self":[{"href":"https:\/\/librairie7l.com\/en\/wp-json\/wp\/v2\/product\/23411"}],"collection":[{"href":"https:\/\/librairie7l.com\/en\/wp-json\/wp\/v2\/product"}],"about":[{"href":"https:\/\/librairie7l.com\/en\/wp-json\/wp\/v2\/types\/product"}],"wp:featuredmedia":[{"embeddable":true,"href":"https:\/\/librairie7l.com\/en\/wp-json\/wp\/v2\/media\/23409"}],"wp:attachment":[{"href":"https:\/\/librairie7l.com\/en\/wp-json\/wp\/v2\/media?parent=23411"}],"wp:term":[{"taxonomy":"product_cat","embeddable":true,"href":"https:\/\/librairie7l.com\/en\/wp-json\/wp\/v2\/product_cat?post=23411"},{"taxonomy":"product_tag","embeddable":true,"href":"https:\/\/librairie7l.com\/en\/wp-json\/wp\/v2\/product_tag?post=23411"}],"curies":[{"name":"wp","href":"https:\/\/api.w.org\/{rel}","templated":true}]}}