{"id":23415,"date":"2023-05-09T18:54:45","date_gmt":"2023-05-09T16:54:45","guid":{"rendered":"https:\/\/librairie7l.com\/?post_type=product&#038;p=23415"},"modified":"2026-04-28T07:05:43","modified_gmt":"2026-04-28T05:05:43","slug":"renzo-mongiardino-roomscapes","status":"publish","type":"product","link":"https:\/\/librairie7l.com\/en\/produit\/renzo-mongiardino-roomscapes\/","title":{"rendered":"RENZO MONGIARDINO ; ROOMSCAPES"},"content":{"rendered":"<p>Publi\u00e9 il y a vingt-trois ans chez Rizzoli, l&#8217;ouvrage Roomscapes de Mongiardino peut \u00eatre consid\u00e9r\u00e9 comme un classique de l&#8217;architecture d&#8217;int\u00e9rieur.<br \/>\nDepuis longtemps indisponible, l&#8217;ouvrage est aujourd&#8217;hui r\u00e9\u00e9dit\u00e9 sous la direction de Francesca Simone, petite-fille de Mongiardino, qui a conserv\u00e9 le texte original et a modifi\u00e9, en partie, les illustrations et la pr\u00e9sentation graphique, afin de les rendre plus fid\u00e8les au propos. En outre, la nouvelle \u00e9dition offre en fin d&#8217;ouvrage, sur un papier de qualit\u00e9 diff\u00e9rente, une quinzaine de croquis de la main de Mongiardino.<br \/>\nApr\u00e8s avoir obtenu son dipl\u00f4me avec Gio Ponti, Mongiardino s&#8217;affirme au d\u00e9but des ann\u00e9es 1950 comme architecte en signant quelques-unes des demeures les plus fascinantes de la seconde moiti\u00e9 du xxe si\u00e8cle, des r\u00e9alisations destin\u00e9es \u00e0 une client\u00e8le internationale et prestigieuse de collectionneurs cultiv\u00e9s et de grands entrepreneurs, parmi lesquels on peut citer Thyssen, Onassis, Agnelli, Valentino, Versace, ou encore, en France, Rothschild et Safra. Dans le m\u00eame temps, il poursuit une activit\u00e9 de d\u00e9corateur pour le th\u00e9\u00e2tre et pour le cin\u00e9ma et collabore avec Franco Zeffirelli, Peter Hall, Giancarlo Menotti et Raymond Rouleau.<br \/>\nRoomscapes se pr\u00e9sente comme une s\u00e9rie de le\u00e7ons-r\u00e9cits qui expliquent la m\u00e9thode et les canons de son architecture d&#8217;int\u00e9rieur. Richement illustr\u00e9s de r\u00e9f\u00e9rences historiques et de demeures r\u00e9alis\u00e9es par Mongiardino, les chapitres affrontent un probl\u00e8me sp\u00e9cifique ou une question qui rel\u00e8ve du go\u00fbt, pour montrer de quelle mani\u00e8re elle peut \u00eatre r\u00e9solue dans un premier temps d&#8217;un point de vue spatial, puis gr\u00e2ce la r\u00e9alisation minutieuse de chaque d\u00e9tail.<br \/>\nCr\u00e9ateur extr\u00eamement habile d&#8217;espaces spectaculaires, Mongiardino a su associer objets ordinaires et pi\u00e8ces d&#8217;antiquit\u00e9s, marier de mani\u00e8re magistrale tissus pr\u00e9cieux ou peints, panneaux sculpt\u00e9s ou plus simples et une gamme de trompe-l&#8217;oeil gr\u00e2ce auxquels il obtenait des chefsd&#8217;oeuvre \u00e0 partir de mat\u00e9riaux pauvres.<br \/>\nLe \u00ab style Mongiardino \u00bb est maintenant devenu l\u00e9gendaire, \u00e0 tel point qu&#8217;il appara\u00eet dans les revues d&#8217;architecture les plus importantes, ainsi que dans les magazines grand public comme celui du New York Times, qui lui a r\u00e9cemment consacr\u00e9 sa couverture et un long article.<\/p>\n","protected":false},"excerpt":{"rendered":"<p>Publi\u00e9 il y a vingt-trois ans chez Rizzoli, l&#8217;ouvrage Roomscapes de Mongiardino peut \u00eatre consid\u00e9r\u00e9 comme un classique de l&#8217;architecture d&#8217;int\u00e9rieur. Depuis longtemps indisponible, l&#8217;ouvrage est aujourd&#8217;hui r\u00e9\u00e9dit\u00e9 sous la direction de Francesca Simone, petite-fille de Mongiardino, qui a conserv\u00e9 le texte original et a modifi\u00e9, en partie, les illustrations et la pr\u00e9sentation graphique, afin [&hellip;]<\/p>\n","protected":false},"featured_media":23413,"template":"","meta":[],"product_cat":[55,2948,18,2952],"product_tag":[],"acf":[],"yoast_head":"<!-- This site is optimized with the Yoast SEO plugin v20.11 - https:\/\/yoast.com\/wordpress\/plugins\/seo\/ -->\n<title>RENZO MONGIARDINO ; ROOMSCAPES - Librairie 7L<\/title>\n<meta name=\"robots\" content=\"index, follow, max-snippet:-1, max-image-preview:large, max-video-preview:-1\" \/>\n<link rel=\"canonical\" href=\"https:\/\/librairie7l.com\/en\/produit\/renzo-mongiardino-roomscapes\/\" \/>\n<meta property=\"og:locale\" content=\"en_US\" \/>\n<meta property=\"og:type\" content=\"article\" \/>\n<meta property=\"og:title\" content=\"RENZO MONGIARDINO ; ROOMSCAPES - Librairie 7L\" \/>\n<meta property=\"og:description\" content=\"Publi\u00e9 il y a vingt-trois ans chez Rizzoli, l&#8217;ouvrage Roomscapes de Mongiardino peut \u00eatre consid\u00e9r\u00e9 comme un classique de l&#8217;architecture d&#8217;int\u00e9rieur. Depuis longtemps indisponible, l&#8217;ouvrage est aujourd&#8217;hui r\u00e9\u00e9dit\u00e9 sous la direction de Francesca Simone, petite-fille de Mongiardino, qui a conserv\u00e9 le texte original et a modifi\u00e9, en partie, les illustrations et la pr\u00e9sentation graphique, afin [&hellip;]\" \/>\n<meta property=\"og:url\" content=\"https:\/\/librairie7l.com\/en\/produit\/renzo-mongiardino-roomscapes\/\" \/>\n<meta property=\"og:site_name\" content=\"Librairie 7L\" \/>\n<meta property=\"article:modified_time\" content=\"2026-04-28T05:05:43+00:00\" \/>\n<meta property=\"og:image\" content=\"https:\/\/librairie7l.com\/wp-content\/uploads\/2016\/11\/9788897737766_1_75.jpg\" \/>\n\t<meta property=\"og:image:width\" content=\"600\" \/>\n\t<meta property=\"og:image:height\" content=\"698\" \/>\n\t<meta property=\"og:image:type\" content=\"image\/jpeg\" \/>\n<meta name=\"twitter:card\" content=\"summary_large_image\" \/>\n<meta name=\"twitter:label1\" content=\"Est. reading time\" \/>\n\t<meta name=\"twitter:data1\" content=\"2 minutes\" \/>\n<script type=\"application\/ld+json\" class=\"yoast-schema-graph\">{\"@context\":\"https:\/\/schema.org\",\"@graph\":[{\"@type\":\"WebPage\",\"@id\":\"https:\/\/librairie7l.com\/en\/produit\/renzo-mongiardino-roomscapes\/\",\"url\":\"https:\/\/librairie7l.com\/en\/produit\/renzo-mongiardino-roomscapes\/\",\"name\":\"RENZO MONGIARDINO ; ROOMSCAPES - Librairie 7L\",\"isPartOf\":{\"@id\":\"https:\/\/librairie7l.com\/en\/#website\"},\"datePublished\":\"2023-05-09T16:54:45+00:00\",\"dateModified\":\"2026-04-28T05:05:43+00:00\",\"breadcrumb\":{\"@id\":\"https:\/\/librairie7l.com\/en\/produit\/renzo-mongiardino-roomscapes\/#breadcrumb\"},\"inLanguage\":\"en-US\",\"potentialAction\":[{\"@type\":\"ReadAction\",\"target\":[\"https:\/\/librairie7l.com\/en\/produit\/renzo-mongiardino-roomscapes\/\"]}]},{\"@type\":\"BreadcrumbList\",\"@id\":\"https:\/\/librairie7l.com\/en\/produit\/renzo-mongiardino-roomscapes\/#breadcrumb\",\"itemListElement\":[{\"@type\":\"ListItem\",\"position\":1,\"name\":\"Accueil\",\"item\":\"https:\/\/librairie7l.com\/en\/\"},{\"@type\":\"ListItem\",\"position\":2,\"name\":\"Shop\",\"item\":\"https:\/\/librairie7l.com\/en\/shop\/\"},{\"@type\":\"ListItem\",\"position\":3,\"name\":\"RENZO MONGIARDINO ; ROOMSCAPES\"}]},{\"@type\":\"WebSite\",\"@id\":\"https:\/\/librairie7l.com\/en\/#website\",\"url\":\"https:\/\/librairie7l.com\/en\/\",\"name\":\"Librairie 7L\",\"description\":\"Librairie fond\u00e9e en 1999 par Karl Lagerfeld \u00e0 Paris\",\"publisher\":{\"@id\":\"https:\/\/librairie7l.com\/en\/#organization\"},\"potentialAction\":[{\"@type\":\"SearchAction\",\"target\":{\"@type\":\"EntryPoint\",\"urlTemplate\":\"https:\/\/librairie7l.com\/en\/?s={search_term_string}\"},\"query-input\":\"required name=search_term_string\"}],\"inLanguage\":\"en-US\"},{\"@type\":\"Organization\",\"@id\":\"https:\/\/librairie7l.com\/en\/#organization\",\"name\":\"Librairie 7L\",\"url\":\"https:\/\/librairie7l.com\/en\/\",\"logo\":{\"@type\":\"ImageObject\",\"inLanguage\":\"en-US\",\"@id\":\"https:\/\/librairie7l.com\/en\/#\/schema\/logo\/image\/\",\"url\":\"https:\/\/librairie7l.com\/wp-content\/uploads\/2022\/08\/logo-1.png\",\"contentUrl\":\"https:\/\/librairie7l.com\/wp-content\/uploads\/2022\/08\/logo-1.png\",\"width\":227,\"height\":301,\"caption\":\"Librairie 7L\"},\"image\":{\"@id\":\"https:\/\/librairie7l.com\/en\/#\/schema\/logo\/image\/\"}}]}<\/script>\n<!-- \/ Yoast SEO plugin. -->","yoast_head_json":{"title":"RENZO MONGIARDINO ; ROOMSCAPES - Librairie 7L","robots":{"index":"index","follow":"follow","max-snippet":"max-snippet:-1","max-image-preview":"max-image-preview:large","max-video-preview":"max-video-preview:-1"},"canonical":"https:\/\/librairie7l.com\/en\/produit\/renzo-mongiardino-roomscapes\/","og_locale":"en_US","og_type":"article","og_title":"RENZO MONGIARDINO ; ROOMSCAPES - Librairie 7L","og_description":"Publi\u00e9 il y a vingt-trois ans chez Rizzoli, l&#8217;ouvrage Roomscapes de Mongiardino peut \u00eatre consid\u00e9r\u00e9 comme un classique de l&#8217;architecture d&#8217;int\u00e9rieur. Depuis longtemps indisponible, l&#8217;ouvrage est aujourd&#8217;hui r\u00e9\u00e9dit\u00e9 sous la direction de Francesca Simone, petite-fille de Mongiardino, qui a conserv\u00e9 le texte original et a modifi\u00e9, en partie, les illustrations et la pr\u00e9sentation graphique, afin [&hellip;]","og_url":"https:\/\/librairie7l.com\/en\/produit\/renzo-mongiardino-roomscapes\/","og_site_name":"Librairie 7L","article_modified_time":"2026-04-28T05:05:43+00:00","og_image":[{"width":600,"height":698,"url":"https:\/\/librairie7l.com\/wp-content\/uploads\/2016\/11\/9788897737766_1_75.jpg","type":"image\/jpeg"}],"twitter_card":"summary_large_image","twitter_misc":{"Est. reading time":"2 minutes"},"schema":{"@context":"https:\/\/schema.org","@graph":[{"@type":"WebPage","@id":"https:\/\/librairie7l.com\/en\/produit\/renzo-mongiardino-roomscapes\/","url":"https:\/\/librairie7l.com\/en\/produit\/renzo-mongiardino-roomscapes\/","name":"RENZO MONGIARDINO ; ROOMSCAPES - Librairie 7L","isPartOf":{"@id":"https:\/\/librairie7l.com\/en\/#website"},"datePublished":"2023-05-09T16:54:45+00:00","dateModified":"2026-04-28T05:05:43+00:00","breadcrumb":{"@id":"https:\/\/librairie7l.com\/en\/produit\/renzo-mongiardino-roomscapes\/#breadcrumb"},"inLanguage":"en-US","potentialAction":[{"@type":"ReadAction","target":["https:\/\/librairie7l.com\/en\/produit\/renzo-mongiardino-roomscapes\/"]}]},{"@type":"BreadcrumbList","@id":"https:\/\/librairie7l.com\/en\/produit\/renzo-mongiardino-roomscapes\/#breadcrumb","itemListElement":[{"@type":"ListItem","position":1,"name":"Accueil","item":"https:\/\/librairie7l.com\/en\/"},{"@type":"ListItem","position":2,"name":"Shop","item":"https:\/\/librairie7l.com\/en\/shop\/"},{"@type":"ListItem","position":3,"name":"RENZO MONGIARDINO ; ROOMSCAPES"}]},{"@type":"WebSite","@id":"https:\/\/librairie7l.com\/en\/#website","url":"https:\/\/librairie7l.com\/en\/","name":"Librairie 7L","description":"Librairie fond\u00e9e en 1999 par Karl Lagerfeld \u00e0 Paris","publisher":{"@id":"https:\/\/librairie7l.com\/en\/#organization"},"potentialAction":[{"@type":"SearchAction","target":{"@type":"EntryPoint","urlTemplate":"https:\/\/librairie7l.com\/en\/?s={search_term_string}"},"query-input":"required name=search_term_string"}],"inLanguage":"en-US"},{"@type":"Organization","@id":"https:\/\/librairie7l.com\/en\/#organization","name":"Librairie 7L","url":"https:\/\/librairie7l.com\/en\/","logo":{"@type":"ImageObject","inLanguage":"en-US","@id":"https:\/\/librairie7l.com\/en\/#\/schema\/logo\/image\/","url":"https:\/\/librairie7l.com\/wp-content\/uploads\/2022\/08\/logo-1.png","contentUrl":"https:\/\/librairie7l.com\/wp-content\/uploads\/2022\/08\/logo-1.png","width":227,"height":301,"caption":"Librairie 7L"},"image":{"@id":"https:\/\/librairie7l.com\/en\/#\/schema\/logo\/image\/"}}]}},"_links":{"self":[{"href":"https:\/\/librairie7l.com\/en\/wp-json\/wp\/v2\/product\/23415"}],"collection":[{"href":"https:\/\/librairie7l.com\/en\/wp-json\/wp\/v2\/product"}],"about":[{"href":"https:\/\/librairie7l.com\/en\/wp-json\/wp\/v2\/types\/product"}],"wp:featuredmedia":[{"embeddable":true,"href":"https:\/\/librairie7l.com\/en\/wp-json\/wp\/v2\/media\/23413"}],"wp:attachment":[{"href":"https:\/\/librairie7l.com\/en\/wp-json\/wp\/v2\/media?parent=23415"}],"wp:term":[{"taxonomy":"product_cat","embeddable":true,"href":"https:\/\/librairie7l.com\/en\/wp-json\/wp\/v2\/product_cat?post=23415"},{"taxonomy":"product_tag","embeddable":true,"href":"https:\/\/librairie7l.com\/en\/wp-json\/wp\/v2\/product_tag?post=23415"}],"curies":[{"name":"wp","href":"https:\/\/api.w.org\/{rel}","templated":true}]}}