{"id":23491,"date":"2023-05-09T18:55:50","date_gmt":"2023-05-09T16:55:50","guid":{"rendered":"https:\/\/librairie7l.com\/?post_type=product&#038;p=23491"},"modified":"2026-04-06T03:00:26","modified_gmt":"2026-04-06T01:00:26","slug":"vincent-van-duysen-works-2009-2018","status":"publish","type":"product","link":"https:\/\/librairie7l.com\/en\/produit\/vincent-van-duysen-works-2009-2018\/","title":{"rendered":"VINCENT VAN DUYSEN WORKS 2009-2018"},"content":{"rendered":"<p>R\u00e9\u00e9dition des uvres compl\u00e8tes de Vincent Van Duysen publi\u00e9es en 2010. Cette monographie en deux volumes pr\u00e9sente les uvres de l&#8217;architecte belge Vincent Van Duysen qui, depuis 1993, cr\u00e9e des appartements, des maisons, des boutiques, des bureaux, des restaurants, mais aussi des meubles et des objets. Le premier volume, publi\u00e9 en 2010 et r\u00e9\u00e9dit\u00e9 aujourd&#8217;hui, se compl\u00e8te d&#8217;une nouvelle parution se concentrant sur les dix ann\u00e9es suivantes, jusqu&#8217;\u00e0 ses projets en cours de r\u00e9alisation.<\/p>\n","protected":false},"excerpt":{"rendered":"<p>R\u00e9\u00e9dition des uvres compl\u00e8tes de Vincent Van Duysen publi\u00e9es en 2010. Cette monographie en deux volumes pr\u00e9sente les uvres de l&#8217;architecte belge Vincent Van Duysen qui, depuis 1993, cr\u00e9e des appartements, des maisons, des boutiques, des bureaux, des restaurants, mais aussi des meubles et des objets. Le premier volume, publi\u00e9 en 2010 et r\u00e9\u00e9dit\u00e9 aujourd&#8217;hui, [&hellip;]<\/p>\n","protected":false},"featured_media":23489,"template":"","meta":[],"product_cat":[55,2948,22,2950],"product_tag":[],"acf":[],"yoast_head":"<!-- This site is optimized with the Yoast SEO plugin v20.11 - https:\/\/yoast.com\/wordpress\/plugins\/seo\/ -->\n<title>VINCENT VAN DUYSEN WORKS 2009-2018 - Librairie 7L<\/title>\n<meta name=\"robots\" content=\"index, follow, max-snippet:-1, max-image-preview:large, max-video-preview:-1\" \/>\n<link rel=\"canonical\" href=\"https:\/\/librairie7l.com\/en\/produit\/vincent-van-duysen-works-2009-2018\/\" \/>\n<meta property=\"og:locale\" content=\"en_US\" \/>\n<meta property=\"og:type\" content=\"article\" \/>\n<meta property=\"og:title\" content=\"VINCENT VAN DUYSEN WORKS 2009-2018 - Librairie 7L\" \/>\n<meta property=\"og:description\" content=\"R\u00e9\u00e9dition des uvres compl\u00e8tes de Vincent Van Duysen publi\u00e9es en 2010. Cette monographie en deux volumes pr\u00e9sente les uvres de l&#8217;architecte belge Vincent Van Duysen qui, depuis 1993, cr\u00e9e des appartements, des maisons, des boutiques, des bureaux, des restaurants, mais aussi des meubles et des objets. Le premier volume, publi\u00e9 en 2010 et r\u00e9\u00e9dit\u00e9 aujourd&#8217;hui, [&hellip;]\" \/>\n<meta property=\"og:url\" content=\"https:\/\/librairie7l.com\/en\/produit\/vincent-van-duysen-works-2009-2018\/\" \/>\n<meta property=\"og:site_name\" content=\"Librairie 7L\" \/>\n<meta property=\"article:modified_time\" content=\"2026-04-06T01:00:26+00:00\" \/>\n<meta property=\"og:image\" content=\"https:\/\/librairie7l.com\/wp-content\/uploads\/2018\/11\/9780500021644_1_75.jpg\" \/>\n\t<meta property=\"og:image:width\" content=\"252\" \/>\n\t<meta property=\"og:image:height\" content=\"320\" \/>\n\t<meta property=\"og:image:type\" content=\"image\/jpeg\" \/>\n<meta name=\"twitter:card\" content=\"summary_large_image\" \/>\n<script type=\"application\/ld+json\" class=\"yoast-schema-graph\">{\"@context\":\"https:\/\/schema.org\",\"@graph\":[{\"@type\":\"WebPage\",\"@id\":\"https:\/\/librairie7l.com\/en\/produit\/vincent-van-duysen-works-2009-2018\/\",\"url\":\"https:\/\/librairie7l.com\/en\/produit\/vincent-van-duysen-works-2009-2018\/\",\"name\":\"VINCENT VAN DUYSEN WORKS 2009-2018 - Librairie 7L\",\"isPartOf\":{\"@id\":\"https:\/\/librairie7l.com\/en\/#website\"},\"datePublished\":\"2023-05-09T16:55:50+00:00\",\"dateModified\":\"2026-04-06T01:00:26+00:00\",\"breadcrumb\":{\"@id\":\"https:\/\/librairie7l.com\/en\/produit\/vincent-van-duysen-works-2009-2018\/#breadcrumb\"},\"inLanguage\":\"en-US\",\"potentialAction\":[{\"@type\":\"ReadAction\",\"target\":[\"https:\/\/librairie7l.com\/en\/produit\/vincent-van-duysen-works-2009-2018\/\"]}]},{\"@type\":\"BreadcrumbList\",\"@id\":\"https:\/\/librairie7l.com\/en\/produit\/vincent-van-duysen-works-2009-2018\/#breadcrumb\",\"itemListElement\":[{\"@type\":\"ListItem\",\"position\":1,\"name\":\"Accueil\",\"item\":\"https:\/\/librairie7l.com\/en\/\"},{\"@type\":\"ListItem\",\"position\":2,\"name\":\"Shop\",\"item\":\"https:\/\/librairie7l.com\/en\/shop\/\"},{\"@type\":\"ListItem\",\"position\":3,\"name\":\"VINCENT VAN DUYSEN WORKS 2009-2018\"}]},{\"@type\":\"WebSite\",\"@id\":\"https:\/\/librairie7l.com\/en\/#website\",\"url\":\"https:\/\/librairie7l.com\/en\/\",\"name\":\"Librairie 7L\",\"description\":\"Librairie fond\u00e9e en 1999 par Karl Lagerfeld \u00e0 Paris\",\"publisher\":{\"@id\":\"https:\/\/librairie7l.com\/en\/#organization\"},\"potentialAction\":[{\"@type\":\"SearchAction\",\"target\":{\"@type\":\"EntryPoint\",\"urlTemplate\":\"https:\/\/librairie7l.com\/en\/?s={search_term_string}\"},\"query-input\":\"required name=search_term_string\"}],\"inLanguage\":\"en-US\"},{\"@type\":\"Organization\",\"@id\":\"https:\/\/librairie7l.com\/en\/#organization\",\"name\":\"Librairie 7L\",\"url\":\"https:\/\/librairie7l.com\/en\/\",\"logo\":{\"@type\":\"ImageObject\",\"inLanguage\":\"en-US\",\"@id\":\"https:\/\/librairie7l.com\/en\/#\/schema\/logo\/image\/\",\"url\":\"https:\/\/librairie7l.com\/wp-content\/uploads\/2022\/08\/logo-1.png\",\"contentUrl\":\"https:\/\/librairie7l.com\/wp-content\/uploads\/2022\/08\/logo-1.png\",\"width\":227,\"height\":301,\"caption\":\"Librairie 7L\"},\"image\":{\"@id\":\"https:\/\/librairie7l.com\/en\/#\/schema\/logo\/image\/\"}}]}<\/script>\n<!-- \/ Yoast SEO plugin. -->","yoast_head_json":{"title":"VINCENT VAN DUYSEN WORKS 2009-2018 - Librairie 7L","robots":{"index":"index","follow":"follow","max-snippet":"max-snippet:-1","max-image-preview":"max-image-preview:large","max-video-preview":"max-video-preview:-1"},"canonical":"https:\/\/librairie7l.com\/en\/produit\/vincent-van-duysen-works-2009-2018\/","og_locale":"en_US","og_type":"article","og_title":"VINCENT VAN DUYSEN WORKS 2009-2018 - Librairie 7L","og_description":"R\u00e9\u00e9dition des uvres compl\u00e8tes de Vincent Van Duysen publi\u00e9es en 2010. Cette monographie en deux volumes pr\u00e9sente les uvres de l&#8217;architecte belge Vincent Van Duysen qui, depuis 1993, cr\u00e9e des appartements, des maisons, des boutiques, des bureaux, des restaurants, mais aussi des meubles et des objets. Le premier volume, publi\u00e9 en 2010 et r\u00e9\u00e9dit\u00e9 aujourd&#8217;hui, [&hellip;]","og_url":"https:\/\/librairie7l.com\/en\/produit\/vincent-van-duysen-works-2009-2018\/","og_site_name":"Librairie 7L","article_modified_time":"2026-04-06T01:00:26+00:00","og_image":[{"width":252,"height":320,"url":"https:\/\/librairie7l.com\/wp-content\/uploads\/2018\/11\/9780500021644_1_75.jpg","type":"image\/jpeg"}],"twitter_card":"summary_large_image","schema":{"@context":"https:\/\/schema.org","@graph":[{"@type":"WebPage","@id":"https:\/\/librairie7l.com\/en\/produit\/vincent-van-duysen-works-2009-2018\/","url":"https:\/\/librairie7l.com\/en\/produit\/vincent-van-duysen-works-2009-2018\/","name":"VINCENT VAN DUYSEN WORKS 2009-2018 - Librairie 7L","isPartOf":{"@id":"https:\/\/librairie7l.com\/en\/#website"},"datePublished":"2023-05-09T16:55:50+00:00","dateModified":"2026-04-06T01:00:26+00:00","breadcrumb":{"@id":"https:\/\/librairie7l.com\/en\/produit\/vincent-van-duysen-works-2009-2018\/#breadcrumb"},"inLanguage":"en-US","potentialAction":[{"@type":"ReadAction","target":["https:\/\/librairie7l.com\/en\/produit\/vincent-van-duysen-works-2009-2018\/"]}]},{"@type":"BreadcrumbList","@id":"https:\/\/librairie7l.com\/en\/produit\/vincent-van-duysen-works-2009-2018\/#breadcrumb","itemListElement":[{"@type":"ListItem","position":1,"name":"Accueil","item":"https:\/\/librairie7l.com\/en\/"},{"@type":"ListItem","position":2,"name":"Shop","item":"https:\/\/librairie7l.com\/en\/shop\/"},{"@type":"ListItem","position":3,"name":"VINCENT VAN DUYSEN WORKS 2009-2018"}]},{"@type":"WebSite","@id":"https:\/\/librairie7l.com\/en\/#website","url":"https:\/\/librairie7l.com\/en\/","name":"Librairie 7L","description":"Librairie fond\u00e9e en 1999 par Karl Lagerfeld \u00e0 Paris","publisher":{"@id":"https:\/\/librairie7l.com\/en\/#organization"},"potentialAction":[{"@type":"SearchAction","target":{"@type":"EntryPoint","urlTemplate":"https:\/\/librairie7l.com\/en\/?s={search_term_string}"},"query-input":"required name=search_term_string"}],"inLanguage":"en-US"},{"@type":"Organization","@id":"https:\/\/librairie7l.com\/en\/#organization","name":"Librairie 7L","url":"https:\/\/librairie7l.com\/en\/","logo":{"@type":"ImageObject","inLanguage":"en-US","@id":"https:\/\/librairie7l.com\/en\/#\/schema\/logo\/image\/","url":"https:\/\/librairie7l.com\/wp-content\/uploads\/2022\/08\/logo-1.png","contentUrl":"https:\/\/librairie7l.com\/wp-content\/uploads\/2022\/08\/logo-1.png","width":227,"height":301,"caption":"Librairie 7L"},"image":{"@id":"https:\/\/librairie7l.com\/en\/#\/schema\/logo\/image\/"}}]}},"_links":{"self":[{"href":"https:\/\/librairie7l.com\/en\/wp-json\/wp\/v2\/product\/23491"}],"collection":[{"href":"https:\/\/librairie7l.com\/en\/wp-json\/wp\/v2\/product"}],"about":[{"href":"https:\/\/librairie7l.com\/en\/wp-json\/wp\/v2\/types\/product"}],"wp:featuredmedia":[{"embeddable":true,"href":"https:\/\/librairie7l.com\/en\/wp-json\/wp\/v2\/media\/23489"}],"wp:attachment":[{"href":"https:\/\/librairie7l.com\/en\/wp-json\/wp\/v2\/media?parent=23491"}],"wp:term":[{"taxonomy":"product_cat","embeddable":true,"href":"https:\/\/librairie7l.com\/en\/wp-json\/wp\/v2\/product_cat?post=23491"},{"taxonomy":"product_tag","embeddable":true,"href":"https:\/\/librairie7l.com\/en\/wp-json\/wp\/v2\/product_tag?post=23491"}],"curies":[{"name":"wp","href":"https:\/\/api.w.org\/{rel}","templated":true}]}}