{"id":23499,"date":"2023-05-09T18:55:56","date_gmt":"2023-05-09T16:55:56","guid":{"rendered":"https:\/\/librairie7l.com\/?post_type=product&#038;p=23499"},"modified":"2026-04-09T20:24:29","modified_gmt":"2026-04-09T18:24:29","slug":"villa-greystones","status":"publish","type":"product","link":"https:\/\/librairie7l.com\/en\/produit\/villa-greystones\/","title":{"rendered":"VILLA GREYSTONES"},"content":{"rendered":"<p>Villa Greystones, Dinard (Tome 5) montrera \u00e0 travers les photographies de Fabrice Gousset une maison d&#8217;architecte en pierre, verre et b\u00e9ton, entre ciel et oc\u00e9an, poste d&#8217;observation unique face \u00e0 l&#8217;immensit\u00e9, construite par Michel Roux-Spitz pour lui-m\u00eame en 1938. \u00c0 port\u00e9e de vue, des \u00eeles-jardin et Saint-Malo.<br \/>\nApr\u00e8s quelques errances et soixante-quinze ann\u00e9es plus tard, elle retrouve sa forme initiale gr\u00e2ce \u00e0 l&#8217;engagement de son nouveau propri\u00e9taire, grand collectionneur d&#8217;art contemporain, qui confie le projet mobilier \u00e0 Martin Szekely.<br \/>\nB42 s&#8217;associe avec le designer fran\u00e7ais Martin Szekely pour pr\u00e9senter une s\u00e9rie d&#8217;ouvrages consacr\u00e9s \u00e0 son travail. Chaque ouvrage s&#8217;attardera sur une pi\u00e8ce, une s\u00e9rie de pi\u00e8ces ou une exposition et montrera, essentiellement par l&#8217;image, les projets du designer.<\/p>\n","protected":false},"excerpt":{"rendered":"<p>Villa Greystones, Dinard (Tome 5) montrera \u00e0 travers les photographies de Fabrice Gousset une maison d&#8217;architecte en pierre, verre et b\u00e9ton, entre ciel et oc\u00e9an, poste d&#8217;observation unique face \u00e0 l&#8217;immensit\u00e9, construite par Michel Roux-Spitz pour lui-m\u00eame en 1938. \u00c0 port\u00e9e de vue, des \u00eeles-jardin et Saint-Malo. Apr\u00e8s quelques errances et soixante-quinze ann\u00e9es plus tard, [&hellip;]<\/p>\n","protected":false},"featured_media":23497,"template":"","meta":[],"product_cat":[55,2948,18,2952],"product_tag":[],"acf":[],"yoast_head":"<!-- This site is optimized with the Yoast SEO plugin v20.11 - https:\/\/yoast.com\/wordpress\/plugins\/seo\/ -->\n<title>VILLA GREYSTONES - Librairie 7L<\/title>\n<meta name=\"robots\" content=\"index, follow, max-snippet:-1, max-image-preview:large, max-video-preview:-1\" \/>\n<link rel=\"canonical\" href=\"https:\/\/librairie7l.com\/en\/produit\/villa-greystones\/\" \/>\n<meta property=\"og:locale\" content=\"en_US\" \/>\n<meta property=\"og:type\" content=\"article\" \/>\n<meta property=\"og:title\" content=\"VILLA GREYSTONES - Librairie 7L\" \/>\n<meta property=\"og:description\" content=\"Villa Greystones, Dinard (Tome 5) montrera \u00e0 travers les photographies de Fabrice Gousset une maison d&#8217;architecte en pierre, verre et b\u00e9ton, entre ciel et oc\u00e9an, poste d&#8217;observation unique face \u00e0 l&#8217;immensit\u00e9, construite par Michel Roux-Spitz pour lui-m\u00eame en 1938. \u00c0 port\u00e9e de vue, des \u00eeles-jardin et Saint-Malo. Apr\u00e8s quelques errances et soixante-quinze ann\u00e9es plus tard, [&hellip;]\" \/>\n<meta property=\"og:url\" content=\"https:\/\/librairie7l.com\/en\/produit\/villa-greystones\/\" \/>\n<meta property=\"og:site_name\" content=\"Librairie 7L\" \/>\n<meta property=\"article:modified_time\" content=\"2026-04-09T18:24:29+00:00\" \/>\n<meta property=\"og:image\" content=\"https:\/\/librairie7l.com\/wp-content\/uploads\/2019\/02\/9782490077069_1_75.jpg\" \/>\n\t<meta property=\"og:image:width\" content=\"343\" \/>\n\t<meta property=\"og:image:height\" content=\"488\" \/>\n\t<meta property=\"og:image:type\" content=\"image\/jpeg\" \/>\n<meta name=\"twitter:card\" content=\"summary_large_image\" \/>\n<meta name=\"twitter:label1\" content=\"Est. reading time\" \/>\n\t<meta name=\"twitter:data1\" content=\"1 minute\" \/>\n<script type=\"application\/ld+json\" class=\"yoast-schema-graph\">{\"@context\":\"https:\/\/schema.org\",\"@graph\":[{\"@type\":\"WebPage\",\"@id\":\"https:\/\/librairie7l.com\/en\/produit\/villa-greystones\/\",\"url\":\"https:\/\/librairie7l.com\/en\/produit\/villa-greystones\/\",\"name\":\"VILLA GREYSTONES - Librairie 7L\",\"isPartOf\":{\"@id\":\"https:\/\/librairie7l.com\/en\/#website\"},\"datePublished\":\"2023-05-09T16:55:56+00:00\",\"dateModified\":\"2026-04-09T18:24:29+00:00\",\"breadcrumb\":{\"@id\":\"https:\/\/librairie7l.com\/en\/produit\/villa-greystones\/#breadcrumb\"},\"inLanguage\":\"en-US\",\"potentialAction\":[{\"@type\":\"ReadAction\",\"target\":[\"https:\/\/librairie7l.com\/en\/produit\/villa-greystones\/\"]}]},{\"@type\":\"BreadcrumbList\",\"@id\":\"https:\/\/librairie7l.com\/en\/produit\/villa-greystones\/#breadcrumb\",\"itemListElement\":[{\"@type\":\"ListItem\",\"position\":1,\"name\":\"Accueil\",\"item\":\"https:\/\/librairie7l.com\/en\/\"},{\"@type\":\"ListItem\",\"position\":2,\"name\":\"Shop\",\"item\":\"https:\/\/librairie7l.com\/en\/shop\/\"},{\"@type\":\"ListItem\",\"position\":3,\"name\":\"VILLA GREYSTONES\"}]},{\"@type\":\"WebSite\",\"@id\":\"https:\/\/librairie7l.com\/en\/#website\",\"url\":\"https:\/\/librairie7l.com\/en\/\",\"name\":\"Librairie 7L\",\"description\":\"Librairie fond\u00e9e en 1999 par Karl Lagerfeld \u00e0 Paris\",\"publisher\":{\"@id\":\"https:\/\/librairie7l.com\/en\/#organization\"},\"potentialAction\":[{\"@type\":\"SearchAction\",\"target\":{\"@type\":\"EntryPoint\",\"urlTemplate\":\"https:\/\/librairie7l.com\/en\/?s={search_term_string}\"},\"query-input\":\"required name=search_term_string\"}],\"inLanguage\":\"en-US\"},{\"@type\":\"Organization\",\"@id\":\"https:\/\/librairie7l.com\/en\/#organization\",\"name\":\"Librairie 7L\",\"url\":\"https:\/\/librairie7l.com\/en\/\",\"logo\":{\"@type\":\"ImageObject\",\"inLanguage\":\"en-US\",\"@id\":\"https:\/\/librairie7l.com\/en\/#\/schema\/logo\/image\/\",\"url\":\"https:\/\/librairie7l.com\/wp-content\/uploads\/2022\/08\/logo-1.png\",\"contentUrl\":\"https:\/\/librairie7l.com\/wp-content\/uploads\/2022\/08\/logo-1.png\",\"width\":227,\"height\":301,\"caption\":\"Librairie 7L\"},\"image\":{\"@id\":\"https:\/\/librairie7l.com\/en\/#\/schema\/logo\/image\/\"}}]}<\/script>\n<!-- \/ Yoast SEO plugin. -->","yoast_head_json":{"title":"VILLA GREYSTONES - Librairie 7L","robots":{"index":"index","follow":"follow","max-snippet":"max-snippet:-1","max-image-preview":"max-image-preview:large","max-video-preview":"max-video-preview:-1"},"canonical":"https:\/\/librairie7l.com\/en\/produit\/villa-greystones\/","og_locale":"en_US","og_type":"article","og_title":"VILLA GREYSTONES - Librairie 7L","og_description":"Villa Greystones, Dinard (Tome 5) montrera \u00e0 travers les photographies de Fabrice Gousset une maison d&#8217;architecte en pierre, verre et b\u00e9ton, entre ciel et oc\u00e9an, poste d&#8217;observation unique face \u00e0 l&#8217;immensit\u00e9, construite par Michel Roux-Spitz pour lui-m\u00eame en 1938. \u00c0 port\u00e9e de vue, des \u00eeles-jardin et Saint-Malo. Apr\u00e8s quelques errances et soixante-quinze ann\u00e9es plus tard, [&hellip;]","og_url":"https:\/\/librairie7l.com\/en\/produit\/villa-greystones\/","og_site_name":"Librairie 7L","article_modified_time":"2026-04-09T18:24:29+00:00","og_image":[{"width":343,"height":488,"url":"https:\/\/librairie7l.com\/wp-content\/uploads\/2019\/02\/9782490077069_1_75.jpg","type":"image\/jpeg"}],"twitter_card":"summary_large_image","twitter_misc":{"Est. reading time":"1 minute"},"schema":{"@context":"https:\/\/schema.org","@graph":[{"@type":"WebPage","@id":"https:\/\/librairie7l.com\/en\/produit\/villa-greystones\/","url":"https:\/\/librairie7l.com\/en\/produit\/villa-greystones\/","name":"VILLA GREYSTONES - Librairie 7L","isPartOf":{"@id":"https:\/\/librairie7l.com\/en\/#website"},"datePublished":"2023-05-09T16:55:56+00:00","dateModified":"2026-04-09T18:24:29+00:00","breadcrumb":{"@id":"https:\/\/librairie7l.com\/en\/produit\/villa-greystones\/#breadcrumb"},"inLanguage":"en-US","potentialAction":[{"@type":"ReadAction","target":["https:\/\/librairie7l.com\/en\/produit\/villa-greystones\/"]}]},{"@type":"BreadcrumbList","@id":"https:\/\/librairie7l.com\/en\/produit\/villa-greystones\/#breadcrumb","itemListElement":[{"@type":"ListItem","position":1,"name":"Accueil","item":"https:\/\/librairie7l.com\/en\/"},{"@type":"ListItem","position":2,"name":"Shop","item":"https:\/\/librairie7l.com\/en\/shop\/"},{"@type":"ListItem","position":3,"name":"VILLA GREYSTONES"}]},{"@type":"WebSite","@id":"https:\/\/librairie7l.com\/en\/#website","url":"https:\/\/librairie7l.com\/en\/","name":"Librairie 7L","description":"Librairie fond\u00e9e en 1999 par Karl Lagerfeld \u00e0 Paris","publisher":{"@id":"https:\/\/librairie7l.com\/en\/#organization"},"potentialAction":[{"@type":"SearchAction","target":{"@type":"EntryPoint","urlTemplate":"https:\/\/librairie7l.com\/en\/?s={search_term_string}"},"query-input":"required name=search_term_string"}],"inLanguage":"en-US"},{"@type":"Organization","@id":"https:\/\/librairie7l.com\/en\/#organization","name":"Librairie 7L","url":"https:\/\/librairie7l.com\/en\/","logo":{"@type":"ImageObject","inLanguage":"en-US","@id":"https:\/\/librairie7l.com\/en\/#\/schema\/logo\/image\/","url":"https:\/\/librairie7l.com\/wp-content\/uploads\/2022\/08\/logo-1.png","contentUrl":"https:\/\/librairie7l.com\/wp-content\/uploads\/2022\/08\/logo-1.png","width":227,"height":301,"caption":"Librairie 7L"},"image":{"@id":"https:\/\/librairie7l.com\/en\/#\/schema\/logo\/image\/"}}]}},"_links":{"self":[{"href":"https:\/\/librairie7l.com\/en\/wp-json\/wp\/v2\/product\/23499"}],"collection":[{"href":"https:\/\/librairie7l.com\/en\/wp-json\/wp\/v2\/product"}],"about":[{"href":"https:\/\/librairie7l.com\/en\/wp-json\/wp\/v2\/types\/product"}],"wp:featuredmedia":[{"embeddable":true,"href":"https:\/\/librairie7l.com\/en\/wp-json\/wp\/v2\/media\/23497"}],"wp:attachment":[{"href":"https:\/\/librairie7l.com\/en\/wp-json\/wp\/v2\/media?parent=23499"}],"wp:term":[{"taxonomy":"product_cat","embeddable":true,"href":"https:\/\/librairie7l.com\/en\/wp-json\/wp\/v2\/product_cat?post=23499"},{"taxonomy":"product_tag","embeddable":true,"href":"https:\/\/librairie7l.com\/en\/wp-json\/wp\/v2\/product_tag?post=23499"}],"curies":[{"name":"wp","href":"https:\/\/api.w.org\/{rel}","templated":true}]}}