{"id":23539,"date":"2023-05-09T18:56:33","date_gmt":"2023-05-09T16:56:33","guid":{"rendered":"https:\/\/librairie7l.com\/?post_type=product&#038;p=23539"},"modified":"2026-04-27T20:06:19","modified_gmt":"2026-04-27T18:06:19","slug":"in-perfect-shape-republic-of-fritz-hansen","status":"publish","type":"product","link":"https:\/\/librairie7l.com\/en\/produit\/in-perfect-shape-republic-of-fritz-hansen\/","title":{"rendered":"IN PERFECT SHAPE ; REPUBLIC OF FRITZ HANSEN"},"content":{"rendered":"<p>Quand vous entrez dans les locaux de Republic of Fritz Hansen situ\u00e9s \u00e0 Aller\u00f8d, au nord-ouest de Copenhague, vous respirez l&#8217;esprit d&#8217;une entreprise qui a marqu\u00e9 l&#8217;his- toire du design. Dans le showroom, v\u00e9ritable temple pour les \u00e9tudiants en architecture et design, sont expos\u00e9es les pi\u00e8ces iconiques comme la chaise S\u00e9rie 7, le fauteuil Swan ou encore le canap\u00e9 Lissoni. Au fil des ann\u00e9es, le cr\u00e9ateur de meubles danois n&#8217;a cess\u00e9 de multiplier les collaborations avec de grands visionnaires du design, tels Arne Jacobsen, Poul Kj\u00e6rholm ou Piero Lissoni. Gr\u00e2ce \u00e0 cet apport d&#8217;\u00e9nergies nouvelles et \u00e0 leur attachement ind\u00e9fectible aux valeurs de Fritz Hansen, qui sont la cr\u00e9ativit\u00e9, un savoir-faire irr\u00e9prochable et un sens du d\u00e9tail soign\u00e9 jusqu&#8217;aux derniers recoins, l&#8217;entreprise a r\u00e9ussi \u00e0 faire entrer ses produits dans la conscience collective en les pla\u00e7ant dans les bureaux du pr\u00e9sident de l&#8217;Assembl\u00e9e g\u00e9n\u00e9rale des Nations unies, \u00e0 l&#8217;h\u00f4tel Crown Plaza \u00e0 Bangkok, dans la salle de r\u00e9ception du Coll\u00e8ge Sainte Catherine \u00e0 Oxford, dans le Museum of Modern Art de New York (MOMA) et dans diff\u00e9rentes r\u00e9sidences priv\u00e9es sur tous les continents. Avec plus de 150 photos \u00e9poustouflantes, dans une mise en page judicieuse, ce beau livre vous raconte l&#8217;histoire d&#8217;une marque exceptionnelle, l&#8217;\u00e9laboration de ce merveilleux mobilier qui l&#8217;a rendue si c\u00e9l\u00e8bre. Il montre par des exemples comment un meuble \u00e0 lui seul parvient \u00e0 embellir une pi\u00e8ce, voire un immeuble entier, et stimule l&#8217;imagination des hommes et femmes qui les c\u00f4toient. Quand vous refermerez le livre, vous d\u00e9tiendrez un tr\u00e9sor de nouvelles id\u00e9es et vous comprendrez qu&#8217;avant que le d\u00e9veloppement durable ne devienne un concept \u00e0 la mode, Fritz Hansen le pratiquait d\u00e9j\u00e0 au sens propre, fid\u00e8le \u00e0 sa devise : \u00ab faire du design intemporel \u00bb.<br \/>\nFRITZ HANSEN, soci\u00e9t\u00e9 fond\u00e9e en 1872 par l&#8217;homme du m\u00eame nom, sous gestion familiale jusqu&#8217;en 1979, contribue de mani\u00e8re essentielle \u00e0 la r\u00e9putation du mobilier scandinave tant appr\u00e9ci\u00e9. L&#8217;entreprise a introduit de nouvelles techniques de production dans la premi\u00e8re moiti\u00e9 du XXe si\u00e8cle qui lui ont permis de produire la premi\u00e8re chaise en contre-plaqu\u00e9 courb\u00e9 \u00e0 la vapeur en 1915 et a nou\u00e9 des collaborations avec de c\u00e9l\u00e8bres architectes et designers. Aujourd&#8217;hui, Fritz Hansen demeure fid\u00e8le \u00e0 son impressionnant h\u00e9ritage tout en \u00e9tant r\u00e9solument tourn\u00e9 vers le futur, avec des boutiques et des showrooms partout dans le monde et la cr\u00e9ation de meubles tout \u00e0 la fois exclusifs, intemporels et personnels, en collaboration avec les meilleurs designers qui embellissent les espaces priv\u00e9s et publics.<\/p>\n","protected":false},"excerpt":{"rendered":"<p>Quand vous entrez dans les locaux de Republic of Fritz Hansen situ\u00e9s \u00e0 Aller\u00f8d, au nord-ouest de Copenhague, vous respirez l&#8217;esprit d&#8217;une entreprise qui a marqu\u00e9 l&#8217;his- toire du design. Dans le showroom, v\u00e9ritable temple pour les \u00e9tudiants en architecture et design, sont expos\u00e9es les pi\u00e8ces iconiques comme la chaise S\u00e9rie 7, le fauteuil Swan [&hellip;]<\/p>\n","protected":false},"featured_media":23537,"template":"","meta":[],"product_cat":[55,2948,18,2952],"product_tag":[],"acf":[],"yoast_head":"<!-- This site is optimized with the Yoast SEO plugin v20.11 - https:\/\/yoast.com\/wordpress\/plugins\/seo\/ -->\n<title>IN PERFECT SHAPE ; REPUBLIC OF FRITZ HANSEN - Librairie 7L<\/title>\n<meta name=\"robots\" content=\"index, follow, max-snippet:-1, max-image-preview:large, max-video-preview:-1\" \/>\n<link rel=\"canonical\" href=\"https:\/\/librairie7l.com\/en\/produit\/in-perfect-shape-republic-of-fritz-hansen\/\" \/>\n<meta property=\"og:locale\" content=\"en_US\" \/>\n<meta property=\"og:type\" content=\"article\" \/>\n<meta property=\"og:title\" content=\"IN PERFECT SHAPE ; REPUBLIC OF FRITZ HANSEN - Librairie 7L\" \/>\n<meta property=\"og:description\" content=\"Quand vous entrez dans les locaux de Republic of Fritz Hansen situ\u00e9s \u00e0 Aller\u00f8d, au nord-ouest de Copenhague, vous respirez l&#8217;esprit d&#8217;une entreprise qui a marqu\u00e9 l&#8217;his- toire du design. Dans le showroom, v\u00e9ritable temple pour les \u00e9tudiants en architecture et design, sont expos\u00e9es les pi\u00e8ces iconiques comme la chaise S\u00e9rie 7, le fauteuil Swan [&hellip;]\" \/>\n<meta property=\"og:url\" content=\"https:\/\/librairie7l.com\/en\/produit\/in-perfect-shape-republic-of-fritz-hansen\/\" \/>\n<meta property=\"og:site_name\" content=\"Librairie 7L\" \/>\n<meta property=\"article:modified_time\" content=\"2026-04-27T18:06:19+00:00\" \/>\n<meta property=\"og:image\" content=\"https:\/\/librairie7l.com\/wp-content\/uploads\/2017\/10\/9783832769154_1_75.jpg\" \/>\n\t<meta property=\"og:image:width\" content=\"437\" \/>\n\t<meta property=\"og:image:height\" content=\"500\" \/>\n\t<meta property=\"og:image:type\" content=\"image\/jpeg\" \/>\n<meta name=\"twitter:card\" content=\"summary_large_image\" \/>\n<meta name=\"twitter:label1\" content=\"Est. reading time\" \/>\n\t<meta name=\"twitter:data1\" content=\"2 minutes\" \/>\n<script type=\"application\/ld+json\" class=\"yoast-schema-graph\">{\"@context\":\"https:\/\/schema.org\",\"@graph\":[{\"@type\":\"WebPage\",\"@id\":\"https:\/\/librairie7l.com\/en\/produit\/in-perfect-shape-republic-of-fritz-hansen\/\",\"url\":\"https:\/\/librairie7l.com\/en\/produit\/in-perfect-shape-republic-of-fritz-hansen\/\",\"name\":\"IN PERFECT SHAPE ; REPUBLIC OF FRITZ HANSEN - Librairie 7L\",\"isPartOf\":{\"@id\":\"https:\/\/librairie7l.com\/en\/#website\"},\"datePublished\":\"2023-05-09T16:56:33+00:00\",\"dateModified\":\"2026-04-27T18:06:19+00:00\",\"breadcrumb\":{\"@id\":\"https:\/\/librairie7l.com\/en\/produit\/in-perfect-shape-republic-of-fritz-hansen\/#breadcrumb\"},\"inLanguage\":\"en-US\",\"potentialAction\":[{\"@type\":\"ReadAction\",\"target\":[\"https:\/\/librairie7l.com\/en\/produit\/in-perfect-shape-republic-of-fritz-hansen\/\"]}]},{\"@type\":\"BreadcrumbList\",\"@id\":\"https:\/\/librairie7l.com\/en\/produit\/in-perfect-shape-republic-of-fritz-hansen\/#breadcrumb\",\"itemListElement\":[{\"@type\":\"ListItem\",\"position\":1,\"name\":\"Accueil\",\"item\":\"https:\/\/librairie7l.com\/en\/\"},{\"@type\":\"ListItem\",\"position\":2,\"name\":\"Shop\",\"item\":\"https:\/\/librairie7l.com\/en\/shop\/\"},{\"@type\":\"ListItem\",\"position\":3,\"name\":\"IN PERFECT SHAPE ; REPUBLIC OF FRITZ HANSEN\"}]},{\"@type\":\"WebSite\",\"@id\":\"https:\/\/librairie7l.com\/en\/#website\",\"url\":\"https:\/\/librairie7l.com\/en\/\",\"name\":\"Librairie 7L\",\"description\":\"Librairie fond\u00e9e en 1999 par Karl Lagerfeld \u00e0 Paris\",\"publisher\":{\"@id\":\"https:\/\/librairie7l.com\/en\/#organization\"},\"potentialAction\":[{\"@type\":\"SearchAction\",\"target\":{\"@type\":\"EntryPoint\",\"urlTemplate\":\"https:\/\/librairie7l.com\/en\/?s={search_term_string}\"},\"query-input\":\"required name=search_term_string\"}],\"inLanguage\":\"en-US\"},{\"@type\":\"Organization\",\"@id\":\"https:\/\/librairie7l.com\/en\/#organization\",\"name\":\"Librairie 7L\",\"url\":\"https:\/\/librairie7l.com\/en\/\",\"logo\":{\"@type\":\"ImageObject\",\"inLanguage\":\"en-US\",\"@id\":\"https:\/\/librairie7l.com\/en\/#\/schema\/logo\/image\/\",\"url\":\"https:\/\/librairie7l.com\/wp-content\/uploads\/2022\/08\/logo-1.png\",\"contentUrl\":\"https:\/\/librairie7l.com\/wp-content\/uploads\/2022\/08\/logo-1.png\",\"width\":227,\"height\":301,\"caption\":\"Librairie 7L\"},\"image\":{\"@id\":\"https:\/\/librairie7l.com\/en\/#\/schema\/logo\/image\/\"}}]}<\/script>\n<!-- \/ Yoast SEO plugin. -->","yoast_head_json":{"title":"IN PERFECT SHAPE ; REPUBLIC OF FRITZ HANSEN - Librairie 7L","robots":{"index":"index","follow":"follow","max-snippet":"max-snippet:-1","max-image-preview":"max-image-preview:large","max-video-preview":"max-video-preview:-1"},"canonical":"https:\/\/librairie7l.com\/en\/produit\/in-perfect-shape-republic-of-fritz-hansen\/","og_locale":"en_US","og_type":"article","og_title":"IN PERFECT SHAPE ; REPUBLIC OF FRITZ HANSEN - Librairie 7L","og_description":"Quand vous entrez dans les locaux de Republic of Fritz Hansen situ\u00e9s \u00e0 Aller\u00f8d, au nord-ouest de Copenhague, vous respirez l&#8217;esprit d&#8217;une entreprise qui a marqu\u00e9 l&#8217;his- toire du design. Dans le showroom, v\u00e9ritable temple pour les \u00e9tudiants en architecture et design, sont expos\u00e9es les pi\u00e8ces iconiques comme la chaise S\u00e9rie 7, le fauteuil Swan [&hellip;]","og_url":"https:\/\/librairie7l.com\/en\/produit\/in-perfect-shape-republic-of-fritz-hansen\/","og_site_name":"Librairie 7L","article_modified_time":"2026-04-27T18:06:19+00:00","og_image":[{"width":437,"height":500,"url":"https:\/\/librairie7l.com\/wp-content\/uploads\/2017\/10\/9783832769154_1_75.jpg","type":"image\/jpeg"}],"twitter_card":"summary_large_image","twitter_misc":{"Est. reading time":"2 minutes"},"schema":{"@context":"https:\/\/schema.org","@graph":[{"@type":"WebPage","@id":"https:\/\/librairie7l.com\/en\/produit\/in-perfect-shape-republic-of-fritz-hansen\/","url":"https:\/\/librairie7l.com\/en\/produit\/in-perfect-shape-republic-of-fritz-hansen\/","name":"IN PERFECT SHAPE ; REPUBLIC OF FRITZ HANSEN - Librairie 7L","isPartOf":{"@id":"https:\/\/librairie7l.com\/en\/#website"},"datePublished":"2023-05-09T16:56:33+00:00","dateModified":"2026-04-27T18:06:19+00:00","breadcrumb":{"@id":"https:\/\/librairie7l.com\/en\/produit\/in-perfect-shape-republic-of-fritz-hansen\/#breadcrumb"},"inLanguage":"en-US","potentialAction":[{"@type":"ReadAction","target":["https:\/\/librairie7l.com\/en\/produit\/in-perfect-shape-republic-of-fritz-hansen\/"]}]},{"@type":"BreadcrumbList","@id":"https:\/\/librairie7l.com\/en\/produit\/in-perfect-shape-republic-of-fritz-hansen\/#breadcrumb","itemListElement":[{"@type":"ListItem","position":1,"name":"Accueil","item":"https:\/\/librairie7l.com\/en\/"},{"@type":"ListItem","position":2,"name":"Shop","item":"https:\/\/librairie7l.com\/en\/shop\/"},{"@type":"ListItem","position":3,"name":"IN PERFECT SHAPE ; REPUBLIC OF FRITZ HANSEN"}]},{"@type":"WebSite","@id":"https:\/\/librairie7l.com\/en\/#website","url":"https:\/\/librairie7l.com\/en\/","name":"Librairie 7L","description":"Librairie fond\u00e9e en 1999 par Karl Lagerfeld \u00e0 Paris","publisher":{"@id":"https:\/\/librairie7l.com\/en\/#organization"},"potentialAction":[{"@type":"SearchAction","target":{"@type":"EntryPoint","urlTemplate":"https:\/\/librairie7l.com\/en\/?s={search_term_string}"},"query-input":"required name=search_term_string"}],"inLanguage":"en-US"},{"@type":"Organization","@id":"https:\/\/librairie7l.com\/en\/#organization","name":"Librairie 7L","url":"https:\/\/librairie7l.com\/en\/","logo":{"@type":"ImageObject","inLanguage":"en-US","@id":"https:\/\/librairie7l.com\/en\/#\/schema\/logo\/image\/","url":"https:\/\/librairie7l.com\/wp-content\/uploads\/2022\/08\/logo-1.png","contentUrl":"https:\/\/librairie7l.com\/wp-content\/uploads\/2022\/08\/logo-1.png","width":227,"height":301,"caption":"Librairie 7L"},"image":{"@id":"https:\/\/librairie7l.com\/en\/#\/schema\/logo\/image\/"}}]}},"_links":{"self":[{"href":"https:\/\/librairie7l.com\/en\/wp-json\/wp\/v2\/product\/23539"}],"collection":[{"href":"https:\/\/librairie7l.com\/en\/wp-json\/wp\/v2\/product"}],"about":[{"href":"https:\/\/librairie7l.com\/en\/wp-json\/wp\/v2\/types\/product"}],"wp:featuredmedia":[{"embeddable":true,"href":"https:\/\/librairie7l.com\/en\/wp-json\/wp\/v2\/media\/23537"}],"wp:attachment":[{"href":"https:\/\/librairie7l.com\/en\/wp-json\/wp\/v2\/media?parent=23539"}],"wp:term":[{"taxonomy":"product_cat","embeddable":true,"href":"https:\/\/librairie7l.com\/en\/wp-json\/wp\/v2\/product_cat?post=23539"},{"taxonomy":"product_tag","embeddable":true,"href":"https:\/\/librairie7l.com\/en\/wp-json\/wp\/v2\/product_tag?post=23539"}],"curies":[{"name":"wp","href":"https:\/\/api.w.org\/{rel}","templated":true}]}}