{"id":23619,"date":"2023-05-09T18:57:43","date_gmt":"2023-05-09T16:57:43","guid":{"rendered":"https:\/\/librairie7l.com\/?post_type=product&#038;p=23619"},"modified":"2026-04-07T21:22:03","modified_gmt":"2026-04-07T19:22:03","slug":"carl-pruscha-singular-personality-architect-bohemian-activist","status":"publish","type":"product","link":"https:\/\/librairie7l.com\/en\/produit\/carl-pruscha-singular-personality-architect-bohemian-activist\/","title":{"rendered":"CARL PRUSCHA SINGULAR PERSONALITY ARCHITECT, BOHEMIAN, ACTIVIST"},"content":{"rendered":"<p>Carl Pruscha est un architecte inhabituel. Ses oeuvres se trouvent \u00e0 New York, Katmandou et Vienne. Loin l&#8217;une de l&#8217;autre, ces trois zones g\u00e9ographiques ont profond\u00e9ment influenc\u00e9 ses perspectives et sa carri\u00e8re. Dans ce livre, les essais de Manjushree Thapa et Natalie Lettner, un essai de Michael Sorkin, des documentations photographiques d&#8217;Iwan Baan et de Hertha Hurnaus ainsi que des portfolios de projets de Pruscha rendent hommage \u00e0 sa vie mouvement\u00e9e et \u00e0 son travail remarquable.<\/p>\n","protected":false},"excerpt":{"rendered":"<p>Carl Pruscha est un architecte inhabituel. Ses oeuvres se trouvent \u00e0 New York, Katmandou et Vienne. Loin l&#8217;une de l&#8217;autre, ces trois zones g\u00e9ographiques ont profond\u00e9ment influenc\u00e9 ses perspectives et sa carri\u00e8re. Dans ce livre, les essais de Manjushree Thapa et Natalie Lettner, un essai de Michael Sorkin, des documentations photographiques d&#8217;Iwan Baan et de [&hellip;]<\/p>\n","protected":false},"featured_media":23617,"template":"","meta":[],"product_cat":[55,2948,22,2950],"product_tag":[],"acf":[],"yoast_head":"<!-- This site is optimized with the Yoast SEO plugin v20.11 - https:\/\/yoast.com\/wordpress\/plugins\/seo\/ -->\n<title>CARL PRUSCHA SINGULAR PERSONALITY ARCHITECT, BOHEMIAN, ACTIVIST - Librairie 7L<\/title>\n<meta name=\"robots\" content=\"index, follow, max-snippet:-1, max-image-preview:large, max-video-preview:-1\" \/>\n<link rel=\"canonical\" href=\"https:\/\/librairie7l.com\/en\/produit\/carl-pruscha-singular-personality-architect-bohemian-activist\/\" \/>\n<meta property=\"og:locale\" content=\"en_US\" \/>\n<meta property=\"og:type\" content=\"article\" \/>\n<meta property=\"og:title\" content=\"CARL PRUSCHA SINGULAR PERSONALITY ARCHITECT, BOHEMIAN, ACTIVIST - Librairie 7L\" \/>\n<meta property=\"og:description\" content=\"Carl Pruscha est un architecte inhabituel. Ses oeuvres se trouvent \u00e0 New York, Katmandou et Vienne. Loin l&#8217;une de l&#8217;autre, ces trois zones g\u00e9ographiques ont profond\u00e9ment influenc\u00e9 ses perspectives et sa carri\u00e8re. Dans ce livre, les essais de Manjushree Thapa et Natalie Lettner, un essai de Michael Sorkin, des documentations photographiques d&#8217;Iwan Baan et de [&hellip;]\" \/>\n<meta property=\"og:url\" content=\"https:\/\/librairie7l.com\/en\/produit\/carl-pruscha-singular-personality-architect-bohemian-activist\/\" \/>\n<meta property=\"og:site_name\" content=\"Librairie 7L\" \/>\n<meta property=\"article:modified_time\" content=\"2026-04-07T19:22:03+00:00\" \/>\n<meta property=\"og:image\" content=\"https:\/\/librairie7l.com\/wp-content\/uploads\/2019\/03\/9783037785904_1_75.jpg\" \/>\n\t<meta property=\"og:image:width\" content=\"626\" \/>\n\t<meta property=\"og:image:height\" content=\"578\" \/>\n\t<meta property=\"og:image:type\" content=\"image\/jpeg\" \/>\n<meta name=\"twitter:card\" content=\"summary_large_image\" \/>\n<script type=\"application\/ld+json\" class=\"yoast-schema-graph\">{\"@context\":\"https:\/\/schema.org\",\"@graph\":[{\"@type\":\"WebPage\",\"@id\":\"https:\/\/librairie7l.com\/en\/produit\/carl-pruscha-singular-personality-architect-bohemian-activist\/\",\"url\":\"https:\/\/librairie7l.com\/en\/produit\/carl-pruscha-singular-personality-architect-bohemian-activist\/\",\"name\":\"CARL PRUSCHA SINGULAR PERSONALITY ARCHITECT, BOHEMIAN, ACTIVIST - Librairie 7L\",\"isPartOf\":{\"@id\":\"https:\/\/librairie7l.com\/en\/#website\"},\"datePublished\":\"2023-05-09T16:57:43+00:00\",\"dateModified\":\"2026-04-07T19:22:03+00:00\",\"breadcrumb\":{\"@id\":\"https:\/\/librairie7l.com\/en\/produit\/carl-pruscha-singular-personality-architect-bohemian-activist\/#breadcrumb\"},\"inLanguage\":\"en-US\",\"potentialAction\":[{\"@type\":\"ReadAction\",\"target\":[\"https:\/\/librairie7l.com\/en\/produit\/carl-pruscha-singular-personality-architect-bohemian-activist\/\"]}]},{\"@type\":\"BreadcrumbList\",\"@id\":\"https:\/\/librairie7l.com\/en\/produit\/carl-pruscha-singular-personality-architect-bohemian-activist\/#breadcrumb\",\"itemListElement\":[{\"@type\":\"ListItem\",\"position\":1,\"name\":\"Accueil\",\"item\":\"https:\/\/librairie7l.com\/en\/\"},{\"@type\":\"ListItem\",\"position\":2,\"name\":\"Shop\",\"item\":\"https:\/\/librairie7l.com\/en\/shop\/\"},{\"@type\":\"ListItem\",\"position\":3,\"name\":\"CARL PRUSCHA SINGULAR PERSONALITY ARCHITECT, BOHEMIAN, ACTIVIST\"}]},{\"@type\":\"WebSite\",\"@id\":\"https:\/\/librairie7l.com\/en\/#website\",\"url\":\"https:\/\/librairie7l.com\/en\/\",\"name\":\"Librairie 7L\",\"description\":\"Librairie fond\u00e9e en 1999 par Karl Lagerfeld \u00e0 Paris\",\"publisher\":{\"@id\":\"https:\/\/librairie7l.com\/en\/#organization\"},\"potentialAction\":[{\"@type\":\"SearchAction\",\"target\":{\"@type\":\"EntryPoint\",\"urlTemplate\":\"https:\/\/librairie7l.com\/en\/?s={search_term_string}\"},\"query-input\":\"required name=search_term_string\"}],\"inLanguage\":\"en-US\"},{\"@type\":\"Organization\",\"@id\":\"https:\/\/librairie7l.com\/en\/#organization\",\"name\":\"Librairie 7L\",\"url\":\"https:\/\/librairie7l.com\/en\/\",\"logo\":{\"@type\":\"ImageObject\",\"inLanguage\":\"en-US\",\"@id\":\"https:\/\/librairie7l.com\/en\/#\/schema\/logo\/image\/\",\"url\":\"https:\/\/librairie7l.com\/wp-content\/uploads\/2022\/08\/logo-1.png\",\"contentUrl\":\"https:\/\/librairie7l.com\/wp-content\/uploads\/2022\/08\/logo-1.png\",\"width\":227,\"height\":301,\"caption\":\"Librairie 7L\"},\"image\":{\"@id\":\"https:\/\/librairie7l.com\/en\/#\/schema\/logo\/image\/\"}}]}<\/script>\n<!-- \/ Yoast SEO plugin. -->","yoast_head_json":{"title":"CARL PRUSCHA SINGULAR PERSONALITY ARCHITECT, BOHEMIAN, ACTIVIST - Librairie 7L","robots":{"index":"index","follow":"follow","max-snippet":"max-snippet:-1","max-image-preview":"max-image-preview:large","max-video-preview":"max-video-preview:-1"},"canonical":"https:\/\/librairie7l.com\/en\/produit\/carl-pruscha-singular-personality-architect-bohemian-activist\/","og_locale":"en_US","og_type":"article","og_title":"CARL PRUSCHA SINGULAR PERSONALITY ARCHITECT, BOHEMIAN, ACTIVIST - Librairie 7L","og_description":"Carl Pruscha est un architecte inhabituel. Ses oeuvres se trouvent \u00e0 New York, Katmandou et Vienne. Loin l&#8217;une de l&#8217;autre, ces trois zones g\u00e9ographiques ont profond\u00e9ment influenc\u00e9 ses perspectives et sa carri\u00e8re. Dans ce livre, les essais de Manjushree Thapa et Natalie Lettner, un essai de Michael Sorkin, des documentations photographiques d&#8217;Iwan Baan et de [&hellip;]","og_url":"https:\/\/librairie7l.com\/en\/produit\/carl-pruscha-singular-personality-architect-bohemian-activist\/","og_site_name":"Librairie 7L","article_modified_time":"2026-04-07T19:22:03+00:00","og_image":[{"width":626,"height":578,"url":"https:\/\/librairie7l.com\/wp-content\/uploads\/2019\/03\/9783037785904_1_75.jpg","type":"image\/jpeg"}],"twitter_card":"summary_large_image","schema":{"@context":"https:\/\/schema.org","@graph":[{"@type":"WebPage","@id":"https:\/\/librairie7l.com\/en\/produit\/carl-pruscha-singular-personality-architect-bohemian-activist\/","url":"https:\/\/librairie7l.com\/en\/produit\/carl-pruscha-singular-personality-architect-bohemian-activist\/","name":"CARL PRUSCHA SINGULAR PERSONALITY ARCHITECT, BOHEMIAN, ACTIVIST - Librairie 7L","isPartOf":{"@id":"https:\/\/librairie7l.com\/en\/#website"},"datePublished":"2023-05-09T16:57:43+00:00","dateModified":"2026-04-07T19:22:03+00:00","breadcrumb":{"@id":"https:\/\/librairie7l.com\/en\/produit\/carl-pruscha-singular-personality-architect-bohemian-activist\/#breadcrumb"},"inLanguage":"en-US","potentialAction":[{"@type":"ReadAction","target":["https:\/\/librairie7l.com\/en\/produit\/carl-pruscha-singular-personality-architect-bohemian-activist\/"]}]},{"@type":"BreadcrumbList","@id":"https:\/\/librairie7l.com\/en\/produit\/carl-pruscha-singular-personality-architect-bohemian-activist\/#breadcrumb","itemListElement":[{"@type":"ListItem","position":1,"name":"Accueil","item":"https:\/\/librairie7l.com\/en\/"},{"@type":"ListItem","position":2,"name":"Shop","item":"https:\/\/librairie7l.com\/en\/shop\/"},{"@type":"ListItem","position":3,"name":"CARL PRUSCHA SINGULAR PERSONALITY ARCHITECT, BOHEMIAN, ACTIVIST"}]},{"@type":"WebSite","@id":"https:\/\/librairie7l.com\/en\/#website","url":"https:\/\/librairie7l.com\/en\/","name":"Librairie 7L","description":"Librairie fond\u00e9e en 1999 par Karl Lagerfeld \u00e0 Paris","publisher":{"@id":"https:\/\/librairie7l.com\/en\/#organization"},"potentialAction":[{"@type":"SearchAction","target":{"@type":"EntryPoint","urlTemplate":"https:\/\/librairie7l.com\/en\/?s={search_term_string}"},"query-input":"required name=search_term_string"}],"inLanguage":"en-US"},{"@type":"Organization","@id":"https:\/\/librairie7l.com\/en\/#organization","name":"Librairie 7L","url":"https:\/\/librairie7l.com\/en\/","logo":{"@type":"ImageObject","inLanguage":"en-US","@id":"https:\/\/librairie7l.com\/en\/#\/schema\/logo\/image\/","url":"https:\/\/librairie7l.com\/wp-content\/uploads\/2022\/08\/logo-1.png","contentUrl":"https:\/\/librairie7l.com\/wp-content\/uploads\/2022\/08\/logo-1.png","width":227,"height":301,"caption":"Librairie 7L"},"image":{"@id":"https:\/\/librairie7l.com\/en\/#\/schema\/logo\/image\/"}}]}},"_links":{"self":[{"href":"https:\/\/librairie7l.com\/en\/wp-json\/wp\/v2\/product\/23619"}],"collection":[{"href":"https:\/\/librairie7l.com\/en\/wp-json\/wp\/v2\/product"}],"about":[{"href":"https:\/\/librairie7l.com\/en\/wp-json\/wp\/v2\/types\/product"}],"wp:featuredmedia":[{"embeddable":true,"href":"https:\/\/librairie7l.com\/en\/wp-json\/wp\/v2\/media\/23617"}],"wp:attachment":[{"href":"https:\/\/librairie7l.com\/en\/wp-json\/wp\/v2\/media?parent=23619"}],"wp:term":[{"taxonomy":"product_cat","embeddable":true,"href":"https:\/\/librairie7l.com\/en\/wp-json\/wp\/v2\/product_cat?post=23619"},{"taxonomy":"product_tag","embeddable":true,"href":"https:\/\/librairie7l.com\/en\/wp-json\/wp\/v2\/product_tag?post=23619"}],"curies":[{"name":"wp","href":"https:\/\/api.w.org\/{rel}","templated":true}]}}