{"id":23639,"date":"2023-05-09T18:58:00","date_gmt":"2023-05-09T16:58:00","guid":{"rendered":"https:\/\/librairie7l.com\/?post_type=product&#038;p=23639"},"modified":"2026-04-13T14:55:08","modified_gmt":"2026-04-13T12:55:08","slug":"signe-sybille-de-margerie","status":"publish","type":"product","link":"https:\/\/librairie7l.com\/en\/produit\/signe-sybille-de-margerie\/","title":{"rendered":"SIGN\u00c9 SYBILLE DE MARGERIE"},"content":{"rendered":"<p>En trente ans, Sybille de Margerie s&#8217;est fait une place de choix dans le cercle restreint des grands architectes d&#8217;int\u00e9rieur. Ainsi reconnue dans le monde entier pour ses spectaculaires r\u00e9alisations dans des demeures priv\u00e9es \u00e0 Moscou ou \u00e0 Londres, dans des h\u00f4tels de luxe et leurs restaurants, comme Cheval Blanc Courchevel, le Mandarin Oriental \u00e0 Paris ou le Old Cataract \u00e0 Assouan, cette passionn\u00e9e ma\u00eetrise l&#8217;art du d\u00e9tail avec \u00e9l\u00e9gance. En huit th\u00e8mes \u00e9vocateurs, l&#8217;ouvrage nous plonge dans les coulisses de la cr\u00e9ation d&#8217;un art de vivre m\u00ealant \u00e9troitement tradition et cr\u00e9ation dans un esprit de luxe \u00e0 la fran\u00e7aise.<\/p>\n","protected":false},"excerpt":{"rendered":"<p>En trente ans, Sybille de Margerie s&#8217;est fait une place de choix dans le cercle restreint des grands architectes d&#8217;int\u00e9rieur. Ainsi reconnue dans le monde entier pour ses spectaculaires r\u00e9alisations dans des demeures priv\u00e9es \u00e0 Moscou ou \u00e0 Londres, dans des h\u00f4tels de luxe et leurs restaurants, comme Cheval Blanc Courchevel, le Mandarin Oriental \u00e0 [&hellip;]<\/p>\n","protected":false},"featured_media":23637,"template":"","meta":[],"product_cat":[55,2948,18,2952],"product_tag":[],"acf":[],"yoast_head":"<!-- This site is optimized with the Yoast SEO plugin v20.11 - https:\/\/yoast.com\/wordpress\/plugins\/seo\/ -->\n<title>SIGN\u00c9 SYBILLE DE MARGERIE - Librairie 7L<\/title>\n<meta name=\"robots\" content=\"index, follow, max-snippet:-1, max-image-preview:large, max-video-preview:-1\" \/>\n<link rel=\"canonical\" href=\"https:\/\/librairie7l.com\/en\/produit\/signe-sybille-de-margerie\/\" \/>\n<meta property=\"og:locale\" content=\"en_US\" \/>\n<meta property=\"og:type\" content=\"article\" \/>\n<meta property=\"og:title\" content=\"SIGN\u00c9 SYBILLE DE MARGERIE - Librairie 7L\" \/>\n<meta property=\"og:description\" content=\"En trente ans, Sybille de Margerie s&#8217;est fait une place de choix dans le cercle restreint des grands architectes d&#8217;int\u00e9rieur. Ainsi reconnue dans le monde entier pour ses spectaculaires r\u00e9alisations dans des demeures priv\u00e9es \u00e0 Moscou ou \u00e0 Londres, dans des h\u00f4tels de luxe et leurs restaurants, comme Cheval Blanc Courchevel, le Mandarin Oriental \u00e0 [&hellip;]\" \/>\n<meta property=\"og:url\" content=\"https:\/\/librairie7l.com\/en\/produit\/signe-sybille-de-margerie\/\" \/>\n<meta property=\"og:site_name\" content=\"Librairie 7L\" \/>\n<meta property=\"article:modified_time\" content=\"2026-04-13T12:55:08+00:00\" \/>\n<meta property=\"og:image\" content=\"https:\/\/librairie7l.com\/wp-content\/uploads\/2019\/11\/9782081487352_1_75.jpg\" \/>\n\t<meta property=\"og:image:width\" content=\"600\" \/>\n\t<meta property=\"og:image:height\" content=\"795\" \/>\n\t<meta property=\"og:image:type\" content=\"image\/jpeg\" \/>\n<meta name=\"twitter:card\" content=\"summary_large_image\" \/>\n<meta name=\"twitter:label1\" content=\"Est. reading time\" \/>\n\t<meta name=\"twitter:data1\" content=\"1 minute\" \/>\n<script type=\"application\/ld+json\" class=\"yoast-schema-graph\">{\"@context\":\"https:\/\/schema.org\",\"@graph\":[{\"@type\":\"WebPage\",\"@id\":\"https:\/\/librairie7l.com\/en\/produit\/signe-sybille-de-margerie\/\",\"url\":\"https:\/\/librairie7l.com\/en\/produit\/signe-sybille-de-margerie\/\",\"name\":\"SIGN\u00c9 SYBILLE DE MARGERIE - Librairie 7L\",\"isPartOf\":{\"@id\":\"https:\/\/librairie7l.com\/en\/#website\"},\"datePublished\":\"2023-05-09T16:58:00+00:00\",\"dateModified\":\"2026-04-13T12:55:08+00:00\",\"breadcrumb\":{\"@id\":\"https:\/\/librairie7l.com\/en\/produit\/signe-sybille-de-margerie\/#breadcrumb\"},\"inLanguage\":\"en-US\",\"potentialAction\":[{\"@type\":\"ReadAction\",\"target\":[\"https:\/\/librairie7l.com\/en\/produit\/signe-sybille-de-margerie\/\"]}]},{\"@type\":\"BreadcrumbList\",\"@id\":\"https:\/\/librairie7l.com\/en\/produit\/signe-sybille-de-margerie\/#breadcrumb\",\"itemListElement\":[{\"@type\":\"ListItem\",\"position\":1,\"name\":\"Accueil\",\"item\":\"https:\/\/librairie7l.com\/en\/\"},{\"@type\":\"ListItem\",\"position\":2,\"name\":\"Shop\",\"item\":\"https:\/\/librairie7l.com\/en\/shop\/\"},{\"@type\":\"ListItem\",\"position\":3,\"name\":\"SIGN\u00c9 SYBILLE DE MARGERIE\"}]},{\"@type\":\"WebSite\",\"@id\":\"https:\/\/librairie7l.com\/en\/#website\",\"url\":\"https:\/\/librairie7l.com\/en\/\",\"name\":\"Librairie 7L\",\"description\":\"Librairie fond\u00e9e en 1999 par Karl Lagerfeld \u00e0 Paris\",\"publisher\":{\"@id\":\"https:\/\/librairie7l.com\/en\/#organization\"},\"potentialAction\":[{\"@type\":\"SearchAction\",\"target\":{\"@type\":\"EntryPoint\",\"urlTemplate\":\"https:\/\/librairie7l.com\/en\/?s={search_term_string}\"},\"query-input\":\"required name=search_term_string\"}],\"inLanguage\":\"en-US\"},{\"@type\":\"Organization\",\"@id\":\"https:\/\/librairie7l.com\/en\/#organization\",\"name\":\"Librairie 7L\",\"url\":\"https:\/\/librairie7l.com\/en\/\",\"logo\":{\"@type\":\"ImageObject\",\"inLanguage\":\"en-US\",\"@id\":\"https:\/\/librairie7l.com\/en\/#\/schema\/logo\/image\/\",\"url\":\"https:\/\/librairie7l.com\/wp-content\/uploads\/2022\/08\/logo-1.png\",\"contentUrl\":\"https:\/\/librairie7l.com\/wp-content\/uploads\/2022\/08\/logo-1.png\",\"width\":227,\"height\":301,\"caption\":\"Librairie 7L\"},\"image\":{\"@id\":\"https:\/\/librairie7l.com\/en\/#\/schema\/logo\/image\/\"}}]}<\/script>\n<!-- \/ Yoast SEO plugin. -->","yoast_head_json":{"title":"SIGN\u00c9 SYBILLE DE MARGERIE - Librairie 7L","robots":{"index":"index","follow":"follow","max-snippet":"max-snippet:-1","max-image-preview":"max-image-preview:large","max-video-preview":"max-video-preview:-1"},"canonical":"https:\/\/librairie7l.com\/en\/produit\/signe-sybille-de-margerie\/","og_locale":"en_US","og_type":"article","og_title":"SIGN\u00c9 SYBILLE DE MARGERIE - Librairie 7L","og_description":"En trente ans, Sybille de Margerie s&#8217;est fait une place de choix dans le cercle restreint des grands architectes d&#8217;int\u00e9rieur. Ainsi reconnue dans le monde entier pour ses spectaculaires r\u00e9alisations dans des demeures priv\u00e9es \u00e0 Moscou ou \u00e0 Londres, dans des h\u00f4tels de luxe et leurs restaurants, comme Cheval Blanc Courchevel, le Mandarin Oriental \u00e0 [&hellip;]","og_url":"https:\/\/librairie7l.com\/en\/produit\/signe-sybille-de-margerie\/","og_site_name":"Librairie 7L","article_modified_time":"2026-04-13T12:55:08+00:00","og_image":[{"width":600,"height":795,"url":"https:\/\/librairie7l.com\/wp-content\/uploads\/2019\/11\/9782081487352_1_75.jpg","type":"image\/jpeg"}],"twitter_card":"summary_large_image","twitter_misc":{"Est. reading time":"1 minute"},"schema":{"@context":"https:\/\/schema.org","@graph":[{"@type":"WebPage","@id":"https:\/\/librairie7l.com\/en\/produit\/signe-sybille-de-margerie\/","url":"https:\/\/librairie7l.com\/en\/produit\/signe-sybille-de-margerie\/","name":"SIGN\u00c9 SYBILLE DE MARGERIE - Librairie 7L","isPartOf":{"@id":"https:\/\/librairie7l.com\/en\/#website"},"datePublished":"2023-05-09T16:58:00+00:00","dateModified":"2026-04-13T12:55:08+00:00","breadcrumb":{"@id":"https:\/\/librairie7l.com\/en\/produit\/signe-sybille-de-margerie\/#breadcrumb"},"inLanguage":"en-US","potentialAction":[{"@type":"ReadAction","target":["https:\/\/librairie7l.com\/en\/produit\/signe-sybille-de-margerie\/"]}]},{"@type":"BreadcrumbList","@id":"https:\/\/librairie7l.com\/en\/produit\/signe-sybille-de-margerie\/#breadcrumb","itemListElement":[{"@type":"ListItem","position":1,"name":"Accueil","item":"https:\/\/librairie7l.com\/en\/"},{"@type":"ListItem","position":2,"name":"Shop","item":"https:\/\/librairie7l.com\/en\/shop\/"},{"@type":"ListItem","position":3,"name":"SIGN\u00c9 SYBILLE DE MARGERIE"}]},{"@type":"WebSite","@id":"https:\/\/librairie7l.com\/en\/#website","url":"https:\/\/librairie7l.com\/en\/","name":"Librairie 7L","description":"Librairie fond\u00e9e en 1999 par Karl Lagerfeld \u00e0 Paris","publisher":{"@id":"https:\/\/librairie7l.com\/en\/#organization"},"potentialAction":[{"@type":"SearchAction","target":{"@type":"EntryPoint","urlTemplate":"https:\/\/librairie7l.com\/en\/?s={search_term_string}"},"query-input":"required name=search_term_string"}],"inLanguage":"en-US"},{"@type":"Organization","@id":"https:\/\/librairie7l.com\/en\/#organization","name":"Librairie 7L","url":"https:\/\/librairie7l.com\/en\/","logo":{"@type":"ImageObject","inLanguage":"en-US","@id":"https:\/\/librairie7l.com\/en\/#\/schema\/logo\/image\/","url":"https:\/\/librairie7l.com\/wp-content\/uploads\/2022\/08\/logo-1.png","contentUrl":"https:\/\/librairie7l.com\/wp-content\/uploads\/2022\/08\/logo-1.png","width":227,"height":301,"caption":"Librairie 7L"},"image":{"@id":"https:\/\/librairie7l.com\/en\/#\/schema\/logo\/image\/"}}]}},"_links":{"self":[{"href":"https:\/\/librairie7l.com\/en\/wp-json\/wp\/v2\/product\/23639"}],"collection":[{"href":"https:\/\/librairie7l.com\/en\/wp-json\/wp\/v2\/product"}],"about":[{"href":"https:\/\/librairie7l.com\/en\/wp-json\/wp\/v2\/types\/product"}],"wp:featuredmedia":[{"embeddable":true,"href":"https:\/\/librairie7l.com\/en\/wp-json\/wp\/v2\/media\/23637"}],"wp:attachment":[{"href":"https:\/\/librairie7l.com\/en\/wp-json\/wp\/v2\/media?parent=23639"}],"wp:term":[{"taxonomy":"product_cat","embeddable":true,"href":"https:\/\/librairie7l.com\/en\/wp-json\/wp\/v2\/product_cat?post=23639"},{"taxonomy":"product_tag","embeddable":true,"href":"https:\/\/librairie7l.com\/en\/wp-json\/wp\/v2\/product_tag?post=23639"}],"curies":[{"name":"wp","href":"https:\/\/api.w.org\/{rel}","templated":true}]}}