{"id":23715,"date":"2023-05-09T18:59:03","date_gmt":"2023-05-09T16:59:03","guid":{"rendered":"https:\/\/librairie7l.com\/?post_type=product&#038;p=23715"},"modified":"2026-04-19T04:17:44","modified_gmt":"2026-04-19T02:17:44","slug":"lamour-se-porte-autour-du-cou","status":"publish","type":"product","link":"https:\/\/librairie7l.com\/en\/produit\/lamour-se-porte-autour-du-cou\/","title":{"rendered":"L&#8217;AMOUR SE PORTE AUTOUR DU COU"},"content":{"rendered":"<p>La r\u00e9alisatrice et artiste franco-libanaise Rima Samman collecte depuis des ann\u00e9es les photographies anciennes des membres de sa famille, dont la plupart sont dispers\u00e9s dans le monde. Elle recolorise les images \u00e0 la main, masquant la nostalgie et le sentiment d\u00b4\u00e9loignement par un geste artistique et r\u00e9unificateur qui consiste \u00e0 parer de couleurs pop une m\u00e9moire conserv\u00e9e en noir et blanc. En transformant ainsi ses archives familiales, par le biais d\u00b4interventions sur les photos, mais aussi d\u00b4un montage vid\u00e9o qui les met en mouvement, elle questionne avec une ambivalence joyeuse notre penchant \u00e0 r\u00e9inventer et \u00e0 fantasmer nos identit\u00e9s et nos origines.<\/p>\n","protected":false},"excerpt":{"rendered":"<p>La r\u00e9alisatrice et artiste franco-libanaise Rima Samman collecte depuis des ann\u00e9es les photographies anciennes des membres de sa famille, dont la plupart sont dispers\u00e9s dans le monde. Elle recolorise les images \u00e0 la main, masquant la nostalgie et le sentiment d\u00b4\u00e9loignement par un geste artistique et r\u00e9unificateur qui consiste \u00e0 parer de couleurs pop une [&hellip;]<\/p>\n","protected":false},"featured_media":23713,"template":"","meta":[],"product_cat":[55,2948,2958,17],"product_tag":[],"acf":[],"yoast_head":"<!-- This site is optimized with the Yoast SEO plugin v20.11 - https:\/\/yoast.com\/wordpress\/plugins\/seo\/ -->\n<title>L&#039;AMOUR SE PORTE AUTOUR DU COU - Librairie 7L<\/title>\n<meta name=\"robots\" content=\"index, follow, max-snippet:-1, max-image-preview:large, max-video-preview:-1\" \/>\n<link rel=\"canonical\" href=\"https:\/\/librairie7l.com\/en\/produit\/lamour-se-porte-autour-du-cou\/\" \/>\n<meta property=\"og:locale\" content=\"en_US\" \/>\n<meta property=\"og:type\" content=\"article\" \/>\n<meta property=\"og:title\" content=\"L&#039;AMOUR SE PORTE AUTOUR DU COU - Librairie 7L\" \/>\n<meta property=\"og:description\" content=\"La r\u00e9alisatrice et artiste franco-libanaise Rima Samman collecte depuis des ann\u00e9es les photographies anciennes des membres de sa famille, dont la plupart sont dispers\u00e9s dans le monde. Elle recolorise les images \u00e0 la main, masquant la nostalgie et le sentiment d\u00b4\u00e9loignement par un geste artistique et r\u00e9unificateur qui consiste \u00e0 parer de couleurs pop une [&hellip;]\" \/>\n<meta property=\"og:url\" content=\"https:\/\/librairie7l.com\/en\/produit\/lamour-se-porte-autour-du-cou\/\" \/>\n<meta property=\"og:site_name\" content=\"Librairie 7L\" \/>\n<meta property=\"article:modified_time\" content=\"2026-04-19T02:17:44+00:00\" \/>\n<meta property=\"og:image\" content=\"https:\/\/librairie7l.com\/wp-content\/uploads\/2020\/09\/9782350465029_1_75.jpg\" \/>\n\t<meta property=\"og:image:width\" content=\"321\" \/>\n\t<meta property=\"og:image:height\" content=\"450\" \/>\n\t<meta property=\"og:image:type\" content=\"image\/jpeg\" \/>\n<meta name=\"twitter:card\" content=\"summary_large_image\" \/>\n<meta name=\"twitter:label1\" content=\"Est. reading time\" \/>\n\t<meta name=\"twitter:data1\" content=\"1 minute\" \/>\n<script type=\"application\/ld+json\" class=\"yoast-schema-graph\">{\"@context\":\"https:\/\/schema.org\",\"@graph\":[{\"@type\":\"WebPage\",\"@id\":\"https:\/\/librairie7l.com\/en\/produit\/lamour-se-porte-autour-du-cou\/\",\"url\":\"https:\/\/librairie7l.com\/en\/produit\/lamour-se-porte-autour-du-cou\/\",\"name\":\"L'AMOUR SE PORTE AUTOUR DU COU - Librairie 7L\",\"isPartOf\":{\"@id\":\"https:\/\/librairie7l.com\/en\/#website\"},\"datePublished\":\"2023-05-09T16:59:03+00:00\",\"dateModified\":\"2026-04-19T02:17:44+00:00\",\"breadcrumb\":{\"@id\":\"https:\/\/librairie7l.com\/en\/produit\/lamour-se-porte-autour-du-cou\/#breadcrumb\"},\"inLanguage\":\"en-US\",\"potentialAction\":[{\"@type\":\"ReadAction\",\"target\":[\"https:\/\/librairie7l.com\/en\/produit\/lamour-se-porte-autour-du-cou\/\"]}]},{\"@type\":\"BreadcrumbList\",\"@id\":\"https:\/\/librairie7l.com\/en\/produit\/lamour-se-porte-autour-du-cou\/#breadcrumb\",\"itemListElement\":[{\"@type\":\"ListItem\",\"position\":1,\"name\":\"Accueil\",\"item\":\"https:\/\/librairie7l.com\/en\/\"},{\"@type\":\"ListItem\",\"position\":2,\"name\":\"Shop\",\"item\":\"https:\/\/librairie7l.com\/en\/shop\/\"},{\"@type\":\"ListItem\",\"position\":3,\"name\":\"L&#8217;AMOUR SE PORTE AUTOUR DU COU\"}]},{\"@type\":\"WebSite\",\"@id\":\"https:\/\/librairie7l.com\/en\/#website\",\"url\":\"https:\/\/librairie7l.com\/en\/\",\"name\":\"Librairie 7L\",\"description\":\"Librairie fond\u00e9e en 1999 par Karl Lagerfeld \u00e0 Paris\",\"publisher\":{\"@id\":\"https:\/\/librairie7l.com\/en\/#organization\"},\"potentialAction\":[{\"@type\":\"SearchAction\",\"target\":{\"@type\":\"EntryPoint\",\"urlTemplate\":\"https:\/\/librairie7l.com\/en\/?s={search_term_string}\"},\"query-input\":\"required name=search_term_string\"}],\"inLanguage\":\"en-US\"},{\"@type\":\"Organization\",\"@id\":\"https:\/\/librairie7l.com\/en\/#organization\",\"name\":\"Librairie 7L\",\"url\":\"https:\/\/librairie7l.com\/en\/\",\"logo\":{\"@type\":\"ImageObject\",\"inLanguage\":\"en-US\",\"@id\":\"https:\/\/librairie7l.com\/en\/#\/schema\/logo\/image\/\",\"url\":\"https:\/\/librairie7l.com\/wp-content\/uploads\/2022\/08\/logo-1.png\",\"contentUrl\":\"https:\/\/librairie7l.com\/wp-content\/uploads\/2022\/08\/logo-1.png\",\"width\":227,\"height\":301,\"caption\":\"Librairie 7L\"},\"image\":{\"@id\":\"https:\/\/librairie7l.com\/en\/#\/schema\/logo\/image\/\"}}]}<\/script>\n<!-- \/ Yoast SEO plugin. -->","yoast_head_json":{"title":"L'AMOUR SE PORTE AUTOUR DU COU - Librairie 7L","robots":{"index":"index","follow":"follow","max-snippet":"max-snippet:-1","max-image-preview":"max-image-preview:large","max-video-preview":"max-video-preview:-1"},"canonical":"https:\/\/librairie7l.com\/en\/produit\/lamour-se-porte-autour-du-cou\/","og_locale":"en_US","og_type":"article","og_title":"L'AMOUR SE PORTE AUTOUR DU COU - Librairie 7L","og_description":"La r\u00e9alisatrice et artiste franco-libanaise Rima Samman collecte depuis des ann\u00e9es les photographies anciennes des membres de sa famille, dont la plupart sont dispers\u00e9s dans le monde. Elle recolorise les images \u00e0 la main, masquant la nostalgie et le sentiment d\u00b4\u00e9loignement par un geste artistique et r\u00e9unificateur qui consiste \u00e0 parer de couleurs pop une [&hellip;]","og_url":"https:\/\/librairie7l.com\/en\/produit\/lamour-se-porte-autour-du-cou\/","og_site_name":"Librairie 7L","article_modified_time":"2026-04-19T02:17:44+00:00","og_image":[{"width":321,"height":450,"url":"https:\/\/librairie7l.com\/wp-content\/uploads\/2020\/09\/9782350465029_1_75.jpg","type":"image\/jpeg"}],"twitter_card":"summary_large_image","twitter_misc":{"Est. reading time":"1 minute"},"schema":{"@context":"https:\/\/schema.org","@graph":[{"@type":"WebPage","@id":"https:\/\/librairie7l.com\/en\/produit\/lamour-se-porte-autour-du-cou\/","url":"https:\/\/librairie7l.com\/en\/produit\/lamour-se-porte-autour-du-cou\/","name":"L'AMOUR SE PORTE AUTOUR DU COU - Librairie 7L","isPartOf":{"@id":"https:\/\/librairie7l.com\/en\/#website"},"datePublished":"2023-05-09T16:59:03+00:00","dateModified":"2026-04-19T02:17:44+00:00","breadcrumb":{"@id":"https:\/\/librairie7l.com\/en\/produit\/lamour-se-porte-autour-du-cou\/#breadcrumb"},"inLanguage":"en-US","potentialAction":[{"@type":"ReadAction","target":["https:\/\/librairie7l.com\/en\/produit\/lamour-se-porte-autour-du-cou\/"]}]},{"@type":"BreadcrumbList","@id":"https:\/\/librairie7l.com\/en\/produit\/lamour-se-porte-autour-du-cou\/#breadcrumb","itemListElement":[{"@type":"ListItem","position":1,"name":"Accueil","item":"https:\/\/librairie7l.com\/en\/"},{"@type":"ListItem","position":2,"name":"Shop","item":"https:\/\/librairie7l.com\/en\/shop\/"},{"@type":"ListItem","position":3,"name":"L&#8217;AMOUR SE PORTE AUTOUR DU COU"}]},{"@type":"WebSite","@id":"https:\/\/librairie7l.com\/en\/#website","url":"https:\/\/librairie7l.com\/en\/","name":"Librairie 7L","description":"Librairie fond\u00e9e en 1999 par Karl Lagerfeld \u00e0 Paris","publisher":{"@id":"https:\/\/librairie7l.com\/en\/#organization"},"potentialAction":[{"@type":"SearchAction","target":{"@type":"EntryPoint","urlTemplate":"https:\/\/librairie7l.com\/en\/?s={search_term_string}"},"query-input":"required name=search_term_string"}],"inLanguage":"en-US"},{"@type":"Organization","@id":"https:\/\/librairie7l.com\/en\/#organization","name":"Librairie 7L","url":"https:\/\/librairie7l.com\/en\/","logo":{"@type":"ImageObject","inLanguage":"en-US","@id":"https:\/\/librairie7l.com\/en\/#\/schema\/logo\/image\/","url":"https:\/\/librairie7l.com\/wp-content\/uploads\/2022\/08\/logo-1.png","contentUrl":"https:\/\/librairie7l.com\/wp-content\/uploads\/2022\/08\/logo-1.png","width":227,"height":301,"caption":"Librairie 7L"},"image":{"@id":"https:\/\/librairie7l.com\/en\/#\/schema\/logo\/image\/"}}]}},"_links":{"self":[{"href":"https:\/\/librairie7l.com\/en\/wp-json\/wp\/v2\/product\/23715"}],"collection":[{"href":"https:\/\/librairie7l.com\/en\/wp-json\/wp\/v2\/product"}],"about":[{"href":"https:\/\/librairie7l.com\/en\/wp-json\/wp\/v2\/types\/product"}],"wp:featuredmedia":[{"embeddable":true,"href":"https:\/\/librairie7l.com\/en\/wp-json\/wp\/v2\/media\/23713"}],"wp:attachment":[{"href":"https:\/\/librairie7l.com\/en\/wp-json\/wp\/v2\/media?parent=23715"}],"wp:term":[{"taxonomy":"product_cat","embeddable":true,"href":"https:\/\/librairie7l.com\/en\/wp-json\/wp\/v2\/product_cat?post=23715"},{"taxonomy":"product_tag","embeddable":true,"href":"https:\/\/librairie7l.com\/en\/wp-json\/wp\/v2\/product_tag?post=23715"}],"curies":[{"name":"wp","href":"https:\/\/api.w.org\/{rel}","templated":true}]}}