{"id":23731,"date":"2023-05-09T18:59:17","date_gmt":"2023-05-09T16:59:17","guid":{"rendered":"https:\/\/librairie7l.com\/?post_type=product&#038;p=23731"},"modified":"2026-04-27T19:57:46","modified_gmt":"2026-04-27T17:57:46","slug":"how-to-wrap-five-eggs-traditional-japanese-packaging","status":"publish","type":"product","link":"https:\/\/librairie7l.com\/en\/produit\/how-to-wrap-five-eggs-traditional-japanese-packaging\/","title":{"rendered":"HOW TO WRAP FIVE EGGS TRADITIONAL JAPANESE PACKAGING"},"content":{"rendered":"<p>L&#8217;emballage japonais traditionnel est une forme d&#8217;art qui applique un design sophistiqu\u00e9 et une esth\u00e9tique naturelle \u00e0 des objets simples. Dans cette pr\u00e9sentation \u00e9l\u00e9gante des paniers, des bo\u00eetes, des emballages et des r\u00e9cipients qui \u00e9taient utilis\u00e9s dans la vie quotidienne ordinaire, on nous offre un exemple \u00e9tonnant d&#8217;un temps avant la production de masse. Principalement con\u00e7us en bambou, paille de riz, ficelle de chanvre, papier et feuilles, tous les objets pr\u00e9sent\u00e9s ici sont fabriqu\u00e9s \u00e0 partir de mat\u00e9riaux naturels. \u00c0 travers 221 photographies en noir et blanc d&#8217;exemples authentiques d&#8217;emballages japonais traditionnels les articles pr\u00e9sent\u00e9s ici offrent un regard sur un art perdu, lou\u00e9 et envi\u00e9 par l&#8217;Occident, notamment par le grand designer George Nelson.<\/p>\n","protected":false},"excerpt":{"rendered":"<p>L&#8217;emballage japonais traditionnel est une forme d&#8217;art qui applique un design sophistiqu\u00e9 et une esth\u00e9tique naturelle \u00e0 des objets simples. Dans cette pr\u00e9sentation \u00e9l\u00e9gante des paniers, des bo\u00eetes, des emballages et des r\u00e9cipients qui \u00e9taient utilis\u00e9s dans la vie quotidienne ordinaire, on nous offre un exemple \u00e9tonnant d&#8217;un temps avant la production de masse. Principalement [&hellip;]<\/p>\n","protected":false},"featured_media":23729,"template":"","meta":[],"product_cat":[55,2948,18,2952],"product_tag":[],"acf":[],"yoast_head":"<!-- This site is optimized with the Yoast SEO plugin v20.11 - https:\/\/yoast.com\/wordpress\/plugins\/seo\/ -->\n<title>HOW TO WRAP FIVE EGGS TRADITIONAL JAPANESE PACKAGING - Librairie 7L<\/title>\n<meta name=\"robots\" content=\"index, follow, max-snippet:-1, max-image-preview:large, max-video-preview:-1\" \/>\n<link rel=\"canonical\" href=\"https:\/\/librairie7l.com\/en\/produit\/how-to-wrap-five-eggs-traditional-japanese-packaging\/\" \/>\n<meta property=\"og:locale\" content=\"en_US\" \/>\n<meta property=\"og:type\" content=\"article\" \/>\n<meta property=\"og:title\" content=\"HOW TO WRAP FIVE EGGS TRADITIONAL JAPANESE PACKAGING - Librairie 7L\" \/>\n<meta property=\"og:description\" content=\"L&#8217;emballage japonais traditionnel est une forme d&#8217;art qui applique un design sophistiqu\u00e9 et une esth\u00e9tique naturelle \u00e0 des objets simples. Dans cette pr\u00e9sentation \u00e9l\u00e9gante des paniers, des bo\u00eetes, des emballages et des r\u00e9cipients qui \u00e9taient utilis\u00e9s dans la vie quotidienne ordinaire, on nous offre un exemple \u00e9tonnant d&#8217;un temps avant la production de masse. Principalement [&hellip;]\" \/>\n<meta property=\"og:url\" content=\"https:\/\/librairie7l.com\/en\/produit\/how-to-wrap-five-eggs-traditional-japanese-packaging\/\" \/>\n<meta property=\"og:site_name\" content=\"Librairie 7L\" \/>\n<meta property=\"article:modified_time\" content=\"2026-04-27T17:57:46+00:00\" \/>\n<meta property=\"og:image\" content=\"https:\/\/librairie7l.com\/wp-content\/uploads\/2008\/10\/9781590306192_1_75.jpg\" \/>\n\t<meta property=\"og:image:width\" content=\"307\" \/>\n\t<meta property=\"og:image:height\" content=\"450\" \/>\n\t<meta property=\"og:image:type\" content=\"image\/jpeg\" \/>\n<meta name=\"twitter:card\" content=\"summary_large_image\" \/>\n<meta name=\"twitter:label1\" content=\"Est. reading time\" \/>\n\t<meta name=\"twitter:data1\" content=\"1 minute\" \/>\n<script type=\"application\/ld+json\" class=\"yoast-schema-graph\">{\"@context\":\"https:\/\/schema.org\",\"@graph\":[{\"@type\":\"WebPage\",\"@id\":\"https:\/\/librairie7l.com\/en\/produit\/how-to-wrap-five-eggs-traditional-japanese-packaging\/\",\"url\":\"https:\/\/librairie7l.com\/en\/produit\/how-to-wrap-five-eggs-traditional-japanese-packaging\/\",\"name\":\"HOW TO WRAP FIVE EGGS TRADITIONAL JAPANESE PACKAGING - Librairie 7L\",\"isPartOf\":{\"@id\":\"https:\/\/librairie7l.com\/en\/#website\"},\"datePublished\":\"2023-05-09T16:59:17+00:00\",\"dateModified\":\"2026-04-27T17:57:46+00:00\",\"breadcrumb\":{\"@id\":\"https:\/\/librairie7l.com\/en\/produit\/how-to-wrap-five-eggs-traditional-japanese-packaging\/#breadcrumb\"},\"inLanguage\":\"en-US\",\"potentialAction\":[{\"@type\":\"ReadAction\",\"target\":[\"https:\/\/librairie7l.com\/en\/produit\/how-to-wrap-five-eggs-traditional-japanese-packaging\/\"]}]},{\"@type\":\"BreadcrumbList\",\"@id\":\"https:\/\/librairie7l.com\/en\/produit\/how-to-wrap-five-eggs-traditional-japanese-packaging\/#breadcrumb\",\"itemListElement\":[{\"@type\":\"ListItem\",\"position\":1,\"name\":\"Accueil\",\"item\":\"https:\/\/librairie7l.com\/en\/\"},{\"@type\":\"ListItem\",\"position\":2,\"name\":\"Shop\",\"item\":\"https:\/\/librairie7l.com\/en\/shop\/\"},{\"@type\":\"ListItem\",\"position\":3,\"name\":\"HOW TO WRAP FIVE EGGS TRADITIONAL JAPANESE PACKAGING\"}]},{\"@type\":\"WebSite\",\"@id\":\"https:\/\/librairie7l.com\/en\/#website\",\"url\":\"https:\/\/librairie7l.com\/en\/\",\"name\":\"Librairie 7L\",\"description\":\"Librairie fond\u00e9e en 1999 par Karl Lagerfeld \u00e0 Paris\",\"publisher\":{\"@id\":\"https:\/\/librairie7l.com\/en\/#organization\"},\"potentialAction\":[{\"@type\":\"SearchAction\",\"target\":{\"@type\":\"EntryPoint\",\"urlTemplate\":\"https:\/\/librairie7l.com\/en\/?s={search_term_string}\"},\"query-input\":\"required name=search_term_string\"}],\"inLanguage\":\"en-US\"},{\"@type\":\"Organization\",\"@id\":\"https:\/\/librairie7l.com\/en\/#organization\",\"name\":\"Librairie 7L\",\"url\":\"https:\/\/librairie7l.com\/en\/\",\"logo\":{\"@type\":\"ImageObject\",\"inLanguage\":\"en-US\",\"@id\":\"https:\/\/librairie7l.com\/en\/#\/schema\/logo\/image\/\",\"url\":\"https:\/\/librairie7l.com\/wp-content\/uploads\/2022\/08\/logo-1.png\",\"contentUrl\":\"https:\/\/librairie7l.com\/wp-content\/uploads\/2022\/08\/logo-1.png\",\"width\":227,\"height\":301,\"caption\":\"Librairie 7L\"},\"image\":{\"@id\":\"https:\/\/librairie7l.com\/en\/#\/schema\/logo\/image\/\"}}]}<\/script>\n<!-- \/ Yoast SEO plugin. -->","yoast_head_json":{"title":"HOW TO WRAP FIVE EGGS TRADITIONAL JAPANESE PACKAGING - Librairie 7L","robots":{"index":"index","follow":"follow","max-snippet":"max-snippet:-1","max-image-preview":"max-image-preview:large","max-video-preview":"max-video-preview:-1"},"canonical":"https:\/\/librairie7l.com\/en\/produit\/how-to-wrap-five-eggs-traditional-japanese-packaging\/","og_locale":"en_US","og_type":"article","og_title":"HOW TO WRAP FIVE EGGS TRADITIONAL JAPANESE PACKAGING - Librairie 7L","og_description":"L&#8217;emballage japonais traditionnel est une forme d&#8217;art qui applique un design sophistiqu\u00e9 et une esth\u00e9tique naturelle \u00e0 des objets simples. Dans cette pr\u00e9sentation \u00e9l\u00e9gante des paniers, des bo\u00eetes, des emballages et des r\u00e9cipients qui \u00e9taient utilis\u00e9s dans la vie quotidienne ordinaire, on nous offre un exemple \u00e9tonnant d&#8217;un temps avant la production de masse. Principalement [&hellip;]","og_url":"https:\/\/librairie7l.com\/en\/produit\/how-to-wrap-five-eggs-traditional-japanese-packaging\/","og_site_name":"Librairie 7L","article_modified_time":"2026-04-27T17:57:46+00:00","og_image":[{"width":307,"height":450,"url":"https:\/\/librairie7l.com\/wp-content\/uploads\/2008\/10\/9781590306192_1_75.jpg","type":"image\/jpeg"}],"twitter_card":"summary_large_image","twitter_misc":{"Est. reading time":"1 minute"},"schema":{"@context":"https:\/\/schema.org","@graph":[{"@type":"WebPage","@id":"https:\/\/librairie7l.com\/en\/produit\/how-to-wrap-five-eggs-traditional-japanese-packaging\/","url":"https:\/\/librairie7l.com\/en\/produit\/how-to-wrap-five-eggs-traditional-japanese-packaging\/","name":"HOW TO WRAP FIVE EGGS TRADITIONAL JAPANESE PACKAGING - Librairie 7L","isPartOf":{"@id":"https:\/\/librairie7l.com\/en\/#website"},"datePublished":"2023-05-09T16:59:17+00:00","dateModified":"2026-04-27T17:57:46+00:00","breadcrumb":{"@id":"https:\/\/librairie7l.com\/en\/produit\/how-to-wrap-five-eggs-traditional-japanese-packaging\/#breadcrumb"},"inLanguage":"en-US","potentialAction":[{"@type":"ReadAction","target":["https:\/\/librairie7l.com\/en\/produit\/how-to-wrap-five-eggs-traditional-japanese-packaging\/"]}]},{"@type":"BreadcrumbList","@id":"https:\/\/librairie7l.com\/en\/produit\/how-to-wrap-five-eggs-traditional-japanese-packaging\/#breadcrumb","itemListElement":[{"@type":"ListItem","position":1,"name":"Accueil","item":"https:\/\/librairie7l.com\/en\/"},{"@type":"ListItem","position":2,"name":"Shop","item":"https:\/\/librairie7l.com\/en\/shop\/"},{"@type":"ListItem","position":3,"name":"HOW TO WRAP FIVE EGGS TRADITIONAL JAPANESE PACKAGING"}]},{"@type":"WebSite","@id":"https:\/\/librairie7l.com\/en\/#website","url":"https:\/\/librairie7l.com\/en\/","name":"Librairie 7L","description":"Librairie fond\u00e9e en 1999 par Karl Lagerfeld \u00e0 Paris","publisher":{"@id":"https:\/\/librairie7l.com\/en\/#organization"},"potentialAction":[{"@type":"SearchAction","target":{"@type":"EntryPoint","urlTemplate":"https:\/\/librairie7l.com\/en\/?s={search_term_string}"},"query-input":"required name=search_term_string"}],"inLanguage":"en-US"},{"@type":"Organization","@id":"https:\/\/librairie7l.com\/en\/#organization","name":"Librairie 7L","url":"https:\/\/librairie7l.com\/en\/","logo":{"@type":"ImageObject","inLanguage":"en-US","@id":"https:\/\/librairie7l.com\/en\/#\/schema\/logo\/image\/","url":"https:\/\/librairie7l.com\/wp-content\/uploads\/2022\/08\/logo-1.png","contentUrl":"https:\/\/librairie7l.com\/wp-content\/uploads\/2022\/08\/logo-1.png","width":227,"height":301,"caption":"Librairie 7L"},"image":{"@id":"https:\/\/librairie7l.com\/en\/#\/schema\/logo\/image\/"}}]}},"_links":{"self":[{"href":"https:\/\/librairie7l.com\/en\/wp-json\/wp\/v2\/product\/23731"}],"collection":[{"href":"https:\/\/librairie7l.com\/en\/wp-json\/wp\/v2\/product"}],"about":[{"href":"https:\/\/librairie7l.com\/en\/wp-json\/wp\/v2\/types\/product"}],"wp:featuredmedia":[{"embeddable":true,"href":"https:\/\/librairie7l.com\/en\/wp-json\/wp\/v2\/media\/23729"}],"wp:attachment":[{"href":"https:\/\/librairie7l.com\/en\/wp-json\/wp\/v2\/media?parent=23731"}],"wp:term":[{"taxonomy":"product_cat","embeddable":true,"href":"https:\/\/librairie7l.com\/en\/wp-json\/wp\/v2\/product_cat?post=23731"},{"taxonomy":"product_tag","embeddable":true,"href":"https:\/\/librairie7l.com\/en\/wp-json\/wp\/v2\/product_tag?post=23731"}],"curies":[{"name":"wp","href":"https:\/\/api.w.org\/{rel}","templated":true}]}}