{"id":23891,"date":"2023-05-09T19:01:45","date_gmt":"2023-05-09T17:01:45","guid":{"rendered":"https:\/\/librairie7l.com\/?post_type=product&#038;p=23891"},"modified":"2026-05-04T13:29:40","modified_gmt":"2026-05-04T11:29:40","slug":"gerhard-winkler-fishs-and-cephalopods-cat-die-photographische-sammlung-fo","status":"publish","type":"product","link":"https:\/\/librairie7l.com\/en\/produit\/gerhard-winkler-fishs-and-cephalopods-cat-die-photographische-sammlung-fo\/","title":{"rendered":"GERHARD WINKLER : FISHS AND CEPHALOPODS &#8211; CAT. DIE PHOTOGRAPHISCHE SAMMLUNG \/ FONDATION SK STIFTUNG"},"content":{"rendered":"<p>C&#8217;est avec presque la m\u00eame simplicit\u00e9 que l&#8217;histoire de ce livre est racont\u00e9e et que les motifs r\u00e9alistes sont pr\u00e9sent\u00e9s. Le moment qui d\u00e9cidera de l&#8217;avenir de Gerhard Winkler remonte \u00e0 une trentaine d&#8217;ann\u00e9es. En se promenant dans le march\u00e9 couvert de Lisbonne, l&#8217;artiste se trouve absolument incapable de se d\u00e9tacher de la vue et de la beaut\u00e9 des poissons qui y sont offerts : sardines, merlus, aiguilles de mer, thons et seiches, et encore bien d&#8217;autres esp\u00e8ces, toutes pr\u00e9sentes en abondance, parfois couch\u00e9es sur un lit de glace, parfois align\u00e9es par vari\u00e9t\u00e9 sur des supports m\u00e9talliques. L&#8217;esth\u00e9tique de l&#8217;\u00e9talage doit attirer les clients &#8211; et y parviendra avec lui. Winkler utilise de pr\u00e9f\u00e9rence une pellicule noir et blanc dont les n\u00e9gatifs d\u00e9velopp\u00e9s forment la base des tirages sur papier baryt\u00e9 qu&#8217;il r\u00e9alise lui-m\u00eame avec des peintures translucides aux prot\u00e9ines pour rendre aux animaux l&#8217;apparence de la r\u00e9alit\u00e9.<\/p>\n","protected":false},"excerpt":{"rendered":"<p>C&#8217;est avec presque la m\u00eame simplicit\u00e9 que l&#8217;histoire de ce livre est racont\u00e9e et que les motifs r\u00e9alistes sont pr\u00e9sent\u00e9s. Le moment qui d\u00e9cidera de l&#8217;avenir de Gerhard Winkler remonte \u00e0 une trentaine d&#8217;ann\u00e9es. En se promenant dans le march\u00e9 couvert de Lisbonne, l&#8217;artiste se trouve absolument incapable de se d\u00e9tacher de la vue et [&hellip;]<\/p>\n","protected":false},"featured_media":49418,"template":"","meta":[],"product_cat":[55,2948,2958,17],"product_tag":[],"acf":[],"yoast_head":"<!-- This site is optimized with the Yoast SEO plugin v20.11 - https:\/\/yoast.com\/wordpress\/plugins\/seo\/ -->\n<title>GERHARD WINKLER : FISHS AND CEPHALOPODS - CAT. DIE PHOTOGRAPHISCHE SAMMLUNG \/ FONDATION SK STIFTUNG - Librairie 7L<\/title>\n<meta name=\"robots\" content=\"index, follow, max-snippet:-1, max-image-preview:large, max-video-preview:-1\" \/>\n<link rel=\"canonical\" href=\"https:\/\/librairie7l.com\/en\/produit\/gerhard-winkler-fishs-and-cephalopods-cat-die-photographische-sammlung-fo\/\" \/>\n<meta property=\"og:locale\" content=\"en_US\" \/>\n<meta property=\"og:type\" content=\"article\" \/>\n<meta property=\"og:title\" content=\"GERHARD WINKLER : FISHS AND CEPHALOPODS - CAT. DIE PHOTOGRAPHISCHE SAMMLUNG \/ FONDATION SK STIFTUNG - Librairie 7L\" \/>\n<meta property=\"og:description\" content=\"C&#8217;est avec presque la m\u00eame simplicit\u00e9 que l&#8217;histoire de ce livre est racont\u00e9e et que les motifs r\u00e9alistes sont pr\u00e9sent\u00e9s. Le moment qui d\u00e9cidera de l&#8217;avenir de Gerhard Winkler remonte \u00e0 une trentaine d&#8217;ann\u00e9es. En se promenant dans le march\u00e9 couvert de Lisbonne, l&#8217;artiste se trouve absolument incapable de se d\u00e9tacher de la vue et [&hellip;]\" \/>\n<meta property=\"og:url\" content=\"https:\/\/librairie7l.com\/en\/produit\/gerhard-winkler-fishs-and-cephalopods-cat-die-photographische-sammlung-fo\/\" \/>\n<meta property=\"og:site_name\" content=\"Librairie 7L\" \/>\n<meta property=\"article:modified_time\" content=\"2026-05-04T11:29:40+00:00\" \/>\n<meta name=\"twitter:card\" content=\"summary_large_image\" \/>\n<meta name=\"twitter:label1\" content=\"Est. reading time\" \/>\n\t<meta name=\"twitter:data1\" content=\"1 minute\" \/>\n<script type=\"application\/ld+json\" class=\"yoast-schema-graph\">{\"@context\":\"https:\/\/schema.org\",\"@graph\":[{\"@type\":\"WebPage\",\"@id\":\"https:\/\/librairie7l.com\/en\/produit\/gerhard-winkler-fishs-and-cephalopods-cat-die-photographische-sammlung-fo\/\",\"url\":\"https:\/\/librairie7l.com\/en\/produit\/gerhard-winkler-fishs-and-cephalopods-cat-die-photographische-sammlung-fo\/\",\"name\":\"GERHARD WINKLER : FISHS AND CEPHALOPODS - CAT. DIE PHOTOGRAPHISCHE SAMMLUNG \/ FONDATION SK STIFTUNG - Librairie 7L\",\"isPartOf\":{\"@id\":\"https:\/\/librairie7l.com\/en\/#website\"},\"datePublished\":\"2023-05-09T17:01:45+00:00\",\"dateModified\":\"2026-05-04T11:29:40+00:00\",\"breadcrumb\":{\"@id\":\"https:\/\/librairie7l.com\/en\/produit\/gerhard-winkler-fishs-and-cephalopods-cat-die-photographische-sammlung-fo\/#breadcrumb\"},\"inLanguage\":\"en-US\",\"potentialAction\":[{\"@type\":\"ReadAction\",\"target\":[\"https:\/\/librairie7l.com\/en\/produit\/gerhard-winkler-fishs-and-cephalopods-cat-die-photographische-sammlung-fo\/\"]}]},{\"@type\":\"BreadcrumbList\",\"@id\":\"https:\/\/librairie7l.com\/en\/produit\/gerhard-winkler-fishs-and-cephalopods-cat-die-photographische-sammlung-fo\/#breadcrumb\",\"itemListElement\":[{\"@type\":\"ListItem\",\"position\":1,\"name\":\"Accueil\",\"item\":\"https:\/\/librairie7l.com\/en\/\"},{\"@type\":\"ListItem\",\"position\":2,\"name\":\"Shop\",\"item\":\"https:\/\/librairie7l.com\/en\/shop\/\"},{\"@type\":\"ListItem\",\"position\":3,\"name\":\"GERHARD WINKLER : FISHS AND CEPHALOPODS &#8211; CAT. DIE PHOTOGRAPHISCHE SAMMLUNG \/ FONDATION SK STIFTUNG\"}]},{\"@type\":\"WebSite\",\"@id\":\"https:\/\/librairie7l.com\/en\/#website\",\"url\":\"https:\/\/librairie7l.com\/en\/\",\"name\":\"Librairie 7L\",\"description\":\"Librairie fond\u00e9e en 1999 par Karl Lagerfeld \u00e0 Paris\",\"publisher\":{\"@id\":\"https:\/\/librairie7l.com\/en\/#organization\"},\"potentialAction\":[{\"@type\":\"SearchAction\",\"target\":{\"@type\":\"EntryPoint\",\"urlTemplate\":\"https:\/\/librairie7l.com\/en\/?s={search_term_string}\"},\"query-input\":\"required name=search_term_string\"}],\"inLanguage\":\"en-US\"},{\"@type\":\"Organization\",\"@id\":\"https:\/\/librairie7l.com\/en\/#organization\",\"name\":\"Librairie 7L\",\"url\":\"https:\/\/librairie7l.com\/en\/\",\"logo\":{\"@type\":\"ImageObject\",\"inLanguage\":\"en-US\",\"@id\":\"https:\/\/librairie7l.com\/en\/#\/schema\/logo\/image\/\",\"url\":\"https:\/\/librairie7l.com\/wp-content\/uploads\/2022\/08\/logo-1.png\",\"contentUrl\":\"https:\/\/librairie7l.com\/wp-content\/uploads\/2022\/08\/logo-1.png\",\"width\":227,\"height\":301,\"caption\":\"Librairie 7L\"},\"image\":{\"@id\":\"https:\/\/librairie7l.com\/en\/#\/schema\/logo\/image\/\"}}]}<\/script>\n<!-- \/ Yoast SEO plugin. -->","yoast_head_json":{"title":"GERHARD WINKLER : FISHS AND CEPHALOPODS - CAT. DIE PHOTOGRAPHISCHE SAMMLUNG \/ FONDATION SK STIFTUNG - Librairie 7L","robots":{"index":"index","follow":"follow","max-snippet":"max-snippet:-1","max-image-preview":"max-image-preview:large","max-video-preview":"max-video-preview:-1"},"canonical":"https:\/\/librairie7l.com\/en\/produit\/gerhard-winkler-fishs-and-cephalopods-cat-die-photographische-sammlung-fo\/","og_locale":"en_US","og_type":"article","og_title":"GERHARD WINKLER : FISHS AND CEPHALOPODS - CAT. DIE PHOTOGRAPHISCHE SAMMLUNG \/ FONDATION SK STIFTUNG - Librairie 7L","og_description":"C&#8217;est avec presque la m\u00eame simplicit\u00e9 que l&#8217;histoire de ce livre est racont\u00e9e et que les motifs r\u00e9alistes sont pr\u00e9sent\u00e9s. Le moment qui d\u00e9cidera de l&#8217;avenir de Gerhard Winkler remonte \u00e0 une trentaine d&#8217;ann\u00e9es. En se promenant dans le march\u00e9 couvert de Lisbonne, l&#8217;artiste se trouve absolument incapable de se d\u00e9tacher de la vue et [&hellip;]","og_url":"https:\/\/librairie7l.com\/en\/produit\/gerhard-winkler-fishs-and-cephalopods-cat-die-photographische-sammlung-fo\/","og_site_name":"Librairie 7L","article_modified_time":"2026-05-04T11:29:40+00:00","twitter_card":"summary_large_image","twitter_misc":{"Est. reading time":"1 minute"},"schema":{"@context":"https:\/\/schema.org","@graph":[{"@type":"WebPage","@id":"https:\/\/librairie7l.com\/en\/produit\/gerhard-winkler-fishs-and-cephalopods-cat-die-photographische-sammlung-fo\/","url":"https:\/\/librairie7l.com\/en\/produit\/gerhard-winkler-fishs-and-cephalopods-cat-die-photographische-sammlung-fo\/","name":"GERHARD WINKLER : FISHS AND CEPHALOPODS - CAT. DIE PHOTOGRAPHISCHE SAMMLUNG \/ FONDATION SK STIFTUNG - Librairie 7L","isPartOf":{"@id":"https:\/\/librairie7l.com\/en\/#website"},"datePublished":"2023-05-09T17:01:45+00:00","dateModified":"2026-05-04T11:29:40+00:00","breadcrumb":{"@id":"https:\/\/librairie7l.com\/en\/produit\/gerhard-winkler-fishs-and-cephalopods-cat-die-photographische-sammlung-fo\/#breadcrumb"},"inLanguage":"en-US","potentialAction":[{"@type":"ReadAction","target":["https:\/\/librairie7l.com\/en\/produit\/gerhard-winkler-fishs-and-cephalopods-cat-die-photographische-sammlung-fo\/"]}]},{"@type":"BreadcrumbList","@id":"https:\/\/librairie7l.com\/en\/produit\/gerhard-winkler-fishs-and-cephalopods-cat-die-photographische-sammlung-fo\/#breadcrumb","itemListElement":[{"@type":"ListItem","position":1,"name":"Accueil","item":"https:\/\/librairie7l.com\/en\/"},{"@type":"ListItem","position":2,"name":"Shop","item":"https:\/\/librairie7l.com\/en\/shop\/"},{"@type":"ListItem","position":3,"name":"GERHARD WINKLER : FISHS AND CEPHALOPODS &#8211; CAT. DIE PHOTOGRAPHISCHE SAMMLUNG \/ FONDATION SK STIFTUNG"}]},{"@type":"WebSite","@id":"https:\/\/librairie7l.com\/en\/#website","url":"https:\/\/librairie7l.com\/en\/","name":"Librairie 7L","description":"Librairie fond\u00e9e en 1999 par Karl Lagerfeld \u00e0 Paris","publisher":{"@id":"https:\/\/librairie7l.com\/en\/#organization"},"potentialAction":[{"@type":"SearchAction","target":{"@type":"EntryPoint","urlTemplate":"https:\/\/librairie7l.com\/en\/?s={search_term_string}"},"query-input":"required name=search_term_string"}],"inLanguage":"en-US"},{"@type":"Organization","@id":"https:\/\/librairie7l.com\/en\/#organization","name":"Librairie 7L","url":"https:\/\/librairie7l.com\/en\/","logo":{"@type":"ImageObject","inLanguage":"en-US","@id":"https:\/\/librairie7l.com\/en\/#\/schema\/logo\/image\/","url":"https:\/\/librairie7l.com\/wp-content\/uploads\/2022\/08\/logo-1.png","contentUrl":"https:\/\/librairie7l.com\/wp-content\/uploads\/2022\/08\/logo-1.png","width":227,"height":301,"caption":"Librairie 7L"},"image":{"@id":"https:\/\/librairie7l.com\/en\/#\/schema\/logo\/image\/"}}]}},"_links":{"self":[{"href":"https:\/\/librairie7l.com\/en\/wp-json\/wp\/v2\/product\/23891"}],"collection":[{"href":"https:\/\/librairie7l.com\/en\/wp-json\/wp\/v2\/product"}],"about":[{"href":"https:\/\/librairie7l.com\/en\/wp-json\/wp\/v2\/types\/product"}],"wp:featuredmedia":[{"embeddable":true,"href":"https:\/\/librairie7l.com\/en\/wp-json\/wp\/v2\/media\/49418"}],"wp:attachment":[{"href":"https:\/\/librairie7l.com\/en\/wp-json\/wp\/v2\/media?parent=23891"}],"wp:term":[{"taxonomy":"product_cat","embeddable":true,"href":"https:\/\/librairie7l.com\/en\/wp-json\/wp\/v2\/product_cat?post=23891"},{"taxonomy":"product_tag","embeddable":true,"href":"https:\/\/librairie7l.com\/en\/wp-json\/wp\/v2\/product_tag?post=23891"}],"curies":[{"name":"wp","href":"https:\/\/api.w.org\/{rel}","templated":true}]}}