{"id":24003,"date":"2023-05-09T19:03:24","date_gmt":"2023-05-09T17:03:24","guid":{"rendered":"https:\/\/librairie7l.com\/?post_type=product&#038;p=24003"},"modified":"2026-04-07T17:53:23","modified_gmt":"2026-04-07T15:53:23","slug":"architecture-in-mexico-1900-2010","status":"publish","type":"product","link":"https:\/\/librairie7l.com\/en\/produit\/architecture-in-mexico-1900-2010\/","title":{"rendered":"ARCHITECTURE IN MEXICO : 1900-2010"},"content":{"rendered":"<p>An authoritative, two-volume compendium of 20th- and 21st-century Mexican architecture.<\/p>\n<p>This expanded two-volume edition of Arquine&#8217;s 2013 publication examines the architectural styles that have taken place in Mexico during the 20th century and the beginning of the 21st. The book is divided into six periods: the beginning of the century (1900-24); modernity (1925-39); the heroic period (1940-68); new monumentality (1969-89); end of the century (1990-99); and the first decade of the 21st century (2000-10).<br \/>\nArchitects include: Federico Mariscal, Jos\u00e9 Villagr\u00e1n, Vicente Mendiola, Guillermo Z\u00e1rraga, Roberto \u00c1lvarez Espinosa, Manuel Am\u00e1bilis, Juan O&#8217;Gorman, Manuel Ortiz Monasterio, Bernardo Calder\u00f3n, Luis \u00c1vila, Juan Segura, Carlos Obreg\u00f3n Santillana, Luis Barrag\u00e1n, Enrique del Moral, Augusto \u00c1lvarez, Mario Pani, Salvador Ortega, Luis Ramos Cunningham, Pedro Ram\u00edrez V\u00e1zquez, Rafael Mijares, Jorge Campuzano, Ricardo Legorreta, No\u00e9 Castro, Ramiro Alatorre, Carlos Vargas, Teodoro Gonz\u00e1lez de Le\u00f3n, Abraham Zabludovsky, Legorreta + Legorreta, Javier Sordo Madaleno, TEN Arquitectos and Luis Vicente Flores, among others.<\/p>\n","protected":false},"excerpt":{"rendered":"<p>An authoritative, two-volume compendium of 20th- and 21st-century Mexican architecture. This expanded two-volume edition of Arquine&#8217;s 2013 publication examines the architectural styles that have taken place in Mexico during the 20th century and the beginning of the 21st. The book is divided into six periods: the beginning of the century (1900-24); modernity (1925-39); the heroic [&hellip;]<\/p>\n","protected":false},"featured_media":24001,"template":"","meta":[],"product_cat":[55,2948,22,2950],"product_tag":[],"acf":[],"yoast_head":"<!-- This site is optimized with the Yoast SEO plugin v20.11 - https:\/\/yoast.com\/wordpress\/plugins\/seo\/ -->\n<title>ARCHITECTURE IN MEXICO : 1900-2010 - Librairie 7L<\/title>\n<meta name=\"robots\" content=\"index, follow, max-snippet:-1, max-image-preview:large, max-video-preview:-1\" \/>\n<link rel=\"canonical\" href=\"https:\/\/librairie7l.com\/en\/produit\/architecture-in-mexico-1900-2010\/\" \/>\n<meta property=\"og:locale\" content=\"en_US\" \/>\n<meta property=\"og:type\" content=\"article\" \/>\n<meta property=\"og:title\" content=\"ARCHITECTURE IN MEXICO : 1900-2010 - Librairie 7L\" \/>\n<meta property=\"og:description\" content=\"An authoritative, two-volume compendium of 20th- and 21st-century Mexican architecture. This expanded two-volume edition of Arquine&#8217;s 2013 publication examines the architectural styles that have taken place in Mexico during the 20th century and the beginning of the 21st. The book is divided into six periods: the beginning of the century (1900-24); modernity (1925-39); the heroic [&hellip;]\" \/>\n<meta property=\"og:url\" content=\"https:\/\/librairie7l.com\/en\/produit\/architecture-in-mexico-1900-2010\/\" \/>\n<meta property=\"og:site_name\" content=\"Librairie 7L\" \/>\n<meta property=\"article:modified_time\" content=\"2026-04-07T15:53:23+00:00\" \/>\n<meta property=\"og:image\" content=\"https:\/\/librairie7l.com\/wp-content\/uploads\/2022\/07\/9786077612735_1_75.jpg\" \/>\n\t<meta property=\"og:image:width\" content=\"390\" \/>\n\t<meta property=\"og:image:height\" content=\"500\" \/>\n\t<meta property=\"og:image:type\" content=\"image\/jpeg\" \/>\n<meta name=\"twitter:card\" content=\"summary_large_image\" \/>\n<meta name=\"twitter:label1\" content=\"Est. reading time\" \/>\n\t<meta name=\"twitter:data1\" content=\"1 minute\" \/>\n<script type=\"application\/ld+json\" class=\"yoast-schema-graph\">{\"@context\":\"https:\/\/schema.org\",\"@graph\":[{\"@type\":\"WebPage\",\"@id\":\"https:\/\/librairie7l.com\/en\/produit\/architecture-in-mexico-1900-2010\/\",\"url\":\"https:\/\/librairie7l.com\/en\/produit\/architecture-in-mexico-1900-2010\/\",\"name\":\"ARCHITECTURE IN MEXICO : 1900-2010 - Librairie 7L\",\"isPartOf\":{\"@id\":\"https:\/\/librairie7l.com\/en\/#website\"},\"datePublished\":\"2023-05-09T17:03:24+00:00\",\"dateModified\":\"2026-04-07T15:53:23+00:00\",\"breadcrumb\":{\"@id\":\"https:\/\/librairie7l.com\/en\/produit\/architecture-in-mexico-1900-2010\/#breadcrumb\"},\"inLanguage\":\"en-US\",\"potentialAction\":[{\"@type\":\"ReadAction\",\"target\":[\"https:\/\/librairie7l.com\/en\/produit\/architecture-in-mexico-1900-2010\/\"]}]},{\"@type\":\"BreadcrumbList\",\"@id\":\"https:\/\/librairie7l.com\/en\/produit\/architecture-in-mexico-1900-2010\/#breadcrumb\",\"itemListElement\":[{\"@type\":\"ListItem\",\"position\":1,\"name\":\"Accueil\",\"item\":\"https:\/\/librairie7l.com\/en\/\"},{\"@type\":\"ListItem\",\"position\":2,\"name\":\"Shop\",\"item\":\"https:\/\/librairie7l.com\/en\/shop\/\"},{\"@type\":\"ListItem\",\"position\":3,\"name\":\"ARCHITECTURE IN MEXICO : 1900-2010\"}]},{\"@type\":\"WebSite\",\"@id\":\"https:\/\/librairie7l.com\/en\/#website\",\"url\":\"https:\/\/librairie7l.com\/en\/\",\"name\":\"Librairie 7L\",\"description\":\"Librairie fond\u00e9e en 1999 par Karl Lagerfeld \u00e0 Paris\",\"publisher\":{\"@id\":\"https:\/\/librairie7l.com\/en\/#organization\"},\"potentialAction\":[{\"@type\":\"SearchAction\",\"target\":{\"@type\":\"EntryPoint\",\"urlTemplate\":\"https:\/\/librairie7l.com\/en\/?s={search_term_string}\"},\"query-input\":\"required name=search_term_string\"}],\"inLanguage\":\"en-US\"},{\"@type\":\"Organization\",\"@id\":\"https:\/\/librairie7l.com\/en\/#organization\",\"name\":\"Librairie 7L\",\"url\":\"https:\/\/librairie7l.com\/en\/\",\"logo\":{\"@type\":\"ImageObject\",\"inLanguage\":\"en-US\",\"@id\":\"https:\/\/librairie7l.com\/en\/#\/schema\/logo\/image\/\",\"url\":\"https:\/\/librairie7l.com\/wp-content\/uploads\/2022\/08\/logo-1.png\",\"contentUrl\":\"https:\/\/librairie7l.com\/wp-content\/uploads\/2022\/08\/logo-1.png\",\"width\":227,\"height\":301,\"caption\":\"Librairie 7L\"},\"image\":{\"@id\":\"https:\/\/librairie7l.com\/en\/#\/schema\/logo\/image\/\"}}]}<\/script>\n<!-- \/ Yoast SEO plugin. -->","yoast_head_json":{"title":"ARCHITECTURE IN MEXICO : 1900-2010 - Librairie 7L","robots":{"index":"index","follow":"follow","max-snippet":"max-snippet:-1","max-image-preview":"max-image-preview:large","max-video-preview":"max-video-preview:-1"},"canonical":"https:\/\/librairie7l.com\/en\/produit\/architecture-in-mexico-1900-2010\/","og_locale":"en_US","og_type":"article","og_title":"ARCHITECTURE IN MEXICO : 1900-2010 - Librairie 7L","og_description":"An authoritative, two-volume compendium of 20th- and 21st-century Mexican architecture. This expanded two-volume edition of Arquine&#8217;s 2013 publication examines the architectural styles that have taken place in Mexico during the 20th century and the beginning of the 21st. The book is divided into six periods: the beginning of the century (1900-24); modernity (1925-39); the heroic [&hellip;]","og_url":"https:\/\/librairie7l.com\/en\/produit\/architecture-in-mexico-1900-2010\/","og_site_name":"Librairie 7L","article_modified_time":"2026-04-07T15:53:23+00:00","og_image":[{"width":390,"height":500,"url":"https:\/\/librairie7l.com\/wp-content\/uploads\/2022\/07\/9786077612735_1_75.jpg","type":"image\/jpeg"}],"twitter_card":"summary_large_image","twitter_misc":{"Est. reading time":"1 minute"},"schema":{"@context":"https:\/\/schema.org","@graph":[{"@type":"WebPage","@id":"https:\/\/librairie7l.com\/en\/produit\/architecture-in-mexico-1900-2010\/","url":"https:\/\/librairie7l.com\/en\/produit\/architecture-in-mexico-1900-2010\/","name":"ARCHITECTURE IN MEXICO : 1900-2010 - Librairie 7L","isPartOf":{"@id":"https:\/\/librairie7l.com\/en\/#website"},"datePublished":"2023-05-09T17:03:24+00:00","dateModified":"2026-04-07T15:53:23+00:00","breadcrumb":{"@id":"https:\/\/librairie7l.com\/en\/produit\/architecture-in-mexico-1900-2010\/#breadcrumb"},"inLanguage":"en-US","potentialAction":[{"@type":"ReadAction","target":["https:\/\/librairie7l.com\/en\/produit\/architecture-in-mexico-1900-2010\/"]}]},{"@type":"BreadcrumbList","@id":"https:\/\/librairie7l.com\/en\/produit\/architecture-in-mexico-1900-2010\/#breadcrumb","itemListElement":[{"@type":"ListItem","position":1,"name":"Accueil","item":"https:\/\/librairie7l.com\/en\/"},{"@type":"ListItem","position":2,"name":"Shop","item":"https:\/\/librairie7l.com\/en\/shop\/"},{"@type":"ListItem","position":3,"name":"ARCHITECTURE IN MEXICO : 1900-2010"}]},{"@type":"WebSite","@id":"https:\/\/librairie7l.com\/en\/#website","url":"https:\/\/librairie7l.com\/en\/","name":"Librairie 7L","description":"Librairie fond\u00e9e en 1999 par Karl Lagerfeld \u00e0 Paris","publisher":{"@id":"https:\/\/librairie7l.com\/en\/#organization"},"potentialAction":[{"@type":"SearchAction","target":{"@type":"EntryPoint","urlTemplate":"https:\/\/librairie7l.com\/en\/?s={search_term_string}"},"query-input":"required name=search_term_string"}],"inLanguage":"en-US"},{"@type":"Organization","@id":"https:\/\/librairie7l.com\/en\/#organization","name":"Librairie 7L","url":"https:\/\/librairie7l.com\/en\/","logo":{"@type":"ImageObject","inLanguage":"en-US","@id":"https:\/\/librairie7l.com\/en\/#\/schema\/logo\/image\/","url":"https:\/\/librairie7l.com\/wp-content\/uploads\/2022\/08\/logo-1.png","contentUrl":"https:\/\/librairie7l.com\/wp-content\/uploads\/2022\/08\/logo-1.png","width":227,"height":301,"caption":"Librairie 7L"},"image":{"@id":"https:\/\/librairie7l.com\/en\/#\/schema\/logo\/image\/"}}]}},"_links":{"self":[{"href":"https:\/\/librairie7l.com\/en\/wp-json\/wp\/v2\/product\/24003"}],"collection":[{"href":"https:\/\/librairie7l.com\/en\/wp-json\/wp\/v2\/product"}],"about":[{"href":"https:\/\/librairie7l.com\/en\/wp-json\/wp\/v2\/types\/product"}],"wp:featuredmedia":[{"embeddable":true,"href":"https:\/\/librairie7l.com\/en\/wp-json\/wp\/v2\/media\/24001"}],"wp:attachment":[{"href":"https:\/\/librairie7l.com\/en\/wp-json\/wp\/v2\/media?parent=24003"}],"wp:term":[{"taxonomy":"product_cat","embeddable":true,"href":"https:\/\/librairie7l.com\/en\/wp-json\/wp\/v2\/product_cat?post=24003"},{"taxonomy":"product_tag","embeddable":true,"href":"https:\/\/librairie7l.com\/en\/wp-json\/wp\/v2\/product_tag?post=24003"}],"curies":[{"name":"wp","href":"https:\/\/api.w.org\/{rel}","templated":true}]}}