{"id":24055,"date":"2023-05-09T19:04:14","date_gmt":"2023-05-09T17:04:14","guid":{"rendered":"https:\/\/librairie7l.com\/?post_type=product&#038;p=24055"},"modified":"2026-04-28T22:09:29","modified_gmt":"2026-04-28T20:09:29","slug":"jardins-lyriques-burle-marx","status":"publish","type":"product","link":"https:\/\/librairie7l.com\/en\/produit\/jardins-lyriques-burle-marx\/","title":{"rendered":"JARDINS LYRIQUES, BURLE MARX"},"content":{"rendered":"<p>Roberto Burle Marx fut incontestablement l&#8217;un des paysagistes du XXe si\u00e8cle qui a le plus influenc\u00e9 ses contemporains.<br \/>\nLes courbes majestueuses de ses jardins et l&#8217;approche de peintre qui \u00e9tait la sienne lorsqu&#8217;il plantait parurent r\u00e9volutionnaires au public qui les vit pour la premi\u00e8re fois, dans les ann\u00e9es trente, et de nombreux projets doivent beaucoup aujourd&#8217;hui \u00e0 sa vision. N\u00e9 en 1909 \u00e0 S\u00e3o Paulo, au Br\u00e9sil, fils d&#8217;\u00e9migrant europ\u00e9ens, Burle Marx commenta par \u00e9tudier la peinture en Allemagne, aspect de son oeuvre qui a perdur\u00e9 tout au long de sa carri\u00e8re, avant de retourner exercer au Br\u00e9sil.<br \/>\nUtilisant la magistrale connaissance qu&#8217;il avait de somptueuses plantes tropicales de son pays (il fit une \u00e9tude syst\u00e9matique de la flore br\u00e9silienne), sa formation aux beaux-arts et son amour de la musique et de la sculpture, il fut d\u00e9couvert par le grand architecte L\u00facio Costa et nomm\u00e9 directeur des parcs et jardins publics de Recife. Plus tard, les talents de Burle Marx furent reconnus par Le Corbusier et Oscar Niemeyer, avec lesquels il a cr\u00e9\u00e9 quelques-unes de ses oeuvres les plus m\u00e9morables, y compris le magnifique Brasilia (avec Niemeyer).<br \/>\nSes commandes comport\u00e8rent de nombreux parcs, des institutions priv\u00e9es et sa propre r\u00e9sidence, Le Jardin des merveilles, fait \u00e0 son image. Jusqu&#8217;\u00e0 sa mort en 1994, \u00e0 l&#8217;\u00e2ge de quatre-vingt-quatre ans, il continua \u00e0 organiser r\u00e9guli\u00e8rement des exp\u00e9ditions dans la jungle, o\u00f9 il d\u00e9couvrit des esp\u00e8ces inconnues qu&#8217;il r\u00e9coltait pour les cultiver dans ses immenses p\u00e9pini\u00e8res. Les livres sur Burle Marx sont rares, malgr\u00e9 sa renomm\u00e9e internationale.<br \/>\nCet ouvrage, r\u00e9alis\u00e9 par l&#8217;une de ses admiratrices les plus passionn\u00e9es, elle-m\u00eame paysagiste en exercice, est la premi\u00e8re publication importante de ces dix derni\u00e8res ann\u00e9es. L&#8217;auteur a travaill\u00e9 en \u00e9troite collaboration avec Burle Marx pendant la r\u00e9daction de l&#8217;ouvrage, ce qui lui ouvrit une compr\u00e9hension exceptionnelle de sa vie, de ses id\u00e9es et de son oeuvre, expos\u00e9es \u00e0 grands traits dans l&#8217;introduction.<br \/>\nLe coeur du livre est constitu\u00e9 par les vingt-six projets, pr\u00e9sent\u00e9s par des plans &#8211; quelques-uns redessin\u00e9s pour la premi\u00e8re fois \u00e0 partir des originaux de Burle Marx -, des photographies faites sur commande, des sch\u00e9mas de plantation et, dans certains cas, les propres peintures de Burle Marx. Un appareil d\u00e9taill\u00e9 de r\u00e9f\u00e9rences comprend une chronologie exhaustive et une bibliographie. A une \u00e9poque o\u00f9 le paysagisme est plus vivant et plus important que jamais, cet hommage \u00e0 un ma\u00eetre reconnu du plan moderne en vogue inspirera sans doute des jardins, des paysages et des espaces ext\u00e9rieurs pour de nombreuses ann\u00e9es \u00e0 venir.<\/p>\n","protected":false},"excerpt":{"rendered":"<p>Roberto Burle Marx fut incontestablement l&#8217;un des paysagistes du XXe si\u00e8cle qui a le plus influenc\u00e9 ses contemporains. Les courbes majestueuses de ses jardins et l&#8217;approche de peintre qui \u00e9tait la sienne lorsqu&#8217;il plantait parurent r\u00e9volutionnaires au public qui les vit pour la premi\u00e8re fois, dans les ann\u00e9es trente, et de nombreux projets doivent beaucoup [&hellip;]<\/p>\n","protected":false},"featured_media":24053,"template":"","meta":[],"product_cat":[55,2948,2956,23],"product_tag":[],"acf":[],"yoast_head":"<!-- This site is optimized with the Yoast SEO plugin v20.11 - https:\/\/yoast.com\/wordpress\/plugins\/seo\/ -->\n<title>JARDINS LYRIQUES, BURLE MARX - Librairie 7L<\/title>\n<meta name=\"robots\" content=\"index, follow, max-snippet:-1, max-image-preview:large, max-video-preview:-1\" \/>\n<link rel=\"canonical\" href=\"https:\/\/librairie7l.com\/en\/produit\/jardins-lyriques-burle-marx\/\" \/>\n<meta property=\"og:locale\" content=\"en_US\" \/>\n<meta property=\"og:type\" content=\"article\" \/>\n<meta property=\"og:title\" content=\"JARDINS LYRIQUES, BURLE MARX - Librairie 7L\" \/>\n<meta property=\"og:description\" content=\"Roberto Burle Marx fut incontestablement l&#8217;un des paysagistes du XXe si\u00e8cle qui a le plus influenc\u00e9 ses contemporains. Les courbes majestueuses de ses jardins et l&#8217;approche de peintre qui \u00e9tait la sienne lorsqu&#8217;il plantait parurent r\u00e9volutionnaires au public qui les vit pour la premi\u00e8re fois, dans les ann\u00e9es trente, et de nombreux projets doivent beaucoup [&hellip;]\" \/>\n<meta property=\"og:url\" content=\"https:\/\/librairie7l.com\/en\/produit\/jardins-lyriques-burle-marx\/\" \/>\n<meta property=\"og:site_name\" content=\"Librairie 7L\" \/>\n<meta property=\"article:modified_time\" content=\"2026-04-28T20:09:29+00:00\" \/>\n<meta property=\"og:image\" content=\"https:\/\/librairie7l.com\/wp-content\/uploads\/2001\/10\/9782742734931_1_75.jpg\" \/>\n\t<meta property=\"og:image:width\" content=\"821\" \/>\n\t<meta property=\"og:image:height\" content=\"662\" \/>\n\t<meta property=\"og:image:type\" content=\"image\/jpeg\" \/>\n<meta name=\"twitter:card\" content=\"summary_large_image\" \/>\n<meta name=\"twitter:label1\" content=\"Est. reading time\" \/>\n\t<meta name=\"twitter:data1\" content=\"2 minutes\" \/>\n<script type=\"application\/ld+json\" class=\"yoast-schema-graph\">{\"@context\":\"https:\/\/schema.org\",\"@graph\":[{\"@type\":\"WebPage\",\"@id\":\"https:\/\/librairie7l.com\/en\/produit\/jardins-lyriques-burle-marx\/\",\"url\":\"https:\/\/librairie7l.com\/en\/produit\/jardins-lyriques-burle-marx\/\",\"name\":\"JARDINS LYRIQUES, BURLE MARX - Librairie 7L\",\"isPartOf\":{\"@id\":\"https:\/\/librairie7l.com\/en\/#website\"},\"datePublished\":\"2023-05-09T17:04:14+00:00\",\"dateModified\":\"2026-04-28T20:09:29+00:00\",\"breadcrumb\":{\"@id\":\"https:\/\/librairie7l.com\/en\/produit\/jardins-lyriques-burle-marx\/#breadcrumb\"},\"inLanguage\":\"en-US\",\"potentialAction\":[{\"@type\":\"ReadAction\",\"target\":[\"https:\/\/librairie7l.com\/en\/produit\/jardins-lyriques-burle-marx\/\"]}]},{\"@type\":\"BreadcrumbList\",\"@id\":\"https:\/\/librairie7l.com\/en\/produit\/jardins-lyriques-burle-marx\/#breadcrumb\",\"itemListElement\":[{\"@type\":\"ListItem\",\"position\":1,\"name\":\"Accueil\",\"item\":\"https:\/\/librairie7l.com\/en\/\"},{\"@type\":\"ListItem\",\"position\":2,\"name\":\"Shop\",\"item\":\"https:\/\/librairie7l.com\/en\/shop\/\"},{\"@type\":\"ListItem\",\"position\":3,\"name\":\"JARDINS LYRIQUES, BURLE MARX\"}]},{\"@type\":\"WebSite\",\"@id\":\"https:\/\/librairie7l.com\/en\/#website\",\"url\":\"https:\/\/librairie7l.com\/en\/\",\"name\":\"Librairie 7L\",\"description\":\"Librairie fond\u00e9e en 1999 par Karl Lagerfeld \u00e0 Paris\",\"publisher\":{\"@id\":\"https:\/\/librairie7l.com\/en\/#organization\"},\"potentialAction\":[{\"@type\":\"SearchAction\",\"target\":{\"@type\":\"EntryPoint\",\"urlTemplate\":\"https:\/\/librairie7l.com\/en\/?s={search_term_string}\"},\"query-input\":\"required name=search_term_string\"}],\"inLanguage\":\"en-US\"},{\"@type\":\"Organization\",\"@id\":\"https:\/\/librairie7l.com\/en\/#organization\",\"name\":\"Librairie 7L\",\"url\":\"https:\/\/librairie7l.com\/en\/\",\"logo\":{\"@type\":\"ImageObject\",\"inLanguage\":\"en-US\",\"@id\":\"https:\/\/librairie7l.com\/en\/#\/schema\/logo\/image\/\",\"url\":\"https:\/\/librairie7l.com\/wp-content\/uploads\/2022\/08\/logo-1.png\",\"contentUrl\":\"https:\/\/librairie7l.com\/wp-content\/uploads\/2022\/08\/logo-1.png\",\"width\":227,\"height\":301,\"caption\":\"Librairie 7L\"},\"image\":{\"@id\":\"https:\/\/librairie7l.com\/en\/#\/schema\/logo\/image\/\"}}]}<\/script>\n<!-- \/ Yoast SEO plugin. -->","yoast_head_json":{"title":"JARDINS LYRIQUES, BURLE MARX - Librairie 7L","robots":{"index":"index","follow":"follow","max-snippet":"max-snippet:-1","max-image-preview":"max-image-preview:large","max-video-preview":"max-video-preview:-1"},"canonical":"https:\/\/librairie7l.com\/en\/produit\/jardins-lyriques-burle-marx\/","og_locale":"en_US","og_type":"article","og_title":"JARDINS LYRIQUES, BURLE MARX - Librairie 7L","og_description":"Roberto Burle Marx fut incontestablement l&#8217;un des paysagistes du XXe si\u00e8cle qui a le plus influenc\u00e9 ses contemporains. Les courbes majestueuses de ses jardins et l&#8217;approche de peintre qui \u00e9tait la sienne lorsqu&#8217;il plantait parurent r\u00e9volutionnaires au public qui les vit pour la premi\u00e8re fois, dans les ann\u00e9es trente, et de nombreux projets doivent beaucoup [&hellip;]","og_url":"https:\/\/librairie7l.com\/en\/produit\/jardins-lyriques-burle-marx\/","og_site_name":"Librairie 7L","article_modified_time":"2026-04-28T20:09:29+00:00","og_image":[{"width":821,"height":662,"url":"https:\/\/librairie7l.com\/wp-content\/uploads\/2001\/10\/9782742734931_1_75.jpg","type":"image\/jpeg"}],"twitter_card":"summary_large_image","twitter_misc":{"Est. reading time":"2 minutes"},"schema":{"@context":"https:\/\/schema.org","@graph":[{"@type":"WebPage","@id":"https:\/\/librairie7l.com\/en\/produit\/jardins-lyriques-burle-marx\/","url":"https:\/\/librairie7l.com\/en\/produit\/jardins-lyriques-burle-marx\/","name":"JARDINS LYRIQUES, BURLE MARX - Librairie 7L","isPartOf":{"@id":"https:\/\/librairie7l.com\/en\/#website"},"datePublished":"2023-05-09T17:04:14+00:00","dateModified":"2026-04-28T20:09:29+00:00","breadcrumb":{"@id":"https:\/\/librairie7l.com\/en\/produit\/jardins-lyriques-burle-marx\/#breadcrumb"},"inLanguage":"en-US","potentialAction":[{"@type":"ReadAction","target":["https:\/\/librairie7l.com\/en\/produit\/jardins-lyriques-burle-marx\/"]}]},{"@type":"BreadcrumbList","@id":"https:\/\/librairie7l.com\/en\/produit\/jardins-lyriques-burle-marx\/#breadcrumb","itemListElement":[{"@type":"ListItem","position":1,"name":"Accueil","item":"https:\/\/librairie7l.com\/en\/"},{"@type":"ListItem","position":2,"name":"Shop","item":"https:\/\/librairie7l.com\/en\/shop\/"},{"@type":"ListItem","position":3,"name":"JARDINS LYRIQUES, BURLE MARX"}]},{"@type":"WebSite","@id":"https:\/\/librairie7l.com\/en\/#website","url":"https:\/\/librairie7l.com\/en\/","name":"Librairie 7L","description":"Librairie fond\u00e9e en 1999 par Karl Lagerfeld \u00e0 Paris","publisher":{"@id":"https:\/\/librairie7l.com\/en\/#organization"},"potentialAction":[{"@type":"SearchAction","target":{"@type":"EntryPoint","urlTemplate":"https:\/\/librairie7l.com\/en\/?s={search_term_string}"},"query-input":"required name=search_term_string"}],"inLanguage":"en-US"},{"@type":"Organization","@id":"https:\/\/librairie7l.com\/en\/#organization","name":"Librairie 7L","url":"https:\/\/librairie7l.com\/en\/","logo":{"@type":"ImageObject","inLanguage":"en-US","@id":"https:\/\/librairie7l.com\/en\/#\/schema\/logo\/image\/","url":"https:\/\/librairie7l.com\/wp-content\/uploads\/2022\/08\/logo-1.png","contentUrl":"https:\/\/librairie7l.com\/wp-content\/uploads\/2022\/08\/logo-1.png","width":227,"height":301,"caption":"Librairie 7L"},"image":{"@id":"https:\/\/librairie7l.com\/en\/#\/schema\/logo\/image\/"}}]}},"_links":{"self":[{"href":"https:\/\/librairie7l.com\/en\/wp-json\/wp\/v2\/product\/24055"}],"collection":[{"href":"https:\/\/librairie7l.com\/en\/wp-json\/wp\/v2\/product"}],"about":[{"href":"https:\/\/librairie7l.com\/en\/wp-json\/wp\/v2\/types\/product"}],"wp:featuredmedia":[{"embeddable":true,"href":"https:\/\/librairie7l.com\/en\/wp-json\/wp\/v2\/media\/24053"}],"wp:attachment":[{"href":"https:\/\/librairie7l.com\/en\/wp-json\/wp\/v2\/media?parent=24055"}],"wp:term":[{"taxonomy":"product_cat","embeddable":true,"href":"https:\/\/librairie7l.com\/en\/wp-json\/wp\/v2\/product_cat?post=24055"},{"taxonomy":"product_tag","embeddable":true,"href":"https:\/\/librairie7l.com\/en\/wp-json\/wp\/v2\/product_tag?post=24055"}],"curies":[{"name":"wp","href":"https:\/\/api.w.org\/{rel}","templated":true}]}}