{"id":24207,"date":"2023-05-09T19:06:20","date_gmt":"2023-05-09T17:06:20","guid":{"rendered":"https:\/\/librairie7l.com\/?post_type=product&#038;p=24207"},"modified":"2026-05-09T12:04:01","modified_gmt":"2026-05-09T10:04:01","slug":"limperatrice-de-la-nuit","status":"publish","type":"product","link":"https:\/\/librairie7l.com\/en\/produit\/limperatrice-de-la-nuit\/","title":{"rendered":"L&#8217;IMPERATRICE DE LA NUIT"},"content":{"rendered":"<p>L&#8217;Imp\u00e9ratrice de la Nuit d\u00e9voile des intimit\u00e9s : d&#8217;abord celle d&#8217;une amiti\u00e9 liant le couturier Per Spook et Madame H\u00e9l\u00e8ne Martini, l&#8217;Imp\u00e9ratrice de la Nuit ; celle du placard d&#8217;une femme pour qui l&#8217;\u00e9l\u00e9gance \u00e9tait une r\u00e8gle et enfin celle du carnet intime d&#8217;une veuve \u00e0 la t\u00eate d&#8217;un empire. Les tenues haute couture pr\u00e9sent\u00e9es dans cet ouvrage ont toutes \u00e9t\u00e9 imagin\u00e9es, dessin\u00e9es et cr\u00e9es pour Madame Martini par Per Spook entre 1966 et 1994. Les photographies ont \u00e9t\u00e9 r\u00e9alis\u00e9es par le couturier Norv\u00e9gien entre 2019 et 2021 \u00e0 l&#8217;appareil moyen format argentique. Tous les textes sont tir\u00e9s du carnet personnel de Madame Martini, L&#8217;Imp\u00e9ratrice de la Nuit. Per Spook est couturier norv\u00e9gien, ayant dirig\u00e9 sa propre maison de couture \u00e0 Paris entre 1977 et 1995. Apr\u00e8s ses \u00e9tudes \u00e0 l&#8217;\u00e9cole des Beaux-Arts d&#8217;Oslo, c&#8217;est \u00e0 20 ans qu&#8217;il arrive \u00e0 Pairs, o\u00f9 il travaille en tant que designer freelance aupr\u00e8s de Christian Dior ou Saint Laurent, avait d&#8217;\u00eatre engag\u00e9 chez Luis F\u00e9raud. Per Spook a obtenu de nombreuses r\u00e9compenses dont l&#8217;Aiguille d&#8217;Or en 1978 et le D\u00e9s d&#8217;Or deux fois en 1980 et 1994. Il est \u00e9galement d\u00e9cor\u00e9 Chevalier de premi\u00e8re classe de l&#8217;Ordre Royal Norv\u00e9gien de Saint-Olav en 2003.<\/p>\n","protected":false},"excerpt":{"rendered":"<p>L&#8217;Imp\u00e9ratrice de la Nuit d\u00e9voile des intimit\u00e9s : d&#8217;abord celle d&#8217;une amiti\u00e9 liant le couturier Per Spook et Madame H\u00e9l\u00e8ne Martini, l&#8217;Imp\u00e9ratrice de la Nuit ; celle du placard d&#8217;une femme pour qui l&#8217;\u00e9l\u00e9gance \u00e9tait une r\u00e8gle et enfin celle du carnet intime d&#8217;une veuve \u00e0 la t\u00eate d&#8217;un empire. Les tenues haute couture pr\u00e9sent\u00e9es [&hellip;]<\/p>\n","protected":false},"featured_media":36381,"template":"","meta":[],"product_cat":[55,2948,2958,17],"product_tag":[],"acf":[],"yoast_head":"<!-- This site is optimized with the Yoast SEO plugin v20.11 - https:\/\/yoast.com\/wordpress\/plugins\/seo\/ -->\n<title>L&#039;IMPERATRICE DE LA NUIT - Librairie 7L<\/title>\n<meta name=\"robots\" content=\"index, follow, max-snippet:-1, max-image-preview:large, max-video-preview:-1\" \/>\n<link rel=\"canonical\" href=\"https:\/\/librairie7l.com\/en\/produit\/limperatrice-de-la-nuit\/\" \/>\n<meta property=\"og:locale\" content=\"en_US\" \/>\n<meta property=\"og:type\" content=\"article\" \/>\n<meta property=\"og:title\" content=\"L&#039;IMPERATRICE DE LA NUIT - Librairie 7L\" \/>\n<meta property=\"og:description\" content=\"L&#8217;Imp\u00e9ratrice de la Nuit d\u00e9voile des intimit\u00e9s : d&#8217;abord celle d&#8217;une amiti\u00e9 liant le couturier Per Spook et Madame H\u00e9l\u00e8ne Martini, l&#8217;Imp\u00e9ratrice de la Nuit ; celle du placard d&#8217;une femme pour qui l&#8217;\u00e9l\u00e9gance \u00e9tait une r\u00e8gle et enfin celle du carnet intime d&#8217;une veuve \u00e0 la t\u00eate d&#8217;un empire. Les tenues haute couture pr\u00e9sent\u00e9es [&hellip;]\" \/>\n<meta property=\"og:url\" content=\"https:\/\/librairie7l.com\/en\/produit\/limperatrice-de-la-nuit\/\" \/>\n<meta property=\"og:site_name\" content=\"Librairie 7L\" \/>\n<meta property=\"article:modified_time\" content=\"2026-05-09T10:04:01+00:00\" \/>\n<meta property=\"og:image\" content=\"https:\/\/librairie7l.com\/wp-content\/uploads\/2023\/02\/9782909478593_1_75.jpg\" \/>\n\t<meta property=\"og:image:width\" content=\"400\" \/>\n\t<meta property=\"og:image:height\" content=\"399\" \/>\n\t<meta property=\"og:image:type\" content=\"image\/jpeg\" \/>\n<meta name=\"twitter:card\" content=\"summary_large_image\" \/>\n<meta name=\"twitter:label1\" content=\"Est. reading time\" \/>\n\t<meta name=\"twitter:data1\" content=\"1 minute\" \/>\n<script type=\"application\/ld+json\" class=\"yoast-schema-graph\">{\"@context\":\"https:\/\/schema.org\",\"@graph\":[{\"@type\":\"WebPage\",\"@id\":\"https:\/\/librairie7l.com\/en\/produit\/limperatrice-de-la-nuit\/\",\"url\":\"https:\/\/librairie7l.com\/en\/produit\/limperatrice-de-la-nuit\/\",\"name\":\"L'IMPERATRICE DE LA NUIT - Librairie 7L\",\"isPartOf\":{\"@id\":\"https:\/\/librairie7l.com\/en\/#website\"},\"datePublished\":\"2023-05-09T17:06:20+00:00\",\"dateModified\":\"2026-05-09T10:04:01+00:00\",\"breadcrumb\":{\"@id\":\"https:\/\/librairie7l.com\/en\/produit\/limperatrice-de-la-nuit\/#breadcrumb\"},\"inLanguage\":\"en-US\",\"potentialAction\":[{\"@type\":\"ReadAction\",\"target\":[\"https:\/\/librairie7l.com\/en\/produit\/limperatrice-de-la-nuit\/\"]}]},{\"@type\":\"BreadcrumbList\",\"@id\":\"https:\/\/librairie7l.com\/en\/produit\/limperatrice-de-la-nuit\/#breadcrumb\",\"itemListElement\":[{\"@type\":\"ListItem\",\"position\":1,\"name\":\"Accueil\",\"item\":\"https:\/\/librairie7l.com\/en\/\"},{\"@type\":\"ListItem\",\"position\":2,\"name\":\"Shop\",\"item\":\"https:\/\/librairie7l.com\/en\/shop\/\"},{\"@type\":\"ListItem\",\"position\":3,\"name\":\"L&#8217;IMPERATRICE DE LA NUIT\"}]},{\"@type\":\"WebSite\",\"@id\":\"https:\/\/librairie7l.com\/en\/#website\",\"url\":\"https:\/\/librairie7l.com\/en\/\",\"name\":\"Librairie 7L\",\"description\":\"Librairie fond\u00e9e en 1999 par Karl Lagerfeld \u00e0 Paris\",\"publisher\":{\"@id\":\"https:\/\/librairie7l.com\/en\/#organization\"},\"potentialAction\":[{\"@type\":\"SearchAction\",\"target\":{\"@type\":\"EntryPoint\",\"urlTemplate\":\"https:\/\/librairie7l.com\/en\/?s={search_term_string}\"},\"query-input\":\"required name=search_term_string\"}],\"inLanguage\":\"en-US\"},{\"@type\":\"Organization\",\"@id\":\"https:\/\/librairie7l.com\/en\/#organization\",\"name\":\"Librairie 7L\",\"url\":\"https:\/\/librairie7l.com\/en\/\",\"logo\":{\"@type\":\"ImageObject\",\"inLanguage\":\"en-US\",\"@id\":\"https:\/\/librairie7l.com\/en\/#\/schema\/logo\/image\/\",\"url\":\"https:\/\/librairie7l.com\/wp-content\/uploads\/2022\/08\/logo-1.png\",\"contentUrl\":\"https:\/\/librairie7l.com\/wp-content\/uploads\/2022\/08\/logo-1.png\",\"width\":227,\"height\":301,\"caption\":\"Librairie 7L\"},\"image\":{\"@id\":\"https:\/\/librairie7l.com\/en\/#\/schema\/logo\/image\/\"}}]}<\/script>\n<!-- \/ Yoast SEO plugin. -->","yoast_head_json":{"title":"L'IMPERATRICE DE LA NUIT - Librairie 7L","robots":{"index":"index","follow":"follow","max-snippet":"max-snippet:-1","max-image-preview":"max-image-preview:large","max-video-preview":"max-video-preview:-1"},"canonical":"https:\/\/librairie7l.com\/en\/produit\/limperatrice-de-la-nuit\/","og_locale":"en_US","og_type":"article","og_title":"L'IMPERATRICE DE LA NUIT - Librairie 7L","og_description":"L&#8217;Imp\u00e9ratrice de la Nuit d\u00e9voile des intimit\u00e9s : d&#8217;abord celle d&#8217;une amiti\u00e9 liant le couturier Per Spook et Madame H\u00e9l\u00e8ne Martini, l&#8217;Imp\u00e9ratrice de la Nuit ; celle du placard d&#8217;une femme pour qui l&#8217;\u00e9l\u00e9gance \u00e9tait une r\u00e8gle et enfin celle du carnet intime d&#8217;une veuve \u00e0 la t\u00eate d&#8217;un empire. Les tenues haute couture pr\u00e9sent\u00e9es [&hellip;]","og_url":"https:\/\/librairie7l.com\/en\/produit\/limperatrice-de-la-nuit\/","og_site_name":"Librairie 7L","article_modified_time":"2026-05-09T10:04:01+00:00","og_image":[{"width":400,"height":399,"url":"https:\/\/librairie7l.com\/wp-content\/uploads\/2023\/02\/9782909478593_1_75.jpg","type":"image\/jpeg"}],"twitter_card":"summary_large_image","twitter_misc":{"Est. reading time":"1 minute"},"schema":{"@context":"https:\/\/schema.org","@graph":[{"@type":"WebPage","@id":"https:\/\/librairie7l.com\/en\/produit\/limperatrice-de-la-nuit\/","url":"https:\/\/librairie7l.com\/en\/produit\/limperatrice-de-la-nuit\/","name":"L'IMPERATRICE DE LA NUIT - Librairie 7L","isPartOf":{"@id":"https:\/\/librairie7l.com\/en\/#website"},"datePublished":"2023-05-09T17:06:20+00:00","dateModified":"2026-05-09T10:04:01+00:00","breadcrumb":{"@id":"https:\/\/librairie7l.com\/en\/produit\/limperatrice-de-la-nuit\/#breadcrumb"},"inLanguage":"en-US","potentialAction":[{"@type":"ReadAction","target":["https:\/\/librairie7l.com\/en\/produit\/limperatrice-de-la-nuit\/"]}]},{"@type":"BreadcrumbList","@id":"https:\/\/librairie7l.com\/en\/produit\/limperatrice-de-la-nuit\/#breadcrumb","itemListElement":[{"@type":"ListItem","position":1,"name":"Accueil","item":"https:\/\/librairie7l.com\/en\/"},{"@type":"ListItem","position":2,"name":"Shop","item":"https:\/\/librairie7l.com\/en\/shop\/"},{"@type":"ListItem","position":3,"name":"L&#8217;IMPERATRICE DE LA NUIT"}]},{"@type":"WebSite","@id":"https:\/\/librairie7l.com\/en\/#website","url":"https:\/\/librairie7l.com\/en\/","name":"Librairie 7L","description":"Librairie fond\u00e9e en 1999 par Karl Lagerfeld \u00e0 Paris","publisher":{"@id":"https:\/\/librairie7l.com\/en\/#organization"},"potentialAction":[{"@type":"SearchAction","target":{"@type":"EntryPoint","urlTemplate":"https:\/\/librairie7l.com\/en\/?s={search_term_string}"},"query-input":"required name=search_term_string"}],"inLanguage":"en-US"},{"@type":"Organization","@id":"https:\/\/librairie7l.com\/en\/#organization","name":"Librairie 7L","url":"https:\/\/librairie7l.com\/en\/","logo":{"@type":"ImageObject","inLanguage":"en-US","@id":"https:\/\/librairie7l.com\/en\/#\/schema\/logo\/image\/","url":"https:\/\/librairie7l.com\/wp-content\/uploads\/2022\/08\/logo-1.png","contentUrl":"https:\/\/librairie7l.com\/wp-content\/uploads\/2022\/08\/logo-1.png","width":227,"height":301,"caption":"Librairie 7L"},"image":{"@id":"https:\/\/librairie7l.com\/en\/#\/schema\/logo\/image\/"}}]}},"_links":{"self":[{"href":"https:\/\/librairie7l.com\/en\/wp-json\/wp\/v2\/product\/24207"}],"collection":[{"href":"https:\/\/librairie7l.com\/en\/wp-json\/wp\/v2\/product"}],"about":[{"href":"https:\/\/librairie7l.com\/en\/wp-json\/wp\/v2\/types\/product"}],"wp:featuredmedia":[{"embeddable":true,"href":"https:\/\/librairie7l.com\/en\/wp-json\/wp\/v2\/media\/36381"}],"wp:attachment":[{"href":"https:\/\/librairie7l.com\/en\/wp-json\/wp\/v2\/media?parent=24207"}],"wp:term":[{"taxonomy":"product_cat","embeddable":true,"href":"https:\/\/librairie7l.com\/en\/wp-json\/wp\/v2\/product_cat?post=24207"},{"taxonomy":"product_tag","embeddable":true,"href":"https:\/\/librairie7l.com\/en\/wp-json\/wp\/v2\/product_tag?post=24207"}],"curies":[{"name":"wp","href":"https:\/\/api.w.org\/{rel}","templated":true}]}}