{"id":24495,"date":"2023-05-09T19:10:26","date_gmt":"2023-05-09T17:10:26","guid":{"rendered":"https:\/\/librairie7l.com\/?post_type=product&#038;p=24495"},"modified":"2026-05-02T01:18:39","modified_gmt":"2026-05-01T23:18:39","slug":"cy-twombly-photographs-1951-2007-anglais-allemand","status":"publish","type":"product","link":"https:\/\/librairie7l.com\/en\/produit\/cy-twombly-photographs-1951-2007-anglais-allemand\/","title":{"rendered":"CY TWOMBLY PHOTOGRAPHS 1951-2007 \/ANGLAIS\/ALLEMAND"},"content":{"rendered":"<p>Les photographies de Twombly sont d&#8217;une grande d\u00e9licatesse et le reflet de la cr\u00e9ativit\u00e9 exub\u00e9rante de l&#8217;artiste. Ses propres ateliers \u00e0 Lexington et Gaeta, des d\u00e9tails de ses sculptures, ses pi\u00e8ces de collection, des motifs de paysages, de fleurs et de fruits, surgissent au fil des pages myst\u00e9rieusement transform\u00e9s, cr\u00e9ant des visions \u00e9pur\u00e9es et r\u00e9solument contemporaines.<\/p>\n","protected":false},"excerpt":{"rendered":"<p>Les photographies de Twombly sont d&#8217;une grande d\u00e9licatesse et le reflet de la cr\u00e9ativit\u00e9 exub\u00e9rante de l&#8217;artiste. Ses propres ateliers \u00e0 Lexington et Gaeta, des d\u00e9tails de ses sculptures, ses pi\u00e8ces de collection, des motifs de paysages, de fleurs et de fruits, surgissent au fil des pages myst\u00e9rieusement transform\u00e9s, cr\u00e9ant des visions \u00e9pur\u00e9es et r\u00e9solument [&hellip;]<\/p>\n","protected":false},"featured_media":24493,"template":"","meta":[],"product_cat":[55,2948,2958,17],"product_tag":[],"acf":[],"yoast_head":"<!-- This site is optimized with the Yoast SEO plugin v20.11 - https:\/\/yoast.com\/wordpress\/plugins\/seo\/ -->\n<title>CY TWOMBLY PHOTOGRAPHS 1951-2007 \/ANGLAIS\/ALLEMAND - Librairie 7L<\/title>\n<meta name=\"robots\" content=\"index, follow, max-snippet:-1, max-image-preview:large, max-video-preview:-1\" \/>\n<link rel=\"canonical\" href=\"https:\/\/librairie7l.com\/en\/produit\/cy-twombly-photographs-1951-2007-anglais-allemand\/\" \/>\n<meta property=\"og:locale\" content=\"en_US\" \/>\n<meta property=\"og:type\" content=\"article\" \/>\n<meta property=\"og:title\" content=\"CY TWOMBLY PHOTOGRAPHS 1951-2007 \/ANGLAIS\/ALLEMAND - Librairie 7L\" \/>\n<meta property=\"og:description\" content=\"Les photographies de Twombly sont d&#8217;une grande d\u00e9licatesse et le reflet de la cr\u00e9ativit\u00e9 exub\u00e9rante de l&#8217;artiste. Ses propres ateliers \u00e0 Lexington et Gaeta, des d\u00e9tails de ses sculptures, ses pi\u00e8ces de collection, des motifs de paysages, de fleurs et de fruits, surgissent au fil des pages myst\u00e9rieusement transform\u00e9s, cr\u00e9ant des visions \u00e9pur\u00e9es et r\u00e9solument [&hellip;]\" \/>\n<meta property=\"og:url\" content=\"https:\/\/librairie7l.com\/en\/produit\/cy-twombly-photographs-1951-2007-anglais-allemand\/\" \/>\n<meta property=\"og:site_name\" content=\"Librairie 7L\" \/>\n<meta property=\"article:modified_time\" content=\"2026-05-01T23:18:39+00:00\" \/>\n<meta property=\"og:image\" content=\"https:\/\/librairie7l.com\/wp-content\/uploads\/2008\/07\/9783829603683_1_75.jpg\" \/>\n\t<meta property=\"og:image:width\" content=\"704\" \/>\n\t<meta property=\"og:image:height\" content=\"919\" \/>\n\t<meta property=\"og:image:type\" content=\"image\/jpeg\" \/>\n<meta name=\"twitter:card\" content=\"summary_large_image\" \/>\n<script type=\"application\/ld+json\" class=\"yoast-schema-graph\">{\"@context\":\"https:\/\/schema.org\",\"@graph\":[{\"@type\":\"WebPage\",\"@id\":\"https:\/\/librairie7l.com\/en\/produit\/cy-twombly-photographs-1951-2007-anglais-allemand\/\",\"url\":\"https:\/\/librairie7l.com\/en\/produit\/cy-twombly-photographs-1951-2007-anglais-allemand\/\",\"name\":\"CY TWOMBLY PHOTOGRAPHS 1951-2007 \/ANGLAIS\/ALLEMAND - Librairie 7L\",\"isPartOf\":{\"@id\":\"https:\/\/librairie7l.com\/en\/#website\"},\"datePublished\":\"2023-05-09T17:10:26+00:00\",\"dateModified\":\"2026-05-01T23:18:39+00:00\",\"breadcrumb\":{\"@id\":\"https:\/\/librairie7l.com\/en\/produit\/cy-twombly-photographs-1951-2007-anglais-allemand\/#breadcrumb\"},\"inLanguage\":\"en-US\",\"potentialAction\":[{\"@type\":\"ReadAction\",\"target\":[\"https:\/\/librairie7l.com\/en\/produit\/cy-twombly-photographs-1951-2007-anglais-allemand\/\"]}]},{\"@type\":\"BreadcrumbList\",\"@id\":\"https:\/\/librairie7l.com\/en\/produit\/cy-twombly-photographs-1951-2007-anglais-allemand\/#breadcrumb\",\"itemListElement\":[{\"@type\":\"ListItem\",\"position\":1,\"name\":\"Accueil\",\"item\":\"https:\/\/librairie7l.com\/en\/\"},{\"@type\":\"ListItem\",\"position\":2,\"name\":\"Shop\",\"item\":\"https:\/\/librairie7l.com\/en\/shop\/\"},{\"@type\":\"ListItem\",\"position\":3,\"name\":\"CY TWOMBLY PHOTOGRAPHS 1951-2007 \/ANGLAIS\/ALLEMAND\"}]},{\"@type\":\"WebSite\",\"@id\":\"https:\/\/librairie7l.com\/en\/#website\",\"url\":\"https:\/\/librairie7l.com\/en\/\",\"name\":\"Librairie 7L\",\"description\":\"Librairie fond\u00e9e en 1999 par Karl Lagerfeld \u00e0 Paris\",\"publisher\":{\"@id\":\"https:\/\/librairie7l.com\/en\/#organization\"},\"potentialAction\":[{\"@type\":\"SearchAction\",\"target\":{\"@type\":\"EntryPoint\",\"urlTemplate\":\"https:\/\/librairie7l.com\/en\/?s={search_term_string}\"},\"query-input\":\"required name=search_term_string\"}],\"inLanguage\":\"en-US\"},{\"@type\":\"Organization\",\"@id\":\"https:\/\/librairie7l.com\/en\/#organization\",\"name\":\"Librairie 7L\",\"url\":\"https:\/\/librairie7l.com\/en\/\",\"logo\":{\"@type\":\"ImageObject\",\"inLanguage\":\"en-US\",\"@id\":\"https:\/\/librairie7l.com\/en\/#\/schema\/logo\/image\/\",\"url\":\"https:\/\/librairie7l.com\/wp-content\/uploads\/2022\/08\/logo-1.png\",\"contentUrl\":\"https:\/\/librairie7l.com\/wp-content\/uploads\/2022\/08\/logo-1.png\",\"width\":227,\"height\":301,\"caption\":\"Librairie 7L\"},\"image\":{\"@id\":\"https:\/\/librairie7l.com\/en\/#\/schema\/logo\/image\/\"}}]}<\/script>\n<!-- \/ Yoast SEO plugin. -->","yoast_head_json":{"title":"CY TWOMBLY PHOTOGRAPHS 1951-2007 \/ANGLAIS\/ALLEMAND - Librairie 7L","robots":{"index":"index","follow":"follow","max-snippet":"max-snippet:-1","max-image-preview":"max-image-preview:large","max-video-preview":"max-video-preview:-1"},"canonical":"https:\/\/librairie7l.com\/en\/produit\/cy-twombly-photographs-1951-2007-anglais-allemand\/","og_locale":"en_US","og_type":"article","og_title":"CY TWOMBLY PHOTOGRAPHS 1951-2007 \/ANGLAIS\/ALLEMAND - Librairie 7L","og_description":"Les photographies de Twombly sont d&#8217;une grande d\u00e9licatesse et le reflet de la cr\u00e9ativit\u00e9 exub\u00e9rante de l&#8217;artiste. Ses propres ateliers \u00e0 Lexington et Gaeta, des d\u00e9tails de ses sculptures, ses pi\u00e8ces de collection, des motifs de paysages, de fleurs et de fruits, surgissent au fil des pages myst\u00e9rieusement transform\u00e9s, cr\u00e9ant des visions \u00e9pur\u00e9es et r\u00e9solument [&hellip;]","og_url":"https:\/\/librairie7l.com\/en\/produit\/cy-twombly-photographs-1951-2007-anglais-allemand\/","og_site_name":"Librairie 7L","article_modified_time":"2026-05-01T23:18:39+00:00","og_image":[{"width":704,"height":919,"url":"https:\/\/librairie7l.com\/wp-content\/uploads\/2008\/07\/9783829603683_1_75.jpg","type":"image\/jpeg"}],"twitter_card":"summary_large_image","schema":{"@context":"https:\/\/schema.org","@graph":[{"@type":"WebPage","@id":"https:\/\/librairie7l.com\/en\/produit\/cy-twombly-photographs-1951-2007-anglais-allemand\/","url":"https:\/\/librairie7l.com\/en\/produit\/cy-twombly-photographs-1951-2007-anglais-allemand\/","name":"CY TWOMBLY PHOTOGRAPHS 1951-2007 \/ANGLAIS\/ALLEMAND - Librairie 7L","isPartOf":{"@id":"https:\/\/librairie7l.com\/en\/#website"},"datePublished":"2023-05-09T17:10:26+00:00","dateModified":"2026-05-01T23:18:39+00:00","breadcrumb":{"@id":"https:\/\/librairie7l.com\/en\/produit\/cy-twombly-photographs-1951-2007-anglais-allemand\/#breadcrumb"},"inLanguage":"en-US","potentialAction":[{"@type":"ReadAction","target":["https:\/\/librairie7l.com\/en\/produit\/cy-twombly-photographs-1951-2007-anglais-allemand\/"]}]},{"@type":"BreadcrumbList","@id":"https:\/\/librairie7l.com\/en\/produit\/cy-twombly-photographs-1951-2007-anglais-allemand\/#breadcrumb","itemListElement":[{"@type":"ListItem","position":1,"name":"Accueil","item":"https:\/\/librairie7l.com\/en\/"},{"@type":"ListItem","position":2,"name":"Shop","item":"https:\/\/librairie7l.com\/en\/shop\/"},{"@type":"ListItem","position":3,"name":"CY TWOMBLY PHOTOGRAPHS 1951-2007 \/ANGLAIS\/ALLEMAND"}]},{"@type":"WebSite","@id":"https:\/\/librairie7l.com\/en\/#website","url":"https:\/\/librairie7l.com\/en\/","name":"Librairie 7L","description":"Librairie fond\u00e9e en 1999 par Karl Lagerfeld \u00e0 Paris","publisher":{"@id":"https:\/\/librairie7l.com\/en\/#organization"},"potentialAction":[{"@type":"SearchAction","target":{"@type":"EntryPoint","urlTemplate":"https:\/\/librairie7l.com\/en\/?s={search_term_string}"},"query-input":"required name=search_term_string"}],"inLanguage":"en-US"},{"@type":"Organization","@id":"https:\/\/librairie7l.com\/en\/#organization","name":"Librairie 7L","url":"https:\/\/librairie7l.com\/en\/","logo":{"@type":"ImageObject","inLanguage":"en-US","@id":"https:\/\/librairie7l.com\/en\/#\/schema\/logo\/image\/","url":"https:\/\/librairie7l.com\/wp-content\/uploads\/2022\/08\/logo-1.png","contentUrl":"https:\/\/librairie7l.com\/wp-content\/uploads\/2022\/08\/logo-1.png","width":227,"height":301,"caption":"Librairie 7L"},"image":{"@id":"https:\/\/librairie7l.com\/en\/#\/schema\/logo\/image\/"}}]}},"_links":{"self":[{"href":"https:\/\/librairie7l.com\/en\/wp-json\/wp\/v2\/product\/24495"}],"collection":[{"href":"https:\/\/librairie7l.com\/en\/wp-json\/wp\/v2\/product"}],"about":[{"href":"https:\/\/librairie7l.com\/en\/wp-json\/wp\/v2\/types\/product"}],"wp:featuredmedia":[{"embeddable":true,"href":"https:\/\/librairie7l.com\/en\/wp-json\/wp\/v2\/media\/24493"}],"wp:attachment":[{"href":"https:\/\/librairie7l.com\/en\/wp-json\/wp\/v2\/media?parent=24495"}],"wp:term":[{"taxonomy":"product_cat","embeddable":true,"href":"https:\/\/librairie7l.com\/en\/wp-json\/wp\/v2\/product_cat?post=24495"},{"taxonomy":"product_tag","embeddable":true,"href":"https:\/\/librairie7l.com\/en\/wp-json\/wp\/v2\/product_tag?post=24495"}],"curies":[{"name":"wp","href":"https:\/\/api.w.org\/{rel}","templated":true}]}}