{"id":24511,"date":"2023-05-09T19:10:39","date_gmt":"2023-05-09T17:10:39","guid":{"rendered":"https:\/\/librairie7l.com\/?post_type=product&#038;p=24511"},"modified":"2026-04-07T05:30:52","modified_gmt":"2026-04-07T03:30:52","slug":"invention-du-chic-therese-bonney-et-le-paris-moderne","status":"publish","type":"product","link":"https:\/\/librairie7l.com\/en\/produit\/invention-du-chic-therese-bonney-et-le-paris-moderne\/","title":{"rendered":"INVENTION DU CHIC : THERESE BONNEY ET LE PARIS MODERNE"},"content":{"rendered":"<p>Apr\u00e8s un doctorat \u00e8s lettres qu&#8217;elle obtient \u00e0 la Sorbonne en 1921, l&#8217;Am\u00e9ricaine Th\u00e9r\u00e8se Bonney (1894-1978) m\u00e8ne en France, jusqu&#8217;au d\u00e9but de la Seconde Guerre mondiale, une brillante carri\u00e8re de journaliste et de photographe.<br \/>\nElle fonde en 1923 \u00e0 Paris la premi\u00e8re agence photographique am\u00e9ricaine en Europe sp\u00e9cialis\u00e9e dans ce qui est sa passion, l&#8217;architecture et le design. Ses archives, peu publi\u00e9es depuis les ann\u00e9es 30, forment un catalogue unique des plus c\u00e9l\u00e8bres cr\u00e9ateurs de cette \u00e9poque : Ren\u00e9 Herbst, Jean Dunand, Ren\u00e9 Prou, Paul Poiret, Jacques-\u00c9mile Ruhlmann, Pierre Chareau, Eileen Gray, Jean Puiforcat&#8230; Elles nous font red\u00e9couvrir le mouvement moderne \u00e0 Paris entre les deux guerres : l&#8217;architecture et la d\u00e9coration int\u00e9rieure des th\u00e9\u00e2tres, des restaurants ou des bo\u00eetes de nuit, les vitrines des magasins, la mode, la publicit\u00e9, l&#8217;art graphique&#8230;<br \/>\nTout particuli\u00e8rement int\u00e9ress\u00e9e par le travail de Robert Mallet-Stevens, Th\u00e9r\u00e8se Bonney r\u00e9alise un remarquable reportage sur la villa qu&#8217;il cr\u00e9e \u00e0 Hy\u00e8res pour les Noailles et sur leur h\u00f4tel particulier \u00e0 Paris, d\u00e9cor\u00e9 par Jean-Michel Frank. Ses photographies conna\u00eetront un succ\u00e8s consid\u00e9rable, surtout aux \u00c9tats-Unis o\u00f9 elles seront publi\u00e9es dans les plus grandes revues, r\u00e9v\u00e9lant tout l&#8217;\u00e9clat de la Ville lumi\u00e8re, pionni\u00e8re d&#8217;une esth\u00e9tique moderne que des grands cr\u00e9ateurs d&#8217;outre-Atlantique adopteront avec succ\u00e8s.<\/p>\n","protected":false},"excerpt":{"rendered":"<p>Apr\u00e8s un doctorat \u00e8s lettres qu&#8217;elle obtient \u00e0 la Sorbonne en 1921, l&#8217;Am\u00e9ricaine Th\u00e9r\u00e8se Bonney (1894-1978) m\u00e8ne en France, jusqu&#8217;au d\u00e9but de la Seconde Guerre mondiale, une brillante carri\u00e8re de journaliste et de photographe. Elle fonde en 1923 \u00e0 Paris la premi\u00e8re agence photographique am\u00e9ricaine en Europe sp\u00e9cialis\u00e9e dans ce qui est sa passion, l&#8217;architecture [&hellip;]<\/p>\n","protected":false},"featured_media":24509,"template":"","meta":[],"product_cat":[55,2948,18,2952],"product_tag":[],"acf":[],"yoast_head":"<!-- This site is optimized with the Yoast SEO plugin v20.11 - https:\/\/yoast.com\/wordpress\/plugins\/seo\/ -->\n<title>INVENTION DU CHIC : THERESE BONNEY ET LE PARIS MODERNE - Librairie 7L<\/title>\n<meta name=\"robots\" content=\"index, follow, max-snippet:-1, max-image-preview:large, max-video-preview:-1\" \/>\n<link rel=\"canonical\" href=\"https:\/\/librairie7l.com\/en\/produit\/invention-du-chic-therese-bonney-et-le-paris-moderne\/\" \/>\n<meta property=\"og:locale\" content=\"en_US\" \/>\n<meta property=\"og:type\" content=\"article\" \/>\n<meta property=\"og:title\" content=\"INVENTION DU CHIC : THERESE BONNEY ET LE PARIS MODERNE - Librairie 7L\" \/>\n<meta property=\"og:description\" content=\"Apr\u00e8s un doctorat \u00e8s lettres qu&#8217;elle obtient \u00e0 la Sorbonne en 1921, l&#8217;Am\u00e9ricaine Th\u00e9r\u00e8se Bonney (1894-1978) m\u00e8ne en France, jusqu&#8217;au d\u00e9but de la Seconde Guerre mondiale, une brillante carri\u00e8re de journaliste et de photographe. Elle fonde en 1923 \u00e0 Paris la premi\u00e8re agence photographique am\u00e9ricaine en Europe sp\u00e9cialis\u00e9e dans ce qui est sa passion, l&#8217;architecture [&hellip;]\" \/>\n<meta property=\"og:url\" content=\"https:\/\/librairie7l.com\/en\/produit\/invention-du-chic-therese-bonney-et-le-paris-moderne\/\" \/>\n<meta property=\"og:site_name\" content=\"Librairie 7L\" \/>\n<meta property=\"article:modified_time\" content=\"2026-04-07T03:30:52+00:00\" \/>\n<meta property=\"og:image\" content=\"https:\/\/librairie7l.com\/wp-content\/uploads\/2002\/10\/9782909283722_1_75.jpg\" \/>\n\t<meta property=\"og:image:width\" content=\"609\" \/>\n\t<meta property=\"og:image:height\" content=\"731\" \/>\n\t<meta property=\"og:image:type\" content=\"image\/jpeg\" \/>\n<meta name=\"twitter:card\" content=\"summary_large_image\" \/>\n<meta name=\"twitter:label1\" content=\"Est. reading time\" \/>\n\t<meta name=\"twitter:data1\" content=\"1 minute\" \/>\n<script type=\"application\/ld+json\" class=\"yoast-schema-graph\">{\"@context\":\"https:\/\/schema.org\",\"@graph\":[{\"@type\":\"WebPage\",\"@id\":\"https:\/\/librairie7l.com\/en\/produit\/invention-du-chic-therese-bonney-et-le-paris-moderne\/\",\"url\":\"https:\/\/librairie7l.com\/en\/produit\/invention-du-chic-therese-bonney-et-le-paris-moderne\/\",\"name\":\"INVENTION DU CHIC : THERESE BONNEY ET LE PARIS MODERNE - Librairie 7L\",\"isPartOf\":{\"@id\":\"https:\/\/librairie7l.com\/en\/#website\"},\"datePublished\":\"2023-05-09T17:10:39+00:00\",\"dateModified\":\"2026-04-07T03:30:52+00:00\",\"breadcrumb\":{\"@id\":\"https:\/\/librairie7l.com\/en\/produit\/invention-du-chic-therese-bonney-et-le-paris-moderne\/#breadcrumb\"},\"inLanguage\":\"en-US\",\"potentialAction\":[{\"@type\":\"ReadAction\",\"target\":[\"https:\/\/librairie7l.com\/en\/produit\/invention-du-chic-therese-bonney-et-le-paris-moderne\/\"]}]},{\"@type\":\"BreadcrumbList\",\"@id\":\"https:\/\/librairie7l.com\/en\/produit\/invention-du-chic-therese-bonney-et-le-paris-moderne\/#breadcrumb\",\"itemListElement\":[{\"@type\":\"ListItem\",\"position\":1,\"name\":\"Accueil\",\"item\":\"https:\/\/librairie7l.com\/en\/\"},{\"@type\":\"ListItem\",\"position\":2,\"name\":\"Shop\",\"item\":\"https:\/\/librairie7l.com\/en\/shop\/\"},{\"@type\":\"ListItem\",\"position\":3,\"name\":\"INVENTION DU CHIC : THERESE BONNEY ET LE PARIS MODERNE\"}]},{\"@type\":\"WebSite\",\"@id\":\"https:\/\/librairie7l.com\/en\/#website\",\"url\":\"https:\/\/librairie7l.com\/en\/\",\"name\":\"Librairie 7L\",\"description\":\"Librairie fond\u00e9e en 1999 par Karl Lagerfeld \u00e0 Paris\",\"publisher\":{\"@id\":\"https:\/\/librairie7l.com\/en\/#organization\"},\"potentialAction\":[{\"@type\":\"SearchAction\",\"target\":{\"@type\":\"EntryPoint\",\"urlTemplate\":\"https:\/\/librairie7l.com\/en\/?s={search_term_string}\"},\"query-input\":\"required name=search_term_string\"}],\"inLanguage\":\"en-US\"},{\"@type\":\"Organization\",\"@id\":\"https:\/\/librairie7l.com\/en\/#organization\",\"name\":\"Librairie 7L\",\"url\":\"https:\/\/librairie7l.com\/en\/\",\"logo\":{\"@type\":\"ImageObject\",\"inLanguage\":\"en-US\",\"@id\":\"https:\/\/librairie7l.com\/en\/#\/schema\/logo\/image\/\",\"url\":\"https:\/\/librairie7l.com\/wp-content\/uploads\/2022\/08\/logo-1.png\",\"contentUrl\":\"https:\/\/librairie7l.com\/wp-content\/uploads\/2022\/08\/logo-1.png\",\"width\":227,\"height\":301,\"caption\":\"Librairie 7L\"},\"image\":{\"@id\":\"https:\/\/librairie7l.com\/en\/#\/schema\/logo\/image\/\"}}]}<\/script>\n<!-- \/ Yoast SEO plugin. -->","yoast_head_json":{"title":"INVENTION DU CHIC : THERESE BONNEY ET LE PARIS MODERNE - Librairie 7L","robots":{"index":"index","follow":"follow","max-snippet":"max-snippet:-1","max-image-preview":"max-image-preview:large","max-video-preview":"max-video-preview:-1"},"canonical":"https:\/\/librairie7l.com\/en\/produit\/invention-du-chic-therese-bonney-et-le-paris-moderne\/","og_locale":"en_US","og_type":"article","og_title":"INVENTION DU CHIC : THERESE BONNEY ET LE PARIS MODERNE - Librairie 7L","og_description":"Apr\u00e8s un doctorat \u00e8s lettres qu&#8217;elle obtient \u00e0 la Sorbonne en 1921, l&#8217;Am\u00e9ricaine Th\u00e9r\u00e8se Bonney (1894-1978) m\u00e8ne en France, jusqu&#8217;au d\u00e9but de la Seconde Guerre mondiale, une brillante carri\u00e8re de journaliste et de photographe. Elle fonde en 1923 \u00e0 Paris la premi\u00e8re agence photographique am\u00e9ricaine en Europe sp\u00e9cialis\u00e9e dans ce qui est sa passion, l&#8217;architecture [&hellip;]","og_url":"https:\/\/librairie7l.com\/en\/produit\/invention-du-chic-therese-bonney-et-le-paris-moderne\/","og_site_name":"Librairie 7L","article_modified_time":"2026-04-07T03:30:52+00:00","og_image":[{"width":609,"height":731,"url":"https:\/\/librairie7l.com\/wp-content\/uploads\/2002\/10\/9782909283722_1_75.jpg","type":"image\/jpeg"}],"twitter_card":"summary_large_image","twitter_misc":{"Est. reading time":"1 minute"},"schema":{"@context":"https:\/\/schema.org","@graph":[{"@type":"WebPage","@id":"https:\/\/librairie7l.com\/en\/produit\/invention-du-chic-therese-bonney-et-le-paris-moderne\/","url":"https:\/\/librairie7l.com\/en\/produit\/invention-du-chic-therese-bonney-et-le-paris-moderne\/","name":"INVENTION DU CHIC : THERESE BONNEY ET LE PARIS MODERNE - Librairie 7L","isPartOf":{"@id":"https:\/\/librairie7l.com\/en\/#website"},"datePublished":"2023-05-09T17:10:39+00:00","dateModified":"2026-04-07T03:30:52+00:00","breadcrumb":{"@id":"https:\/\/librairie7l.com\/en\/produit\/invention-du-chic-therese-bonney-et-le-paris-moderne\/#breadcrumb"},"inLanguage":"en-US","potentialAction":[{"@type":"ReadAction","target":["https:\/\/librairie7l.com\/en\/produit\/invention-du-chic-therese-bonney-et-le-paris-moderne\/"]}]},{"@type":"BreadcrumbList","@id":"https:\/\/librairie7l.com\/en\/produit\/invention-du-chic-therese-bonney-et-le-paris-moderne\/#breadcrumb","itemListElement":[{"@type":"ListItem","position":1,"name":"Accueil","item":"https:\/\/librairie7l.com\/en\/"},{"@type":"ListItem","position":2,"name":"Shop","item":"https:\/\/librairie7l.com\/en\/shop\/"},{"@type":"ListItem","position":3,"name":"INVENTION DU CHIC : THERESE BONNEY ET LE PARIS MODERNE"}]},{"@type":"WebSite","@id":"https:\/\/librairie7l.com\/en\/#website","url":"https:\/\/librairie7l.com\/en\/","name":"Librairie 7L","description":"Librairie fond\u00e9e en 1999 par Karl Lagerfeld \u00e0 Paris","publisher":{"@id":"https:\/\/librairie7l.com\/en\/#organization"},"potentialAction":[{"@type":"SearchAction","target":{"@type":"EntryPoint","urlTemplate":"https:\/\/librairie7l.com\/en\/?s={search_term_string}"},"query-input":"required name=search_term_string"}],"inLanguage":"en-US"},{"@type":"Organization","@id":"https:\/\/librairie7l.com\/en\/#organization","name":"Librairie 7L","url":"https:\/\/librairie7l.com\/en\/","logo":{"@type":"ImageObject","inLanguage":"en-US","@id":"https:\/\/librairie7l.com\/en\/#\/schema\/logo\/image\/","url":"https:\/\/librairie7l.com\/wp-content\/uploads\/2022\/08\/logo-1.png","contentUrl":"https:\/\/librairie7l.com\/wp-content\/uploads\/2022\/08\/logo-1.png","width":227,"height":301,"caption":"Librairie 7L"},"image":{"@id":"https:\/\/librairie7l.com\/en\/#\/schema\/logo\/image\/"}}]}},"_links":{"self":[{"href":"https:\/\/librairie7l.com\/en\/wp-json\/wp\/v2\/product\/24511"}],"collection":[{"href":"https:\/\/librairie7l.com\/en\/wp-json\/wp\/v2\/product"}],"about":[{"href":"https:\/\/librairie7l.com\/en\/wp-json\/wp\/v2\/types\/product"}],"wp:featuredmedia":[{"embeddable":true,"href":"https:\/\/librairie7l.com\/en\/wp-json\/wp\/v2\/media\/24509"}],"wp:attachment":[{"href":"https:\/\/librairie7l.com\/en\/wp-json\/wp\/v2\/media?parent=24511"}],"wp:term":[{"taxonomy":"product_cat","embeddable":true,"href":"https:\/\/librairie7l.com\/en\/wp-json\/wp\/v2\/product_cat?post=24511"},{"taxonomy":"product_tag","embeddable":true,"href":"https:\/\/librairie7l.com\/en\/wp-json\/wp\/v2\/product_tag?post=24511"}],"curies":[{"name":"wp","href":"https:\/\/api.w.org\/{rel}","templated":true}]}}