{"id":24523,"date":"2023-05-09T19:10:50","date_gmt":"2023-05-09T17:10:50","guid":{"rendered":"https:\/\/librairie7l.com\/?post_type=product&#038;p=24523"},"modified":"2026-04-07T05:30:54","modified_gmt":"2026-04-07T03:30:54","slug":"hans-j-wegner-just-one-good-chair","status":"publish","type":"product","link":"https:\/\/librairie7l.com\/en\/produit\/hans-j-wegner-just-one-good-chair\/","title":{"rendered":"HANS J. WEGNER ; JUST ONE GOOD CHAIR"},"content":{"rendered":"<p>Cette monographie retrace la carri\u00e8re de Hans Wegner (1914-2007), consid\u00e9r\u00e9 comme l&#8217;un des p\u00e8res du design scandinave. Form\u00e9 \u00e0 l&#8217;\u00e9b\u00e9nisterie, il suivit des \u00e9tudes pour \u00eatre architecte. Assistant d&#8217;Arne Jacobsen, il con\u00e7ut un ensemble de meubles et cr\u00e9a sa propre agence de design en 1943. Il rencontra rapidement un large succ\u00e8s avec ses chaises. Il en dessina plus de 500 mod\u00e8les dont de nombreux sont aujourd&#8217;hui des ic\u00f4nes du design moderne : la chaise Wishbone, le fauteuil Paon et \u00ab The Chair \u00bb qui gagna une popularit\u00e9 internationale pour avoir \u00e9t\u00e9 utilis\u00e9e lors du premier d\u00e9bat t\u00e9l\u00e9vis\u00e9 Kennedy \/ Nixon !<\/p>\n","protected":false},"excerpt":{"rendered":"<p>Cette monographie retrace la carri\u00e8re de Hans Wegner (1914-2007), consid\u00e9r\u00e9 comme l&#8217;un des p\u00e8res du design scandinave. Form\u00e9 \u00e0 l&#8217;\u00e9b\u00e9nisterie, il suivit des \u00e9tudes pour \u00eatre architecte. Assistant d&#8217;Arne Jacobsen, il con\u00e7ut un ensemble de meubles et cr\u00e9a sa propre agence de design en 1943. Il rencontra rapidement un large succ\u00e8s avec ses chaises. Il [&hellip;]<\/p>\n","protected":false},"featured_media":24521,"template":"","meta":[],"product_cat":[55,2948,18,2952],"product_tag":[],"acf":[],"yoast_head":"<!-- This site is optimized with the Yoast SEO plugin v20.11 - https:\/\/yoast.com\/wordpress\/plugins\/seo\/ -->\n<title>HANS J. WEGNER ; JUST ONE GOOD CHAIR - Librairie 7L<\/title>\n<meta name=\"robots\" content=\"index, follow, max-snippet:-1, max-image-preview:large, max-video-preview:-1\" \/>\n<link rel=\"canonical\" href=\"https:\/\/librairie7l.com\/en\/produit\/hans-j-wegner-just-one-good-chair\/\" \/>\n<meta property=\"og:locale\" content=\"en_US\" \/>\n<meta property=\"og:type\" content=\"article\" \/>\n<meta property=\"og:title\" content=\"HANS J. WEGNER ; JUST ONE GOOD CHAIR - Librairie 7L\" \/>\n<meta property=\"og:description\" content=\"Cette monographie retrace la carri\u00e8re de Hans Wegner (1914-2007), consid\u00e9r\u00e9 comme l&#8217;un des p\u00e8res du design scandinave. Form\u00e9 \u00e0 l&#8217;\u00e9b\u00e9nisterie, il suivit des \u00e9tudes pour \u00eatre architecte. Assistant d&#8217;Arne Jacobsen, il con\u00e7ut un ensemble de meubles et cr\u00e9a sa propre agence de design en 1943. Il rencontra rapidement un large succ\u00e8s avec ses chaises. Il [&hellip;]\" \/>\n<meta property=\"og:url\" content=\"https:\/\/librairie7l.com\/en\/produit\/hans-j-wegner-just-one-good-chair\/\" \/>\n<meta property=\"og:site_name\" content=\"Librairie 7L\" \/>\n<meta property=\"article:modified_time\" content=\"2026-04-07T03:30:54+00:00\" \/>\n<meta property=\"og:image\" content=\"https:\/\/librairie7l.com\/wp-content\/uploads\/2014\/04\/9783775738095_1_75.jpg\" \/>\n\t<meta property=\"og:image:width\" content=\"385\" \/>\n\t<meta property=\"og:image:height\" content=\"500\" \/>\n\t<meta property=\"og:image:type\" content=\"image\/jpeg\" \/>\n<meta name=\"twitter:card\" content=\"summary_large_image\" \/>\n<meta name=\"twitter:label1\" content=\"Est. reading time\" \/>\n\t<meta name=\"twitter:data1\" content=\"1 minute\" \/>\n<script type=\"application\/ld+json\" class=\"yoast-schema-graph\">{\"@context\":\"https:\/\/schema.org\",\"@graph\":[{\"@type\":\"WebPage\",\"@id\":\"https:\/\/librairie7l.com\/en\/produit\/hans-j-wegner-just-one-good-chair\/\",\"url\":\"https:\/\/librairie7l.com\/en\/produit\/hans-j-wegner-just-one-good-chair\/\",\"name\":\"HANS J. WEGNER ; JUST ONE GOOD CHAIR - Librairie 7L\",\"isPartOf\":{\"@id\":\"https:\/\/librairie7l.com\/en\/#website\"},\"datePublished\":\"2023-05-09T17:10:50+00:00\",\"dateModified\":\"2026-04-07T03:30:54+00:00\",\"breadcrumb\":{\"@id\":\"https:\/\/librairie7l.com\/en\/produit\/hans-j-wegner-just-one-good-chair\/#breadcrumb\"},\"inLanguage\":\"en-US\",\"potentialAction\":[{\"@type\":\"ReadAction\",\"target\":[\"https:\/\/librairie7l.com\/en\/produit\/hans-j-wegner-just-one-good-chair\/\"]}]},{\"@type\":\"BreadcrumbList\",\"@id\":\"https:\/\/librairie7l.com\/en\/produit\/hans-j-wegner-just-one-good-chair\/#breadcrumb\",\"itemListElement\":[{\"@type\":\"ListItem\",\"position\":1,\"name\":\"Accueil\",\"item\":\"https:\/\/librairie7l.com\/en\/\"},{\"@type\":\"ListItem\",\"position\":2,\"name\":\"Shop\",\"item\":\"https:\/\/librairie7l.com\/en\/shop\/\"},{\"@type\":\"ListItem\",\"position\":3,\"name\":\"HANS J. WEGNER ; JUST ONE GOOD CHAIR\"}]},{\"@type\":\"WebSite\",\"@id\":\"https:\/\/librairie7l.com\/en\/#website\",\"url\":\"https:\/\/librairie7l.com\/en\/\",\"name\":\"Librairie 7L\",\"description\":\"Librairie fond\u00e9e en 1999 par Karl Lagerfeld \u00e0 Paris\",\"publisher\":{\"@id\":\"https:\/\/librairie7l.com\/en\/#organization\"},\"potentialAction\":[{\"@type\":\"SearchAction\",\"target\":{\"@type\":\"EntryPoint\",\"urlTemplate\":\"https:\/\/librairie7l.com\/en\/?s={search_term_string}\"},\"query-input\":\"required name=search_term_string\"}],\"inLanguage\":\"en-US\"},{\"@type\":\"Organization\",\"@id\":\"https:\/\/librairie7l.com\/en\/#organization\",\"name\":\"Librairie 7L\",\"url\":\"https:\/\/librairie7l.com\/en\/\",\"logo\":{\"@type\":\"ImageObject\",\"inLanguage\":\"en-US\",\"@id\":\"https:\/\/librairie7l.com\/en\/#\/schema\/logo\/image\/\",\"url\":\"https:\/\/librairie7l.com\/wp-content\/uploads\/2022\/08\/logo-1.png\",\"contentUrl\":\"https:\/\/librairie7l.com\/wp-content\/uploads\/2022\/08\/logo-1.png\",\"width\":227,\"height\":301,\"caption\":\"Librairie 7L\"},\"image\":{\"@id\":\"https:\/\/librairie7l.com\/en\/#\/schema\/logo\/image\/\"}}]}<\/script>\n<!-- \/ Yoast SEO plugin. -->","yoast_head_json":{"title":"HANS J. WEGNER ; JUST ONE GOOD CHAIR - Librairie 7L","robots":{"index":"index","follow":"follow","max-snippet":"max-snippet:-1","max-image-preview":"max-image-preview:large","max-video-preview":"max-video-preview:-1"},"canonical":"https:\/\/librairie7l.com\/en\/produit\/hans-j-wegner-just-one-good-chair\/","og_locale":"en_US","og_type":"article","og_title":"HANS J. WEGNER ; JUST ONE GOOD CHAIR - Librairie 7L","og_description":"Cette monographie retrace la carri\u00e8re de Hans Wegner (1914-2007), consid\u00e9r\u00e9 comme l&#8217;un des p\u00e8res du design scandinave. Form\u00e9 \u00e0 l&#8217;\u00e9b\u00e9nisterie, il suivit des \u00e9tudes pour \u00eatre architecte. Assistant d&#8217;Arne Jacobsen, il con\u00e7ut un ensemble de meubles et cr\u00e9a sa propre agence de design en 1943. Il rencontra rapidement un large succ\u00e8s avec ses chaises. Il [&hellip;]","og_url":"https:\/\/librairie7l.com\/en\/produit\/hans-j-wegner-just-one-good-chair\/","og_site_name":"Librairie 7L","article_modified_time":"2026-04-07T03:30:54+00:00","og_image":[{"width":385,"height":500,"url":"https:\/\/librairie7l.com\/wp-content\/uploads\/2014\/04\/9783775738095_1_75.jpg","type":"image\/jpeg"}],"twitter_card":"summary_large_image","twitter_misc":{"Est. reading time":"1 minute"},"schema":{"@context":"https:\/\/schema.org","@graph":[{"@type":"WebPage","@id":"https:\/\/librairie7l.com\/en\/produit\/hans-j-wegner-just-one-good-chair\/","url":"https:\/\/librairie7l.com\/en\/produit\/hans-j-wegner-just-one-good-chair\/","name":"HANS J. WEGNER ; JUST ONE GOOD CHAIR - Librairie 7L","isPartOf":{"@id":"https:\/\/librairie7l.com\/en\/#website"},"datePublished":"2023-05-09T17:10:50+00:00","dateModified":"2026-04-07T03:30:54+00:00","breadcrumb":{"@id":"https:\/\/librairie7l.com\/en\/produit\/hans-j-wegner-just-one-good-chair\/#breadcrumb"},"inLanguage":"en-US","potentialAction":[{"@type":"ReadAction","target":["https:\/\/librairie7l.com\/en\/produit\/hans-j-wegner-just-one-good-chair\/"]}]},{"@type":"BreadcrumbList","@id":"https:\/\/librairie7l.com\/en\/produit\/hans-j-wegner-just-one-good-chair\/#breadcrumb","itemListElement":[{"@type":"ListItem","position":1,"name":"Accueil","item":"https:\/\/librairie7l.com\/en\/"},{"@type":"ListItem","position":2,"name":"Shop","item":"https:\/\/librairie7l.com\/en\/shop\/"},{"@type":"ListItem","position":3,"name":"HANS J. WEGNER ; JUST ONE GOOD CHAIR"}]},{"@type":"WebSite","@id":"https:\/\/librairie7l.com\/en\/#website","url":"https:\/\/librairie7l.com\/en\/","name":"Librairie 7L","description":"Librairie fond\u00e9e en 1999 par Karl Lagerfeld \u00e0 Paris","publisher":{"@id":"https:\/\/librairie7l.com\/en\/#organization"},"potentialAction":[{"@type":"SearchAction","target":{"@type":"EntryPoint","urlTemplate":"https:\/\/librairie7l.com\/en\/?s={search_term_string}"},"query-input":"required name=search_term_string"}],"inLanguage":"en-US"},{"@type":"Organization","@id":"https:\/\/librairie7l.com\/en\/#organization","name":"Librairie 7L","url":"https:\/\/librairie7l.com\/en\/","logo":{"@type":"ImageObject","inLanguage":"en-US","@id":"https:\/\/librairie7l.com\/en\/#\/schema\/logo\/image\/","url":"https:\/\/librairie7l.com\/wp-content\/uploads\/2022\/08\/logo-1.png","contentUrl":"https:\/\/librairie7l.com\/wp-content\/uploads\/2022\/08\/logo-1.png","width":227,"height":301,"caption":"Librairie 7L"},"image":{"@id":"https:\/\/librairie7l.com\/en\/#\/schema\/logo\/image\/"}}]}},"_links":{"self":[{"href":"https:\/\/librairie7l.com\/en\/wp-json\/wp\/v2\/product\/24523"}],"collection":[{"href":"https:\/\/librairie7l.com\/en\/wp-json\/wp\/v2\/product"}],"about":[{"href":"https:\/\/librairie7l.com\/en\/wp-json\/wp\/v2\/types\/product"}],"wp:featuredmedia":[{"embeddable":true,"href":"https:\/\/librairie7l.com\/en\/wp-json\/wp\/v2\/media\/24521"}],"wp:attachment":[{"href":"https:\/\/librairie7l.com\/en\/wp-json\/wp\/v2\/media?parent=24523"}],"wp:term":[{"taxonomy":"product_cat","embeddable":true,"href":"https:\/\/librairie7l.com\/en\/wp-json\/wp\/v2\/product_cat?post=24523"},{"taxonomy":"product_tag","embeddable":true,"href":"https:\/\/librairie7l.com\/en\/wp-json\/wp\/v2\/product_tag?post=24523"}],"curies":[{"name":"wp","href":"https:\/\/api.w.org\/{rel}","templated":true}]}}