{"id":24531,"date":"2023-05-09T19:10:57","date_gmt":"2023-05-09T17:10:57","guid":{"rendered":"https:\/\/librairie7l.com\/?post_type=product&#038;p=24531"},"modified":"2026-04-08T09:58:04","modified_gmt":"2026-04-08T07:58:04","slug":"nouveaux-cabinets-damateurs","status":"publish","type":"product","link":"https:\/\/librairie7l.com\/en\/produit\/nouveaux-cabinets-damateurs\/","title":{"rendered":"NOUVEAUX CABINETS D&#8217;AMATEURS"},"content":{"rendered":"<p>Depuis de nombreuses ann\u00e9es, le journaliste \u00c9ric Jansen parcourt le monde, cherchant des lieux d&#8217;exception et des personnalit\u00e9s hors du commun. Il se passionne tout particuli\u00e8rement pour les maisons de collectionneurs ou les ateliers d&#8217;artistes.<br \/>\nIl regroupe dans cet ouvrage une succession de portraits d&#8217;int\u00e9rieurs d&#8217;une grande diversit\u00e9 et d&#8217;une grande richesse, habit\u00e9s par des collectionneurs partageant une m\u00eame philosophie. En effet, tous refusent de recr\u00e9er un mus\u00e9e et vivent au milieu de leurs acquisitions Un livre riche en photographies et en portraits de collectionneurs hors normes, \u00e0 mettre entre les mains de tous les amateurs d&#8217;art.<\/p>\n","protected":false},"excerpt":{"rendered":"<p>Depuis de nombreuses ann\u00e9es, le journaliste \u00c9ric Jansen parcourt le monde, cherchant des lieux d&#8217;exception et des personnalit\u00e9s hors du commun. Il se passionne tout particuli\u00e8rement pour les maisons de collectionneurs ou les ateliers d&#8217;artistes. Il regroupe dans cet ouvrage une succession de portraits d&#8217;int\u00e9rieurs d&#8217;une grande diversit\u00e9 et d&#8217;une grande richesse, habit\u00e9s par des [&hellip;]<\/p>\n","protected":false},"featured_media":24529,"template":"","meta":[],"product_cat":[55,2948,18,2952],"product_tag":[],"acf":[],"yoast_head":"<!-- This site is optimized with the Yoast SEO plugin v20.11 - https:\/\/yoast.com\/wordpress\/plugins\/seo\/ -->\n<title>NOUVEAUX CABINETS D&#039;AMATEURS - Librairie 7L<\/title>\n<meta name=\"robots\" content=\"index, follow, max-snippet:-1, max-image-preview:large, max-video-preview:-1\" \/>\n<link rel=\"canonical\" href=\"https:\/\/librairie7l.com\/en\/produit\/nouveaux-cabinets-damateurs\/\" \/>\n<meta property=\"og:locale\" content=\"en_US\" \/>\n<meta property=\"og:type\" content=\"article\" \/>\n<meta property=\"og:title\" content=\"NOUVEAUX CABINETS D&#039;AMATEURS - Librairie 7L\" \/>\n<meta property=\"og:description\" content=\"Depuis de nombreuses ann\u00e9es, le journaliste \u00c9ric Jansen parcourt le monde, cherchant des lieux d&#8217;exception et des personnalit\u00e9s hors du commun. Il se passionne tout particuli\u00e8rement pour les maisons de collectionneurs ou les ateliers d&#8217;artistes. Il regroupe dans cet ouvrage une succession de portraits d&#8217;int\u00e9rieurs d&#8217;une grande diversit\u00e9 et d&#8217;une grande richesse, habit\u00e9s par des [&hellip;]\" \/>\n<meta property=\"og:url\" content=\"https:\/\/librairie7l.com\/en\/produit\/nouveaux-cabinets-damateurs\/\" \/>\n<meta property=\"og:site_name\" content=\"Librairie 7L\" \/>\n<meta property=\"article:modified_time\" content=\"2026-04-08T07:58:04+00:00\" \/>\n<meta property=\"og:image\" content=\"https:\/\/librairie7l.com\/wp-content\/uploads\/2015\/10\/9782353402021_1_75.jpg\" \/>\n\t<meta property=\"og:image:width\" content=\"600\" \/>\n\t<meta property=\"og:image:height\" content=\"695\" \/>\n\t<meta property=\"og:image:type\" content=\"image\/jpeg\" \/>\n<meta name=\"twitter:card\" content=\"summary_large_image\" \/>\n<meta name=\"twitter:label1\" content=\"Est. reading time\" \/>\n\t<meta name=\"twitter:data1\" content=\"1 minute\" \/>\n<script type=\"application\/ld+json\" class=\"yoast-schema-graph\">{\"@context\":\"https:\/\/schema.org\",\"@graph\":[{\"@type\":\"WebPage\",\"@id\":\"https:\/\/librairie7l.com\/en\/produit\/nouveaux-cabinets-damateurs\/\",\"url\":\"https:\/\/librairie7l.com\/en\/produit\/nouveaux-cabinets-damateurs\/\",\"name\":\"NOUVEAUX CABINETS D'AMATEURS - Librairie 7L\",\"isPartOf\":{\"@id\":\"https:\/\/librairie7l.com\/en\/#website\"},\"datePublished\":\"2023-05-09T17:10:57+00:00\",\"dateModified\":\"2026-04-08T07:58:04+00:00\",\"breadcrumb\":{\"@id\":\"https:\/\/librairie7l.com\/en\/produit\/nouveaux-cabinets-damateurs\/#breadcrumb\"},\"inLanguage\":\"en-US\",\"potentialAction\":[{\"@type\":\"ReadAction\",\"target\":[\"https:\/\/librairie7l.com\/en\/produit\/nouveaux-cabinets-damateurs\/\"]}]},{\"@type\":\"BreadcrumbList\",\"@id\":\"https:\/\/librairie7l.com\/en\/produit\/nouveaux-cabinets-damateurs\/#breadcrumb\",\"itemListElement\":[{\"@type\":\"ListItem\",\"position\":1,\"name\":\"Accueil\",\"item\":\"https:\/\/librairie7l.com\/en\/\"},{\"@type\":\"ListItem\",\"position\":2,\"name\":\"Shop\",\"item\":\"https:\/\/librairie7l.com\/en\/shop\/\"},{\"@type\":\"ListItem\",\"position\":3,\"name\":\"NOUVEAUX CABINETS D&#8217;AMATEURS\"}]},{\"@type\":\"WebSite\",\"@id\":\"https:\/\/librairie7l.com\/en\/#website\",\"url\":\"https:\/\/librairie7l.com\/en\/\",\"name\":\"Librairie 7L\",\"description\":\"Librairie fond\u00e9e en 1999 par Karl Lagerfeld \u00e0 Paris\",\"publisher\":{\"@id\":\"https:\/\/librairie7l.com\/en\/#organization\"},\"potentialAction\":[{\"@type\":\"SearchAction\",\"target\":{\"@type\":\"EntryPoint\",\"urlTemplate\":\"https:\/\/librairie7l.com\/en\/?s={search_term_string}\"},\"query-input\":\"required name=search_term_string\"}],\"inLanguage\":\"en-US\"},{\"@type\":\"Organization\",\"@id\":\"https:\/\/librairie7l.com\/en\/#organization\",\"name\":\"Librairie 7L\",\"url\":\"https:\/\/librairie7l.com\/en\/\",\"logo\":{\"@type\":\"ImageObject\",\"inLanguage\":\"en-US\",\"@id\":\"https:\/\/librairie7l.com\/en\/#\/schema\/logo\/image\/\",\"url\":\"https:\/\/librairie7l.com\/wp-content\/uploads\/2022\/08\/logo-1.png\",\"contentUrl\":\"https:\/\/librairie7l.com\/wp-content\/uploads\/2022\/08\/logo-1.png\",\"width\":227,\"height\":301,\"caption\":\"Librairie 7L\"},\"image\":{\"@id\":\"https:\/\/librairie7l.com\/en\/#\/schema\/logo\/image\/\"}}]}<\/script>\n<!-- \/ Yoast SEO plugin. -->","yoast_head_json":{"title":"NOUVEAUX CABINETS D'AMATEURS - Librairie 7L","robots":{"index":"index","follow":"follow","max-snippet":"max-snippet:-1","max-image-preview":"max-image-preview:large","max-video-preview":"max-video-preview:-1"},"canonical":"https:\/\/librairie7l.com\/en\/produit\/nouveaux-cabinets-damateurs\/","og_locale":"en_US","og_type":"article","og_title":"NOUVEAUX CABINETS D'AMATEURS - Librairie 7L","og_description":"Depuis de nombreuses ann\u00e9es, le journaliste \u00c9ric Jansen parcourt le monde, cherchant des lieux d&#8217;exception et des personnalit\u00e9s hors du commun. Il se passionne tout particuli\u00e8rement pour les maisons de collectionneurs ou les ateliers d&#8217;artistes. Il regroupe dans cet ouvrage une succession de portraits d&#8217;int\u00e9rieurs d&#8217;une grande diversit\u00e9 et d&#8217;une grande richesse, habit\u00e9s par des [&hellip;]","og_url":"https:\/\/librairie7l.com\/en\/produit\/nouveaux-cabinets-damateurs\/","og_site_name":"Librairie 7L","article_modified_time":"2026-04-08T07:58:04+00:00","og_image":[{"width":600,"height":695,"url":"https:\/\/librairie7l.com\/wp-content\/uploads\/2015\/10\/9782353402021_1_75.jpg","type":"image\/jpeg"}],"twitter_card":"summary_large_image","twitter_misc":{"Est. reading time":"1 minute"},"schema":{"@context":"https:\/\/schema.org","@graph":[{"@type":"WebPage","@id":"https:\/\/librairie7l.com\/en\/produit\/nouveaux-cabinets-damateurs\/","url":"https:\/\/librairie7l.com\/en\/produit\/nouveaux-cabinets-damateurs\/","name":"NOUVEAUX CABINETS D'AMATEURS - Librairie 7L","isPartOf":{"@id":"https:\/\/librairie7l.com\/en\/#website"},"datePublished":"2023-05-09T17:10:57+00:00","dateModified":"2026-04-08T07:58:04+00:00","breadcrumb":{"@id":"https:\/\/librairie7l.com\/en\/produit\/nouveaux-cabinets-damateurs\/#breadcrumb"},"inLanguage":"en-US","potentialAction":[{"@type":"ReadAction","target":["https:\/\/librairie7l.com\/en\/produit\/nouveaux-cabinets-damateurs\/"]}]},{"@type":"BreadcrumbList","@id":"https:\/\/librairie7l.com\/en\/produit\/nouveaux-cabinets-damateurs\/#breadcrumb","itemListElement":[{"@type":"ListItem","position":1,"name":"Accueil","item":"https:\/\/librairie7l.com\/en\/"},{"@type":"ListItem","position":2,"name":"Shop","item":"https:\/\/librairie7l.com\/en\/shop\/"},{"@type":"ListItem","position":3,"name":"NOUVEAUX CABINETS D&#8217;AMATEURS"}]},{"@type":"WebSite","@id":"https:\/\/librairie7l.com\/en\/#website","url":"https:\/\/librairie7l.com\/en\/","name":"Librairie 7L","description":"Librairie fond\u00e9e en 1999 par Karl Lagerfeld \u00e0 Paris","publisher":{"@id":"https:\/\/librairie7l.com\/en\/#organization"},"potentialAction":[{"@type":"SearchAction","target":{"@type":"EntryPoint","urlTemplate":"https:\/\/librairie7l.com\/en\/?s={search_term_string}"},"query-input":"required name=search_term_string"}],"inLanguage":"en-US"},{"@type":"Organization","@id":"https:\/\/librairie7l.com\/en\/#organization","name":"Librairie 7L","url":"https:\/\/librairie7l.com\/en\/","logo":{"@type":"ImageObject","inLanguage":"en-US","@id":"https:\/\/librairie7l.com\/en\/#\/schema\/logo\/image\/","url":"https:\/\/librairie7l.com\/wp-content\/uploads\/2022\/08\/logo-1.png","contentUrl":"https:\/\/librairie7l.com\/wp-content\/uploads\/2022\/08\/logo-1.png","width":227,"height":301,"caption":"Librairie 7L"},"image":{"@id":"https:\/\/librairie7l.com\/en\/#\/schema\/logo\/image\/"}}]}},"_links":{"self":[{"href":"https:\/\/librairie7l.com\/en\/wp-json\/wp\/v2\/product\/24531"}],"collection":[{"href":"https:\/\/librairie7l.com\/en\/wp-json\/wp\/v2\/product"}],"about":[{"href":"https:\/\/librairie7l.com\/en\/wp-json\/wp\/v2\/types\/product"}],"wp:featuredmedia":[{"embeddable":true,"href":"https:\/\/librairie7l.com\/en\/wp-json\/wp\/v2\/media\/24529"}],"wp:attachment":[{"href":"https:\/\/librairie7l.com\/en\/wp-json\/wp\/v2\/media?parent=24531"}],"wp:term":[{"taxonomy":"product_cat","embeddable":true,"href":"https:\/\/librairie7l.com\/en\/wp-json\/wp\/v2\/product_cat?post=24531"},{"taxonomy":"product_tag","embeddable":true,"href":"https:\/\/librairie7l.com\/en\/wp-json\/wp\/v2\/product_tag?post=24531"}],"curies":[{"name":"wp","href":"https:\/\/api.w.org\/{rel}","templated":true}]}}