{"id":24571,"date":"2023-05-09T19:11:32","date_gmt":"2023-05-09T17:11:32","guid":{"rendered":"https:\/\/librairie7l.com\/?post_type=product&#038;p=24571"},"modified":"2026-04-07T03:58:19","modified_gmt":"2026-04-07T01:58:19","slug":"studio-mhna-marc-hertrich-nicolas-adnet-interior-design","status":"publish","type":"product","link":"https:\/\/librairie7l.com\/en\/produit\/studio-mhna-marc-hertrich-nicolas-adnet-interior-design\/","title":{"rendered":"STUDIO MHNA ; MARC HERTRICH NICOLAS ADNET -; INTERIOR DESIGN"},"content":{"rendered":"<p>Second livre apr\u00e8s \u00ab Des Univers Inspir\u00e9s \u00bb.<br \/>\nLa parution de ce nouveau livre c\u00e9l\u00e8bre trente ans d&#8217;activit\u00e9, de passion, d&#8217;architecture int\u00e9rieure, de design et de d\u00e9coration au sein du Studio MHNA, studio parisien de Marc Hertrich et Nicolas Adnet.<br \/>\nUn voyage visuel avec 18 r\u00e9alisations audacieuses et h\u00e9t\u00e9roclites \u00e0 travers le monde entier.<br \/>\nUne signature fran\u00e7aise qui s&#8217;impr\u00e8gne aux h\u00f4tels, restaurants et r\u00e9sidences particuli\u00e8res en France, au Br\u00e9sil, \u00e0 l&#8217;Ile Maurice, en Suisse, au Maroc&#8230;<br \/>\nDes adresses intimistes, priv\u00e9es c\u00f4toient de prestigieuses institutions comme Petrossian Paris, Le Negresco \u00e0 Nice, Le Lausanne Palace&#8230;<br \/>\nLeurs empreintes s&#8217;\u00e9gr\u00e8nent tout au long des 272 pages : luxe(s), nature(s), exotisme(s), impertinence(s), gourmandise(s) et r\u00eaverie(s).<\/p>\n","protected":false},"excerpt":{"rendered":"<p>Second livre apr\u00e8s \u00ab Des Univers Inspir\u00e9s \u00bb. La parution de ce nouveau livre c\u00e9l\u00e8bre trente ans d&#8217;activit\u00e9, de passion, d&#8217;architecture int\u00e9rieure, de design et de d\u00e9coration au sein du Studio MHNA, studio parisien de Marc Hertrich et Nicolas Adnet. Un voyage visuel avec 18 r\u00e9alisations audacieuses et h\u00e9t\u00e9roclites \u00e0 travers le monde entier. Une [&hellip;]<\/p>\n","protected":false},"featured_media":24569,"template":"","meta":[],"product_cat":[55,2948,18,2952],"product_tag":[],"acf":[],"yoast_head":"<!-- This site is optimized with the Yoast SEO plugin v20.11 - https:\/\/yoast.com\/wordpress\/plugins\/seo\/ -->\n<title>STUDIO MHNA ; MARC HERTRICH NICOLAS ADNET -; INTERIOR DESIGN - Librairie 7L<\/title>\n<meta name=\"robots\" content=\"index, follow, max-snippet:-1, max-image-preview:large, max-video-preview:-1\" \/>\n<link rel=\"canonical\" href=\"https:\/\/librairie7l.com\/en\/produit\/studio-mhna-marc-hertrich-nicolas-adnet-interior-design\/\" \/>\n<meta property=\"og:locale\" content=\"en_US\" \/>\n<meta property=\"og:type\" content=\"article\" \/>\n<meta property=\"og:title\" content=\"STUDIO MHNA ; MARC HERTRICH NICOLAS ADNET -; INTERIOR DESIGN - Librairie 7L\" \/>\n<meta property=\"og:description\" content=\"Second livre apr\u00e8s \u00ab Des Univers Inspir\u00e9s \u00bb. La parution de ce nouveau livre c\u00e9l\u00e8bre trente ans d&#8217;activit\u00e9, de passion, d&#8217;architecture int\u00e9rieure, de design et de d\u00e9coration au sein du Studio MHNA, studio parisien de Marc Hertrich et Nicolas Adnet. Un voyage visuel avec 18 r\u00e9alisations audacieuses et h\u00e9t\u00e9roclites \u00e0 travers le monde entier. Une [&hellip;]\" \/>\n<meta property=\"og:url\" content=\"https:\/\/librairie7l.com\/en\/produit\/studio-mhna-marc-hertrich-nicolas-adnet-interior-design\/\" \/>\n<meta property=\"og:site_name\" content=\"Librairie 7L\" \/>\n<meta property=\"article:modified_time\" content=\"2026-04-07T01:58:19+00:00\" \/>\n<meta property=\"og:image\" content=\"https:\/\/librairie7l.com\/wp-content\/uploads\/2020\/11\/9791097043018_1_75.jpg\" \/>\n\t<meta property=\"og:image:width\" content=\"600\" \/>\n\t<meta property=\"og:image:height\" content=\"776\" \/>\n\t<meta property=\"og:image:type\" content=\"image\/jpeg\" \/>\n<meta name=\"twitter:card\" content=\"summary_large_image\" \/>\n<meta name=\"twitter:label1\" content=\"Est. reading time\" \/>\n\t<meta name=\"twitter:data1\" content=\"1 minute\" \/>\n<script type=\"application\/ld+json\" class=\"yoast-schema-graph\">{\"@context\":\"https:\/\/schema.org\",\"@graph\":[{\"@type\":\"WebPage\",\"@id\":\"https:\/\/librairie7l.com\/en\/produit\/studio-mhna-marc-hertrich-nicolas-adnet-interior-design\/\",\"url\":\"https:\/\/librairie7l.com\/en\/produit\/studio-mhna-marc-hertrich-nicolas-adnet-interior-design\/\",\"name\":\"STUDIO MHNA ; MARC HERTRICH NICOLAS ADNET -; INTERIOR DESIGN - Librairie 7L\",\"isPartOf\":{\"@id\":\"https:\/\/librairie7l.com\/en\/#website\"},\"datePublished\":\"2023-05-09T17:11:32+00:00\",\"dateModified\":\"2026-04-07T01:58:19+00:00\",\"breadcrumb\":{\"@id\":\"https:\/\/librairie7l.com\/en\/produit\/studio-mhna-marc-hertrich-nicolas-adnet-interior-design\/#breadcrumb\"},\"inLanguage\":\"en-US\",\"potentialAction\":[{\"@type\":\"ReadAction\",\"target\":[\"https:\/\/librairie7l.com\/en\/produit\/studio-mhna-marc-hertrich-nicolas-adnet-interior-design\/\"]}]},{\"@type\":\"BreadcrumbList\",\"@id\":\"https:\/\/librairie7l.com\/en\/produit\/studio-mhna-marc-hertrich-nicolas-adnet-interior-design\/#breadcrumb\",\"itemListElement\":[{\"@type\":\"ListItem\",\"position\":1,\"name\":\"Accueil\",\"item\":\"https:\/\/librairie7l.com\/en\/\"},{\"@type\":\"ListItem\",\"position\":2,\"name\":\"Shop\",\"item\":\"https:\/\/librairie7l.com\/en\/shop\/\"},{\"@type\":\"ListItem\",\"position\":3,\"name\":\"STUDIO MHNA ; MARC HERTRICH NICOLAS ADNET -; INTERIOR DESIGN\"}]},{\"@type\":\"WebSite\",\"@id\":\"https:\/\/librairie7l.com\/en\/#website\",\"url\":\"https:\/\/librairie7l.com\/en\/\",\"name\":\"Librairie 7L\",\"description\":\"Librairie fond\u00e9e en 1999 par Karl Lagerfeld \u00e0 Paris\",\"publisher\":{\"@id\":\"https:\/\/librairie7l.com\/en\/#organization\"},\"potentialAction\":[{\"@type\":\"SearchAction\",\"target\":{\"@type\":\"EntryPoint\",\"urlTemplate\":\"https:\/\/librairie7l.com\/en\/?s={search_term_string}\"},\"query-input\":\"required name=search_term_string\"}],\"inLanguage\":\"en-US\"},{\"@type\":\"Organization\",\"@id\":\"https:\/\/librairie7l.com\/en\/#organization\",\"name\":\"Librairie 7L\",\"url\":\"https:\/\/librairie7l.com\/en\/\",\"logo\":{\"@type\":\"ImageObject\",\"inLanguage\":\"en-US\",\"@id\":\"https:\/\/librairie7l.com\/en\/#\/schema\/logo\/image\/\",\"url\":\"https:\/\/librairie7l.com\/wp-content\/uploads\/2022\/08\/logo-1.png\",\"contentUrl\":\"https:\/\/librairie7l.com\/wp-content\/uploads\/2022\/08\/logo-1.png\",\"width\":227,\"height\":301,\"caption\":\"Librairie 7L\"},\"image\":{\"@id\":\"https:\/\/librairie7l.com\/en\/#\/schema\/logo\/image\/\"}}]}<\/script>\n<!-- \/ Yoast SEO plugin. -->","yoast_head_json":{"title":"STUDIO MHNA ; MARC HERTRICH NICOLAS ADNET -; INTERIOR DESIGN - Librairie 7L","robots":{"index":"index","follow":"follow","max-snippet":"max-snippet:-1","max-image-preview":"max-image-preview:large","max-video-preview":"max-video-preview:-1"},"canonical":"https:\/\/librairie7l.com\/en\/produit\/studio-mhna-marc-hertrich-nicolas-adnet-interior-design\/","og_locale":"en_US","og_type":"article","og_title":"STUDIO MHNA ; MARC HERTRICH NICOLAS ADNET -; INTERIOR DESIGN - Librairie 7L","og_description":"Second livre apr\u00e8s \u00ab Des Univers Inspir\u00e9s \u00bb. La parution de ce nouveau livre c\u00e9l\u00e8bre trente ans d&#8217;activit\u00e9, de passion, d&#8217;architecture int\u00e9rieure, de design et de d\u00e9coration au sein du Studio MHNA, studio parisien de Marc Hertrich et Nicolas Adnet. Un voyage visuel avec 18 r\u00e9alisations audacieuses et h\u00e9t\u00e9roclites \u00e0 travers le monde entier. Une [&hellip;]","og_url":"https:\/\/librairie7l.com\/en\/produit\/studio-mhna-marc-hertrich-nicolas-adnet-interior-design\/","og_site_name":"Librairie 7L","article_modified_time":"2026-04-07T01:58:19+00:00","og_image":[{"width":600,"height":776,"url":"https:\/\/librairie7l.com\/wp-content\/uploads\/2020\/11\/9791097043018_1_75.jpg","type":"image\/jpeg"}],"twitter_card":"summary_large_image","twitter_misc":{"Est. reading time":"1 minute"},"schema":{"@context":"https:\/\/schema.org","@graph":[{"@type":"WebPage","@id":"https:\/\/librairie7l.com\/en\/produit\/studio-mhna-marc-hertrich-nicolas-adnet-interior-design\/","url":"https:\/\/librairie7l.com\/en\/produit\/studio-mhna-marc-hertrich-nicolas-adnet-interior-design\/","name":"STUDIO MHNA ; MARC HERTRICH NICOLAS ADNET -; INTERIOR DESIGN - Librairie 7L","isPartOf":{"@id":"https:\/\/librairie7l.com\/en\/#website"},"datePublished":"2023-05-09T17:11:32+00:00","dateModified":"2026-04-07T01:58:19+00:00","breadcrumb":{"@id":"https:\/\/librairie7l.com\/en\/produit\/studio-mhna-marc-hertrich-nicolas-adnet-interior-design\/#breadcrumb"},"inLanguage":"en-US","potentialAction":[{"@type":"ReadAction","target":["https:\/\/librairie7l.com\/en\/produit\/studio-mhna-marc-hertrich-nicolas-adnet-interior-design\/"]}]},{"@type":"BreadcrumbList","@id":"https:\/\/librairie7l.com\/en\/produit\/studio-mhna-marc-hertrich-nicolas-adnet-interior-design\/#breadcrumb","itemListElement":[{"@type":"ListItem","position":1,"name":"Accueil","item":"https:\/\/librairie7l.com\/en\/"},{"@type":"ListItem","position":2,"name":"Shop","item":"https:\/\/librairie7l.com\/en\/shop\/"},{"@type":"ListItem","position":3,"name":"STUDIO MHNA ; MARC HERTRICH NICOLAS ADNET -; INTERIOR DESIGN"}]},{"@type":"WebSite","@id":"https:\/\/librairie7l.com\/en\/#website","url":"https:\/\/librairie7l.com\/en\/","name":"Librairie 7L","description":"Librairie fond\u00e9e en 1999 par Karl Lagerfeld \u00e0 Paris","publisher":{"@id":"https:\/\/librairie7l.com\/en\/#organization"},"potentialAction":[{"@type":"SearchAction","target":{"@type":"EntryPoint","urlTemplate":"https:\/\/librairie7l.com\/en\/?s={search_term_string}"},"query-input":"required name=search_term_string"}],"inLanguage":"en-US"},{"@type":"Organization","@id":"https:\/\/librairie7l.com\/en\/#organization","name":"Librairie 7L","url":"https:\/\/librairie7l.com\/en\/","logo":{"@type":"ImageObject","inLanguage":"en-US","@id":"https:\/\/librairie7l.com\/en\/#\/schema\/logo\/image\/","url":"https:\/\/librairie7l.com\/wp-content\/uploads\/2022\/08\/logo-1.png","contentUrl":"https:\/\/librairie7l.com\/wp-content\/uploads\/2022\/08\/logo-1.png","width":227,"height":301,"caption":"Librairie 7L"},"image":{"@id":"https:\/\/librairie7l.com\/en\/#\/schema\/logo\/image\/"}}]}},"_links":{"self":[{"href":"https:\/\/librairie7l.com\/en\/wp-json\/wp\/v2\/product\/24571"}],"collection":[{"href":"https:\/\/librairie7l.com\/en\/wp-json\/wp\/v2\/product"}],"about":[{"href":"https:\/\/librairie7l.com\/en\/wp-json\/wp\/v2\/types\/product"}],"wp:featuredmedia":[{"embeddable":true,"href":"https:\/\/librairie7l.com\/en\/wp-json\/wp\/v2\/media\/24569"}],"wp:attachment":[{"href":"https:\/\/librairie7l.com\/en\/wp-json\/wp\/v2\/media?parent=24571"}],"wp:term":[{"taxonomy":"product_cat","embeddable":true,"href":"https:\/\/librairie7l.com\/en\/wp-json\/wp\/v2\/product_cat?post=24571"},{"taxonomy":"product_tag","embeddable":true,"href":"https:\/\/librairie7l.com\/en\/wp-json\/wp\/v2\/product_tag?post=24571"}],"curies":[{"name":"wp","href":"https:\/\/api.w.org\/{rel}","templated":true}]}}