{"id":24575,"date":"2023-05-09T19:11:36","date_gmt":"2023-05-09T17:11:36","guid":{"rendered":"https:\/\/librairie7l.com\/?post_type=product&#038;p=24575"},"modified":"2026-04-06T00:06:22","modified_gmt":"2026-04-05T22:06:22","slug":"despres-jean-bijoutier-et-orfevre","status":"publish","type":"product","link":"https:\/\/librairie7l.com\/en\/produit\/despres-jean-bijoutier-et-orfevre\/","title":{"rendered":"JEAN DESPR\u00c9S"},"content":{"rendered":"<p>Jean Despr\u00e9s (1889-1980) est l&#8217;un des artistes les plus novateurs des ann\u00e9es 1920 et 1930 dans les domaines du bijou et de l&#8217;orf\u00e8vrerie. \u00c0 16 ans, il quitte Avallon et la boutique de cadeaux de ses parents pour commencer son apprentissage chez un orf\u00e8vre \u00e0 Paris. Il compl\u00e8te sa formation par des cours de dessin des \u00e9coles de la Ville de Paris et fr\u00e9quente le Bateau-Lavoir, o\u00f9 il rencontre Modigliani, Picasso, Signac, De Chirico et, surtout, Braque, qui devient bient\u00f4t son \u00ab meilleur copain \u00bb. Despr\u00e9s travaille surtout l&#8217;argent, dont la blancheur, tr\u00e8s \u00e0 la mode dans les ann\u00e9es 1930, est \u00e0 peine alt\u00e9r\u00e9e par les quelques touches qu&#8217;apportent des pierres semi-pr\u00e9cieuses comme l&#8217;onyx, le corail, la turquoise, le lapis-lazuli ou la calc\u00e9doine, pour des prix qui restent, en cette p\u00e9riode de crise \u00e9conomique aigu\u00eb, abordables, m\u00eame s&#8217;il ne d\u00e9daigne pas non plus de r\u00e9aliser sur commande des ouvrages de joaillerie, \u00e0 base de pierres et de m\u00e9taux pr\u00e9cieux.<br \/>\nL&#8217;artiste a gard\u00e9 de son passage dans les ateliers de l&#8217;aviation militaire pendant la guerre de 1914-1918 un int\u00e9r\u00eat pour les formes m\u00e9caniques qu&#8217;il transpose dans ses bijoux. \u00c0 partir de 1930, il cr\u00e9e les \u00ab bijoux moteurs \u00bb o\u00f9 on retrouve tout le vocabulaire de la m\u00e9canique : broche \u00ab bielle \u00bb, broche \u00ab vilebrequin \u00bb, bracelet \u00ab came \u00bb, etc. Autant de pi\u00e8ces dont les formes inspir\u00e9es de la m\u00e9canique suscitent en 1931, \u00e0 l&#8217;exposition \u00ab L&#8217;A\u00e9ronautique et l&#8217;Art \u00bb du pavillon de Marsan, un int\u00e9r\u00eat m\u00eal\u00e9 de scandale.<br \/>\nComme les autres artistes de son temps, Despr\u00e9s tisse des \u00e9changes avec le monde de l&#8217;art. Avec \u00c9tienne Cournault (1891-1948), peintre et graveur, qui affectionne le travail sur verre, il con\u00e7oit entre 1929 et 1934 les \u00ab bijoux glaces \u00bb en argent et verre, chefd&#8217;oeuvres de gr\u00e2ce et d&#8217;originalit\u00e9. Ces compositions, qui jouent sur les reflets, sur des effets de transparence et de lumi\u00e8re, sont tr\u00e8s remarqu\u00e9es, notamment par Jos\u00e9phine Baker. Avec Jean Mayodon (1893-1967), futur directeur de la Manufacture de S\u00e8vres, il monte, \u00e0 partir de 1937, les plaques de c\u00e9ramique, d&#8217;inspiration principalement n\u00e9oclassique, sur ses fameux \u00ab bijoux c\u00e9ramiques \u00bb. La participation de Despr\u00e9s \u00e0 l&#8217;Exposition de 1925 est rest\u00e9e anonyme, mais \u00e0 partir de 1928 il expose dans tous les Salons officiels. D\u00e8s 1931, le critique Raymond Escholier \u00e9crit : \u00ab Despr\u00e9s est en passe de devenir le plus grand des bijoutiers, le plus grand orf\u00e8vre. \u00bb Despr\u00e9s est aussi l&#8217;un des ma\u00eetres d&#8217;oeuvre indiscut\u00e9s du mouvement de renouveau de l&#8217;orf\u00e8vrerie de table et de l&#8217;orf\u00e8vrerie religieuse. Ses pichets, ses th\u00e9i\u00e8res, ses cand\u00e9labres, ses couverts, en \u00e9tain surtout, mais aussi en argent, vermeil ou m\u00e9tal argent\u00e9, qu&#8217;il monte lui-m\u00eame au marteau, se caract\u00e9risent par leurs formes simples, leurs volumes harmonieux, leur ornementation sobre. Bien repr\u00e9sent\u00e9e dans la collection des Arts D\u00e9coratifs gr\u00e2ce \u00e0 un don important de l&#8217;artiste, l&#8217;oeuvre de Jean Despr\u00e9s ouvrira l&#8217;exposition pour cette premi\u00e8re r\u00e9trospective qui lui est consacr\u00e9e. Sont \u00e9galement montr\u00e9s les objets liturgiques, les reliures que l&#8217;orf\u00e8vre r\u00e9alisera dans les ann\u00e9es 1960.<\/p>\n","protected":false},"excerpt":{"rendered":"<p>Jean Despr\u00e9s (1889-1980) est l&#8217;un des artistes les plus novateurs des ann\u00e9es 1920 et 1930 dans les domaines du bijou et de l&#8217;orf\u00e8vrerie. \u00c0 16 ans, il quitte Avallon et la boutique de cadeaux de ses parents pour commencer son apprentissage chez un orf\u00e8vre \u00e0 Paris. Il compl\u00e8te sa formation par des cours de dessin [&hellip;]<\/p>\n","protected":false},"featured_media":24573,"template":"","meta":[],"product_cat":[55,2948,2957,19],"product_tag":[],"acf":[],"yoast_head":"<!-- This site is optimized with the Yoast SEO plugin v20.11 - https:\/\/yoast.com\/wordpress\/plugins\/seo\/ -->\n<title>JEAN DESPR\u00c9S - Librairie 7L<\/title>\n<meta name=\"robots\" content=\"index, follow, max-snippet:-1, max-image-preview:large, max-video-preview:-1\" \/>\n<link rel=\"canonical\" href=\"https:\/\/librairie7l.com\/en\/produit\/despres-jean-bijoutier-et-orfevre\/\" \/>\n<meta property=\"og:locale\" content=\"en_US\" \/>\n<meta property=\"og:type\" content=\"article\" \/>\n<meta property=\"og:title\" content=\"JEAN DESPR\u00c9S - Librairie 7L\" \/>\n<meta property=\"og:description\" content=\"Jean Despr\u00e9s (1889-1980) est l&#8217;un des artistes les plus novateurs des ann\u00e9es 1920 et 1930 dans les domaines du bijou et de l&#8217;orf\u00e8vrerie. \u00c0 16 ans, il quitte Avallon et la boutique de cadeaux de ses parents pour commencer son apprentissage chez un orf\u00e8vre \u00e0 Paris. Il compl\u00e8te sa formation par des cours de dessin [&hellip;]\" \/>\n<meta property=\"og:url\" content=\"https:\/\/librairie7l.com\/en\/produit\/despres-jean-bijoutier-et-orfevre\/\" \/>\n<meta property=\"og:site_name\" content=\"Librairie 7L\" \/>\n<meta property=\"article:modified_time\" content=\"2026-04-05T22:06:22+00:00\" \/>\n<meta property=\"og:image\" content=\"https:\/\/librairie7l.com\/wp-content\/uploads\/2009\/03\/9782915542196_1_75.jpg\" \/>\n\t<meta property=\"og:image:width\" content=\"500\" \/>\n\t<meta property=\"og:image:height\" content=\"654\" \/>\n\t<meta property=\"og:image:type\" content=\"image\/jpeg\" \/>\n<meta name=\"twitter:card\" content=\"summary_large_image\" \/>\n<meta name=\"twitter:label1\" content=\"Est. reading time\" \/>\n\t<meta name=\"twitter:data1\" content=\"3 minutes\" \/>\n<script type=\"application\/ld+json\" class=\"yoast-schema-graph\">{\"@context\":\"https:\/\/schema.org\",\"@graph\":[{\"@type\":\"WebPage\",\"@id\":\"https:\/\/librairie7l.com\/en\/produit\/despres-jean-bijoutier-et-orfevre\/\",\"url\":\"https:\/\/librairie7l.com\/en\/produit\/despres-jean-bijoutier-et-orfevre\/\",\"name\":\"JEAN DESPR\u00c9S - Librairie 7L\",\"isPartOf\":{\"@id\":\"https:\/\/librairie7l.com\/en\/#website\"},\"datePublished\":\"2023-05-09T17:11:36+00:00\",\"dateModified\":\"2026-04-05T22:06:22+00:00\",\"breadcrumb\":{\"@id\":\"https:\/\/librairie7l.com\/en\/produit\/despres-jean-bijoutier-et-orfevre\/#breadcrumb\"},\"inLanguage\":\"en-US\",\"potentialAction\":[{\"@type\":\"ReadAction\",\"target\":[\"https:\/\/librairie7l.com\/en\/produit\/despres-jean-bijoutier-et-orfevre\/\"]}]},{\"@type\":\"BreadcrumbList\",\"@id\":\"https:\/\/librairie7l.com\/en\/produit\/despres-jean-bijoutier-et-orfevre\/#breadcrumb\",\"itemListElement\":[{\"@type\":\"ListItem\",\"position\":1,\"name\":\"Accueil\",\"item\":\"https:\/\/librairie7l.com\/en\/\"},{\"@type\":\"ListItem\",\"position\":2,\"name\":\"Shop\",\"item\":\"https:\/\/librairie7l.com\/en\/shop\/\"},{\"@type\":\"ListItem\",\"position\":3,\"name\":\"JEAN DESPR\u00c9S\"}]},{\"@type\":\"WebSite\",\"@id\":\"https:\/\/librairie7l.com\/en\/#website\",\"url\":\"https:\/\/librairie7l.com\/en\/\",\"name\":\"Librairie 7L\",\"description\":\"Librairie fond\u00e9e en 1999 par Karl Lagerfeld \u00e0 Paris\",\"publisher\":{\"@id\":\"https:\/\/librairie7l.com\/en\/#organization\"},\"potentialAction\":[{\"@type\":\"SearchAction\",\"target\":{\"@type\":\"EntryPoint\",\"urlTemplate\":\"https:\/\/librairie7l.com\/en\/?s={search_term_string}\"},\"query-input\":\"required name=search_term_string\"}],\"inLanguage\":\"en-US\"},{\"@type\":\"Organization\",\"@id\":\"https:\/\/librairie7l.com\/en\/#organization\",\"name\":\"Librairie 7L\",\"url\":\"https:\/\/librairie7l.com\/en\/\",\"logo\":{\"@type\":\"ImageObject\",\"inLanguage\":\"en-US\",\"@id\":\"https:\/\/librairie7l.com\/en\/#\/schema\/logo\/image\/\",\"url\":\"https:\/\/librairie7l.com\/wp-content\/uploads\/2022\/08\/logo-1.png\",\"contentUrl\":\"https:\/\/librairie7l.com\/wp-content\/uploads\/2022\/08\/logo-1.png\",\"width\":227,\"height\":301,\"caption\":\"Librairie 7L\"},\"image\":{\"@id\":\"https:\/\/librairie7l.com\/en\/#\/schema\/logo\/image\/\"}}]}<\/script>\n<!-- \/ Yoast SEO plugin. -->","yoast_head_json":{"title":"JEAN DESPR\u00c9S - Librairie 7L","robots":{"index":"index","follow":"follow","max-snippet":"max-snippet:-1","max-image-preview":"max-image-preview:large","max-video-preview":"max-video-preview:-1"},"canonical":"https:\/\/librairie7l.com\/en\/produit\/despres-jean-bijoutier-et-orfevre\/","og_locale":"en_US","og_type":"article","og_title":"JEAN DESPR\u00c9S - Librairie 7L","og_description":"Jean Despr\u00e9s (1889-1980) est l&#8217;un des artistes les plus novateurs des ann\u00e9es 1920 et 1930 dans les domaines du bijou et de l&#8217;orf\u00e8vrerie. \u00c0 16 ans, il quitte Avallon et la boutique de cadeaux de ses parents pour commencer son apprentissage chez un orf\u00e8vre \u00e0 Paris. Il compl\u00e8te sa formation par des cours de dessin [&hellip;]","og_url":"https:\/\/librairie7l.com\/en\/produit\/despres-jean-bijoutier-et-orfevre\/","og_site_name":"Librairie 7L","article_modified_time":"2026-04-05T22:06:22+00:00","og_image":[{"width":500,"height":654,"url":"https:\/\/librairie7l.com\/wp-content\/uploads\/2009\/03\/9782915542196_1_75.jpg","type":"image\/jpeg"}],"twitter_card":"summary_large_image","twitter_misc":{"Est. reading time":"3 minutes"},"schema":{"@context":"https:\/\/schema.org","@graph":[{"@type":"WebPage","@id":"https:\/\/librairie7l.com\/en\/produit\/despres-jean-bijoutier-et-orfevre\/","url":"https:\/\/librairie7l.com\/en\/produit\/despres-jean-bijoutier-et-orfevre\/","name":"JEAN DESPR\u00c9S - Librairie 7L","isPartOf":{"@id":"https:\/\/librairie7l.com\/en\/#website"},"datePublished":"2023-05-09T17:11:36+00:00","dateModified":"2026-04-05T22:06:22+00:00","breadcrumb":{"@id":"https:\/\/librairie7l.com\/en\/produit\/despres-jean-bijoutier-et-orfevre\/#breadcrumb"},"inLanguage":"en-US","potentialAction":[{"@type":"ReadAction","target":["https:\/\/librairie7l.com\/en\/produit\/despres-jean-bijoutier-et-orfevre\/"]}]},{"@type":"BreadcrumbList","@id":"https:\/\/librairie7l.com\/en\/produit\/despres-jean-bijoutier-et-orfevre\/#breadcrumb","itemListElement":[{"@type":"ListItem","position":1,"name":"Accueil","item":"https:\/\/librairie7l.com\/en\/"},{"@type":"ListItem","position":2,"name":"Shop","item":"https:\/\/librairie7l.com\/en\/shop\/"},{"@type":"ListItem","position":3,"name":"JEAN DESPR\u00c9S"}]},{"@type":"WebSite","@id":"https:\/\/librairie7l.com\/en\/#website","url":"https:\/\/librairie7l.com\/en\/","name":"Librairie 7L","description":"Librairie fond\u00e9e en 1999 par Karl Lagerfeld \u00e0 Paris","publisher":{"@id":"https:\/\/librairie7l.com\/en\/#organization"},"potentialAction":[{"@type":"SearchAction","target":{"@type":"EntryPoint","urlTemplate":"https:\/\/librairie7l.com\/en\/?s={search_term_string}"},"query-input":"required name=search_term_string"}],"inLanguage":"en-US"},{"@type":"Organization","@id":"https:\/\/librairie7l.com\/en\/#organization","name":"Librairie 7L","url":"https:\/\/librairie7l.com\/en\/","logo":{"@type":"ImageObject","inLanguage":"en-US","@id":"https:\/\/librairie7l.com\/en\/#\/schema\/logo\/image\/","url":"https:\/\/librairie7l.com\/wp-content\/uploads\/2022\/08\/logo-1.png","contentUrl":"https:\/\/librairie7l.com\/wp-content\/uploads\/2022\/08\/logo-1.png","width":227,"height":301,"caption":"Librairie 7L"},"image":{"@id":"https:\/\/librairie7l.com\/en\/#\/schema\/logo\/image\/"}}]}},"_links":{"self":[{"href":"https:\/\/librairie7l.com\/en\/wp-json\/wp\/v2\/product\/24575"}],"collection":[{"href":"https:\/\/librairie7l.com\/en\/wp-json\/wp\/v2\/product"}],"about":[{"href":"https:\/\/librairie7l.com\/en\/wp-json\/wp\/v2\/types\/product"}],"wp:featuredmedia":[{"embeddable":true,"href":"https:\/\/librairie7l.com\/en\/wp-json\/wp\/v2\/media\/24573"}],"wp:attachment":[{"href":"https:\/\/librairie7l.com\/en\/wp-json\/wp\/v2\/media?parent=24575"}],"wp:term":[{"taxonomy":"product_cat","embeddable":true,"href":"https:\/\/librairie7l.com\/en\/wp-json\/wp\/v2\/product_cat?post=24575"},{"taxonomy":"product_tag","embeddable":true,"href":"https:\/\/librairie7l.com\/en\/wp-json\/wp\/v2\/product_tag?post=24575"}],"curies":[{"name":"wp","href":"https:\/\/api.w.org\/{rel}","templated":true}]}}