{"id":24583,"date":"2023-05-09T19:11:44","date_gmt":"2023-05-09T17:11:44","guid":{"rendered":"https:\/\/librairie7l.com\/?post_type=product&#038;p=24583"},"modified":"2026-04-15T18:28:47","modified_gmt":"2026-04-15T16:28:47","slug":"janette-laverriere","status":"publish","type":"product","link":"https:\/\/librairie7l.com\/en\/produit\/janette-laverriere\/","title":{"rendered":"JANETTE LAVERRIERE"},"content":{"rendered":"<p>Janette Laverri\u00e8re.<br \/>\nN\u00e9e en 1909 en Suisse, Janette Laverri\u00e8re suit des \u00e9tudes \u00e0 l&#8217;Allgemeine Gewerbeschule de B\u00e2le et une formation dans le cabinet de son p\u00e8re, c\u00e9l\u00e8bre architecte. En 1931, elle int\u00e8gre l&#8217;agence de Jacques-\u00c9mile Ruhlmann et \u00e9pouse le d\u00e9corateur Maurice Pr\u00e9, avec qui elle travaille jusqu&#8217;en 1945. \u00c0 l&#8217;Exposition internationale des arts et techniques de 1937 \u00e0 Paris, ils r\u00e9alisent Le Pied-\u00e0-terre d&#8217;un arch\u00e9ologue aux c\u00f4t\u00e9s de Maxime Old.<br \/>\nS\u00e9par\u00e9e de Maurice Pr\u00e9, Janette Laverri\u00e8re s&#8217;oriente vers un mobilier \u00e9conomique et novateur. D\u00e8s 1950, elle entre dans les collections du Mobilier national. Ses chantiers les plus importants sont l&#8217;am\u00e9nagement du palais pr\u00e9sidentiel de Niamey et l&#8217;H\u00f4pital suisse de Paris. Dans son travail, couvrant une grande partie du XXe si\u00e8cle, on retrouve une qu\u00eate de simplicit\u00e9 et une po\u00e9sie qui se r\u00e9v\u00e8lent particuli\u00e8rement dans les miroirs qu&#8217;elle n&#8217;a cess\u00e9 de cr\u00e9er de 1936 \u00e0 aujourd&#8217;hui.<\/p>\n","protected":false},"excerpt":{"rendered":"<p>Janette Laverri\u00e8re. N\u00e9e en 1909 en Suisse, Janette Laverri\u00e8re suit des \u00e9tudes \u00e0 l&#8217;Allgemeine Gewerbeschule de B\u00e2le et une formation dans le cabinet de son p\u00e8re, c\u00e9l\u00e8bre architecte. En 1931, elle int\u00e8gre l&#8217;agence de Jacques-\u00c9mile Ruhlmann et \u00e9pouse le d\u00e9corateur Maurice Pr\u00e9, avec qui elle travaille jusqu&#8217;en 1945. \u00c0 l&#8217;Exposition internationale des arts et techniques [&hellip;]<\/p>\n","protected":false},"featured_media":24581,"template":"","meta":[],"product_cat":[55,2948,18,2952],"product_tag":[],"acf":[],"yoast_head":"<!-- This site is optimized with the Yoast SEO plugin v20.11 - https:\/\/yoast.com\/wordpress\/plugins\/seo\/ -->\n<title>JANETTE LAVERRIERE - Librairie 7L<\/title>\n<meta name=\"robots\" content=\"index, follow, max-snippet:-1, max-image-preview:large, max-video-preview:-1\" \/>\n<link rel=\"canonical\" href=\"https:\/\/librairie7l.com\/en\/produit\/janette-laverriere\/\" \/>\n<meta property=\"og:locale\" content=\"en_US\" \/>\n<meta property=\"og:type\" content=\"article\" \/>\n<meta property=\"og:title\" content=\"JANETTE LAVERRIERE - Librairie 7L\" \/>\n<meta property=\"og:description\" content=\"Janette Laverri\u00e8re. N\u00e9e en 1909 en Suisse, Janette Laverri\u00e8re suit des \u00e9tudes \u00e0 l&#8217;Allgemeine Gewerbeschule de B\u00e2le et une formation dans le cabinet de son p\u00e8re, c\u00e9l\u00e8bre architecte. En 1931, elle int\u00e8gre l&#8217;agence de Jacques-\u00c9mile Ruhlmann et \u00e9pouse le d\u00e9corateur Maurice Pr\u00e9, avec qui elle travaille jusqu&#8217;en 1945. \u00c0 l&#8217;Exposition internationale des arts et techniques [&hellip;]\" \/>\n<meta property=\"og:url\" content=\"https:\/\/librairie7l.com\/en\/produit\/janette-laverriere\/\" \/>\n<meta property=\"og:site_name\" content=\"Librairie 7L\" \/>\n<meta property=\"article:modified_time\" content=\"2026-04-15T16:28:47+00:00\" \/>\n<meta property=\"og:image\" content=\"https:\/\/librairie7l.com\/wp-content\/uploads\/2004\/04\/9782909283883_1_75.jpg\" \/>\n\t<meta property=\"og:image:width\" content=\"400\" \/>\n\t<meta property=\"og:image:height\" content=\"542\" \/>\n\t<meta property=\"og:image:type\" content=\"image\/jpeg\" \/>\n<meta name=\"twitter:card\" content=\"summary_large_image\" \/>\n<meta name=\"twitter:label1\" content=\"Est. reading time\" \/>\n\t<meta name=\"twitter:data1\" content=\"1 minute\" \/>\n<script type=\"application\/ld+json\" class=\"yoast-schema-graph\">{\"@context\":\"https:\/\/schema.org\",\"@graph\":[{\"@type\":\"WebPage\",\"@id\":\"https:\/\/librairie7l.com\/en\/produit\/janette-laverriere\/\",\"url\":\"https:\/\/librairie7l.com\/en\/produit\/janette-laverriere\/\",\"name\":\"JANETTE LAVERRIERE - Librairie 7L\",\"isPartOf\":{\"@id\":\"https:\/\/librairie7l.com\/en\/#website\"},\"datePublished\":\"2023-05-09T17:11:44+00:00\",\"dateModified\":\"2026-04-15T16:28:47+00:00\",\"breadcrumb\":{\"@id\":\"https:\/\/librairie7l.com\/en\/produit\/janette-laverriere\/#breadcrumb\"},\"inLanguage\":\"en-US\",\"potentialAction\":[{\"@type\":\"ReadAction\",\"target\":[\"https:\/\/librairie7l.com\/en\/produit\/janette-laverriere\/\"]}]},{\"@type\":\"BreadcrumbList\",\"@id\":\"https:\/\/librairie7l.com\/en\/produit\/janette-laverriere\/#breadcrumb\",\"itemListElement\":[{\"@type\":\"ListItem\",\"position\":1,\"name\":\"Accueil\",\"item\":\"https:\/\/librairie7l.com\/en\/\"},{\"@type\":\"ListItem\",\"position\":2,\"name\":\"Shop\",\"item\":\"https:\/\/librairie7l.com\/en\/shop\/\"},{\"@type\":\"ListItem\",\"position\":3,\"name\":\"JANETTE LAVERRIERE\"}]},{\"@type\":\"WebSite\",\"@id\":\"https:\/\/librairie7l.com\/en\/#website\",\"url\":\"https:\/\/librairie7l.com\/en\/\",\"name\":\"Librairie 7L\",\"description\":\"Librairie fond\u00e9e en 1999 par Karl Lagerfeld \u00e0 Paris\",\"publisher\":{\"@id\":\"https:\/\/librairie7l.com\/en\/#organization\"},\"potentialAction\":[{\"@type\":\"SearchAction\",\"target\":{\"@type\":\"EntryPoint\",\"urlTemplate\":\"https:\/\/librairie7l.com\/en\/?s={search_term_string}\"},\"query-input\":\"required name=search_term_string\"}],\"inLanguage\":\"en-US\"},{\"@type\":\"Organization\",\"@id\":\"https:\/\/librairie7l.com\/en\/#organization\",\"name\":\"Librairie 7L\",\"url\":\"https:\/\/librairie7l.com\/en\/\",\"logo\":{\"@type\":\"ImageObject\",\"inLanguage\":\"en-US\",\"@id\":\"https:\/\/librairie7l.com\/en\/#\/schema\/logo\/image\/\",\"url\":\"https:\/\/librairie7l.com\/wp-content\/uploads\/2022\/08\/logo-1.png\",\"contentUrl\":\"https:\/\/librairie7l.com\/wp-content\/uploads\/2022\/08\/logo-1.png\",\"width\":227,\"height\":301,\"caption\":\"Librairie 7L\"},\"image\":{\"@id\":\"https:\/\/librairie7l.com\/en\/#\/schema\/logo\/image\/\"}}]}<\/script>\n<!-- \/ Yoast SEO plugin. -->","yoast_head_json":{"title":"JANETTE LAVERRIERE - Librairie 7L","robots":{"index":"index","follow":"follow","max-snippet":"max-snippet:-1","max-image-preview":"max-image-preview:large","max-video-preview":"max-video-preview:-1"},"canonical":"https:\/\/librairie7l.com\/en\/produit\/janette-laverriere\/","og_locale":"en_US","og_type":"article","og_title":"JANETTE LAVERRIERE - Librairie 7L","og_description":"Janette Laverri\u00e8re. N\u00e9e en 1909 en Suisse, Janette Laverri\u00e8re suit des \u00e9tudes \u00e0 l&#8217;Allgemeine Gewerbeschule de B\u00e2le et une formation dans le cabinet de son p\u00e8re, c\u00e9l\u00e8bre architecte. En 1931, elle int\u00e8gre l&#8217;agence de Jacques-\u00c9mile Ruhlmann et \u00e9pouse le d\u00e9corateur Maurice Pr\u00e9, avec qui elle travaille jusqu&#8217;en 1945. \u00c0 l&#8217;Exposition internationale des arts et techniques [&hellip;]","og_url":"https:\/\/librairie7l.com\/en\/produit\/janette-laverriere\/","og_site_name":"Librairie 7L","article_modified_time":"2026-04-15T16:28:47+00:00","og_image":[{"width":400,"height":542,"url":"https:\/\/librairie7l.com\/wp-content\/uploads\/2004\/04\/9782909283883_1_75.jpg","type":"image\/jpeg"}],"twitter_card":"summary_large_image","twitter_misc":{"Est. reading time":"1 minute"},"schema":{"@context":"https:\/\/schema.org","@graph":[{"@type":"WebPage","@id":"https:\/\/librairie7l.com\/en\/produit\/janette-laverriere\/","url":"https:\/\/librairie7l.com\/en\/produit\/janette-laverriere\/","name":"JANETTE LAVERRIERE - Librairie 7L","isPartOf":{"@id":"https:\/\/librairie7l.com\/en\/#website"},"datePublished":"2023-05-09T17:11:44+00:00","dateModified":"2026-04-15T16:28:47+00:00","breadcrumb":{"@id":"https:\/\/librairie7l.com\/en\/produit\/janette-laverriere\/#breadcrumb"},"inLanguage":"en-US","potentialAction":[{"@type":"ReadAction","target":["https:\/\/librairie7l.com\/en\/produit\/janette-laverriere\/"]}]},{"@type":"BreadcrumbList","@id":"https:\/\/librairie7l.com\/en\/produit\/janette-laverriere\/#breadcrumb","itemListElement":[{"@type":"ListItem","position":1,"name":"Accueil","item":"https:\/\/librairie7l.com\/en\/"},{"@type":"ListItem","position":2,"name":"Shop","item":"https:\/\/librairie7l.com\/en\/shop\/"},{"@type":"ListItem","position":3,"name":"JANETTE LAVERRIERE"}]},{"@type":"WebSite","@id":"https:\/\/librairie7l.com\/en\/#website","url":"https:\/\/librairie7l.com\/en\/","name":"Librairie 7L","description":"Librairie fond\u00e9e en 1999 par Karl Lagerfeld \u00e0 Paris","publisher":{"@id":"https:\/\/librairie7l.com\/en\/#organization"},"potentialAction":[{"@type":"SearchAction","target":{"@type":"EntryPoint","urlTemplate":"https:\/\/librairie7l.com\/en\/?s={search_term_string}"},"query-input":"required name=search_term_string"}],"inLanguage":"en-US"},{"@type":"Organization","@id":"https:\/\/librairie7l.com\/en\/#organization","name":"Librairie 7L","url":"https:\/\/librairie7l.com\/en\/","logo":{"@type":"ImageObject","inLanguage":"en-US","@id":"https:\/\/librairie7l.com\/en\/#\/schema\/logo\/image\/","url":"https:\/\/librairie7l.com\/wp-content\/uploads\/2022\/08\/logo-1.png","contentUrl":"https:\/\/librairie7l.com\/wp-content\/uploads\/2022\/08\/logo-1.png","width":227,"height":301,"caption":"Librairie 7L"},"image":{"@id":"https:\/\/librairie7l.com\/en\/#\/schema\/logo\/image\/"}}]}},"_links":{"self":[{"href":"https:\/\/librairie7l.com\/en\/wp-json\/wp\/v2\/product\/24583"}],"collection":[{"href":"https:\/\/librairie7l.com\/en\/wp-json\/wp\/v2\/product"}],"about":[{"href":"https:\/\/librairie7l.com\/en\/wp-json\/wp\/v2\/types\/product"}],"wp:featuredmedia":[{"embeddable":true,"href":"https:\/\/librairie7l.com\/en\/wp-json\/wp\/v2\/media\/24581"}],"wp:attachment":[{"href":"https:\/\/librairie7l.com\/en\/wp-json\/wp\/v2\/media?parent=24583"}],"wp:term":[{"taxonomy":"product_cat","embeddable":true,"href":"https:\/\/librairie7l.com\/en\/wp-json\/wp\/v2\/product_cat?post=24583"},{"taxonomy":"product_tag","embeddable":true,"href":"https:\/\/librairie7l.com\/en\/wp-json\/wp\/v2\/product_tag?post=24583"}],"curies":[{"name":"wp","href":"https:\/\/api.w.org\/{rel}","templated":true}]}}