{"id":24639,"date":"2023-05-09T19:12:32","date_gmt":"2023-05-09T17:12:32","guid":{"rendered":"https:\/\/librairie7l.com\/?post_type=product&#038;p=24639"},"modified":"2026-04-15T06:50:08","modified_gmt":"2026-04-15T04:50:08","slug":"mission-ceramique-collection-jean-jacques-et-benedicte-wattel","status":"publish","type":"product","link":"https:\/\/librairie7l.com\/en\/produit\/mission-ceramique-collection-jean-jacques-et-benedicte-wattel\/","title":{"rendered":"MISSION C\u00c9RAMIQUE ; COLLECTION JEAN-JACQUES ET B\u00c9N\u00c9DICTE WATTEL"},"content":{"rendered":"<p>&#8221;Mission C\u00e9ramique&#8221; est un ouvrage qui pr\u00e9sente la collection de c\u00e9ramiques fran\u00e7aises des ann\u00e9es 40, 50 et 60 de Jean Jacques et B\u00e9n\u00e9dicte Wattel.<br \/>\nCe livre a \u00e9t\u00e9 \u00e9dit\u00e9 \u00e0 l&#8217;occasion des expositions de cette collection au Mus\u00e9e de la Fa\u00efence de Sarreguemines (25 Juin 2013 &#8211; 3 Novembre 2013) et au Mus\u00e9e d&#8217;Art Moderne de Troyes (16 Novembre 2013 &#8211; 6 Avril 2014).<br \/>\nL&#8217;ouvrage est divis\u00e9 en trois parties :<br \/>\n&#8211; la premi\u00e8re partie, historique, retrace le parcours artistique des c\u00e9ramistes collectionn\u00e9s. L&#8217;approche privil\u00e9gi\u00e9e consiste en une \u00e9tude des productions selon les \u00e9poques plut\u00f4t que selon les artistes. Ainsi sont d\u00e9gag\u00e9es les tendances et aspirations artistiques de chaque d\u00e9cennie.<br \/>\n&#8211; la seconde partie, plus personnelle, aborde la mani\u00e8re dont a \u00e9t\u00e9 r\u00e9unie cette collection \u00e0 travers les motivations et les \u00e9tats d&#8217;\u00e2me des intervenants.<br \/>\n&#8211; enfin, la troisi\u00e8me partie, sorte d&#8217;ab\u00e9c\u00e9daire, montre une oeuvre de chacun des c\u00e9ramistes importants de la p\u00e9riode.<br \/>\nCette collection regroupe principalement des oeuvres de La Borne, Paris et Vallauris \u00e0 travers des artistes embl\u00e9matiques tels que Lerat, Jouve, Madoura, Innocenti et Derval, mais aussi d&#8217;artistes moins connus tels que Tessier, Rozay, Guillot ou Coust\u00e8re.<br \/>\nC&#8217;est un panorama choisi des productions de l&#8217;apr\u00e8s-guerre \u00e0 la fin des ann\u00e9es 60 et le livre montre, au travers de c\u00e9ramiques souvent imposantes, le foisonnement artistique tr\u00e8s d\u00e9velopp\u00e9 et abouti au cours de la p\u00e9riode consid\u00e9r\u00e9e. La profusion des renseignements, les angles historiques propos\u00e9s et les quelques 600 photos en font un livre incontournable pour les passionn\u00e9s de c\u00e9ramiques.<\/p>\n","protected":false},"excerpt":{"rendered":"<p>&#8221;Mission C\u00e9ramique&#8221; est un ouvrage qui pr\u00e9sente la collection de c\u00e9ramiques fran\u00e7aises des ann\u00e9es 40, 50 et 60 de Jean Jacques et B\u00e9n\u00e9dicte Wattel. Ce livre a \u00e9t\u00e9 \u00e9dit\u00e9 \u00e0 l&#8217;occasion des expositions de cette collection au Mus\u00e9e de la Fa\u00efence de Sarreguemines (25 Juin 2013 &#8211; 3 Novembre 2013) et au Mus\u00e9e d&#8217;Art Moderne [&hellip;]<\/p>\n","protected":false},"featured_media":24637,"template":"","meta":[],"product_cat":[55,2948,18,2952],"product_tag":[],"acf":[],"yoast_head":"<!-- This site is optimized with the Yoast SEO plugin v20.11 - https:\/\/yoast.com\/wordpress\/plugins\/seo\/ -->\n<title>MISSION C\u00c9RAMIQUE ; COLLECTION JEAN-JACQUES ET B\u00c9N\u00c9DICTE WATTEL - Librairie 7L<\/title>\n<meta name=\"robots\" content=\"index, follow, max-snippet:-1, max-image-preview:large, max-video-preview:-1\" \/>\n<link rel=\"canonical\" href=\"https:\/\/librairie7l.com\/en\/produit\/mission-ceramique-collection-jean-jacques-et-benedicte-wattel\/\" \/>\n<meta property=\"og:locale\" content=\"en_US\" \/>\n<meta property=\"og:type\" content=\"article\" \/>\n<meta property=\"og:title\" content=\"MISSION C\u00c9RAMIQUE ; COLLECTION JEAN-JACQUES ET B\u00c9N\u00c9DICTE WATTEL - Librairie 7L\" \/>\n<meta property=\"og:description\" content=\"&#8221;Mission C\u00e9ramique&#8221; est un ouvrage qui pr\u00e9sente la collection de c\u00e9ramiques fran\u00e7aises des ann\u00e9es 40, 50 et 60 de Jean Jacques et B\u00e9n\u00e9dicte Wattel. Ce livre a \u00e9t\u00e9 \u00e9dit\u00e9 \u00e0 l&#8217;occasion des expositions de cette collection au Mus\u00e9e de la Fa\u00efence de Sarreguemines (25 Juin 2013 &#8211; 3 Novembre 2013) et au Mus\u00e9e d&#8217;Art Moderne [&hellip;]\" \/>\n<meta property=\"og:url\" content=\"https:\/\/librairie7l.com\/en\/produit\/mission-ceramique-collection-jean-jacques-et-benedicte-wattel\/\" \/>\n<meta property=\"og:site_name\" content=\"Librairie 7L\" \/>\n<meta property=\"article:modified_time\" content=\"2026-04-15T04:50:08+00:00\" \/>\n<meta property=\"og:image\" content=\"https:\/\/librairie7l.com\/wp-content\/uploads\/2013\/06\/9782954497303_1_75.jpg\" \/>\n\t<meta property=\"og:image:width\" content=\"500\" \/>\n\t<meta property=\"og:image:height\" content=\"674\" \/>\n\t<meta property=\"og:image:type\" content=\"image\/jpeg\" \/>\n<meta name=\"twitter:card\" content=\"summary_large_image\" \/>\n<meta name=\"twitter:label1\" content=\"Est. reading time\" \/>\n\t<meta name=\"twitter:data1\" content=\"1 minute\" \/>\n<script type=\"application\/ld+json\" class=\"yoast-schema-graph\">{\"@context\":\"https:\/\/schema.org\",\"@graph\":[{\"@type\":\"WebPage\",\"@id\":\"https:\/\/librairie7l.com\/en\/produit\/mission-ceramique-collection-jean-jacques-et-benedicte-wattel\/\",\"url\":\"https:\/\/librairie7l.com\/en\/produit\/mission-ceramique-collection-jean-jacques-et-benedicte-wattel\/\",\"name\":\"MISSION C\u00c9RAMIQUE ; COLLECTION JEAN-JACQUES ET B\u00c9N\u00c9DICTE WATTEL - Librairie 7L\",\"isPartOf\":{\"@id\":\"https:\/\/librairie7l.com\/en\/#website\"},\"datePublished\":\"2023-05-09T17:12:32+00:00\",\"dateModified\":\"2026-04-15T04:50:08+00:00\",\"breadcrumb\":{\"@id\":\"https:\/\/librairie7l.com\/en\/produit\/mission-ceramique-collection-jean-jacques-et-benedicte-wattel\/#breadcrumb\"},\"inLanguage\":\"en-US\",\"potentialAction\":[{\"@type\":\"ReadAction\",\"target\":[\"https:\/\/librairie7l.com\/en\/produit\/mission-ceramique-collection-jean-jacques-et-benedicte-wattel\/\"]}]},{\"@type\":\"BreadcrumbList\",\"@id\":\"https:\/\/librairie7l.com\/en\/produit\/mission-ceramique-collection-jean-jacques-et-benedicte-wattel\/#breadcrumb\",\"itemListElement\":[{\"@type\":\"ListItem\",\"position\":1,\"name\":\"Accueil\",\"item\":\"https:\/\/librairie7l.com\/en\/\"},{\"@type\":\"ListItem\",\"position\":2,\"name\":\"Shop\",\"item\":\"https:\/\/librairie7l.com\/en\/shop\/\"},{\"@type\":\"ListItem\",\"position\":3,\"name\":\"MISSION C\u00c9RAMIQUE ; COLLECTION JEAN-JACQUES ET B\u00c9N\u00c9DICTE WATTEL\"}]},{\"@type\":\"WebSite\",\"@id\":\"https:\/\/librairie7l.com\/en\/#website\",\"url\":\"https:\/\/librairie7l.com\/en\/\",\"name\":\"Librairie 7L\",\"description\":\"Librairie fond\u00e9e en 1999 par Karl Lagerfeld \u00e0 Paris\",\"publisher\":{\"@id\":\"https:\/\/librairie7l.com\/en\/#organization\"},\"potentialAction\":[{\"@type\":\"SearchAction\",\"target\":{\"@type\":\"EntryPoint\",\"urlTemplate\":\"https:\/\/librairie7l.com\/en\/?s={search_term_string}\"},\"query-input\":\"required name=search_term_string\"}],\"inLanguage\":\"en-US\"},{\"@type\":\"Organization\",\"@id\":\"https:\/\/librairie7l.com\/en\/#organization\",\"name\":\"Librairie 7L\",\"url\":\"https:\/\/librairie7l.com\/en\/\",\"logo\":{\"@type\":\"ImageObject\",\"inLanguage\":\"en-US\",\"@id\":\"https:\/\/librairie7l.com\/en\/#\/schema\/logo\/image\/\",\"url\":\"https:\/\/librairie7l.com\/wp-content\/uploads\/2022\/08\/logo-1.png\",\"contentUrl\":\"https:\/\/librairie7l.com\/wp-content\/uploads\/2022\/08\/logo-1.png\",\"width\":227,\"height\":301,\"caption\":\"Librairie 7L\"},\"image\":{\"@id\":\"https:\/\/librairie7l.com\/en\/#\/schema\/logo\/image\/\"}}]}<\/script>\n<!-- \/ Yoast SEO plugin. -->","yoast_head_json":{"title":"MISSION C\u00c9RAMIQUE ; COLLECTION JEAN-JACQUES ET B\u00c9N\u00c9DICTE WATTEL - Librairie 7L","robots":{"index":"index","follow":"follow","max-snippet":"max-snippet:-1","max-image-preview":"max-image-preview:large","max-video-preview":"max-video-preview:-1"},"canonical":"https:\/\/librairie7l.com\/en\/produit\/mission-ceramique-collection-jean-jacques-et-benedicte-wattel\/","og_locale":"en_US","og_type":"article","og_title":"MISSION C\u00c9RAMIQUE ; COLLECTION JEAN-JACQUES ET B\u00c9N\u00c9DICTE WATTEL - Librairie 7L","og_description":"&#8221;Mission C\u00e9ramique&#8221; est un ouvrage qui pr\u00e9sente la collection de c\u00e9ramiques fran\u00e7aises des ann\u00e9es 40, 50 et 60 de Jean Jacques et B\u00e9n\u00e9dicte Wattel. Ce livre a \u00e9t\u00e9 \u00e9dit\u00e9 \u00e0 l&#8217;occasion des expositions de cette collection au Mus\u00e9e de la Fa\u00efence de Sarreguemines (25 Juin 2013 &#8211; 3 Novembre 2013) et au Mus\u00e9e d&#8217;Art Moderne [&hellip;]","og_url":"https:\/\/librairie7l.com\/en\/produit\/mission-ceramique-collection-jean-jacques-et-benedicte-wattel\/","og_site_name":"Librairie 7L","article_modified_time":"2026-04-15T04:50:08+00:00","og_image":[{"width":500,"height":674,"url":"https:\/\/librairie7l.com\/wp-content\/uploads\/2013\/06\/9782954497303_1_75.jpg","type":"image\/jpeg"}],"twitter_card":"summary_large_image","twitter_misc":{"Est. reading time":"1 minute"},"schema":{"@context":"https:\/\/schema.org","@graph":[{"@type":"WebPage","@id":"https:\/\/librairie7l.com\/en\/produit\/mission-ceramique-collection-jean-jacques-et-benedicte-wattel\/","url":"https:\/\/librairie7l.com\/en\/produit\/mission-ceramique-collection-jean-jacques-et-benedicte-wattel\/","name":"MISSION C\u00c9RAMIQUE ; COLLECTION JEAN-JACQUES ET B\u00c9N\u00c9DICTE WATTEL - Librairie 7L","isPartOf":{"@id":"https:\/\/librairie7l.com\/en\/#website"},"datePublished":"2023-05-09T17:12:32+00:00","dateModified":"2026-04-15T04:50:08+00:00","breadcrumb":{"@id":"https:\/\/librairie7l.com\/en\/produit\/mission-ceramique-collection-jean-jacques-et-benedicte-wattel\/#breadcrumb"},"inLanguage":"en-US","potentialAction":[{"@type":"ReadAction","target":["https:\/\/librairie7l.com\/en\/produit\/mission-ceramique-collection-jean-jacques-et-benedicte-wattel\/"]}]},{"@type":"BreadcrumbList","@id":"https:\/\/librairie7l.com\/en\/produit\/mission-ceramique-collection-jean-jacques-et-benedicte-wattel\/#breadcrumb","itemListElement":[{"@type":"ListItem","position":1,"name":"Accueil","item":"https:\/\/librairie7l.com\/en\/"},{"@type":"ListItem","position":2,"name":"Shop","item":"https:\/\/librairie7l.com\/en\/shop\/"},{"@type":"ListItem","position":3,"name":"MISSION C\u00c9RAMIQUE ; COLLECTION JEAN-JACQUES ET B\u00c9N\u00c9DICTE WATTEL"}]},{"@type":"WebSite","@id":"https:\/\/librairie7l.com\/en\/#website","url":"https:\/\/librairie7l.com\/en\/","name":"Librairie 7L","description":"Librairie fond\u00e9e en 1999 par Karl Lagerfeld \u00e0 Paris","publisher":{"@id":"https:\/\/librairie7l.com\/en\/#organization"},"potentialAction":[{"@type":"SearchAction","target":{"@type":"EntryPoint","urlTemplate":"https:\/\/librairie7l.com\/en\/?s={search_term_string}"},"query-input":"required name=search_term_string"}],"inLanguage":"en-US"},{"@type":"Organization","@id":"https:\/\/librairie7l.com\/en\/#organization","name":"Librairie 7L","url":"https:\/\/librairie7l.com\/en\/","logo":{"@type":"ImageObject","inLanguage":"en-US","@id":"https:\/\/librairie7l.com\/en\/#\/schema\/logo\/image\/","url":"https:\/\/librairie7l.com\/wp-content\/uploads\/2022\/08\/logo-1.png","contentUrl":"https:\/\/librairie7l.com\/wp-content\/uploads\/2022\/08\/logo-1.png","width":227,"height":301,"caption":"Librairie 7L"},"image":{"@id":"https:\/\/librairie7l.com\/en\/#\/schema\/logo\/image\/"}}]}},"_links":{"self":[{"href":"https:\/\/librairie7l.com\/en\/wp-json\/wp\/v2\/product\/24639"}],"collection":[{"href":"https:\/\/librairie7l.com\/en\/wp-json\/wp\/v2\/product"}],"about":[{"href":"https:\/\/librairie7l.com\/en\/wp-json\/wp\/v2\/types\/product"}],"wp:featuredmedia":[{"embeddable":true,"href":"https:\/\/librairie7l.com\/en\/wp-json\/wp\/v2\/media\/24637"}],"wp:attachment":[{"href":"https:\/\/librairie7l.com\/en\/wp-json\/wp\/v2\/media?parent=24639"}],"wp:term":[{"taxonomy":"product_cat","embeddable":true,"href":"https:\/\/librairie7l.com\/en\/wp-json\/wp\/v2\/product_cat?post=24639"},{"taxonomy":"product_tag","embeddable":true,"href":"https:\/\/librairie7l.com\/en\/wp-json\/wp\/v2\/product_tag?post=24639"}],"curies":[{"name":"wp","href":"https:\/\/api.w.org\/{rel}","templated":true}]}}