{"id":24671,"date":"2023-05-09T19:13:00","date_gmt":"2023-05-09T17:13:00","guid":{"rendered":"https:\/\/librairie7l.com\/?post_type=product&#038;p=24671"},"modified":"2026-04-30T22:06:02","modified_gmt":"2026-04-30T20:06:02","slug":"andree-putman-au-capc-par-heinz-peter-knes","status":"publish","type":"product","link":"https:\/\/librairie7l.com\/en\/produit\/andree-putman-au-capc-par-heinz-peter-knes\/","title":{"rendered":"ANDR\u00c9E PUTMAN AU CAPC PAR HEINZ PETER KNES"},"content":{"rendered":"<p>L&#8217;am\u00e9nagement du CAPC mus\u00e9e par Andr\u00e9e Putman (1983 \/ 1990), ambitieux projet men\u00e9 sur plus de dix ans, a fait date. Il est toujours consid\u00e9r\u00e9 \u00e0 ce jour comme un mod\u00e8le d&#8217;int\u00e9gration et s&#8217;affirme comme le r\u00e9sultat d&#8217;une conjonction fructueuse entre une architecture s\u00e9culaire (L&#8217;Entrep\u00f4t Lain\u00e9) et un contexte de production contemporaine (le CAPC mus\u00e9e) r\u00e9pondant ainsi aux besoins sp\u00e9cifiques d&#8217;un projet de vie culturelle.<br \/>\nPrenant en consid\u00e9ration l&#8217;int\u00e9gralit\u00e9 des espaces et l&#8217;ensemble des activit\u00e9s du CAPC mus\u00e9e, Andr\u00e9e Putman va imposer \u00e0 la fois une \u00e9criture plastique radicale et un v\u00e9ritable mode de vie dans ce contexte exceptionnel, d\u00e9veloppant une vision puissante et coh\u00e9rente, une oeuvre d&#8217;art totale unique au monde. Andr\u00e9e Putman propose pour le CAPC mus\u00e9e un vocabulaire riche fait \u00e0 la fois de nombreuses \u00e9ditions et r\u00e9\u00e9ditions sp\u00e9cifiques montrant son engagement aupr\u00e8s des cr\u00e9ateurs de diverses g\u00e9n\u00e9rations (fauteuils, banquettes et chaises Mallet-Stevens ; lampe Mariano Fortuny&#8230;) mais aussi de multiples cr\u00e9ations qu&#8217;elle aura dessin\u00e9es, qui resteront des pi\u00e8ces uniques (banque d&#8217;accueil du mus\u00e9e, boutons de tiroir, bureau de la direction, chaises \u00e9critoire, paravents avec lutrin, suspensions japonaises, tableaux \u00e0 plateaux inclinables pour la biblioth\u00e8que etc.) Le livre que le CAPC consacre \u00e0 Andr\u00e9e Putman souhaite rendre hommage et faire \u00e9cho \u00e0 l&#8217;ambition de ce projet ainsi qu&#8217;\u00e0 l&#8217;ampleur visuelle qu&#8217;il constitue. L&#8217;ouvrage donne acc\u00e8s \u00e0 un vaste catalogue de formes peu connu du grand public.<br \/>\nAfin de rendre compte de cette richesse et d\u00e9passer la vision utopique que constituent les images d&#8217;archives des ann\u00e9es 1990, un nouveau regard photographique s&#8217;imposait qui puisse concilier inventaire m\u00e9thodique de l&#8217;\u00e9criture putmanienne et po\u00e9sie des formes. C&#8217;est le d\u00e9fi qu&#8217;a relev\u00e9 l&#8217;artiste photographe allemand Heinz Peter Knes dont les images au coeur de cet ouvrage rendent compte plus de 20 ans apr\u00e8s du devenir et des \u00e9volutions de l&#8217;\u00e9criture plastique d&#8217;Andr\u00e9e Putman au regard des mutations de cet environnement au cours du temps, op\u00e9rant ainsi une dialectique visuelle entre mode de vie propos\u00e9 et mode de vie produit.<\/p>\n","protected":false},"excerpt":{"rendered":"<p>L&#8217;am\u00e9nagement du CAPC mus\u00e9e par Andr\u00e9e Putman (1983 \/ 1990), ambitieux projet men\u00e9 sur plus de dix ans, a fait date. Il est toujours consid\u00e9r\u00e9 \u00e0 ce jour comme un mod\u00e8le d&#8217;int\u00e9gration et s&#8217;affirme comme le r\u00e9sultat d&#8217;une conjonction fructueuse entre une architecture s\u00e9culaire (L&#8217;Entrep\u00f4t Lain\u00e9) et un contexte de production contemporaine (le CAPC mus\u00e9e) [&hellip;]<\/p>\n","protected":false},"featured_media":24669,"template":"","meta":[],"product_cat":[55,2948,46,2951],"product_tag":[],"acf":[],"yoast_head":"<!-- This site is optimized with the Yoast SEO plugin v20.11 - https:\/\/yoast.com\/wordpress\/plugins\/seo\/ -->\n<title>ANDR\u00c9E PUTMAN AU CAPC PAR HEINZ PETER KNES - Librairie 7L<\/title>\n<meta name=\"robots\" content=\"index, follow, max-snippet:-1, max-image-preview:large, max-video-preview:-1\" \/>\n<link rel=\"canonical\" href=\"https:\/\/librairie7l.com\/en\/produit\/andree-putman-au-capc-par-heinz-peter-knes\/\" \/>\n<meta property=\"og:locale\" content=\"en_US\" \/>\n<meta property=\"og:type\" content=\"article\" \/>\n<meta property=\"og:title\" content=\"ANDR\u00c9E PUTMAN AU CAPC PAR HEINZ PETER KNES - Librairie 7L\" \/>\n<meta property=\"og:description\" content=\"L&#8217;am\u00e9nagement du CAPC mus\u00e9e par Andr\u00e9e Putman (1983 \/ 1990), ambitieux projet men\u00e9 sur plus de dix ans, a fait date. Il est toujours consid\u00e9r\u00e9 \u00e0 ce jour comme un mod\u00e8le d&#8217;int\u00e9gration et s&#8217;affirme comme le r\u00e9sultat d&#8217;une conjonction fructueuse entre une architecture s\u00e9culaire (L&#8217;Entrep\u00f4t Lain\u00e9) et un contexte de production contemporaine (le CAPC mus\u00e9e) [&hellip;]\" \/>\n<meta property=\"og:url\" content=\"https:\/\/librairie7l.com\/en\/produit\/andree-putman-au-capc-par-heinz-peter-knes\/\" \/>\n<meta property=\"og:site_name\" content=\"Librairie 7L\" \/>\n<meta property=\"article:modified_time\" content=\"2026-04-30T20:06:02+00:00\" \/>\n<meta property=\"og:image\" content=\"https:\/\/librairie7l.com\/wp-content\/uploads\/2015\/12\/9782877212274_1_75.jpg\" \/>\n\t<meta property=\"og:image:width\" content=\"208\" \/>\n\t<meta property=\"og:image:height\" content=\"300\" \/>\n\t<meta property=\"og:image:type\" content=\"image\/jpeg\" \/>\n<meta name=\"twitter:card\" content=\"summary_large_image\" \/>\n<meta name=\"twitter:label1\" content=\"Est. reading time\" \/>\n\t<meta name=\"twitter:data1\" content=\"2 minutes\" \/>\n<script type=\"application\/ld+json\" class=\"yoast-schema-graph\">{\"@context\":\"https:\/\/schema.org\",\"@graph\":[{\"@type\":\"WebPage\",\"@id\":\"https:\/\/librairie7l.com\/en\/produit\/andree-putman-au-capc-par-heinz-peter-knes\/\",\"url\":\"https:\/\/librairie7l.com\/en\/produit\/andree-putman-au-capc-par-heinz-peter-knes\/\",\"name\":\"ANDR\u00c9E PUTMAN AU CAPC PAR HEINZ PETER KNES - Librairie 7L\",\"isPartOf\":{\"@id\":\"https:\/\/librairie7l.com\/en\/#website\"},\"datePublished\":\"2023-05-09T17:13:00+00:00\",\"dateModified\":\"2026-04-30T20:06:02+00:00\",\"breadcrumb\":{\"@id\":\"https:\/\/librairie7l.com\/en\/produit\/andree-putman-au-capc-par-heinz-peter-knes\/#breadcrumb\"},\"inLanguage\":\"en-US\",\"potentialAction\":[{\"@type\":\"ReadAction\",\"target\":[\"https:\/\/librairie7l.com\/en\/produit\/andree-putman-au-capc-par-heinz-peter-knes\/\"]}]},{\"@type\":\"BreadcrumbList\",\"@id\":\"https:\/\/librairie7l.com\/en\/produit\/andree-putman-au-capc-par-heinz-peter-knes\/#breadcrumb\",\"itemListElement\":[{\"@type\":\"ListItem\",\"position\":1,\"name\":\"Accueil\",\"item\":\"https:\/\/librairie7l.com\/en\/\"},{\"@type\":\"ListItem\",\"position\":2,\"name\":\"Shop\",\"item\":\"https:\/\/librairie7l.com\/en\/shop\/\"},{\"@type\":\"ListItem\",\"position\":3,\"name\":\"ANDR\u00c9E PUTMAN AU CAPC PAR HEINZ PETER KNES\"}]},{\"@type\":\"WebSite\",\"@id\":\"https:\/\/librairie7l.com\/en\/#website\",\"url\":\"https:\/\/librairie7l.com\/en\/\",\"name\":\"Librairie 7L\",\"description\":\"Librairie fond\u00e9e en 1999 par Karl Lagerfeld \u00e0 Paris\",\"publisher\":{\"@id\":\"https:\/\/librairie7l.com\/en\/#organization\"},\"potentialAction\":[{\"@type\":\"SearchAction\",\"target\":{\"@type\":\"EntryPoint\",\"urlTemplate\":\"https:\/\/librairie7l.com\/en\/?s={search_term_string}\"},\"query-input\":\"required name=search_term_string\"}],\"inLanguage\":\"en-US\"},{\"@type\":\"Organization\",\"@id\":\"https:\/\/librairie7l.com\/en\/#organization\",\"name\":\"Librairie 7L\",\"url\":\"https:\/\/librairie7l.com\/en\/\",\"logo\":{\"@type\":\"ImageObject\",\"inLanguage\":\"en-US\",\"@id\":\"https:\/\/librairie7l.com\/en\/#\/schema\/logo\/image\/\",\"url\":\"https:\/\/librairie7l.com\/wp-content\/uploads\/2022\/08\/logo-1.png\",\"contentUrl\":\"https:\/\/librairie7l.com\/wp-content\/uploads\/2022\/08\/logo-1.png\",\"width\":227,\"height\":301,\"caption\":\"Librairie 7L\"},\"image\":{\"@id\":\"https:\/\/librairie7l.com\/en\/#\/schema\/logo\/image\/\"}}]}<\/script>\n<!-- \/ Yoast SEO plugin. -->","yoast_head_json":{"title":"ANDR\u00c9E PUTMAN AU CAPC PAR HEINZ PETER KNES - Librairie 7L","robots":{"index":"index","follow":"follow","max-snippet":"max-snippet:-1","max-image-preview":"max-image-preview:large","max-video-preview":"max-video-preview:-1"},"canonical":"https:\/\/librairie7l.com\/en\/produit\/andree-putman-au-capc-par-heinz-peter-knes\/","og_locale":"en_US","og_type":"article","og_title":"ANDR\u00c9E PUTMAN AU CAPC PAR HEINZ PETER KNES - Librairie 7L","og_description":"L&#8217;am\u00e9nagement du CAPC mus\u00e9e par Andr\u00e9e Putman (1983 \/ 1990), ambitieux projet men\u00e9 sur plus de dix ans, a fait date. Il est toujours consid\u00e9r\u00e9 \u00e0 ce jour comme un mod\u00e8le d&#8217;int\u00e9gration et s&#8217;affirme comme le r\u00e9sultat d&#8217;une conjonction fructueuse entre une architecture s\u00e9culaire (L&#8217;Entrep\u00f4t Lain\u00e9) et un contexte de production contemporaine (le CAPC mus\u00e9e) [&hellip;]","og_url":"https:\/\/librairie7l.com\/en\/produit\/andree-putman-au-capc-par-heinz-peter-knes\/","og_site_name":"Librairie 7L","article_modified_time":"2026-04-30T20:06:02+00:00","og_image":[{"width":208,"height":300,"url":"https:\/\/librairie7l.com\/wp-content\/uploads\/2015\/12\/9782877212274_1_75.jpg","type":"image\/jpeg"}],"twitter_card":"summary_large_image","twitter_misc":{"Est. reading time":"2 minutes"},"schema":{"@context":"https:\/\/schema.org","@graph":[{"@type":"WebPage","@id":"https:\/\/librairie7l.com\/en\/produit\/andree-putman-au-capc-par-heinz-peter-knes\/","url":"https:\/\/librairie7l.com\/en\/produit\/andree-putman-au-capc-par-heinz-peter-knes\/","name":"ANDR\u00c9E PUTMAN AU CAPC PAR HEINZ PETER KNES - Librairie 7L","isPartOf":{"@id":"https:\/\/librairie7l.com\/en\/#website"},"datePublished":"2023-05-09T17:13:00+00:00","dateModified":"2026-04-30T20:06:02+00:00","breadcrumb":{"@id":"https:\/\/librairie7l.com\/en\/produit\/andree-putman-au-capc-par-heinz-peter-knes\/#breadcrumb"},"inLanguage":"en-US","potentialAction":[{"@type":"ReadAction","target":["https:\/\/librairie7l.com\/en\/produit\/andree-putman-au-capc-par-heinz-peter-knes\/"]}]},{"@type":"BreadcrumbList","@id":"https:\/\/librairie7l.com\/en\/produit\/andree-putman-au-capc-par-heinz-peter-knes\/#breadcrumb","itemListElement":[{"@type":"ListItem","position":1,"name":"Accueil","item":"https:\/\/librairie7l.com\/en\/"},{"@type":"ListItem","position":2,"name":"Shop","item":"https:\/\/librairie7l.com\/en\/shop\/"},{"@type":"ListItem","position":3,"name":"ANDR\u00c9E PUTMAN AU CAPC PAR HEINZ PETER KNES"}]},{"@type":"WebSite","@id":"https:\/\/librairie7l.com\/en\/#website","url":"https:\/\/librairie7l.com\/en\/","name":"Librairie 7L","description":"Librairie fond\u00e9e en 1999 par Karl Lagerfeld \u00e0 Paris","publisher":{"@id":"https:\/\/librairie7l.com\/en\/#organization"},"potentialAction":[{"@type":"SearchAction","target":{"@type":"EntryPoint","urlTemplate":"https:\/\/librairie7l.com\/en\/?s={search_term_string}"},"query-input":"required name=search_term_string"}],"inLanguage":"en-US"},{"@type":"Organization","@id":"https:\/\/librairie7l.com\/en\/#organization","name":"Librairie 7L","url":"https:\/\/librairie7l.com\/en\/","logo":{"@type":"ImageObject","inLanguage":"en-US","@id":"https:\/\/librairie7l.com\/en\/#\/schema\/logo\/image\/","url":"https:\/\/librairie7l.com\/wp-content\/uploads\/2022\/08\/logo-1.png","contentUrl":"https:\/\/librairie7l.com\/wp-content\/uploads\/2022\/08\/logo-1.png","width":227,"height":301,"caption":"Librairie 7L"},"image":{"@id":"https:\/\/librairie7l.com\/en\/#\/schema\/logo\/image\/"}}]}},"_links":{"self":[{"href":"https:\/\/librairie7l.com\/en\/wp-json\/wp\/v2\/product\/24671"}],"collection":[{"href":"https:\/\/librairie7l.com\/en\/wp-json\/wp\/v2\/product"}],"about":[{"href":"https:\/\/librairie7l.com\/en\/wp-json\/wp\/v2\/types\/product"}],"wp:featuredmedia":[{"embeddable":true,"href":"https:\/\/librairie7l.com\/en\/wp-json\/wp\/v2\/media\/24669"}],"wp:attachment":[{"href":"https:\/\/librairie7l.com\/en\/wp-json\/wp\/v2\/media?parent=24671"}],"wp:term":[{"taxonomy":"product_cat","embeddable":true,"href":"https:\/\/librairie7l.com\/en\/wp-json\/wp\/v2\/product_cat?post=24671"},{"taxonomy":"product_tag","embeddable":true,"href":"https:\/\/librairie7l.com\/en\/wp-json\/wp\/v2\/product_tag?post=24671"}],"curies":[{"name":"wp","href":"https:\/\/api.w.org\/{rel}","templated":true}]}}