{"id":24679,"date":"2023-05-09T19:13:07","date_gmt":"2023-05-09T17:13:07","guid":{"rendered":"https:\/\/librairie7l.com\/?post_type=product&#038;p=24679"},"modified":"2026-04-27T01:34:49","modified_gmt":"2026-04-26T23:34:49","slug":"dans-les-champs-de-chanel-a-pegomas-pays-de-grasse","status":"publish","type":"product","link":"https:\/\/librairie7l.com\/en\/produit\/dans-les-champs-de-chanel-a-pegomas-pays-de-grasse\/","title":{"rendered":"DANS LES CHAMPS DE CHANEL ; \u00c0 P\u00c9GOMAS, PAYS DE GRASSE"},"content":{"rendered":"<p>Au coeur de la Provence, non loin de Grasse, se cache la vall\u00e9e de P\u00e9gomas o\u00f9 la famille Mul cultive des fleurs pour la parfumerie depuis plusieurs g\u00e9n\u00e9rations. Dans ce terroir unique au monde, \u00e0 l&#8217;abri des regards, s&#8217;\u00e9tendent, sur plusieurs hectares, des champs de plantes \u00e0 parfum d&#8217;exception, qui donneront naissance aux parfums de Chanel. Au fil des saisons, la rose centifolia, le jasmin de Grasse, la tub\u00e9reuse, le g\u00e9ranium rosat et l&#8217;iris pallida sont patiemment plant\u00e9s, taill\u00e9s, choy\u00e9s puis r\u00e9colt\u00e9s \u00e0 la main, selon des techniques ancestrales, avant d&#8217;\u00eatre distill\u00e9s selon des proc\u00e9d\u00e9s sp\u00e9cifiques \u00e0 chaque fleur, et pour certains uniques.<br \/>\nCet ouvrage ouvre pour la premi\u00e8re fois les portes de ce domaine r\u00e9serv\u00e9, fruit d&#8217;un partenariat scell\u00e9 en 1987 entre Chanel et la famille Mul. Sertis dans un magnifique coffret-bo\u00eetier, ce sont 6 livres reli\u00e9s avec raffinement qui retracent l&#8217;histoire de ce partenariat dans un premier tome, d\u00e9clin\u00e9e en couleurs dans les 5 suivants, chacun d\u00e9di\u00e9 \u00e0 une fleur, \u00e0 travers les textes de Lionel Paill\u00e8s et les photographies de Pierre Even.<\/p>\n","protected":false},"excerpt":{"rendered":"<p>Au coeur de la Provence, non loin de Grasse, se cache la vall\u00e9e de P\u00e9gomas o\u00f9 la famille Mul cultive des fleurs pour la parfumerie depuis plusieurs g\u00e9n\u00e9rations. Dans ce terroir unique au monde, \u00e0 l&#8217;abri des regards, s&#8217;\u00e9tendent, sur plusieurs hectares, des champs de plantes \u00e0 parfum d&#8217;exception, qui donneront naissance aux parfums de [&hellip;]<\/p>\n","protected":false},"featured_media":24677,"template":"","meta":[],"product_cat":[55,2948,2957,19],"product_tag":[],"acf":[],"yoast_head":"<!-- This site is optimized with the Yoast SEO plugin v20.11 - https:\/\/yoast.com\/wordpress\/plugins\/seo\/ -->\n<title>DANS LES CHAMPS DE CHANEL ; \u00c0 P\u00c9GOMAS, PAYS DE GRASSE - Librairie 7L<\/title>\n<meta name=\"robots\" content=\"index, follow, max-snippet:-1, max-image-preview:large, max-video-preview:-1\" \/>\n<link rel=\"canonical\" href=\"https:\/\/librairie7l.com\/en\/produit\/dans-les-champs-de-chanel-a-pegomas-pays-de-grasse\/\" \/>\n<meta property=\"og:locale\" content=\"en_US\" \/>\n<meta property=\"og:type\" content=\"article\" \/>\n<meta property=\"og:title\" content=\"DANS LES CHAMPS DE CHANEL ; \u00c0 P\u00c9GOMAS, PAYS DE GRASSE - Librairie 7L\" \/>\n<meta property=\"og:description\" content=\"Au coeur de la Provence, non loin de Grasse, se cache la vall\u00e9e de P\u00e9gomas o\u00f9 la famille Mul cultive des fleurs pour la parfumerie depuis plusieurs g\u00e9n\u00e9rations. Dans ce terroir unique au monde, \u00e0 l&#8217;abri des regards, s&#8217;\u00e9tendent, sur plusieurs hectares, des champs de plantes \u00e0 parfum d&#8217;exception, qui donneront naissance aux parfums de [&hellip;]\" \/>\n<meta property=\"og:url\" content=\"https:\/\/librairie7l.com\/en\/produit\/dans-les-champs-de-chanel-a-pegomas-pays-de-grasse\/\" \/>\n<meta property=\"og:site_name\" content=\"Librairie 7L\" \/>\n<meta property=\"article:modified_time\" content=\"2026-04-26T23:34:49+00:00\" \/>\n<meta property=\"og:image\" content=\"https:\/\/librairie7l.com\/wp-content\/uploads\/2016\/10\/9782732467900_1_75.jpg\" \/>\n\t<meta property=\"og:image:width\" content=\"1219\" \/>\n\t<meta property=\"og:image:height\" content=\"1000\" \/>\n\t<meta property=\"og:image:type\" content=\"image\/jpeg\" \/>\n<meta name=\"twitter:card\" content=\"summary_large_image\" \/>\n<meta name=\"twitter:label1\" content=\"Est. reading time\" \/>\n\t<meta name=\"twitter:data1\" content=\"1 minute\" \/>\n<script type=\"application\/ld+json\" class=\"yoast-schema-graph\">{\"@context\":\"https:\/\/schema.org\",\"@graph\":[{\"@type\":\"WebPage\",\"@id\":\"https:\/\/librairie7l.com\/en\/produit\/dans-les-champs-de-chanel-a-pegomas-pays-de-grasse\/\",\"url\":\"https:\/\/librairie7l.com\/en\/produit\/dans-les-champs-de-chanel-a-pegomas-pays-de-grasse\/\",\"name\":\"DANS LES CHAMPS DE CHANEL ; \u00c0 P\u00c9GOMAS, PAYS DE GRASSE - Librairie 7L\",\"isPartOf\":{\"@id\":\"https:\/\/librairie7l.com\/en\/#website\"},\"datePublished\":\"2023-05-09T17:13:07+00:00\",\"dateModified\":\"2026-04-26T23:34:49+00:00\",\"breadcrumb\":{\"@id\":\"https:\/\/librairie7l.com\/en\/produit\/dans-les-champs-de-chanel-a-pegomas-pays-de-grasse\/#breadcrumb\"},\"inLanguage\":\"en-US\",\"potentialAction\":[{\"@type\":\"ReadAction\",\"target\":[\"https:\/\/librairie7l.com\/en\/produit\/dans-les-champs-de-chanel-a-pegomas-pays-de-grasse\/\"]}]},{\"@type\":\"BreadcrumbList\",\"@id\":\"https:\/\/librairie7l.com\/en\/produit\/dans-les-champs-de-chanel-a-pegomas-pays-de-grasse\/#breadcrumb\",\"itemListElement\":[{\"@type\":\"ListItem\",\"position\":1,\"name\":\"Accueil\",\"item\":\"https:\/\/librairie7l.com\/en\/\"},{\"@type\":\"ListItem\",\"position\":2,\"name\":\"Shop\",\"item\":\"https:\/\/librairie7l.com\/en\/shop\/\"},{\"@type\":\"ListItem\",\"position\":3,\"name\":\"DANS LES CHAMPS DE CHANEL ; \u00c0 P\u00c9GOMAS, PAYS DE GRASSE\"}]},{\"@type\":\"WebSite\",\"@id\":\"https:\/\/librairie7l.com\/en\/#website\",\"url\":\"https:\/\/librairie7l.com\/en\/\",\"name\":\"Librairie 7L\",\"description\":\"Librairie fond\u00e9e en 1999 par Karl Lagerfeld \u00e0 Paris\",\"publisher\":{\"@id\":\"https:\/\/librairie7l.com\/en\/#organization\"},\"potentialAction\":[{\"@type\":\"SearchAction\",\"target\":{\"@type\":\"EntryPoint\",\"urlTemplate\":\"https:\/\/librairie7l.com\/en\/?s={search_term_string}\"},\"query-input\":\"required name=search_term_string\"}],\"inLanguage\":\"en-US\"},{\"@type\":\"Organization\",\"@id\":\"https:\/\/librairie7l.com\/en\/#organization\",\"name\":\"Librairie 7L\",\"url\":\"https:\/\/librairie7l.com\/en\/\",\"logo\":{\"@type\":\"ImageObject\",\"inLanguage\":\"en-US\",\"@id\":\"https:\/\/librairie7l.com\/en\/#\/schema\/logo\/image\/\",\"url\":\"https:\/\/librairie7l.com\/wp-content\/uploads\/2022\/08\/logo-1.png\",\"contentUrl\":\"https:\/\/librairie7l.com\/wp-content\/uploads\/2022\/08\/logo-1.png\",\"width\":227,\"height\":301,\"caption\":\"Librairie 7L\"},\"image\":{\"@id\":\"https:\/\/librairie7l.com\/en\/#\/schema\/logo\/image\/\"}}]}<\/script>\n<!-- \/ Yoast SEO plugin. -->","yoast_head_json":{"title":"DANS LES CHAMPS DE CHANEL ; \u00c0 P\u00c9GOMAS, PAYS DE GRASSE - Librairie 7L","robots":{"index":"index","follow":"follow","max-snippet":"max-snippet:-1","max-image-preview":"max-image-preview:large","max-video-preview":"max-video-preview:-1"},"canonical":"https:\/\/librairie7l.com\/en\/produit\/dans-les-champs-de-chanel-a-pegomas-pays-de-grasse\/","og_locale":"en_US","og_type":"article","og_title":"DANS LES CHAMPS DE CHANEL ; \u00c0 P\u00c9GOMAS, PAYS DE GRASSE - Librairie 7L","og_description":"Au coeur de la Provence, non loin de Grasse, se cache la vall\u00e9e de P\u00e9gomas o\u00f9 la famille Mul cultive des fleurs pour la parfumerie depuis plusieurs g\u00e9n\u00e9rations. Dans ce terroir unique au monde, \u00e0 l&#8217;abri des regards, s&#8217;\u00e9tendent, sur plusieurs hectares, des champs de plantes \u00e0 parfum d&#8217;exception, qui donneront naissance aux parfums de [&hellip;]","og_url":"https:\/\/librairie7l.com\/en\/produit\/dans-les-champs-de-chanel-a-pegomas-pays-de-grasse\/","og_site_name":"Librairie 7L","article_modified_time":"2026-04-26T23:34:49+00:00","og_image":[{"width":1219,"height":1000,"url":"https:\/\/librairie7l.com\/wp-content\/uploads\/2016\/10\/9782732467900_1_75.jpg","type":"image\/jpeg"}],"twitter_card":"summary_large_image","twitter_misc":{"Est. reading time":"1 minute"},"schema":{"@context":"https:\/\/schema.org","@graph":[{"@type":"WebPage","@id":"https:\/\/librairie7l.com\/en\/produit\/dans-les-champs-de-chanel-a-pegomas-pays-de-grasse\/","url":"https:\/\/librairie7l.com\/en\/produit\/dans-les-champs-de-chanel-a-pegomas-pays-de-grasse\/","name":"DANS LES CHAMPS DE CHANEL ; \u00c0 P\u00c9GOMAS, PAYS DE GRASSE - Librairie 7L","isPartOf":{"@id":"https:\/\/librairie7l.com\/en\/#website"},"datePublished":"2023-05-09T17:13:07+00:00","dateModified":"2026-04-26T23:34:49+00:00","breadcrumb":{"@id":"https:\/\/librairie7l.com\/en\/produit\/dans-les-champs-de-chanel-a-pegomas-pays-de-grasse\/#breadcrumb"},"inLanguage":"en-US","potentialAction":[{"@type":"ReadAction","target":["https:\/\/librairie7l.com\/en\/produit\/dans-les-champs-de-chanel-a-pegomas-pays-de-grasse\/"]}]},{"@type":"BreadcrumbList","@id":"https:\/\/librairie7l.com\/en\/produit\/dans-les-champs-de-chanel-a-pegomas-pays-de-grasse\/#breadcrumb","itemListElement":[{"@type":"ListItem","position":1,"name":"Accueil","item":"https:\/\/librairie7l.com\/en\/"},{"@type":"ListItem","position":2,"name":"Shop","item":"https:\/\/librairie7l.com\/en\/shop\/"},{"@type":"ListItem","position":3,"name":"DANS LES CHAMPS DE CHANEL ; \u00c0 P\u00c9GOMAS, PAYS DE GRASSE"}]},{"@type":"WebSite","@id":"https:\/\/librairie7l.com\/en\/#website","url":"https:\/\/librairie7l.com\/en\/","name":"Librairie 7L","description":"Librairie fond\u00e9e en 1999 par Karl Lagerfeld \u00e0 Paris","publisher":{"@id":"https:\/\/librairie7l.com\/en\/#organization"},"potentialAction":[{"@type":"SearchAction","target":{"@type":"EntryPoint","urlTemplate":"https:\/\/librairie7l.com\/en\/?s={search_term_string}"},"query-input":"required name=search_term_string"}],"inLanguage":"en-US"},{"@type":"Organization","@id":"https:\/\/librairie7l.com\/en\/#organization","name":"Librairie 7L","url":"https:\/\/librairie7l.com\/en\/","logo":{"@type":"ImageObject","inLanguage":"en-US","@id":"https:\/\/librairie7l.com\/en\/#\/schema\/logo\/image\/","url":"https:\/\/librairie7l.com\/wp-content\/uploads\/2022\/08\/logo-1.png","contentUrl":"https:\/\/librairie7l.com\/wp-content\/uploads\/2022\/08\/logo-1.png","width":227,"height":301,"caption":"Librairie 7L"},"image":{"@id":"https:\/\/librairie7l.com\/en\/#\/schema\/logo\/image\/"}}]}},"_links":{"self":[{"href":"https:\/\/librairie7l.com\/en\/wp-json\/wp\/v2\/product\/24679"}],"collection":[{"href":"https:\/\/librairie7l.com\/en\/wp-json\/wp\/v2\/product"}],"about":[{"href":"https:\/\/librairie7l.com\/en\/wp-json\/wp\/v2\/types\/product"}],"wp:featuredmedia":[{"embeddable":true,"href":"https:\/\/librairie7l.com\/en\/wp-json\/wp\/v2\/media\/24677"}],"wp:attachment":[{"href":"https:\/\/librairie7l.com\/en\/wp-json\/wp\/v2\/media?parent=24679"}],"wp:term":[{"taxonomy":"product_cat","embeddable":true,"href":"https:\/\/librairie7l.com\/en\/wp-json\/wp\/v2\/product_cat?post=24679"},{"taxonomy":"product_tag","embeddable":true,"href":"https:\/\/librairie7l.com\/en\/wp-json\/wp\/v2\/product_tag?post=24679"}],"curies":[{"name":"wp","href":"https:\/\/api.w.org\/{rel}","templated":true}]}}