{"id":24695,"date":"2023-05-09T19:13:22","date_gmt":"2023-05-09T17:13:22","guid":{"rendered":"https:\/\/librairie7l.com\/?post_type=product&#038;p=24695"},"modified":"2026-04-13T19:40:22","modified_gmt":"2026-04-13T17:40:22","slug":"marc-du-plantier-2","status":"publish","type":"product","link":"https:\/\/librairie7l.com\/en\/produit\/marc-du-plantier-2\/","title":{"rendered":"MARC DU PLANTIER"},"content":{"rendered":"<p>Dans cette premi\u00e8re nomographie consacr\u00e9e \u00e0 Marc du Plantier (1901-1975).<br \/>\nD\u00e9corateur majeur du XXe si\u00e8cle, l&#8217;historien de l&#8217;art Yves Badetz renoue le fil de sou oeuvre \u00e0 travers ses carnets de croquis et les lettres relatant \u00e0 sa femme le d\u00e9tail de ses installations. Apr\u00e8s une formation d&#8217;architecte \u00e0 l&#8217;Ecole nationale sup\u00e9rieure des beaux-arts et de peintre \u00e0 l&#8217;acad\u00e9mie Julian, Marc du Plantier d\u00e9bute sa carri\u00e8re en 1928. D\u00e8s les premi\u00e8res r\u00e9alisations se met en place son vocabulaire architectural, caract\u00e9ris\u00e9 par la rigueur des lignes.<br \/>\nLe travail sur la couleur, la lumi\u00e8re indirecte et le jeu des miroirs. Art qui atteint sou apog\u00e9e rue du Belv\u00e9d\u00e8re, \u00e0 Boulogne-Billancourt, o\u00f9 Anne et Marc du Plantier re\u00e7oivent le Tout-Paris des ann\u00e9es : 30. Suivront l&#8217;appartement dominant la haie d&#8217;Alger. consid\u00e9r\u00e9 comme un des sommets de la d\u00e9coration de son temps, les palais madril\u00e8nes o\u00f9, de 1938 \u00e0 1949, il d\u00e9veloppe un n\u00e9oclassicisme remarquable, les appartements parisiens des ann\u00e9es cinquante, le salon de l&#8217;ambassade de France \u00e0 Ottawa.<br \/>\nAu d\u00e9but des ann\u00e9es soixante, la disparition des commandes priv\u00e9es pousse le cr\u00e9ateur \u00e0 s&#8217;installer \u00e0 Mexico, o\u00f9 il fonde la soci\u00e9t\u00e9 Arted\u00e9cor, puis \u00e0 Los Angeles, avant de revenir \u00e0 Paris par la voir de l&#8217;Orient. De ce contact avec le pop am\u00e9ricain na\u00eet le travail qu&#8217;il d\u00e9veloppe en 1968, cr\u00e9ant \u00e0 partir de nouveaux mat\u00e9riaux des mod\u00e8les destin\u00e9s \u00e0 l&#8217;\u00e9dition pour la galerie Lacloche. \u00e0 Paris. ou potin la salle \u00e0 manger de Maurice Rheims.<br \/>\nSans jamais se d\u00e9partir de sa rigueur classique.<\/p>\n","protected":false},"excerpt":{"rendered":"<p>Dans cette premi\u00e8re nomographie consacr\u00e9e \u00e0 Marc du Plantier (1901-1975). D\u00e9corateur majeur du XXe si\u00e8cle, l&#8217;historien de l&#8217;art Yves Badetz renoue le fil de sou oeuvre \u00e0 travers ses carnets de croquis et les lettres relatant \u00e0 sa femme le d\u00e9tail de ses installations. Apr\u00e8s une formation d&#8217;architecte \u00e0 l&#8217;Ecole nationale sup\u00e9rieure des beaux-arts et [&hellip;]<\/p>\n","protected":false},"featured_media":24693,"template":"","meta":[],"product_cat":[55,2948,18,2952],"product_tag":[],"acf":[],"yoast_head":"<!-- This site is optimized with the Yoast SEO plugin v20.11 - https:\/\/yoast.com\/wordpress\/plugins\/seo\/ -->\n<title>MARC DU PLANTIER - Librairie 7L<\/title>\n<meta name=\"robots\" content=\"index, follow, max-snippet:-1, max-image-preview:large, max-video-preview:-1\" \/>\n<link rel=\"canonical\" href=\"https:\/\/librairie7l.com\/en\/produit\/marc-du-plantier-2\/\" \/>\n<meta property=\"og:locale\" content=\"en_US\" \/>\n<meta property=\"og:type\" content=\"article\" \/>\n<meta property=\"og:title\" content=\"MARC DU PLANTIER - Librairie 7L\" \/>\n<meta property=\"og:description\" content=\"Dans cette premi\u00e8re nomographie consacr\u00e9e \u00e0 Marc du Plantier (1901-1975). D\u00e9corateur majeur du XXe si\u00e8cle, l&#8217;historien de l&#8217;art Yves Badetz renoue le fil de sou oeuvre \u00e0 travers ses carnets de croquis et les lettres relatant \u00e0 sa femme le d\u00e9tail de ses installations. Apr\u00e8s une formation d&#8217;architecte \u00e0 l&#8217;Ecole nationale sup\u00e9rieure des beaux-arts et [&hellip;]\" \/>\n<meta property=\"og:url\" content=\"https:\/\/librairie7l.com\/en\/produit\/marc-du-plantier-2\/\" \/>\n<meta property=\"og:site_name\" content=\"Librairie 7L\" \/>\n<meta property=\"article:modified_time\" content=\"2026-04-13T17:40:22+00:00\" \/>\n<meta property=\"og:image\" content=\"https:\/\/librairie7l.com\/wp-content\/uploads\/2010\/11\/9782915542325_1_75.jpg\" \/>\n\t<meta property=\"og:image:width\" content=\"500\" \/>\n\t<meta property=\"og:image:height\" content=\"655\" \/>\n\t<meta property=\"og:image:type\" content=\"image\/jpeg\" \/>\n<meta name=\"twitter:card\" content=\"summary_large_image\" \/>\n<meta name=\"twitter:label1\" content=\"Est. reading time\" \/>\n\t<meta name=\"twitter:data1\" content=\"1 minute\" \/>\n<script type=\"application\/ld+json\" class=\"yoast-schema-graph\">{\"@context\":\"https:\/\/schema.org\",\"@graph\":[{\"@type\":\"WebPage\",\"@id\":\"https:\/\/librairie7l.com\/en\/produit\/marc-du-plantier-2\/\",\"url\":\"https:\/\/librairie7l.com\/en\/produit\/marc-du-plantier-2\/\",\"name\":\"MARC DU PLANTIER - Librairie 7L\",\"isPartOf\":{\"@id\":\"https:\/\/librairie7l.com\/en\/#website\"},\"datePublished\":\"2023-05-09T17:13:22+00:00\",\"dateModified\":\"2026-04-13T17:40:22+00:00\",\"breadcrumb\":{\"@id\":\"https:\/\/librairie7l.com\/en\/produit\/marc-du-plantier-2\/#breadcrumb\"},\"inLanguage\":\"en-US\",\"potentialAction\":[{\"@type\":\"ReadAction\",\"target\":[\"https:\/\/librairie7l.com\/en\/produit\/marc-du-plantier-2\/\"]}]},{\"@type\":\"BreadcrumbList\",\"@id\":\"https:\/\/librairie7l.com\/en\/produit\/marc-du-plantier-2\/#breadcrumb\",\"itemListElement\":[{\"@type\":\"ListItem\",\"position\":1,\"name\":\"Accueil\",\"item\":\"https:\/\/librairie7l.com\/en\/\"},{\"@type\":\"ListItem\",\"position\":2,\"name\":\"Shop\",\"item\":\"https:\/\/librairie7l.com\/en\/shop\/\"},{\"@type\":\"ListItem\",\"position\":3,\"name\":\"MARC DU PLANTIER\"}]},{\"@type\":\"WebSite\",\"@id\":\"https:\/\/librairie7l.com\/en\/#website\",\"url\":\"https:\/\/librairie7l.com\/en\/\",\"name\":\"Librairie 7L\",\"description\":\"Librairie fond\u00e9e en 1999 par Karl Lagerfeld \u00e0 Paris\",\"publisher\":{\"@id\":\"https:\/\/librairie7l.com\/en\/#organization\"},\"potentialAction\":[{\"@type\":\"SearchAction\",\"target\":{\"@type\":\"EntryPoint\",\"urlTemplate\":\"https:\/\/librairie7l.com\/en\/?s={search_term_string}\"},\"query-input\":\"required name=search_term_string\"}],\"inLanguage\":\"en-US\"},{\"@type\":\"Organization\",\"@id\":\"https:\/\/librairie7l.com\/en\/#organization\",\"name\":\"Librairie 7L\",\"url\":\"https:\/\/librairie7l.com\/en\/\",\"logo\":{\"@type\":\"ImageObject\",\"inLanguage\":\"en-US\",\"@id\":\"https:\/\/librairie7l.com\/en\/#\/schema\/logo\/image\/\",\"url\":\"https:\/\/librairie7l.com\/wp-content\/uploads\/2022\/08\/logo-1.png\",\"contentUrl\":\"https:\/\/librairie7l.com\/wp-content\/uploads\/2022\/08\/logo-1.png\",\"width\":227,\"height\":301,\"caption\":\"Librairie 7L\"},\"image\":{\"@id\":\"https:\/\/librairie7l.com\/en\/#\/schema\/logo\/image\/\"}}]}<\/script>\n<!-- \/ Yoast SEO plugin. -->","yoast_head_json":{"title":"MARC DU PLANTIER - Librairie 7L","robots":{"index":"index","follow":"follow","max-snippet":"max-snippet:-1","max-image-preview":"max-image-preview:large","max-video-preview":"max-video-preview:-1"},"canonical":"https:\/\/librairie7l.com\/en\/produit\/marc-du-plantier-2\/","og_locale":"en_US","og_type":"article","og_title":"MARC DU PLANTIER - Librairie 7L","og_description":"Dans cette premi\u00e8re nomographie consacr\u00e9e \u00e0 Marc du Plantier (1901-1975). D\u00e9corateur majeur du XXe si\u00e8cle, l&#8217;historien de l&#8217;art Yves Badetz renoue le fil de sou oeuvre \u00e0 travers ses carnets de croquis et les lettres relatant \u00e0 sa femme le d\u00e9tail de ses installations. Apr\u00e8s une formation d&#8217;architecte \u00e0 l&#8217;Ecole nationale sup\u00e9rieure des beaux-arts et [&hellip;]","og_url":"https:\/\/librairie7l.com\/en\/produit\/marc-du-plantier-2\/","og_site_name":"Librairie 7L","article_modified_time":"2026-04-13T17:40:22+00:00","og_image":[{"width":500,"height":655,"url":"https:\/\/librairie7l.com\/wp-content\/uploads\/2010\/11\/9782915542325_1_75.jpg","type":"image\/jpeg"}],"twitter_card":"summary_large_image","twitter_misc":{"Est. reading time":"1 minute"},"schema":{"@context":"https:\/\/schema.org","@graph":[{"@type":"WebPage","@id":"https:\/\/librairie7l.com\/en\/produit\/marc-du-plantier-2\/","url":"https:\/\/librairie7l.com\/en\/produit\/marc-du-plantier-2\/","name":"MARC DU PLANTIER - Librairie 7L","isPartOf":{"@id":"https:\/\/librairie7l.com\/en\/#website"},"datePublished":"2023-05-09T17:13:22+00:00","dateModified":"2026-04-13T17:40:22+00:00","breadcrumb":{"@id":"https:\/\/librairie7l.com\/en\/produit\/marc-du-plantier-2\/#breadcrumb"},"inLanguage":"en-US","potentialAction":[{"@type":"ReadAction","target":["https:\/\/librairie7l.com\/en\/produit\/marc-du-plantier-2\/"]}]},{"@type":"BreadcrumbList","@id":"https:\/\/librairie7l.com\/en\/produit\/marc-du-plantier-2\/#breadcrumb","itemListElement":[{"@type":"ListItem","position":1,"name":"Accueil","item":"https:\/\/librairie7l.com\/en\/"},{"@type":"ListItem","position":2,"name":"Shop","item":"https:\/\/librairie7l.com\/en\/shop\/"},{"@type":"ListItem","position":3,"name":"MARC DU PLANTIER"}]},{"@type":"WebSite","@id":"https:\/\/librairie7l.com\/en\/#website","url":"https:\/\/librairie7l.com\/en\/","name":"Librairie 7L","description":"Librairie fond\u00e9e en 1999 par Karl Lagerfeld \u00e0 Paris","publisher":{"@id":"https:\/\/librairie7l.com\/en\/#organization"},"potentialAction":[{"@type":"SearchAction","target":{"@type":"EntryPoint","urlTemplate":"https:\/\/librairie7l.com\/en\/?s={search_term_string}"},"query-input":"required name=search_term_string"}],"inLanguage":"en-US"},{"@type":"Organization","@id":"https:\/\/librairie7l.com\/en\/#organization","name":"Librairie 7L","url":"https:\/\/librairie7l.com\/en\/","logo":{"@type":"ImageObject","inLanguage":"en-US","@id":"https:\/\/librairie7l.com\/en\/#\/schema\/logo\/image\/","url":"https:\/\/librairie7l.com\/wp-content\/uploads\/2022\/08\/logo-1.png","contentUrl":"https:\/\/librairie7l.com\/wp-content\/uploads\/2022\/08\/logo-1.png","width":227,"height":301,"caption":"Librairie 7L"},"image":{"@id":"https:\/\/librairie7l.com\/en\/#\/schema\/logo\/image\/"}}]}},"_links":{"self":[{"href":"https:\/\/librairie7l.com\/en\/wp-json\/wp\/v2\/product\/24695"}],"collection":[{"href":"https:\/\/librairie7l.com\/en\/wp-json\/wp\/v2\/product"}],"about":[{"href":"https:\/\/librairie7l.com\/en\/wp-json\/wp\/v2\/types\/product"}],"wp:featuredmedia":[{"embeddable":true,"href":"https:\/\/librairie7l.com\/en\/wp-json\/wp\/v2\/media\/24693"}],"wp:attachment":[{"href":"https:\/\/librairie7l.com\/en\/wp-json\/wp\/v2\/media?parent=24695"}],"wp:term":[{"taxonomy":"product_cat","embeddable":true,"href":"https:\/\/librairie7l.com\/en\/wp-json\/wp\/v2\/product_cat?post=24695"},{"taxonomy":"product_tag","embeddable":true,"href":"https:\/\/librairie7l.com\/en\/wp-json\/wp\/v2\/product_tag?post=24695"}],"curies":[{"name":"wp","href":"https:\/\/api.w.org\/{rel}","templated":true}]}}