{"id":26375,"date":"2023-05-10T12:06:59","date_gmt":"2023-05-10T10:06:59","guid":{"rendered":"https:\/\/librairie7l.com\/?post_type=product&#038;p=26375"},"modified":"2026-04-30T09:42:22","modified_gmt":"2026-04-30T07:42:22","slug":"meme-le-bruit-de-la-nuit-a-change","status":"publish","type":"product","link":"https:\/\/librairie7l.com\/en\/produit\/meme-le-bruit-de-la-nuit-a-change\/","title":{"rendered":"M\u00caME LE BRUIT DE LA NUIT A CHANG\u00c9"},"content":{"rendered":"<p>Anna est encore une enfant quand son p\u00e8re meurt brutalement. Elle remplit son absence par quelques objets h\u00e9t\u00e9roclites, par des histoires qu&#8217;on lui a racont\u00e9es et par son puissant imaginaire. Jeune femme, elle comprend qu&#8217;elle conna\u00eet tr\u00e8s peu celui qu&#8217;elle s&#8217;est invent\u00e9 en h\u00e9ros. \u00c0 partir d&#8217;un r\u00e9pertoire qui lui a appartenu, elle se lance sur ses traces, arpente les villes d&#8217;Italie, d&#8217;o\u00f9 il \u00e9tait originaire, et remonte pas \u00e0 pas l&#8217;histoire de sa famille. On la suit dans ce voyage o\u00f9 elle d\u00e9couvre les mille vies de son p\u00e8re, dont certaines sont fabuleuses et d&#8217;autres d&#8217;une noirceur d&#8217;encre.M\u00eame le bruit de la nuit a chang\u00e9 se lit comme une enqu\u00eate sur un homme passionn\u00e9ment romanesque. Mais c&#8217;est aussi un livre sur l&#8217;enfance orpheline et la construction de soi avec le manque. L&#8217;\u00e9criture et le temps long pris pour d\u00e9plier les pans visibles ou cach\u00e9s d&#8217;une vie et d&#8217;une relation en font un roman magnifique sur l&#8217;amour d&#8217;une fille pour son p\u00e8re.<\/p>\n","protected":false},"excerpt":{"rendered":"<p>Anna est encore une enfant quand son p\u00e8re meurt brutalement. Elle remplit son absence par quelques objets h\u00e9t\u00e9roclites, par des histoires qu&#8217;on lui a racont\u00e9es et par son puissant imaginaire. Jeune femme, elle comprend qu&#8217;elle conna\u00eet tr\u00e8s peu celui qu&#8217;elle s&#8217;est invent\u00e9 en h\u00e9ros. \u00c0 partir d&#8217;un r\u00e9pertoire qui lui a appartenu, elle se lance [&hellip;]<\/p>\n","protected":false},"featured_media":26373,"template":"","meta":[],"product_cat":[55,2948,47,2953],"product_tag":[],"acf":[],"yoast_head":"<!-- This site is optimized with the Yoast SEO plugin v20.11 - https:\/\/yoast.com\/wordpress\/plugins\/seo\/ -->\n<title>M\u00caME LE BRUIT DE LA NUIT A CHANG\u00c9 - Librairie 7L<\/title>\n<meta name=\"robots\" content=\"index, follow, max-snippet:-1, max-image-preview:large, max-video-preview:-1\" \/>\n<link rel=\"canonical\" href=\"https:\/\/librairie7l.com\/en\/produit\/meme-le-bruit-de-la-nuit-a-change\/\" \/>\n<meta property=\"og:locale\" content=\"en_US\" \/>\n<meta property=\"og:type\" content=\"article\" \/>\n<meta property=\"og:title\" content=\"M\u00caME LE BRUIT DE LA NUIT A CHANG\u00c9 - Librairie 7L\" \/>\n<meta property=\"og:description\" content=\"Anna est encore une enfant quand son p\u00e8re meurt brutalement. Elle remplit son absence par quelques objets h\u00e9t\u00e9roclites, par des histoires qu&#8217;on lui a racont\u00e9es et par son puissant imaginaire. Jeune femme, elle comprend qu&#8217;elle conna\u00eet tr\u00e8s peu celui qu&#8217;elle s&#8217;est invent\u00e9 en h\u00e9ros. \u00c0 partir d&#8217;un r\u00e9pertoire qui lui a appartenu, elle se lance [&hellip;]\" \/>\n<meta property=\"og:url\" content=\"https:\/\/librairie7l.com\/en\/produit\/meme-le-bruit-de-la-nuit-a-change\/\" \/>\n<meta property=\"og:site_name\" content=\"Librairie 7L\" \/>\n<meta property=\"article:modified_time\" content=\"2026-04-30T07:42:22+00:00\" \/>\n<meta property=\"og:image\" content=\"https:\/\/librairie7l.com\/wp-content\/uploads\/2022\/11\/9782080419149_1_75.jpg\" \/>\n\t<meta property=\"og:image:width\" content=\"600\" \/>\n\t<meta property=\"og:image:height\" content=\"920\" \/>\n\t<meta property=\"og:image:type\" content=\"image\/jpeg\" \/>\n<meta name=\"twitter:card\" content=\"summary_large_image\" \/>\n<meta name=\"twitter:label1\" content=\"Est. reading time\" \/>\n\t<meta name=\"twitter:data1\" content=\"1 minute\" \/>\n<script type=\"application\/ld+json\" class=\"yoast-schema-graph\">{\"@context\":\"https:\/\/schema.org\",\"@graph\":[{\"@type\":\"WebPage\",\"@id\":\"https:\/\/librairie7l.com\/en\/produit\/meme-le-bruit-de-la-nuit-a-change\/\",\"url\":\"https:\/\/librairie7l.com\/en\/produit\/meme-le-bruit-de-la-nuit-a-change\/\",\"name\":\"M\u00caME LE BRUIT DE LA NUIT A CHANG\u00c9 - Librairie 7L\",\"isPartOf\":{\"@id\":\"https:\/\/librairie7l.com\/en\/#website\"},\"datePublished\":\"2023-05-10T10:06:59+00:00\",\"dateModified\":\"2026-04-30T07:42:22+00:00\",\"breadcrumb\":{\"@id\":\"https:\/\/librairie7l.com\/en\/produit\/meme-le-bruit-de-la-nuit-a-change\/#breadcrumb\"},\"inLanguage\":\"en-US\",\"potentialAction\":[{\"@type\":\"ReadAction\",\"target\":[\"https:\/\/librairie7l.com\/en\/produit\/meme-le-bruit-de-la-nuit-a-change\/\"]}]},{\"@type\":\"BreadcrumbList\",\"@id\":\"https:\/\/librairie7l.com\/en\/produit\/meme-le-bruit-de-la-nuit-a-change\/#breadcrumb\",\"itemListElement\":[{\"@type\":\"ListItem\",\"position\":1,\"name\":\"Accueil\",\"item\":\"https:\/\/librairie7l.com\/en\/\"},{\"@type\":\"ListItem\",\"position\":2,\"name\":\"Shop\",\"item\":\"https:\/\/librairie7l.com\/en\/shop\/\"},{\"@type\":\"ListItem\",\"position\":3,\"name\":\"M\u00caME LE BRUIT DE LA NUIT A CHANG\u00c9\"}]},{\"@type\":\"WebSite\",\"@id\":\"https:\/\/librairie7l.com\/en\/#website\",\"url\":\"https:\/\/librairie7l.com\/en\/\",\"name\":\"Librairie 7L\",\"description\":\"Librairie fond\u00e9e en 1999 par Karl Lagerfeld \u00e0 Paris\",\"publisher\":{\"@id\":\"https:\/\/librairie7l.com\/en\/#organization\"},\"potentialAction\":[{\"@type\":\"SearchAction\",\"target\":{\"@type\":\"EntryPoint\",\"urlTemplate\":\"https:\/\/librairie7l.com\/en\/?s={search_term_string}\"},\"query-input\":\"required name=search_term_string\"}],\"inLanguage\":\"en-US\"},{\"@type\":\"Organization\",\"@id\":\"https:\/\/librairie7l.com\/en\/#organization\",\"name\":\"Librairie 7L\",\"url\":\"https:\/\/librairie7l.com\/en\/\",\"logo\":{\"@type\":\"ImageObject\",\"inLanguage\":\"en-US\",\"@id\":\"https:\/\/librairie7l.com\/en\/#\/schema\/logo\/image\/\",\"url\":\"https:\/\/librairie7l.com\/wp-content\/uploads\/2022\/08\/logo-1.png\",\"contentUrl\":\"https:\/\/librairie7l.com\/wp-content\/uploads\/2022\/08\/logo-1.png\",\"width\":227,\"height\":301,\"caption\":\"Librairie 7L\"},\"image\":{\"@id\":\"https:\/\/librairie7l.com\/en\/#\/schema\/logo\/image\/\"}}]}<\/script>\n<!-- \/ Yoast SEO plugin. -->","yoast_head_json":{"title":"M\u00caME LE BRUIT DE LA NUIT A CHANG\u00c9 - Librairie 7L","robots":{"index":"index","follow":"follow","max-snippet":"max-snippet:-1","max-image-preview":"max-image-preview:large","max-video-preview":"max-video-preview:-1"},"canonical":"https:\/\/librairie7l.com\/en\/produit\/meme-le-bruit-de-la-nuit-a-change\/","og_locale":"en_US","og_type":"article","og_title":"M\u00caME LE BRUIT DE LA NUIT A CHANG\u00c9 - Librairie 7L","og_description":"Anna est encore une enfant quand son p\u00e8re meurt brutalement. Elle remplit son absence par quelques objets h\u00e9t\u00e9roclites, par des histoires qu&#8217;on lui a racont\u00e9es et par son puissant imaginaire. Jeune femme, elle comprend qu&#8217;elle conna\u00eet tr\u00e8s peu celui qu&#8217;elle s&#8217;est invent\u00e9 en h\u00e9ros. \u00c0 partir d&#8217;un r\u00e9pertoire qui lui a appartenu, elle se lance [&hellip;]","og_url":"https:\/\/librairie7l.com\/en\/produit\/meme-le-bruit-de-la-nuit-a-change\/","og_site_name":"Librairie 7L","article_modified_time":"2026-04-30T07:42:22+00:00","og_image":[{"width":600,"height":920,"url":"https:\/\/librairie7l.com\/wp-content\/uploads\/2022\/11\/9782080419149_1_75.jpg","type":"image\/jpeg"}],"twitter_card":"summary_large_image","twitter_misc":{"Est. reading time":"1 minute"},"schema":{"@context":"https:\/\/schema.org","@graph":[{"@type":"WebPage","@id":"https:\/\/librairie7l.com\/en\/produit\/meme-le-bruit-de-la-nuit-a-change\/","url":"https:\/\/librairie7l.com\/en\/produit\/meme-le-bruit-de-la-nuit-a-change\/","name":"M\u00caME LE BRUIT DE LA NUIT A CHANG\u00c9 - Librairie 7L","isPartOf":{"@id":"https:\/\/librairie7l.com\/en\/#website"},"datePublished":"2023-05-10T10:06:59+00:00","dateModified":"2026-04-30T07:42:22+00:00","breadcrumb":{"@id":"https:\/\/librairie7l.com\/en\/produit\/meme-le-bruit-de-la-nuit-a-change\/#breadcrumb"},"inLanguage":"en-US","potentialAction":[{"@type":"ReadAction","target":["https:\/\/librairie7l.com\/en\/produit\/meme-le-bruit-de-la-nuit-a-change\/"]}]},{"@type":"BreadcrumbList","@id":"https:\/\/librairie7l.com\/en\/produit\/meme-le-bruit-de-la-nuit-a-change\/#breadcrumb","itemListElement":[{"@type":"ListItem","position":1,"name":"Accueil","item":"https:\/\/librairie7l.com\/en\/"},{"@type":"ListItem","position":2,"name":"Shop","item":"https:\/\/librairie7l.com\/en\/shop\/"},{"@type":"ListItem","position":3,"name":"M\u00caME LE BRUIT DE LA NUIT A CHANG\u00c9"}]},{"@type":"WebSite","@id":"https:\/\/librairie7l.com\/en\/#website","url":"https:\/\/librairie7l.com\/en\/","name":"Librairie 7L","description":"Librairie fond\u00e9e en 1999 par Karl Lagerfeld \u00e0 Paris","publisher":{"@id":"https:\/\/librairie7l.com\/en\/#organization"},"potentialAction":[{"@type":"SearchAction","target":{"@type":"EntryPoint","urlTemplate":"https:\/\/librairie7l.com\/en\/?s={search_term_string}"},"query-input":"required name=search_term_string"}],"inLanguage":"en-US"},{"@type":"Organization","@id":"https:\/\/librairie7l.com\/en\/#organization","name":"Librairie 7L","url":"https:\/\/librairie7l.com\/en\/","logo":{"@type":"ImageObject","inLanguage":"en-US","@id":"https:\/\/librairie7l.com\/en\/#\/schema\/logo\/image\/","url":"https:\/\/librairie7l.com\/wp-content\/uploads\/2022\/08\/logo-1.png","contentUrl":"https:\/\/librairie7l.com\/wp-content\/uploads\/2022\/08\/logo-1.png","width":227,"height":301,"caption":"Librairie 7L"},"image":{"@id":"https:\/\/librairie7l.com\/en\/#\/schema\/logo\/image\/"}}]}},"_links":{"self":[{"href":"https:\/\/librairie7l.com\/en\/wp-json\/wp\/v2\/product\/26375"}],"collection":[{"href":"https:\/\/librairie7l.com\/en\/wp-json\/wp\/v2\/product"}],"about":[{"href":"https:\/\/librairie7l.com\/en\/wp-json\/wp\/v2\/types\/product"}],"wp:featuredmedia":[{"embeddable":true,"href":"https:\/\/librairie7l.com\/en\/wp-json\/wp\/v2\/media\/26373"}],"wp:attachment":[{"href":"https:\/\/librairie7l.com\/en\/wp-json\/wp\/v2\/media?parent=26375"}],"wp:term":[{"taxonomy":"product_cat","embeddable":true,"href":"https:\/\/librairie7l.com\/en\/wp-json\/wp\/v2\/product_cat?post=26375"},{"taxonomy":"product_tag","embeddable":true,"href":"https:\/\/librairie7l.com\/en\/wp-json\/wp\/v2\/product_tag?post=26375"}],"curies":[{"name":"wp","href":"https:\/\/api.w.org\/{rel}","templated":true}]}}