{"id":26383,"date":"2023-05-10T12:07:16","date_gmt":"2023-05-10T10:07:16","guid":{"rendered":"https:\/\/librairie7l.com\/?post_type=product&#038;p=26383"},"modified":"2026-04-07T23:17:53","modified_gmt":"2026-04-07T21:17:53","slug":"noir-histoire-dune-couleur","status":"publish","type":"product","link":"https:\/\/librairie7l.com\/en\/produit\/noir-histoire-dune-couleur\/","title":{"rendered":"NOIR, HISTOIRE D&#8217;UNE COULEUR"},"content":{"rendered":"<p>Longtemps, en Occident, le noir a \u00e9t\u00e9 consid\u00e9r\u00e9 comme une couleur \u00e0 part enti\u00e8re, et m\u00eame comme un p\u00f4le fort de tous les syst\u00e8mes de la couleur. Mais son histoire change au d\u00e9but de l&#8217;\u00e9poque moderne : l&#8217;invention de l&#8217;imprimerie, la diffusion de l&#8217;image grav\u00e9e et la R\u00e9forme protestante lui donnent, comme au blanc, un statut particulier. Quelques d\u00e9cennies plus tard, en d\u00e9couvrant le spectre, Newton met sur le devant de la sc\u00e8ne un nouvel ordre des couleurs au sein duquel il n&#8217;y a d\u00e9sormais plus de place ni pour le noir, ni pour le blanc : pendant presque trois si\u00e8cles, ce ne seront plus des couleurs. Toutefois, dans le courant du XXe si\u00e8cle, l&#8217;art d&#8217;abord, la soci\u00e9t\u00e9 ensuite, la science enfin redonnent progressivement au noir son statut de couleur v\u00e9ritable. C&#8217;est \u00e0 cette longue histoire du noir dans les soci\u00e9t\u00e9s europ\u00e9ennes qu&#8217;est consacr\u00e9 le livre de Michel Pastoureau. L&#8217;accent est mis autant sur les pratiques sociales de la couleur (lexiques, teintures, v\u00eatements, embl\u00e8mes) que sur ses enjeux proprement artistiques. Une attention particuli\u00e8re est port\u00e9e \u00e0 la symbolique ambivalente du noir, tant\u00f4t pris en bonne part (fertilit\u00e9, humilit\u00e9, dignit\u00e9, autorit\u00e9), tant\u00f4t en mauvaise (tristesse, deuil, p\u00e9ch\u00e9, enfer, mort). Et comme il n&#8217;est gu\u00e8re possible de parler d&#8217;une couleur isol\u00e9ment, cette histoire culturelle du noir est aussi, partiellement, celle du blanc (avec lequel le noir n&#8217;a pas toujours fait couple), du gris, du brun, du violet et m\u00eame du bleu.<\/p>\n","protected":false},"excerpt":{"rendered":"<p>Longtemps, en Occident, le noir a \u00e9t\u00e9 consid\u00e9r\u00e9 comme une couleur \u00e0 part enti\u00e8re, et m\u00eame comme un p\u00f4le fort de tous les syst\u00e8mes de la couleur. Mais son histoire change au d\u00e9but de l&#8217;\u00e9poque moderne : l&#8217;invention de l&#8217;imprimerie, la diffusion de l&#8217;image grav\u00e9e et la R\u00e9forme protestante lui donnent, comme au blanc, un [&hellip;]<\/p>\n","protected":false},"featured_media":26381,"template":"","meta":[],"product_cat":[55,2948,47,2953],"product_tag":[],"acf":[],"yoast_head":"<!-- This site is optimized with the Yoast SEO plugin v20.11 - https:\/\/yoast.com\/wordpress\/plugins\/seo\/ -->\n<title>NOIR, HISTOIRE D&#039;UNE COULEUR - Librairie 7L<\/title>\n<meta name=\"robots\" content=\"index, follow, max-snippet:-1, max-image-preview:large, max-video-preview:-1\" \/>\n<link rel=\"canonical\" href=\"https:\/\/librairie7l.com\/en\/produit\/noir-histoire-dune-couleur\/\" \/>\n<meta property=\"og:locale\" content=\"en_US\" \/>\n<meta property=\"og:type\" content=\"article\" \/>\n<meta property=\"og:title\" content=\"NOIR, HISTOIRE D&#039;UNE COULEUR - Librairie 7L\" \/>\n<meta property=\"og:description\" content=\"Longtemps, en Occident, le noir a \u00e9t\u00e9 consid\u00e9r\u00e9 comme une couleur \u00e0 part enti\u00e8re, et m\u00eame comme un p\u00f4le fort de tous les syst\u00e8mes de la couleur. Mais son histoire change au d\u00e9but de l&#8217;\u00e9poque moderne : l&#8217;invention de l&#8217;imprimerie, la diffusion de l&#8217;image grav\u00e9e et la R\u00e9forme protestante lui donnent, comme au blanc, un [&hellip;]\" \/>\n<meta property=\"og:url\" content=\"https:\/\/librairie7l.com\/en\/produit\/noir-histoire-dune-couleur\/\" \/>\n<meta property=\"og:site_name\" content=\"Librairie 7L\" \/>\n<meta property=\"article:modified_time\" content=\"2026-04-07T21:17:53+00:00\" \/>\n<meta property=\"og:image\" content=\"https:\/\/librairie7l.com\/wp-content\/uploads\/2008\/03\/9782020490870_1_75.jpg\" \/>\n\t<meta property=\"og:image:width\" content=\"500\" \/>\n\t<meta property=\"og:image:height\" content=\"503\" \/>\n\t<meta property=\"og:image:type\" content=\"image\/jpeg\" \/>\n<meta name=\"twitter:card\" content=\"summary_large_image\" \/>\n<meta name=\"twitter:label1\" content=\"Est. reading time\" \/>\n\t<meta name=\"twitter:data1\" content=\"1 minute\" \/>\n<script type=\"application\/ld+json\" class=\"yoast-schema-graph\">{\"@context\":\"https:\/\/schema.org\",\"@graph\":[{\"@type\":\"WebPage\",\"@id\":\"https:\/\/librairie7l.com\/en\/produit\/noir-histoire-dune-couleur\/\",\"url\":\"https:\/\/librairie7l.com\/en\/produit\/noir-histoire-dune-couleur\/\",\"name\":\"NOIR, HISTOIRE D'UNE COULEUR - Librairie 7L\",\"isPartOf\":{\"@id\":\"https:\/\/librairie7l.com\/en\/#website\"},\"datePublished\":\"2023-05-10T10:07:16+00:00\",\"dateModified\":\"2026-04-07T21:17:53+00:00\",\"breadcrumb\":{\"@id\":\"https:\/\/librairie7l.com\/en\/produit\/noir-histoire-dune-couleur\/#breadcrumb\"},\"inLanguage\":\"en-US\",\"potentialAction\":[{\"@type\":\"ReadAction\",\"target\":[\"https:\/\/librairie7l.com\/en\/produit\/noir-histoire-dune-couleur\/\"]}]},{\"@type\":\"BreadcrumbList\",\"@id\":\"https:\/\/librairie7l.com\/en\/produit\/noir-histoire-dune-couleur\/#breadcrumb\",\"itemListElement\":[{\"@type\":\"ListItem\",\"position\":1,\"name\":\"Accueil\",\"item\":\"https:\/\/librairie7l.com\/en\/\"},{\"@type\":\"ListItem\",\"position\":2,\"name\":\"Shop\",\"item\":\"https:\/\/librairie7l.com\/en\/shop\/\"},{\"@type\":\"ListItem\",\"position\":3,\"name\":\"NOIR, HISTOIRE D&#8217;UNE COULEUR\"}]},{\"@type\":\"WebSite\",\"@id\":\"https:\/\/librairie7l.com\/en\/#website\",\"url\":\"https:\/\/librairie7l.com\/en\/\",\"name\":\"Librairie 7L\",\"description\":\"Librairie fond\u00e9e en 1999 par Karl Lagerfeld \u00e0 Paris\",\"publisher\":{\"@id\":\"https:\/\/librairie7l.com\/en\/#organization\"},\"potentialAction\":[{\"@type\":\"SearchAction\",\"target\":{\"@type\":\"EntryPoint\",\"urlTemplate\":\"https:\/\/librairie7l.com\/en\/?s={search_term_string}\"},\"query-input\":\"required name=search_term_string\"}],\"inLanguage\":\"en-US\"},{\"@type\":\"Organization\",\"@id\":\"https:\/\/librairie7l.com\/en\/#organization\",\"name\":\"Librairie 7L\",\"url\":\"https:\/\/librairie7l.com\/en\/\",\"logo\":{\"@type\":\"ImageObject\",\"inLanguage\":\"en-US\",\"@id\":\"https:\/\/librairie7l.com\/en\/#\/schema\/logo\/image\/\",\"url\":\"https:\/\/librairie7l.com\/wp-content\/uploads\/2022\/08\/logo-1.png\",\"contentUrl\":\"https:\/\/librairie7l.com\/wp-content\/uploads\/2022\/08\/logo-1.png\",\"width\":227,\"height\":301,\"caption\":\"Librairie 7L\"},\"image\":{\"@id\":\"https:\/\/librairie7l.com\/en\/#\/schema\/logo\/image\/\"}}]}<\/script>\n<!-- \/ Yoast SEO plugin. -->","yoast_head_json":{"title":"NOIR, HISTOIRE D'UNE COULEUR - Librairie 7L","robots":{"index":"index","follow":"follow","max-snippet":"max-snippet:-1","max-image-preview":"max-image-preview:large","max-video-preview":"max-video-preview:-1"},"canonical":"https:\/\/librairie7l.com\/en\/produit\/noir-histoire-dune-couleur\/","og_locale":"en_US","og_type":"article","og_title":"NOIR, HISTOIRE D'UNE COULEUR - Librairie 7L","og_description":"Longtemps, en Occident, le noir a \u00e9t\u00e9 consid\u00e9r\u00e9 comme une couleur \u00e0 part enti\u00e8re, et m\u00eame comme un p\u00f4le fort de tous les syst\u00e8mes de la couleur. Mais son histoire change au d\u00e9but de l&#8217;\u00e9poque moderne : l&#8217;invention de l&#8217;imprimerie, la diffusion de l&#8217;image grav\u00e9e et la R\u00e9forme protestante lui donnent, comme au blanc, un [&hellip;]","og_url":"https:\/\/librairie7l.com\/en\/produit\/noir-histoire-dune-couleur\/","og_site_name":"Librairie 7L","article_modified_time":"2026-04-07T21:17:53+00:00","og_image":[{"width":500,"height":503,"url":"https:\/\/librairie7l.com\/wp-content\/uploads\/2008\/03\/9782020490870_1_75.jpg","type":"image\/jpeg"}],"twitter_card":"summary_large_image","twitter_misc":{"Est. reading time":"1 minute"},"schema":{"@context":"https:\/\/schema.org","@graph":[{"@type":"WebPage","@id":"https:\/\/librairie7l.com\/en\/produit\/noir-histoire-dune-couleur\/","url":"https:\/\/librairie7l.com\/en\/produit\/noir-histoire-dune-couleur\/","name":"NOIR, HISTOIRE D'UNE COULEUR - Librairie 7L","isPartOf":{"@id":"https:\/\/librairie7l.com\/en\/#website"},"datePublished":"2023-05-10T10:07:16+00:00","dateModified":"2026-04-07T21:17:53+00:00","breadcrumb":{"@id":"https:\/\/librairie7l.com\/en\/produit\/noir-histoire-dune-couleur\/#breadcrumb"},"inLanguage":"en-US","potentialAction":[{"@type":"ReadAction","target":["https:\/\/librairie7l.com\/en\/produit\/noir-histoire-dune-couleur\/"]}]},{"@type":"BreadcrumbList","@id":"https:\/\/librairie7l.com\/en\/produit\/noir-histoire-dune-couleur\/#breadcrumb","itemListElement":[{"@type":"ListItem","position":1,"name":"Accueil","item":"https:\/\/librairie7l.com\/en\/"},{"@type":"ListItem","position":2,"name":"Shop","item":"https:\/\/librairie7l.com\/en\/shop\/"},{"@type":"ListItem","position":3,"name":"NOIR, HISTOIRE D&#8217;UNE COULEUR"}]},{"@type":"WebSite","@id":"https:\/\/librairie7l.com\/en\/#website","url":"https:\/\/librairie7l.com\/en\/","name":"Librairie 7L","description":"Librairie fond\u00e9e en 1999 par Karl Lagerfeld \u00e0 Paris","publisher":{"@id":"https:\/\/librairie7l.com\/en\/#organization"},"potentialAction":[{"@type":"SearchAction","target":{"@type":"EntryPoint","urlTemplate":"https:\/\/librairie7l.com\/en\/?s={search_term_string}"},"query-input":"required name=search_term_string"}],"inLanguage":"en-US"},{"@type":"Organization","@id":"https:\/\/librairie7l.com\/en\/#organization","name":"Librairie 7L","url":"https:\/\/librairie7l.com\/en\/","logo":{"@type":"ImageObject","inLanguage":"en-US","@id":"https:\/\/librairie7l.com\/en\/#\/schema\/logo\/image\/","url":"https:\/\/librairie7l.com\/wp-content\/uploads\/2022\/08\/logo-1.png","contentUrl":"https:\/\/librairie7l.com\/wp-content\/uploads\/2022\/08\/logo-1.png","width":227,"height":301,"caption":"Librairie 7L"},"image":{"@id":"https:\/\/librairie7l.com\/en\/#\/schema\/logo\/image\/"}}]}},"_links":{"self":[{"href":"https:\/\/librairie7l.com\/en\/wp-json\/wp\/v2\/product\/26383"}],"collection":[{"href":"https:\/\/librairie7l.com\/en\/wp-json\/wp\/v2\/product"}],"about":[{"href":"https:\/\/librairie7l.com\/en\/wp-json\/wp\/v2\/types\/product"}],"wp:featuredmedia":[{"embeddable":true,"href":"https:\/\/librairie7l.com\/en\/wp-json\/wp\/v2\/media\/26381"}],"wp:attachment":[{"href":"https:\/\/librairie7l.com\/en\/wp-json\/wp\/v2\/media?parent=26383"}],"wp:term":[{"taxonomy":"product_cat","embeddable":true,"href":"https:\/\/librairie7l.com\/en\/wp-json\/wp\/v2\/product_cat?post=26383"},{"taxonomy":"product_tag","embeddable":true,"href":"https:\/\/librairie7l.com\/en\/wp-json\/wp\/v2\/product_tag?post=26383"}],"curies":[{"name":"wp","href":"https:\/\/api.w.org\/{rel}","templated":true}]}}