{"id":26387,"date":"2023-05-10T12:07:19","date_gmt":"2023-05-10T10:07:19","guid":{"rendered":"https:\/\/librairie7l.com\/?post_type=product&#038;p=26387"},"modified":"2026-04-07T21:25:16","modified_gmt":"2026-04-07T19:25:16","slug":"vert-histoire-dune-couleur","status":"publish","type":"product","link":"https:\/\/librairie7l.com\/en\/produit\/vert-histoire-dune-couleur\/","title":{"rendered":"VERT ; HISTOIRE D&#8217;UNE COULEUR"},"content":{"rendered":"<p>Aimez-vous le vert ? \u00c0 cette question les r\u00e9ponses sont partag\u00e9es. En Europe, une personne sur six environ a le vert pour couleur pr\u00e9f\u00e9r\u00e9e ; mais il s&#8217;en trouve presque autant pour d\u00e9tester le vert, tant chez les hommes que chez les femmes. Le vert est une couleur ambivalente, sinon ambigu\u00eb : symbole de vie, de s\u00e8ve, de chance et d&#8217;esp\u00e9rance d&#8217;un c\u00f4t\u00e9, il est de l&#8217;autre associ\u00e9 au poison, au malheur, au Diable et \u00e0 ses cr\u00e9atures. Le livre de Michel Pastoureau retrace la longue histoire sociale, artistique et symbolique du vert dans les soci\u00e9t\u00e9s europ\u00e9ennes, de la Gr\u00e8ce antique jusqu&#8217;\u00e0 nos jours. Il souligne combien cette couleur qui a longtemps \u00e9t\u00e9 difficile \u00e0 fabriquer, et plus encore \u00e0 fixer, n&#8217;est pas seulement celle de la v\u00e9g\u00e9tation, mais aussi et surtout celle du Destin. Chimiquement instable, le vert a symboliquement \u00e9t\u00e9 associ\u00e9 \u00e0 tout ce qui \u00e9tait instable : l&#8217;enfance, l&#8217;amour, la chance, le jeu, le hasard, l&#8217;argent. Ce n&#8217;est qu&#8217;\u00e0 l&#8217;\u00e9poque romantique qu&#8217;il est d\u00e9finitivement devenu la couleur de la nature, puis celle de la sant\u00e9, de l&#8217;hygi\u00e8ne et enfin de l&#8217;\u00e9cologie. Aujourd&#8217;hui, l&#8217;Occident lui confie l&#8217;impossible mission de sauver la plan\u00e8te.<\/p>\n","protected":false},"excerpt":{"rendered":"<p>Aimez-vous le vert ? \u00c0 cette question les r\u00e9ponses sont partag\u00e9es. En Europe, une personne sur six environ a le vert pour couleur pr\u00e9f\u00e9r\u00e9e ; mais il s&#8217;en trouve presque autant pour d\u00e9tester le vert, tant chez les hommes que chez les femmes. Le vert est une couleur ambivalente, sinon ambigu\u00eb : symbole de vie, [&hellip;]<\/p>\n","protected":false},"featured_media":26385,"template":"","meta":[],"product_cat":[55,2948,47,2953],"product_tag":[],"acf":[],"yoast_head":"<!-- This site is optimized with the Yoast SEO plugin v20.11 - https:\/\/yoast.com\/wordpress\/plugins\/seo\/ -->\n<title>VERT ; HISTOIRE D&#039;UNE COULEUR - Librairie 7L<\/title>\n<meta name=\"robots\" content=\"index, follow, max-snippet:-1, max-image-preview:large, max-video-preview:-1\" \/>\n<link rel=\"canonical\" href=\"https:\/\/librairie7l.com\/en\/produit\/vert-histoire-dune-couleur\/\" \/>\n<meta property=\"og:locale\" content=\"en_US\" \/>\n<meta property=\"og:type\" content=\"article\" \/>\n<meta property=\"og:title\" content=\"VERT ; HISTOIRE D&#039;UNE COULEUR - Librairie 7L\" \/>\n<meta property=\"og:description\" content=\"Aimez-vous le vert ? \u00c0 cette question les r\u00e9ponses sont partag\u00e9es. En Europe, une personne sur six environ a le vert pour couleur pr\u00e9f\u00e9r\u00e9e ; mais il s&#8217;en trouve presque autant pour d\u00e9tester le vert, tant chez les hommes que chez les femmes. Le vert est une couleur ambivalente, sinon ambigu\u00eb : symbole de vie, [&hellip;]\" \/>\n<meta property=\"og:url\" content=\"https:\/\/librairie7l.com\/en\/produit\/vert-histoire-dune-couleur\/\" \/>\n<meta property=\"og:site_name\" content=\"Librairie 7L\" \/>\n<meta property=\"article:modified_time\" content=\"2026-04-07T19:25:16+00:00\" \/>\n<meta property=\"og:image\" content=\"https:\/\/librairie7l.com\/wp-content\/uploads\/2013\/03\/9782021093254_1_75.jpg\" \/>\n\t<meta property=\"og:image:width\" content=\"400\" \/>\n\t<meta property=\"og:image:height\" content=\"410\" \/>\n\t<meta property=\"og:image:type\" content=\"image\/jpeg\" \/>\n<meta name=\"twitter:card\" content=\"summary_large_image\" \/>\n<meta name=\"twitter:label1\" content=\"Est. reading time\" \/>\n\t<meta name=\"twitter:data1\" content=\"1 minute\" \/>\n<script type=\"application\/ld+json\" class=\"yoast-schema-graph\">{\"@context\":\"https:\/\/schema.org\",\"@graph\":[{\"@type\":\"WebPage\",\"@id\":\"https:\/\/librairie7l.com\/en\/produit\/vert-histoire-dune-couleur\/\",\"url\":\"https:\/\/librairie7l.com\/en\/produit\/vert-histoire-dune-couleur\/\",\"name\":\"VERT ; HISTOIRE D'UNE COULEUR - Librairie 7L\",\"isPartOf\":{\"@id\":\"https:\/\/librairie7l.com\/en\/#website\"},\"datePublished\":\"2023-05-10T10:07:19+00:00\",\"dateModified\":\"2026-04-07T19:25:16+00:00\",\"breadcrumb\":{\"@id\":\"https:\/\/librairie7l.com\/en\/produit\/vert-histoire-dune-couleur\/#breadcrumb\"},\"inLanguage\":\"en-US\",\"potentialAction\":[{\"@type\":\"ReadAction\",\"target\":[\"https:\/\/librairie7l.com\/en\/produit\/vert-histoire-dune-couleur\/\"]}]},{\"@type\":\"BreadcrumbList\",\"@id\":\"https:\/\/librairie7l.com\/en\/produit\/vert-histoire-dune-couleur\/#breadcrumb\",\"itemListElement\":[{\"@type\":\"ListItem\",\"position\":1,\"name\":\"Accueil\",\"item\":\"https:\/\/librairie7l.com\/en\/\"},{\"@type\":\"ListItem\",\"position\":2,\"name\":\"Shop\",\"item\":\"https:\/\/librairie7l.com\/en\/shop\/\"},{\"@type\":\"ListItem\",\"position\":3,\"name\":\"VERT ; HISTOIRE D&#8217;UNE COULEUR\"}]},{\"@type\":\"WebSite\",\"@id\":\"https:\/\/librairie7l.com\/en\/#website\",\"url\":\"https:\/\/librairie7l.com\/en\/\",\"name\":\"Librairie 7L\",\"description\":\"Librairie fond\u00e9e en 1999 par Karl Lagerfeld \u00e0 Paris\",\"publisher\":{\"@id\":\"https:\/\/librairie7l.com\/en\/#organization\"},\"potentialAction\":[{\"@type\":\"SearchAction\",\"target\":{\"@type\":\"EntryPoint\",\"urlTemplate\":\"https:\/\/librairie7l.com\/en\/?s={search_term_string}\"},\"query-input\":\"required name=search_term_string\"}],\"inLanguage\":\"en-US\"},{\"@type\":\"Organization\",\"@id\":\"https:\/\/librairie7l.com\/en\/#organization\",\"name\":\"Librairie 7L\",\"url\":\"https:\/\/librairie7l.com\/en\/\",\"logo\":{\"@type\":\"ImageObject\",\"inLanguage\":\"en-US\",\"@id\":\"https:\/\/librairie7l.com\/en\/#\/schema\/logo\/image\/\",\"url\":\"https:\/\/librairie7l.com\/wp-content\/uploads\/2022\/08\/logo-1.png\",\"contentUrl\":\"https:\/\/librairie7l.com\/wp-content\/uploads\/2022\/08\/logo-1.png\",\"width\":227,\"height\":301,\"caption\":\"Librairie 7L\"},\"image\":{\"@id\":\"https:\/\/librairie7l.com\/en\/#\/schema\/logo\/image\/\"}}]}<\/script>\n<!-- \/ Yoast SEO plugin. -->","yoast_head_json":{"title":"VERT ; HISTOIRE D'UNE COULEUR - Librairie 7L","robots":{"index":"index","follow":"follow","max-snippet":"max-snippet:-1","max-image-preview":"max-image-preview:large","max-video-preview":"max-video-preview:-1"},"canonical":"https:\/\/librairie7l.com\/en\/produit\/vert-histoire-dune-couleur\/","og_locale":"en_US","og_type":"article","og_title":"VERT ; HISTOIRE D'UNE COULEUR - Librairie 7L","og_description":"Aimez-vous le vert ? \u00c0 cette question les r\u00e9ponses sont partag\u00e9es. En Europe, une personne sur six environ a le vert pour couleur pr\u00e9f\u00e9r\u00e9e ; mais il s&#8217;en trouve presque autant pour d\u00e9tester le vert, tant chez les hommes que chez les femmes. Le vert est une couleur ambivalente, sinon ambigu\u00eb : symbole de vie, [&hellip;]","og_url":"https:\/\/librairie7l.com\/en\/produit\/vert-histoire-dune-couleur\/","og_site_name":"Librairie 7L","article_modified_time":"2026-04-07T19:25:16+00:00","og_image":[{"width":400,"height":410,"url":"https:\/\/librairie7l.com\/wp-content\/uploads\/2013\/03\/9782021093254_1_75.jpg","type":"image\/jpeg"}],"twitter_card":"summary_large_image","twitter_misc":{"Est. reading time":"1 minute"},"schema":{"@context":"https:\/\/schema.org","@graph":[{"@type":"WebPage","@id":"https:\/\/librairie7l.com\/en\/produit\/vert-histoire-dune-couleur\/","url":"https:\/\/librairie7l.com\/en\/produit\/vert-histoire-dune-couleur\/","name":"VERT ; HISTOIRE D'UNE COULEUR - Librairie 7L","isPartOf":{"@id":"https:\/\/librairie7l.com\/en\/#website"},"datePublished":"2023-05-10T10:07:19+00:00","dateModified":"2026-04-07T19:25:16+00:00","breadcrumb":{"@id":"https:\/\/librairie7l.com\/en\/produit\/vert-histoire-dune-couleur\/#breadcrumb"},"inLanguage":"en-US","potentialAction":[{"@type":"ReadAction","target":["https:\/\/librairie7l.com\/en\/produit\/vert-histoire-dune-couleur\/"]}]},{"@type":"BreadcrumbList","@id":"https:\/\/librairie7l.com\/en\/produit\/vert-histoire-dune-couleur\/#breadcrumb","itemListElement":[{"@type":"ListItem","position":1,"name":"Accueil","item":"https:\/\/librairie7l.com\/en\/"},{"@type":"ListItem","position":2,"name":"Shop","item":"https:\/\/librairie7l.com\/en\/shop\/"},{"@type":"ListItem","position":3,"name":"VERT ; HISTOIRE D&#8217;UNE COULEUR"}]},{"@type":"WebSite","@id":"https:\/\/librairie7l.com\/en\/#website","url":"https:\/\/librairie7l.com\/en\/","name":"Librairie 7L","description":"Librairie fond\u00e9e en 1999 par Karl Lagerfeld \u00e0 Paris","publisher":{"@id":"https:\/\/librairie7l.com\/en\/#organization"},"potentialAction":[{"@type":"SearchAction","target":{"@type":"EntryPoint","urlTemplate":"https:\/\/librairie7l.com\/en\/?s={search_term_string}"},"query-input":"required name=search_term_string"}],"inLanguage":"en-US"},{"@type":"Organization","@id":"https:\/\/librairie7l.com\/en\/#organization","name":"Librairie 7L","url":"https:\/\/librairie7l.com\/en\/","logo":{"@type":"ImageObject","inLanguage":"en-US","@id":"https:\/\/librairie7l.com\/en\/#\/schema\/logo\/image\/","url":"https:\/\/librairie7l.com\/wp-content\/uploads\/2022\/08\/logo-1.png","contentUrl":"https:\/\/librairie7l.com\/wp-content\/uploads\/2022\/08\/logo-1.png","width":227,"height":301,"caption":"Librairie 7L"},"image":{"@id":"https:\/\/librairie7l.com\/en\/#\/schema\/logo\/image\/"}}]}},"_links":{"self":[{"href":"https:\/\/librairie7l.com\/en\/wp-json\/wp\/v2\/product\/26387"}],"collection":[{"href":"https:\/\/librairie7l.com\/en\/wp-json\/wp\/v2\/product"}],"about":[{"href":"https:\/\/librairie7l.com\/en\/wp-json\/wp\/v2\/types\/product"}],"wp:featuredmedia":[{"embeddable":true,"href":"https:\/\/librairie7l.com\/en\/wp-json\/wp\/v2\/media\/26385"}],"wp:attachment":[{"href":"https:\/\/librairie7l.com\/en\/wp-json\/wp\/v2\/media?parent=26387"}],"wp:term":[{"taxonomy":"product_cat","embeddable":true,"href":"https:\/\/librairie7l.com\/en\/wp-json\/wp\/v2\/product_cat?post=26387"},{"taxonomy":"product_tag","embeddable":true,"href":"https:\/\/librairie7l.com\/en\/wp-json\/wp\/v2\/product_tag?post=26387"}],"curies":[{"name":"wp","href":"https:\/\/api.w.org\/{rel}","templated":true}]}}